{"id":12460,"date":"2024-04-24T17:28:31","date_gmt":"2024-04-24T14:28:31","guid":{"rendered":"https:\/\/www.agroviva.com.tr\/?page_id=12460"},"modified":"2025-03-03T14:23:48","modified_gmt":"2025-03-03T11:23:48","slug":"hizmetlerimiz","status":"publish","type":"page","link":"https:\/\/www.agroviva.com.tr\/en\/hizmetlerimiz\/","title":{"rendered":"Services"},"content":{"rendered":"<section class=\"wpb-content-wrapper\"><div class=\"container-fluid row_section vc_row_p_30\"><div  class=\"vc_row wpb_row vc_row-fluid vc_custom_1714127749808 vc_row-has-fill vc_column-gap-30 rdy_vc_row-o-dyn-height rdy_vc_row-o-columns-bottom rdy_vc_row-flex vc_row-69f707539b86e643322153\" data-row-height=\"100\"   style=' text-align:left; z-index:0;'><div class=\"row-overlay active\" style=\"background: rgba(0,0,0,0.01);background: -moz-linear-gradient(top, rgba(0,0,0,0.01) 0%, rgba(0,0,0,0.9) 100%);background: -webkit-linear-gradient(top, rgba(0,0,0,0.01) 0%, rgba(0,0,0,0.9) 100%);background: linear-gradient(to bottom, rgba(0,0,0,0.01) 0%, rgba(0,0,0,0.9) 100%);opacity:0.5;\"><\/div><div class=\"row-container container-fluid\"><div class=\"row-inner\"><div class=\"wpb_column vc_column_container vc_col-sm-12 vc_column_container_69f707539bafa568592546\" style=\"z-index:0\"><div class=\"vc_column-inner\"><div class=\"wpb_wrapper\"><div class=\"vc_custom_heading vc_custom_1713968823249 responsive-on vc_custom_heading_69f707539bcd6100533131\" ><h2 style=\"font-size: 90px;color: #ffffff;text-align: left;font-family:Oswald;font-weight:400;font-style:normal;text-transform:uppercase\" class=\"vc_custom_heading_responsive responsive-h3\"><span class=\"hilight\"  >Services<\/span><\/h2><\/div><div class=\"vc_custom_heading vc_custom_1713883382900 responsive-on vc_custom_heading_69f707539bf6f397906010\" ><h2 style=\"font-size: 30px;color: #ffffff;text-align: left;font-family:Oswald;font-weight:400;font-style:normal\" class=\"vc_custom_heading_responsive\"><span class=\"hilight\"  >Her bir halkas\u0131n\u0131 ba\u015far\u0131yla bir araya getirdi\u011fimiz g\u0131da tedarik zincirini; g\u00fcven, istikrar ve sorumluluk ile s\u00fcrd\u00fcr\u00fcyor,<br \/>\nherkes i\u00e7in g\u00fcvenli g\u0131da hedefiyle hareket ediyoruz.<\/span><\/h2><\/div><div\r\n    class=\"vc_icon_element vc_icon_element-outer anm-arrow-down-inf vc_icon_element-align-left\">\r\n    <div\r\n        class=\"vc_icon_element-inner vc_icon_element-color-white vc_icon_element-size-md vc_icon_element-style- vc_icon_element-background-color-grey\"><span\r\n            class=\"vc_icon_element-icon fa fa-long-arrow-down\" ><\/span><a class=\"vc_icon_element-link\" href=\"#about-creative-page\" title=\"\" target=\"_self\"><\/a><\/div>\r\n<\/div><div class=\"birdy-menu-anchor\" id=\"about-creative-page\" style=\"position: relative; top:-50px;\"><\/div><\/div><\/div><\/div><\/div><\/div><\/div><\/div><div class=\"container row_section vc_row_p_30\"><div  class=\"vc_row wpb_row vc_row-fluid vc_column-gap-30 vc_row-69f707539c1c6115676726\"   style=' text-align:left; z-index:0;'><div class=\"row-container container-fluid\"><div class=\"row-inner\"><div class=\"wpb_column vc_column_container vc_col-sm-12 vc_column_container_69f707539c2ec187948029\" style=\"z-index:0\"><div class=\"vc_column-inner\"><div class=\"wpb_wrapper\"><div class=\"vc_empty_space  vc_empty_space_2\"   style=\"height: 5px\" ><span class=\"vc_empty_space_inner\"><\/span><\/div>\r\n<\/div><\/div><\/div><\/div><\/div><\/div><\/div><div class=\"container-fluid row_section vc_row_p_30\"><div  class=\"vc_row wpb_row vc_row-fluid vc_row-69f707539c4d0709137202 no-spaces animate-element\"   style=' text-align:left; z-index:0;' data-animation-class=\"fadeInUp2\"><div class=\"row-container container-fluid\"><div class=\"row-inner\"><div class=\"wpb_column vc_column_container vc_col-sm-6 vc_column_container_69f707539c5f2052459454 vc_column_gutter vc_column_gutter_30 animate-element\" data-animation-class=\"fadeInUp2\" style=\"z-index:0\"><div class=\"vc_column-inner\"><div class=\"wpb_wrapper\"><div class=\"vc_custom_heading vc_custom_1716471099057 vc_custom_heading_69f707539c74b265407274\" ><h2 style=\"font-size: 30px;text-align: center;font-family:Oswald;font-weight:400;font-style:normal;text-transform:uppercase\"><span class=\"hilight\"  >Agricultural Market Research<\/span><\/h2><\/div>\n\t<div class=\"wpb_text_column_3 wpb_text_column wpb_content_element\">\n\t\t<div class=\"wpb_wrapper\" >\n\t\t\t<p style=\"text-align: center;\">B\u00f6lgedeki pirin\u00e7 ve bakliyat ihtiyac\u0131n\u0131n b\u00fcy\u00fck bir k\u0131sm\u0131n\u0131 biz kar\u015f\u0131l\u0131yoruz.<\/p>\n\n\t\t<\/div> \n\t<\/div> <div class=\"vc_empty_space  vc_empty_space_4\"   style=\"height: 20px\" ><span class=\"vc_empty_space_inner\"><\/span><\/div>\r\n<div class=\"vc_btn3-container vc_btn3-center\" ><a class=\"vc_general vc_btn3 vc_btn3-size-md vc_btn3-shape-rounded vc_btn3-style-modern vc_btn3-color-green\" href=\"https:\/\/www.agroviva.com.tr\/en\/tarimsal-pazar-arastirmasi\/\" title=\"Agricultural Market Research\">Daha Fazla Bilgi<\/a><\/div><\/div><\/div><\/div><div class=\"wpb_column vc_column_container vc_col-sm-6 vc_col-has-fill vc_column_container_69f707539cb27892803340\" style=\"z-index:0\"><div class=\"vc_column-inner vc_custom_1714115585380\"><div class=\"wpb_wrapper\">\n\t<div class=\"wpb_text_column_5 wpb_text_column wpb_content_element\">\n\t\t<div class=\"wpb_wrapper\" >\n\t\t\t\n\t\t<\/div> \n\t<\/div> <\/div><\/div><\/div><\/div><\/div><\/div><\/div><div class=\"container row_section vc_row_p_30\"><div  class=\"vc_row wpb_row vc_row-fluid vc_column-gap-30 vc_row-69f707539cd7f612221076\"   style=' text-align:left; z-index:0;'><div class=\"row-container container-fluid\"><div class=\"row-inner\"><div class=\"wpb_column vc_column_container vc_col-sm-12 vc_column_container_69f707539ce60031269035\" style=\"z-index:0\"><div class=\"vc_column-inner\"><div class=\"wpb_wrapper\"><div class=\"vc_empty_space  vc_empty_space_6\"   style=\"height: 5px\" ><span class=\"vc_empty_space_inner\"><\/span><\/div>\r\n<\/div><\/div><\/div><\/div><\/div><\/div><\/div><div class=\"container-fluid row_section vc_row_p_30\"><div  class=\"vc_row wpb_row vc_row-fluid vc_custom_1713948138543 vc_row-has-fill vc_column-gap-30 vc_row-69f707539d011447127660 no-spaces\"   style=' text-align:left; z-index:0;'><div class=\"row-overlay active\" style=\"background: rgba(255,255,255,0.01);background: -moz-linear-gradient(45deg, rgba(255,255,255,0.01) 0%, #000000 100%);background: -webkit-linear-gradient(45deg, rgba(255,255,255,0.01) 0%, #000000 100%);background: linear-gradient(45deg, rgba(255,255,255,0.01) 0%, #000000 100%);opacity:0.25;\"><\/div><div class=\"row-container container-fluid\"><div class=\"row-inner\"><div class=\"wpb_column vc_column_container vc_col-sm-6 vc_column_container_69f707539d12d449574296\" style=\"z-index:0\"><div class=\"vc_column-inner\"><div class=\"wpb_wrapper\"><div class=\"vc_empty_space  vc_empty_space_7\"   style=\"height: 400px\" ><span class=\"vc_empty_space_inner\"><\/span><\/div>\r\n<\/div><\/div><\/div><div class=\"wpb_column vc_column_container vc_col-sm-6 vc_column_container_69f707539d27c274432618\" style=\"z-index:0\"><div class=\"vc_column-inner vc_custom_1464271160176\"><div class=\"wpb_wrapper\"><div class=\"vc_custom_heading responsive-on animate-loop vc_custom_heading_69f707539d3ce204682384 animate-element\"  data-animation-class=\" fadeInUp2\"><h2 style=\"font-size: 100px;color: #ffffff;text-align: center;font-family:Oswald;font-weight:700;font-style:normal;text-transform:uppercase\" class=\"vc_custom_heading_responsive responsive-h3\"><span class=\"hilight\"  >Hadi beraber \u00e7al\u0131\u015fal\u0131m!<\/span><\/h2><\/div><\/div><\/div><\/div><\/div><\/div><\/div><\/div>\n<\/section>","protected":false},"excerpt":{"rendered":"HizmetlerimizHer bir halkas\u0131n\u0131 ba\u015far\u0131yla bir araya getirdi\u011fimiz g\u0131da tedarik zincirini; g\u00fcven, istikrar ve sorumluluk ile s\u00fcrd\u00fcr\u00fcyor, herkes i\u00e7in g\u00fcvenli g\u0131da hedefiyle hareket ediyoruz. Tar\u0131msal Pazar Ara\u015ft\u0131rmas\u0131 B\u00f6lgedeki pirin\u00e7 ve bakliyat [...]","protected":false},"author":1,"featured_media":0,"parent":0,"menu_order":0,"comment_status":"closed","ping_status":"closed","template":"","meta":{"footnotes":""},"class_list":["post-12460","page","type-page","status-publish","hentry"],"_links":{"self":[{"href":"https:\/\/www.agroviva.com.tr\/en\/wp-json\/wp\/v2\/pages\/12460","targetHints":{"allow":["GET"]}}],"collection":[{"href":"https:\/\/www.agroviva.com.tr\/en\/wp-json\/wp\/v2\/pages"}],"about":[{"href":"https:\/\/www.agroviva.com.tr\/en\/wp-json\/wp\/v2\/types\/page"}],"author":[{"embeddable":true,"href":"https:\/\/www.agroviva.com.tr\/en\/wp-json\/wp\/v2\/users\/1"}],"replies":[{"embeddable":true,"href":"https:\/\/www.agroviva.com.tr\/en\/wp-json\/wp\/v2\/comments?post=12460"}],"version-history":[{"count":14,"href":"https:\/\/www.agroviva.com.tr\/en\/wp-json\/wp\/v2\/pages\/12460\/revisions"}],"predecessor-version":[{"id":13026,"href":"https:\/\/www.agroviva.com.tr\/en\/wp-json\/wp\/v2\/pages\/12460\/revisions\/13026"}],"wp:attachment":[{"href":"https:\/\/www.agroviva.com.tr\/en\/wp-json\/wp\/v2\/media?parent=12460"}],"curies":[{"name":"wp","href":"https:\/\/api.w.org\/{rel}","templated":true}]}}