{"id":12470,"date":"2024-04-24T17:50:20","date_gmt":"2024-04-24T14:50:20","guid":{"rendered":"https:\/\/www.agroviva.com.tr\/?page_id=12470"},"modified":"2025-02-03T14:54:55","modified_gmt":"2025-02-03T11:54:55","slug":"organik-gida","status":"publish","type":"page","link":"https:\/\/www.agroviva.com.tr\/en\/organik-gida\/","title":{"rendered":"Organik G\u0131da"},"content":{"rendered":"<section class=\"wpb-content-wrapper\"><div class=\"container row_section vc_row_p_30\"><div  class=\"vc_row wpb_row vc_row-fluid vc_column-gap-30 vc_row-69f71c329236b349635302\"   style=' text-align:left; z-index:0;'><div class=\"row-container container-fluid\"><div class=\"row-inner\"><div class=\"wpb_column vc_column_container vc_col-sm-12 vc_column_container_69f71c329258b832213249\" style=\"z-index:0\"><div class=\"vc_column-inner\"><div class=\"wpb_wrapper\"><div class=\"vc_empty_space  vc_empty_space_1\"   style=\"height: 30px\" ><span class=\"vc_empty_space_inner\"><\/span><\/div>\r\n\n\t<div class=\"wpb_text_column_2 wpb_text_column wpb_content_element\">\n\t\t<div class=\"wpb_wrapper\" >\n\t\t\t<p>Son y\u0131llarda sa\u011fl\u0131kl\u0131 ya\u015fam tarz\u0131na olan ilgi giderek art\u0131yor. \u0130nsanlar bilin\u00e7lendik\u00e7e g\u0131da se\u00e7imlerinde daha dikkatli hale geliyor ve do\u011fadan gelen, kimyasal ve katk\u0131 maddesi i\u00e7ermeyen g\u0131dalar\u0131 daha \u00e7ok tercih ediyorlar. Bu noktada <strong>organik g\u0131da<\/strong> se\u00e7enekleri \u00f6n plana \u00e7\u0131k\u0131yor. \u0130nsanlar\u0131n bu besinlere olan ilgisi artt\u0131k\u00e7a daha \u00e7ok organik g\u0131da nedir, organik g\u0131da \u00fcr\u00fcnlerinin faydalar\u0131 nelerdir ara\u015ft\u0131rmaya ba\u015flad\u0131lar.<\/p>\n\n\t\t<\/div> \n\t<\/div> <\/div><\/div><\/div><\/div><\/div><\/div><\/div><div class=\"container row_section vc_row_p_30\"><div  class=\"vc_row wpb_row vc_row-fluid vc_column-gap-30 vc_row-69f71c32928f4588652532\"   style=' text-align:left; z-index:0;'><div class=\"row-container container-fluid\"><div class=\"row-inner\"><div class=\"wpb_column vc_column_container vc_col-sm-12 vc_column_container_69f71c3292a3a998897934\" style=\"z-index:0\"><div class=\"vc_column-inner\"><div class=\"wpb_wrapper\"><div class=\"vc_custom_heading vc_custom_heading_69f71c3292bda055058863\" ><h2 style=\"text-align: left;font-family:Abril Fatface;font-weight:400;font-style:normal\"><span class=\"hilight\"  >Organik G\u0131da Nedir?<\/span><\/h2><\/div><div class=\"vc_empty_space  vc_empty_space_3\"   style=\"height: 30px\" ><span class=\"vc_empty_space_inner\"><\/span><\/div>\r\n\n\t<div class=\"wpb_text_column_4 wpb_text_column wpb_content_element\">\n\t\t<div class=\"wpb_wrapper\" >\n\t\t\t<p><strong>Organik g\u0131da<\/strong>, \u00fcretimi s\u0131ras\u0131nda kimyasal g\u00fcbre, pestisitler, hormonlar ve gdo olmayan tohumlardan yeti\u015ftirilen g\u0131dalard\u0131r. Organik g\u0131da \u00fcr\u00fcnleri, do\u011fal y\u00f6ntemlerle yeti\u015ftirilir ve \u00e7evre dostu tar\u0131m uygulamalar\u0131yla \u00fcretilmektedir. Tar\u0131mda organik standartlar, topra\u011f\u0131n verimlili\u011fini ve biyo\u00e7e\u015fitlili\u011fi korumay\u0131 hedeflerken, do\u011fal dengeyi bozmadan sa\u011fl\u0131kl\u0131 \u00fcr\u00fcnler elde etmeyi ama\u00e7lamaktad\u0131r.<\/p>\n<p>Organik g\u0131da \u00fcretimi, \u00e7evreye zarar vermeden, hayvan ve insan sa\u011fl\u0131\u011f\u0131n\u0131 g\u00f6z \u00f6n\u00fcnde bulundurarak yap\u0131l\u0131r ve en \u00f6nemli avantaj\u0131 daha az kimyasal madde ta\u015f\u0131mas\u0131d\u0131r. <strong>Organik g\u0131da sat\u0131\u015f\u0131<\/strong> da bu artan talep do\u011frultusunda g\u00fcnden g\u00fcne b\u00fcy\u00fcyen bir sekt\u00f6r haline gelmi\u015ftir.<\/p>\n\n\t\t<\/div> \n\t<\/div> <div class=\"vc_empty_space  vc_empty_space_5\"   style=\"height: 30px\" ><span class=\"vc_empty_space_inner\"><\/span><\/div>\r\n<\/div><\/div><\/div><\/div><\/div><\/div><\/div><div class=\"container row_section vc_row_p_30\"><div  class=\"vc_row wpb_row vc_row-fluid vc_column-gap-30 vc_row-69f71c3292fc4640168858\"   style=' text-align:left; z-index:0;'><div class=\"row-container container-fluid\"><div class=\"row-inner\"><div class=\"wpb_column vc_column_container vc_col-sm-12 vc_column_container_69f71c329311c735572524\" style=\"z-index:0\"><div class=\"vc_column-inner\"><div class=\"wpb_wrapper\"><div class=\"vc_empty_space  vc_empty_space_6\"   style=\"height: 30px\" ><span class=\"vc_empty_space_inner\"><\/span><\/div>\r\n<div class=\"vc_custom_heading vc_custom_heading_69f71c3293349902392671\" ><h2 style=\"text-align: center;font-family:Abril Fatface;font-weight:400;font-style:normal\"><span class=\"hilight\"  >Organik G\u0131da \u00dcr\u00fcnlerinin Faydalar\u0131<\/span><\/h2><\/div><div class=\"vc_empty_space  vc_empty_space_7\"   style=\"height: 30px\" ><span class=\"vc_empty_space_inner\"><\/span><\/div>\r\n\n\t<div class=\"wpb_text_column_8 wpb_text_column wpb_content_element\">\n\t\t<div class=\"wpb_wrapper\" >\n\t\t\t<p>Organik g\u0131da \u00fcr\u00fcnleri, sa\u011fl\u0131k a\u00e7\u0131s\u0131ndan bir\u00e7ok \u00f6nemli fayda sa\u011flar. Bu g\u0131dalar\u0131n sa\u011fl\u0131\u011fa olan etkilerini \u015fu \u015fekilde anlatabiliriz:<\/p>\n<ul>\n<li><strong> Kimyasal Maddelerden Ar\u0131nd\u0131r\u0131lm\u0131\u015ft\u0131r<\/strong><br \/>\nOrganik g\u0131da \u00fcretiminde kimyasal g\u00fcbreler, pestisitler ve hormonlar kullan\u0131lmaz. Bu sayede organik g\u0131da \u00fcr\u00fcnlerinde kimyasal kal\u0131nt\u0131lar yok denecek kadar azd\u0131r. Kimyasal maddeler, insan v\u00fccudunda uzun vadede bazen k\u0131sa vadede de sa\u011fl\u0131k sorunlar\u0131na yol a\u00e7abilece\u011finden, organik \u00fcr\u00fcnler di\u011fer g\u0131dalara g\u00f6re \u00e7ok daha g\u00fcvenlidir.<\/li>\n<li><strong> Daha Y\u00fcksek Besin De\u011feri<\/strong><br \/>\nAra\u015ft\u0131rmalar, organik g\u0131da \u00fcr\u00fcnlerinin genellikle daha y\u00fcksek besin de\u011ferine sahip oldu\u011funu g\u00f6stermektedir. Organik sebzeler ve meyveler, genetik m\u00fcdahale ve kimyasal maddelerden uzak bir \u015fekilde yeti\u015ftirilir, bu da besin maddelerinin korunmas\u0131na yard\u0131mc\u0131 olur. Organik g\u0131dalarda <strong>antioksidan<\/strong> ve <strong>vitamin<\/strong> i\u00e7eri\u011fi genellikle daha y\u00fcksek oldu\u011fu g\u00f6r\u00fclm\u00fc\u015ft\u00fcr.<\/li>\n<li><strong> \u00c7evre Dostu \u00dcretim<\/strong><br \/>\nOrganik g\u0131da \u00fcretimi, do\u011fa dostu y\u00f6ntemlerle yap\u0131l\u0131r. Tar\u0131mda kullan\u0131lan kimyasal maddeler, toprak, su ve hava kirlili\u011fine neden olabilirken, organik tar\u0131m \u00e7evreyi korur. Ayr\u0131ca organik tar\u0131m, topra\u011f\u0131n verimlili\u011fini art\u0131rmaya yard\u0131mc\u0131 olur ve biyo\u00e7e\u015fitlili\u011fi korur.<\/li>\n<li><strong> D\u00fc\u015f\u00fck G\u0131da Katk\u0131 Maddesi<\/strong><br \/>\nOrganik g\u0131dalar, katk\u0131 maddesi ve koruyucu i\u00e7ermezler. Bu, onlar\u0131 daha saf ve do\u011fal hale getirmektedir. Katk\u0131 maddelerinin, uzun vadede sa\u011fl\u0131k \u00fczerinde olumsuz etkileri olabilece\u011fi i\u00e7in organik g\u0131da t\u00fcketimi, daha sa\u011fl\u0131kl\u0131 bir beslenme bi\u00e7imi sunmaktad\u0131r.<\/li>\n<\/ul>\n\n\t\t<\/div> \n\t<\/div> <div class=\"vc_empty_space  vc_empty_space_9\"   style=\"height: 30px\" ><span class=\"vc_empty_space_inner\"><\/span><\/div>\r\n<div class=\"vc_custom_heading vc_custom_heading_69f71c3293630585387281\" ><h2 style=\"text-align: center;font-family:Abril Fatface;font-weight:400;font-style:normal\"><span class=\"hilight\"  >Organik G\u0131da \u00dcr\u00fcnleri: Neler Tercih Edilmeli?<\/span><\/h2><\/div><div class=\"vc_empty_space  vc_empty_space_10\"   style=\"height: 30px\" ><span class=\"vc_empty_space_inner\"><\/span><\/div>\r\n\n\t<div class=\"wpb_text_column_11 wpb_text_column wpb_content_element\">\n\t\t<div class=\"wpb_wrapper\" >\n\t\t\t<p><strong>Organik G\u0131da \u00dcr\u00fcnleri<\/strong>, her ge\u00e7en g\u00fcn daha fazla \u00e7e\u015fitleniyor ve bu da t\u00fcketicilerin organik g\u0131dalara olan talebini art\u0131r\u0131yor. Organik meyve ve sebzeler, organik et ve s\u00fct \u00fcr\u00fcnleri gibi besinler, organik g\u0131da al\u0131\u015fveri\u015finde s\u0131kl\u0131kla tercih edilen se\u00e7enekler aras\u0131nda yer al\u0131r. Ayr\u0131ca, <strong>organik bakliyat<\/strong> gibi \u00fcr\u00fcnler de olduk\u00e7a yayg\u0131nd\u0131r. Organik bakliyatlar, do\u011fal y\u00f6ntemlerle yeti\u015ftirilen sa\u011fl\u0131kl\u0131 fasulye, mercimek ve nohut gibi \u00fcr\u00fcnleri i\u00e7erir ve bu besinler, lif a\u00e7\u0131s\u0131ndan zengin olup sindirim sistemine fayda sa\u011flar.<\/p>\n<p>\u00d6zellikle organik <strong>bakliyat<\/strong>, sa\u011fl\u0131kl\u0131 bir diyetin \u00f6nemli bir par\u00e7as\u0131d\u0131r. Bu \u00fcr\u00fcnler, protein, lif, vitamin ve mineral a\u00e7\u0131s\u0131ndan zengindir. Organik bakliyatlar, toprak verimlili\u011fini artt\u0131ran do\u011fal g\u00fcbrelerle yeti\u015ftirildi\u011finden, besin de\u011ferleri de daha y\u00fcksektir. Ayr\u0131ca, organik bakliyatlar genellikle daha az i\u015fleme tabi tutulur, bu da onlar\u0131n do\u011fal \u00f6zelliklerinin bozulmadan korunmas\u0131n\u0131 sa\u011flar.<\/p>\n\n\t\t<\/div> \n\t<\/div> <div class=\"vc_empty_space  vc_empty_space_12\"   style=\"height: 30px\" ><span class=\"vc_empty_space_inner\"><\/span><\/div>\r\n\r\n\t<div class=\"wpb_single_image wpb_single_image_13 wpb_content_element vc_align_center\">\r\n\t\t<div class=\"wpb_wrapper\">\r\n\t\t\t\r\n\t\t\t<div class=\"vc_single_image-wrapper   vc_box_border_grey\"><img loading=\"lazy\" decoding=\"async\" width=\"720\" height=\"400\" src=\"https:\/\/www.agroviva.com.tr\/wp-content\/uploads\/2025\/01\/organik-gida-bakliyat.jpg\" class=\"vc_single_image-img attachment-full\" alt=\"Do\u011fal y\u00f6ntemlerle yeti\u015ftirilen organik bakliyatlar, sa\u011fl\u0131kl\u0131 beslenme i\u00e7in m\u00fckemmel bir se\u00e7enek sunar. Besin de\u011feri y\u00fcksek nohut, mercimek ve fasulye \u00e7e\u015fitleriyle v\u00fccudunuzu g\u00fc\u00e7lendirin.\" title=\"organik-gida-bakliyat\" srcset=\"https:\/\/www.agroviva.com.tr\/wp-content\/uploads\/2025\/01\/organik-gida-bakliyat.jpg 720w, https:\/\/www.agroviva.com.tr\/wp-content\/uploads\/2025\/01\/organik-gida-bakliyat-300x167.jpg 300w, https:\/\/www.agroviva.com.tr\/wp-content\/uploads\/2025\/01\/organik-gida-bakliyat-18x10.jpg 18w, https:\/\/www.agroviva.com.tr\/wp-content\/uploads\/2025\/01\/organik-gida-bakliyat-700x389.jpg 700w\" sizes=\"auto, (max-width: 720px) 100vw, 720px\" \/><\/div>\r\n\t\t<\/div>\r\n\t<\/div>\r\n<div class=\"vc_empty_space  vc_empty_space_14\"   style=\"height: 30px\" ><span class=\"vc_empty_space_inner\"><\/span><\/div>\r\n<div class=\"vc_custom_heading vc_custom_heading_69f71c3293d7d033998008\" ><h2 style=\"text-align: center;font-family:Abril Fatface;font-weight:400;font-style:normal\"><span class=\"hilight\"  >Organik G\u0131da Sat\u0131\u015f\u0131: Nas\u0131l Yap\u0131l\u0131r?<\/span><\/h2><\/div><div class=\"vc_empty_space  vc_empty_space_15\"   style=\"height: 30px\" ><span class=\"vc_empty_space_inner\"><\/span><\/div>\r\n\n\t<div class=\"wpb_text_column_16 wpb_text_column wpb_content_element\">\n\t\t<div class=\"wpb_wrapper\" >\n\t\t\t<p>Organik g\u0131da sat\u0131\u015f\u0131, \u00f6zellikle sa\u011fl\u0131kl\u0131 ya\u015fam trendlerinin artmas\u0131yla birlikte h\u0131zla b\u00fcy\u00fcyen bir sekt\u00f6r haline gelmi\u015ftir. T\u00fcketiciler art\u0131k daha bilin\u00e7li bir \u015fekilde g\u0131da sat\u0131n al\u0131\u015fkanl\u0131klar\u0131n\u0131 d\u00fczenlemekte ve organik \u00fcr\u00fcnlere olan talep giderek artmaktad\u0131r. Organik g\u0131da sat\u0131\u015f\u0131 yapmak isteyen i\u015fletmeler, belirli <strong>organik sertifikalara<\/strong> sahip olmal\u0131 ve \u00fcr\u00fcnlerin organik olarak \u00fcretildi\u011fini kan\u0131tlayacak belgeler sunmal\u0131d\u0131r.<\/p>\n<p>Organik g\u0131da sat\u0131\u015f\u0131 yapan bir i\u015fletme i\u00e7in, \u00e7evre dostu \u00fcretim s\u00fcre\u00e7lerine odaklanmak ve organik g\u0131da \u00fcr\u00fcnlerinin kalitesini \u00f6n plana \u00e7\u0131karmak \u00e7ok \u00f6nemlidir. Ayr\u0131ca, organik \u00fcr\u00fcnlerin sat\u0131\u015f\u0131, \u00e7evreye duyarl\u0131 t\u00fcketiciler taraf\u0131ndan daha fazla tercih edilmektedir. <strong>Organik g\u0131da sat\u0131\u015f\u0131<\/strong> yapan i\u015fletmelerin, t\u00fcketicilere g\u00fcvenli ve sa\u011fl\u0131kl\u0131 se\u00e7enekler sundu\u011fundan emin olmalar\u0131 gerekir.<\/p>\n\n\t\t<\/div> \n\t<\/div> <div class=\"vc_empty_space  vc_empty_space_17\"   style=\"height: 30px\" ><span class=\"vc_empty_space_inner\"><\/span><\/div>\r\n<div class=\"vc_custom_heading vc_custom_heading_69f71c3293ff5620483468\" ><h2 style=\"text-align: center;font-family:Abril Fatface;font-weight:400;font-style:normal\"><span class=\"hilight\"  >Organik G\u0131da Sat\u0131n Al\u0131rken Dikkat Edilmesi Gerekenler<\/span><\/h2><\/div><div class=\"vc_empty_space  vc_empty_space_18\"   style=\"height: 30px\" ><span class=\"vc_empty_space_inner\"><\/span><\/div>\r\n\n\t<div class=\"wpb_text_column_19 wpb_text_column wpb_content_element\">\n\t\t<div class=\"wpb_wrapper\" >\n\t\t\t<ul>\n<li><strong> Sertifikal\u0131 Organik \u00dcr\u00fcnler Tercih Edin<\/strong><br \/>\nOrganik g\u0131da al\u0131\u015fveri\u015fi yaparken, \u00fcr\u00fcnlerin <strong>organik sertifikas\u0131na<\/strong> sahip oldu\u011fundan emin olun. Sertifikal\u0131 \u00fcr\u00fcnler, belirli standartlara g\u00f6re \u00fcretilir ve bu da g\u00fcvenli bir se\u00e7im yapman\u0131z\u0131 sa\u011flar.<\/li>\n<li><strong> Mevsiminde Al\u0131n<\/strong><br \/>\nMevsiminde al\u0131nan organik \u00fcr\u00fcnler genellikle daha taze ve lezzetlidir. Organik meyve ve sebzeler, mevsiminde daha fazla besin de\u011feri i\u00e7erir.<\/li>\n<li><strong> Yerel \u00dcreticilerden Al\u0131\u015fveri\u015f Yap\u0131n<\/strong><br \/>\nYerel \u00fcreticilerden organik g\u0131da almak, hem taze ve sa\u011fl\u0131kl\u0131 \u00fcr\u00fcnlere sahip olman\u0131z\u0131 sa\u011flar hem de yerel ekonomiyi desteklersiniz.<\/li>\n<\/ul>\n<p>Organik g\u0131da, sa\u011fl\u0131kl\u0131 beslenmenin temel ta\u015flar\u0131ndan biridir. Kimyasal maddelerden ar\u0131nd\u0131r\u0131lm\u0131\u015f ve do\u011fal y\u00f6ntemlerle \u00fcretilen organik g\u0131da \u00fcr\u00fcnleri, sa\u011fl\u0131\u011f\u0131m\u0131za bir\u00e7ok fayda sa\u011flar. <strong>Organik g\u0131da sat\u0131\u015f\u0131<\/strong>, artan taleple birlikte h\u0131zla b\u00fcy\u00fcyen bir sekt\u00f6rd\u00fcr ve organik bakliyatlar gibi sa\u011fl\u0131kl\u0131 se\u00e7enekler, g\u00fcnl\u00fck beslenme al\u0131\u015fkanl\u0131klar\u0131m\u0131z\u0131 iyile\u015ftirmede \u00f6nemli bir rol oynar. Organik g\u0131da almak, sadece sa\u011fl\u0131\u011f\u0131n\u0131z i\u00e7in de\u011fil, \u00e7evreye katk\u0131 sa\u011flamak a\u00e7\u0131s\u0131ndan da \u00f6nemli bir ad\u0131md\u0131r. Sa\u011fl\u0131kl\u0131 bir ya\u015fam i\u00e7in organik \u00fcr\u00fcnleri tercih ederek, do\u011fayla uyumlu bir beslenme bi\u00e7imi benimseyebilirsiniz.<\/p>\n<p>Detayl\u0131 bilgi ve fiyat teklifi i\u00e7in <a href=\"https:\/\/www.instagram.com\/agrovivagida\/\" rel=\"nofollow noopener\" target=\"_blank\">sosyal medya<\/a>, <a href=\"https:\/\/www.agroviva.com.tr\/en\/iletisim\/\">ileti\u015fim formunu<\/a> doldurarak ya da telefon arac\u0131l\u0131\u011f\u0131yla bize ula\u015fabilirsiniz.<\/p>\n\n\t\t<\/div> \n\t<\/div> <div class=\"vc_empty_space  vc_empty_space_20\"   style=\"height: 30px\" ><span class=\"vc_empty_space_inner\"><\/span><\/div>\r\n<div class=\"vc_btn3-container vc_btn3-inline\" ><a class=\"vc_general vc_btn3 vc_btn3-size-md vc_btn3-shape-rounded vc_btn3-style-modern vc_btn3-color-green\" href=\"https:\/\/www.agroviva.com.tr\/en\/teklifal\/\" title=\"Bilgi Al\">Bilgi Al<\/a><\/div><\/div><\/div><\/div><\/div><\/div><\/div><\/div>\n<\/section>","protected":false},"excerpt":{"rendered":"Son y\u0131llarda sa\u011fl\u0131kl\u0131 ya\u015fam tarz\u0131na olan ilgi giderek art\u0131yor. \u0130nsanlar bilin\u00e7lendik\u00e7e g\u0131da se\u00e7imlerinde daha dikkatli hale geliyor ve do\u011fadan gelen, kimyasal ve katk\u0131 maddesi i\u00e7ermeyen g\u0131dalar\u0131 daha \u00e7ok tercih ediyorlar. [...]","protected":false},"author":1,"featured_media":13235,"parent":0,"menu_order":0,"comment_status":"closed","ping_status":"closed","template":"","meta":{"footnotes":""},"class_list":["post-12470","page","type-page","status-publish","has-post-thumbnail","hentry"],"_links":{"self":[{"href":"https:\/\/www.agroviva.com.tr\/en\/wp-json\/wp\/v2\/pages\/12470","targetHints":{"allow":["GET"]}}],"collection":[{"href":"https:\/\/www.agroviva.com.tr\/en\/wp-json\/wp\/v2\/pages"}],"about":[{"href":"https:\/\/www.agroviva.com.tr\/en\/wp-json\/wp\/v2\/types\/page"}],"author":[{"embeddable":true,"href":"https:\/\/www.agroviva.com.tr\/en\/wp-json\/wp\/v2\/users\/1"}],"replies":[{"embeddable":true,"href":"https:\/\/www.agroviva.com.tr\/en\/wp-json\/wp\/v2\/comments?post=12470"}],"version-history":[{"count":7,"href":"https:\/\/www.agroviva.com.tr\/en\/wp-json\/wp\/v2\/pages\/12470\/revisions"}],"predecessor-version":[{"id":13289,"href":"https:\/\/www.agroviva.com.tr\/en\/wp-json\/wp\/v2\/pages\/12470\/revisions\/13289"}],"wp:featuredmedia":[{"embeddable":true,"href":"https:\/\/www.agroviva.com.tr\/en\/wp-json\/wp\/v2\/media\/13235"}],"wp:attachment":[{"href":"https:\/\/www.agroviva.com.tr\/en\/wp-json\/wp\/v2\/media?parent=12470"}],"curies":[{"name":"wp","href":"https:\/\/api.w.org\/{rel}","templated":true}]}}