{"id":12472,"date":"2024-04-24T17:49:33","date_gmt":"2024-04-24T14:49:33","guid":{"rendered":"https:\/\/www.agroviva.com.tr\/?page_id=12472"},"modified":"2025-01-30T01:48:06","modified_gmt":"2025-01-29T22:48:06","slug":"kirik-bugday","status":"publish","type":"page","link":"https:\/\/www.agroviva.com.tr\/en\/kirik-bugday\/","title":{"rendered":"K\u0131r\u0131k Bu\u011fday"},"content":{"rendered":"<section class=\"wpb-content-wrapper\"><div class=\"container row_section vc_row_p_30\"><div  class=\"vc_row wpb_row vc_row-fluid vc_column-gap-30 vc_row-69f6f77a9d48f492166237\"   style=' text-align:left; z-index:0;'><div class=\"row-container container-fluid\"><div class=\"row-inner\"><div class=\"wpb_column vc_column_container vc_col-sm-12 vc_column_container_69f6f77a9d72e434484261\" style=\"z-index:0\"><div class=\"vc_column-inner\"><div class=\"wpb_wrapper\"><div class=\"vc_empty_space  vc_empty_space_1\"   style=\"height: 0px\" ><span class=\"vc_empty_space_inner\"><\/span><\/div>\r\n\n\t<div class=\"wpb_text_column_2 wpb_text_column wpb_content_element\">\n\t\t<div class=\"wpb_wrapper\" >\n\t\t\t<p>Bu\u011fday, d\u00fcnya tarihinde binlerce y\u0131ld\u0131r \u00f6nemli bir besin kayna\u011f\u0131 olmu\u015ftur. O kadar \u00f6nemlidir ki k\u0131r\u0131k bu\u011fday taneleri bile israf edilmemelidir. <strong>K\u0131r\u0131k bu\u011fday, <\/strong>bu\u011fday\u0131n hasat\u0131 s\u0131ras\u0131nda bi\u00e7erd\u00f6verde k\u0131r\u0131lmas\u0131, ta\u015f\u0131ma s\u0131ras\u0131nda konvey\u00f6rlerde k\u0131r\u0131lmas\u0131 sonucu olu\u015fur. K\u0131r\u0131k bu\u011fday taneleri un \u00fcretiminde kaliteyi olumsuz etkiledi\u011finden dolay\u0131 bu\u011fday\u0131n temizlenmesi a\u015famas\u0131nda ayr\u0131lmaktad\u0131r. B\u00f6ylece bu kadar \u00f6nemli bir \u00fcr\u00fcn israf edilmemi\u015ftir ve yem sekt\u00f6r\u00fcnde kendine \u00f6nemli bir yer edinmi\u015ftir.<\/p>\n\n\t\t<\/div> \n\t<\/div> <div class=\"vc_empty_space  vc_empty_space_3\"   style=\"height: 0px\" ><span class=\"vc_empty_space_inner\"><\/span><\/div>\r\n<\/div><\/div><\/div><\/div><\/div><\/div><\/div><div class=\"container row_section vc_row_p_30\"><div  class=\"vc_row wpb_row vc_row-fluid vc_column-gap-30 vc_row-69f6f77a9dae4024412583\"   style=' text-align:left; z-index:0;'><div class=\"row-container container-fluid\"><div class=\"row-inner\"><div class=\"wpb_column vc_column_container vc_col-sm-12 vc_column_container_69f6f77a9dc04897871920\" style=\"z-index:0\"><div class=\"vc_column-inner\"><div class=\"wpb_wrapper\"><div class=\"vc_empty_space  vc_empty_space_4\"   style=\"height: 0px\" ><span class=\"vc_empty_space_inner\"><\/span><\/div>\r\n<div class=\"vc_custom_heading vc_custom_heading_69f6f77a9de0d493253846\" ><h2 style=\"text-align: left;font-family:Abril Fatface;font-weight:400;font-style:normal\"><span class=\"hilight\"  >K\u0131r\u0131k Bu\u011fday Nas\u0131l Elde Edilir?<\/span><\/h2><\/div><div class=\"vc_empty_space  vc_empty_space_5\"   style=\"height: 0px\" ><span class=\"vc_empty_space_inner\"><\/span><\/div>\r\n\n\t<div class=\"wpb_text_column_6 wpb_text_column wpb_content_element\">\n\t\t<div class=\"wpb_wrapper\" >\n\t\t\t<p>Bu\u011fday, d\u00fcnya genelinde pek \u00e7ok b\u00f6lgede ekilebilir bir \u00fcr\u00fcn olmas\u0131yla \u00f6ne \u00e7\u0131kar. Uygun iklim ve tar\u0131m ko\u015fullar\u0131n\u0131 sa\u011flamak g\u00f6rece daha kolayd\u0131r. Hasat edilen <a href=\"https:\/\/www.agroviva.com.tr\/en\/bugday\/\">bu\u011fday<\/a> taneleri k\u0131r\u0131lgan bir yap\u0131ya sahiptir. Fiziki m\u00fcdahaleler kolayl\u0131kla k\u0131r\u0131lmas\u0131na sebep olmaktad\u0131r. Bi\u00e7erd\u00f6ver yard\u0131m\u0131yla tarlada hasat edilirken, kurutmak i\u00e7in alanlara yay\u0131l\u0131rken, toplan\u0131rken, ta\u015f\u0131ma ama\u00e7l\u0131 kamyonlara y\u00fckleyip bo\u015falt\u0131rken, fabrikaya ta\u015f\u0131n\u0131rken, temizlenirken her an fiziki temasa maruz kalmaktad\u0131r. \u00d6\u011f\u00fctme i\u015flemine kadar s\u00fcrekli hareket halindedir. En son \u00f6\u011f\u00fctme i\u015flemine ba\u015flamadan da k\u0131r\u0131kl\u0131 bu\u011fday ayr\u0131l\u0131r ve temiz hasars\u0131z bu\u011fdaylar \u00f6\u011f\u00fctme i\u015flemine devam eder ve un haline gelir.<\/p>\n<p>&nbsp;<\/p>\n<p>Ayr\u0131lan k\u0131r\u0131kl\u0131 bu\u011fdaylar depolan\u0131r ve yem sekt\u00f6r\u00fcnde de\u011ferlendirilir.<\/p>\n\n\t\t<\/div> \n\t<\/div> <div class=\"vc_empty_space  vc_empty_space_7\"   style=\"height: 0px\" ><span class=\"vc_empty_space_inner\"><\/span><\/div>\r\n<\/div><\/div><\/div><\/div><\/div><\/div><\/div><div class=\"container row_section vc_row_p_30\"><div  class=\"vc_row wpb_row vc_row-fluid vc_column-gap-30 vc_row-69f6f77a9e204651021877\"   style=' text-align:left; z-index:0;'><div class=\"row-container container-fluid\"><div class=\"row-inner\"><div class=\"wpb_column vc_column_container vc_col-sm-12 vc_column_container_69f6f77a9e2e0036271776\" style=\"z-index:0\"><div class=\"vc_column-inner\"><div class=\"wpb_wrapper\"><div class=\"vc_empty_space  vc_empty_space_8\"   style=\"height: 0px\" ><span class=\"vc_empty_space_inner\"><\/span><\/div>\r\n<div class=\"vc_custom_heading vc_custom_heading_69f6f77a9e462083266258\" ><h2 style=\"text-align: left;font-family:Abril Fatface;font-weight:400;font-style:normal\"><span class=\"hilight\"  >K\u0131r\u0131k Bu\u011fday Besin De\u011ferleri (Bulgur Besin De\u011ferleri)<\/span><\/h2><\/div><div class=\"vc_empty_space  vc_empty_space_9\"   style=\"height: 0px\" ><span class=\"vc_empty_space_inner\"><\/span><\/div>\r\n\n\t<div class=\"wpb_text_column_10 wpb_text_column wpb_content_element\">\n\t\t<div class=\"wpb_wrapper\" >\n\t\t\t<p>Bu\u011fday \u00e7e\u015fidi, kalitesi ve i\u015flenme y\u00f6ntemlerine g\u00f6re besin de\u011ferlerinde farkl\u0131l\u0131k olabilir. Ancak 100 graml\u0131k <strong>bu\u011fday besin de\u011feri<\/strong> a\u015fa\u011f\u0131daki gibidir:<\/p>\n<ul>\n<li>Kalori: Yakla\u015f\u0131k 100 gramda ortalama olarak 350 kcal<\/li>\n<li>Protein: Yakla\u015f\u0131k 12-14 gram<\/li>\n<li>Ya\u011f: Yakla\u015f\u0131k 1-2 gram<\/li>\n<li>Karbonhidrat: Yakla\u015f\u0131k 70-75 gram<\/li>\n<li>Lif: Yakla\u015f\u0131k 12-15 gram<\/li>\n<li>\u015eeker: Yakla\u015f\u0131k 1-2 gram<\/li>\n<li>Kalsiyum: Yakla\u015f\u0131k 25-30 mg<\/li>\n<li>Demir: Yakla\u015f\u0131k 3-4 mg<\/li>\n<li>Magnezyum: Yakla\u015f\u0131k 50-60 mg<\/li>\n<li>Fosfor: Yakla\u015f\u0131k 250-300 mg<\/li>\n<li>Potasyum: Yakla\u015f\u0131k 350-400 mg<\/li>\n<li>B1 Vitamini (Tiyamin): Yakla\u015f\u0131k 0.2-0.3 mg<\/li>\n<li>B2 Vitamini (Riboflavin): Yakla\u015f\u0131k 0.1-0.2 mg<\/li>\n<li>B3 Vitamini (Niasin): Yakla\u015f\u0131k 5-6 mg<\/li>\n<li>B6 Vitamini: Yakla\u015f\u0131k 0.3-0.4 mg<\/li>\n<li>Folat (B9 Vitamini): Yakla\u015f\u0131k 30-40 mcg<\/li>\n<\/ul>\n<p>Asl\u0131nda k\u0131r\u0131k bu\u011fday\u0131n besin de\u011ferleri bu\u011fday ile hemen hemen ayn\u0131d\u0131r. Ancak k\u0131r\u0131lma, \u00f6\u011f\u00fctme i\u015flemleri s\u0131ras\u0131nda ger\u00e7ekle\u015ftirilen i\u015flemler sebebiyle k\u00fc\u00e7\u00fck farklar olu\u015fabilir.<\/p>\n\n\t\t<\/div> \n\t<\/div> <div class=\"vc_empty_space  vc_empty_space_11\"   style=\"height: 0px\" ><span class=\"vc_empty_space_inner\"><\/span><\/div>\r\n<\/div><\/div><\/div><\/div><\/div><\/div><\/div><div class=\"container row_section vc_row_p_30\"><div  class=\"vc_row wpb_row vc_row-fluid vc_column-gap-30 vc_row-69f6f77a9e71d584504473\"   style=' text-align:left; z-index:0;'><div class=\"row-container container-fluid\"><div class=\"row-inner\"><div class=\"wpb_column vc_column_container vc_col-sm-12 vc_column_container_69f6f77a9e846990364476\" style=\"z-index:0\"><div class=\"vc_column-inner\"><div class=\"wpb_wrapper\"><div class=\"vc_empty_space  vc_empty_space_12\"   style=\"height: 0px\" ><span class=\"vc_empty_space_inner\"><\/span><\/div>\r\n\r\n\t<div class=\"wpb_single_image wpb_single_image_13 wpb_content_element vc_align_left\">\r\n\t\t<div class=\"wpb_wrapper\">\r\n\t\t\t\r\n\t\t\t<div class=\"vc_single_image-wrapper   vc_box_border_grey\"><img loading=\"lazy\" decoding=\"async\" width=\"720\" height=\"400\" src=\"https:\/\/www.agroviva.com.tr\/wp-content\/uploads\/2025\/01\/kirikli-bugday.jpg\" class=\"vc_single_image-img attachment-full\" alt=\"k\u0131r\u0131kl\u0131 bu\u011fday\" title=\"kirikli-bugday\" srcset=\"https:\/\/www.agroviva.com.tr\/wp-content\/uploads\/2025\/01\/kirikli-bugday.jpg 720w, https:\/\/www.agroviva.com.tr\/wp-content\/uploads\/2025\/01\/kirikli-bugday-300x167.jpg 300w, https:\/\/www.agroviva.com.tr\/wp-content\/uploads\/2025\/01\/kirikli-bugday-18x10.jpg 18w, https:\/\/www.agroviva.com.tr\/wp-content\/uploads\/2025\/01\/kirikli-bugday-700x389.jpg 700w\" sizes=\"auto, (max-width: 720px) 100vw, 720px\" \/><\/div>\r\n\t\t<\/div>\r\n\t<\/div>\r\n<div class=\"vc_empty_space  vc_empty_space_14\"   style=\"height: 0px\" ><span class=\"vc_empty_space_inner\"><\/span><\/div>\r\n<div class=\"vc_custom_heading vc_custom_heading_69f6f77a9f121631945955\" ><h2 style=\"text-align: left;font-family:Abril Fatface;font-weight:400;font-style:normal\"><span class=\"hilight\"  >Yem Sekt\u00f6r\u00fcnde K\u0131r\u0131k Bu\u011fday<\/span><\/h2><\/div><div class=\"vc_empty_space  vc_empty_space_15\"   style=\"height: 0px\" ><span class=\"vc_empty_space_inner\"><\/span><\/div>\r\n\n\t<div class=\"wpb_text_column_16 wpb_text_column wpb_content_element\">\n\t\t<div class=\"wpb_wrapper\" >\n\t\t\t<p>\u00d6zellikle k\u00fcmes hayvanlar\u0131 i\u00e7in e\u015fsiz bir besin \u00fcr\u00fcn\u00fc olan k\u0131r\u0131k bu\u011fday ba\u015fka pek \u00e7ok hayvan\u0131n yem rasyonlar\u0131na dahil edilmektedir.<\/p>\n<ul>\n<li><strong>Tavuk ve Hindi: <\/strong>K\u00fcmes hayvanlar\u0131 i\u00e7in vazge\u00e7ilmez bir besin ve enerji kayna\u011f\u0131 olan k\u0131r\u0131k bu\u011fday genellikle yem kar\u0131\u015f\u0131mlar\u0131nda kullan\u0131l\u0131r. Bunun d\u0131\u015f\u0131nda \u00f6rdek ve kaz gibi hayvanlar\u0131n yem kar\u0131\u015f\u0131mlar\u0131nda da s\u0131kl\u0131kla tercih edilir.<\/li>\n<li><strong>Tav\u015fan: <\/strong>Lif ve enerji kayna\u011f\u0131 olmas\u0131 sebebiyle tav\u015fan yemlerinde de kar\u0131\u015f\u0131mlara dahil edilmektedir.<\/li>\n<li><strong>Koyun ve Ke\u00e7i:<\/strong> Doyurucu \u00f6zelli\u011fiyle koyun ve ke\u00e7i gibi k\u00fc\u00e7\u00fckba\u015f hayvanlar\u0131n yeti\u015ftiricili\u011finde de tercih edilmektedir. Ayr\u0131ca lifli yap\u0131s\u0131 nedeniyle hayvanlar\u0131n sindirim sistemini desteklemektedir.<\/li>\n<li><strong>S\u0131\u011f\u0131r:<\/strong> Tek ba\u015f\u0131na yeterli olmamakla birlikte di\u011fer tah\u0131l \u00fcr\u00fcnleriyle kar\u0131\u015ft\u0131r\u0131larak s\u0131\u011f\u0131rlar i\u00e7in de kaliteli bir yem bile\u015feni haline gelmektedir.<\/li>\n<\/ul>\n<p>K\u0131r\u0131k Bu\u011fday Faydalar\u0131<\/p>\n<p>Temel besin de\u011ferlerinden biri olan tah\u0131l \u00fcr\u00fcn\u00fc k\u0131r\u0131k bu\u011fday\u0131n hem g\u0131da olarak t\u00fcketiminde hem de besicilikte ve hayvanc\u0131l\u0131kta bir\u00e7ok faydas\u0131 mevcuttur. \u0130deal \u015fekilde ve yeterli d\u00fczeyde t\u00fcketildi\u011finde,<\/p>\n<ul>\n<li>Lif i\u00e7eri\u011fi zengindir. Bu sebeple sindirim sistemi i\u00e7in faydal\u0131d\u0131r.<\/li>\n<li>Metabolizmay\u0131 destekler.<\/li>\n<li>Glisemik indeksi d\u00fc\u015f\u00fckt\u00fcr. B\u00f6ylece kan \u015fekerini dengeler.<\/li>\n<li>Uzun s\u00fcre tokluk hissi verir.<\/li>\n<li>Sa\u011fl\u0131kl\u0131 ve dengeli karbonhidrat al\u0131m\u0131 i\u00e7in \u00f6nemlidir.<\/li>\n<li>Fosfor, potasyum, demir ve magnezyum y\u00f6n\u00fcnden zengindir.<\/li>\n<li>Kalp sa\u011fl\u0131\u011f\u0131n\u0131 koruyan antioksidanlar\u0131 i\u00e7erir.<\/li>\n<li>Ba\u011f\u0131\u015f\u0131kl\u0131k sistemini g\u00fc\u00e7lendiren \u00e7e\u015fitli mineral ve vitaminler i\u00e7erir.<\/li>\n<li>Karbonhidrat i\u00e7eri\u011fiyle enerji verir.<\/li>\n<li>\u0130\u00e7erdi\u011fi besin maddeleri cilt ve \u00f6zellikle sa\u00e7 bak\u0131m\u0131 i\u00e7in faydal\u0131d\u0131r.<\/li>\n<\/ul>\n\n\t\t<\/div> \n\t<\/div> <div class=\"vc_empty_space  vc_empty_space_17\"   style=\"height: 0px\" ><span class=\"vc_empty_space_inner\"><\/span><\/div>\r\n<\/div><\/div><\/div><\/div><\/div><\/div><\/div><div class=\"container row_section vc_row_p_30\"><div  class=\"vc_row wpb_row vc_row-fluid vc_column-gap-30 vc_row-69f6f77a9f40f254761504\"   style=' text-align:left; z-index:0;'><div class=\"row-container container-fluid\"><div class=\"row-inner\"><div class=\"wpb_column vc_column_container vc_col-sm-12 vc_column_container_69f6f77a9f4e0797899058\" style=\"z-index:0\"><div class=\"vc_column-inner\"><div class=\"wpb_wrapper\"><div class=\"vc_empty_space  vc_empty_space_18\"   style=\"height: 0px\" ><span class=\"vc_empty_space_inner\"><\/span><\/div>\r\n<div class=\"vc_custom_heading vc_custom_heading_69f6f77a9f65b478763981\" ><h2 style=\"text-align: left;font-family:Abril Fatface;font-weight:400;font-style:normal\"><span class=\"hilight\"  >K\u0131r\u0131k Bu\u011fday Faydalar\u0131<\/span><\/h2><\/div><div class=\"vc_empty_space  vc_empty_space_19\"   style=\"height: 0px\" ><span class=\"vc_empty_space_inner\"><\/span><\/div>\r\n\n\t<div class=\"wpb_text_column_20 wpb_text_column wpb_content_element\">\n\t\t<div class=\"wpb_wrapper\" >\n\t\t\t<p>Temel besin de\u011ferlerinden biri olan tah\u0131l \u00fcr\u00fcn\u00fc k\u0131r\u0131k bu\u011fday\u0131n hem g\u0131da olarak t\u00fcketiminde hem de besicilikte ve hayvanc\u0131l\u0131kta bir\u00e7ok faydas\u0131 mevcuttur. \u0130deal \u015fekilde ve yeterli d\u00fczeyde t\u00fcketildi\u011finde,<\/p>\n<ul>\n<li>Lif i\u00e7eri\u011fi zengindir. Bu sebeple sindirim sistemi i\u00e7in faydal\u0131d\u0131r.<\/li>\n<li>Metabolizmay\u0131 destekler.<\/li>\n<li>Glisemik indeksi d\u00fc\u015f\u00fckt\u00fcr. B\u00f6ylece kan \u015fekerini dengeler.<\/li>\n<li>Uzun s\u00fcre tokluk hissi verir.<\/li>\n<li>Sa\u011fl\u0131kl\u0131 ve dengeli karbonhidrat al\u0131m\u0131 i\u00e7in \u00f6nemlidir.<\/li>\n<li>Fosfor, potasyum, demir ve magnezyum y\u00f6n\u00fcnden zengindir.<\/li>\n<li>Kalp sa\u011fl\u0131\u011f\u0131n\u0131 koruyan antioksidanlar\u0131 i\u00e7erir.<\/li>\n<li>Ba\u011f\u0131\u015f\u0131kl\u0131k sistemini g\u00fc\u00e7lendiren \u00e7e\u015fitli mineral ve vitaminler i\u00e7erir.<\/li>\n<li>Karbonhidrat i\u00e7eri\u011fiyle enerji verir.<\/li>\n<li>\u0130\u00e7erdi\u011fi besin maddeleri cilt ve \u00f6zellikle sa\u00e7 bak\u0131m\u0131 i\u00e7in faydal\u0131d\u0131r.<\/li>\n<\/ul>\n\n\t\t<\/div> \n\t<\/div> <div class=\"vc_empty_space  vc_empty_space_21\"   style=\"height: 0px\" ><span class=\"vc_empty_space_inner\"><\/span><\/div>\r\n<\/div><\/div><\/div><\/div><\/div><\/div><\/div><div class=\"container row_section vc_row_p_30\"><div  class=\"vc_row wpb_row vc_row-fluid vc_column-gap-30 vc_row-69f6f77a9f8f6563112084\"   style=' text-align:left; z-index:0;'><div class=\"row-container container-fluid\"><div class=\"row-inner\"><div class=\"wpb_column vc_column_container vc_col-sm-12 vc_column_container_69f6f77a9f9c5449161025\" style=\"z-index:0\"><div class=\"vc_column-inner\"><div class=\"wpb_wrapper\"><div class=\"vc_empty_space  vc_empty_space_22\"   style=\"height: 0px\" ><span class=\"vc_empty_space_inner\"><\/span><\/div>\r\n<div class=\"vc_custom_heading vc_custom_heading_69f6f77a9fb2d109115569\" ><h2 style=\"text-align: left;font-family:Abril Fatface;font-weight:400;font-style:normal\"><span class=\"hilight\"  >K\u0131r\u0131k Bu\u011fday Fiyatlar\u0131<\/span><\/h2><\/div><div class=\"vc_empty_space  vc_empty_space_23\"   style=\"height: 0px\" ><span class=\"vc_empty_space_inner\"><\/span><\/div>\r\n\n\t<div class=\"wpb_text_column_24 wpb_text_column wpb_content_element\">\n\t\t<div class=\"wpb_wrapper\" >\n\t\t\t<p>K\u0131r\u0131k bu\u011fday fiyatlar\u0131 genellikle emtia borsalar\u0131na g\u00f6re belirlenir. Emtia borsalar\u0131nda i\u015flem g\u00f6ren i\u015flem s\u00f6zle\u015fmeler kritiktir. Yat\u0131r\u0131mc\u0131lar\u0131n, t\u00fcccarlar\u0131n ve \u00fcreticilerin fiyatlarla ilgili yapt\u0131klar\u0131 spek\u00fclasyonlar piyasadaki fiyatlar\u0131 etkileyebilmektedir. Bunun d\u0131\u015f\u0131nda elbette \u00fcretilen bu\u011fday\u0131n kalitesi, tar\u0131m verimlili\u011fi, i\u015flem s\u00fcre\u00e7leri, nakliye ve depolama ko\u015fullar\u0131 gibi pek \u00e7ok <strong>fakt\u00f6r k\u0131r\u0131k bu\u011fday fiyat <\/strong>belirlenmesinde \u00f6nemlidir.<\/p>\n<p>Detayl\u0131 bilgi ve fiyat teklifi i\u00e7in <a href=\"https:\/\/www.instagram.com\/agrovivagida\/\" rel=\"nofollow noopener\" target=\"_blank\">sosyal medya<\/a>, <a href=\"https:\/\/www.agroviva.com.tr\/en\/iletisim\/\">ileti\u015fim formunu<\/a> doldurarak ya da telefon arac\u0131l\u0131\u011f\u0131yla bize ula\u015fabilirsiniz.<\/p>\n<div id=\"gtx-trans\" style=\"position: absolute; left: -31px; top: 126px;\">\n<div class=\"gtx-trans-icon\"><\/div>\n<\/div>\n\n\t\t<\/div> \n\t<\/div> <div class=\"vc_empty_space  vc_empty_space_25\"   style=\"height: 0px\" ><span class=\"vc_empty_space_inner\"><\/span><\/div>\r\n<\/div><\/div><\/div><\/div><\/div><\/div><\/div><div class=\"container row_section vc_row_p_30\"><div  class=\"vc_row wpb_row vc_row-fluid vc_column-gap-30 vc_row-69f6f77a9fe2b561514139\"   style=' text-align:left; z-index:0;'><div class=\"row-container container-fluid\"><div class=\"row-inner\"><div class=\"wpb_column vc_column_container vc_col-sm-12 vc_column_container_69f6f77a9ff3b694569124\" style=\"z-index:0\"><div class=\"vc_column-inner\"><div class=\"wpb_wrapper\">\n\t<div class=\"wpb_text_column_26 wpb_text_column wpb_content_element\">\n\t\t<div class=\"wpb_wrapper\" >\n\t\t\t<p style=\"text-align: center;\">Detayl\u0131 bilgi ve fiyat teklifi i\u00e7in ileti\u015fim kutusundaki formu doldurabilir ya da telefon arac\u0131l\u0131\u011f\u0131 ile bizlere ula\u015fabilirsiniz.<\/p>\n\n\t\t<\/div> \n\t<\/div> <div class=\"rdy_button_align center\"  data-animation-class=\"fadeInUp2\"><a href=\"https:\/\/www.agroviva.com.tr\/en\/teklifal\/\" class=\"rdy_button  large amination-outside animate-element dark flat-dimension button-27\" style=\"border-width: 2px!important; border-radius: 1px;-moz-border-radius: 1px;-webkit-border-radius: 1px; \" data-animation-class=\"fadeInUp2\"><span>Bilgi Al<\/span><\/a><\/div><\/div><\/div><\/div><\/div><\/div><\/div><\/div>\n<\/section>","protected":false},"excerpt":{"rendered":"Bu\u011fday, d\u00fcnya tarihinde binlerce y\u0131ld\u0131r \u00f6nemli bir besin kayna\u011f\u0131 olmu\u015ftur. O kadar \u00f6nemlidir ki k\u0131r\u0131k bu\u011fday taneleri bile israf edilmemelidir. K\u0131r\u0131k bu\u011fday, bu\u011fday\u0131n hasat\u0131 s\u0131ras\u0131nda bi\u00e7erd\u00f6verde k\u0131r\u0131lmas\u0131, ta\u015f\u0131ma s\u0131ras\u0131nda konvey\u00f6rlerde [...]","protected":false},"author":1,"featured_media":13157,"parent":0,"menu_order":0,"comment_status":"closed","ping_status":"closed","template":"","meta":{"footnotes":""},"class_list":["post-12472","page","type-page","status-publish","has-post-thumbnail","hentry"],"_links":{"self":[{"href":"https:\/\/www.agroviva.com.tr\/en\/wp-json\/wp\/v2\/pages\/12472","targetHints":{"allow":["GET"]}}],"collection":[{"href":"https:\/\/www.agroviva.com.tr\/en\/wp-json\/wp\/v2\/pages"}],"about":[{"href":"https:\/\/www.agroviva.com.tr\/en\/wp-json\/wp\/v2\/types\/page"}],"author":[{"embeddable":true,"href":"https:\/\/www.agroviva.com.tr\/en\/wp-json\/wp\/v2\/users\/1"}],"replies":[{"embeddable":true,"href":"https:\/\/www.agroviva.com.tr\/en\/wp-json\/wp\/v2\/comments?post=12472"}],"version-history":[{"count":10,"href":"https:\/\/www.agroviva.com.tr\/en\/wp-json\/wp\/v2\/pages\/12472\/revisions"}],"predecessor-version":[{"id":13226,"href":"https:\/\/www.agroviva.com.tr\/en\/wp-json\/wp\/v2\/pages\/12472\/revisions\/13226"}],"wp:featuredmedia":[{"embeddable":true,"href":"https:\/\/www.agroviva.com.tr\/en\/wp-json\/wp\/v2\/media\/13157"}],"wp:attachment":[{"href":"https:\/\/www.agroviva.com.tr\/en\/wp-json\/wp\/v2\/media?parent=12472"}],"curies":[{"name":"wp","href":"https:\/\/api.w.org\/{rel}","templated":true}]}}