{"id":12501,"date":"2024-04-25T09:38:53","date_gmt":"2024-04-25T06:38:53","guid":{"rendered":"https:\/\/www.agroviva.com.tr\/?page_id=12501"},"modified":"2025-01-30T01:56:37","modified_gmt":"2025-01-29T22:56:37","slug":"misir-flake","status":"publish","type":"page","link":"https:\/\/www.agroviva.com.tr\/en\/misir-flake\/","title":{"rendered":"M\u0131s\u0131r Flake"},"content":{"rendered":"<section class=\"wpb-content-wrapper\"><div class=\"container row_section vc_row_p_30\"><div  class=\"vc_row wpb_row vc_row-fluid vc_column-gap-30 vc_row-69f7139e2e6ba086076861\"   style=' text-align:left; z-index:0;'><div class=\"row-container container-fluid\"><div class=\"row-inner\"><div class=\"wpb_column vc_column_container vc_col-sm-12 vc_column_container_69f7139e2e956925908780\" style=\"z-index:0\"><div class=\"vc_column-inner\"><div class=\"wpb_wrapper\"><div class=\"vc_empty_space  vc_empty_space_1\"   style=\"height: 0px\" ><span class=\"vc_empty_space_inner\"><\/span><\/div>\r\n\n\t<div class=\"wpb_text_column_2 wpb_text_column wpb_content_element\">\n\t\t<div class=\"wpb_wrapper\" >\n\t\t\t<p>M\u0131s\u0131r flake, \u00f6n temizleme i\u015flemlerinden sonra m\u0131s\u0131r tanelerinin i\u015flenmesiyle elde edilir. \u0130nce yapraklar halinde \u00fcretilen bu tah\u0131l \u00fcr\u00fcn\u00fcnde m\u0131s\u0131r\u0131n do\u011fal besin de\u011feri korunur. Lezzeti ve y\u00fcksek besin de\u011feri i\u00e7ermesinden dolay\u0131 granolalar, at\u0131\u015ft\u0131rmal\u0131k barlar, kahvalt\u0131l\u0131k gevrekler gibi \u00e7e\u015fitli g\u0131da \u00fcr\u00fcnlerinde de yer al\u0131r. Besleyici \u00f6zellikleri ve \u00fcretimdeki verimi art\u0131rmas\u0131 sebebiyle hayvan yemi end\u00fcstrisinde \u00f6nemli bir yer edinmi\u015ftir.<\/p>\n\n\t\t<\/div> \n\t<\/div> <div class=\"vc_empty_space  vc_empty_space_3\"   style=\"height: 0px\" ><span class=\"vc_empty_space_inner\"><\/span><\/div>\r\n<div class=\"vc_custom_heading vc_custom_heading_69f7139e2ed28637721966\" ><h2 style=\"text-align: left;font-family:Abril Fatface;font-weight:400;font-style:normal\"><span class=\"hilight\"  >M\u0131s\u0131r Flake Nas\u0131l \u00dcretilir?<\/span><\/h2><\/div><div class=\"vc_empty_space  vc_empty_space_4\"   style=\"height: 0px\" ><span class=\"vc_empty_space_inner\"><\/span><\/div>\r\n\n\t<div class=\"wpb_text_column_5 wpb_text_column wpb_content_element\">\n\t\t<div class=\"wpb_wrapper\" >\n\t\t\t<p>M\u0131s\u0131r taneleri \u00f6n temizleme i\u015flemleri ile ta\u015f, toprak ve di\u011fer yabanc\u0131 maddelerden temizlenir. Temizleme ve y\u0131kama i\u015flemi ile yabanc\u0131 maddeler ve di\u011fer kal\u0131nt\u0131lardan ar\u0131nd\u0131r\u0131l\u0131r. Y\u0131kama i\u015flemi ard\u0131ndan m\u0131s\u0131r taneleri \u0131s\u0131l i\u015flem g\u00f6rmek \u00fczere haz\u0131rlan\u0131r. Yakla\u015f\u0131k 95 C\u00b0 s\u0131cakl\u0131kta 50-60 dakika kadar pi\u015firilir. Is\u0131l i\u015flem uygulanan m\u0131s\u0131r tanelerinin ezme i\u015flemine al\u0131n\u0131r. \u0130nce yufkalar haline getirilir. Ayr\u0131ca uygulanan \u0131s\u0131l i\u015flem sonras\u0131 m\u0131s\u0131r\u0131n b\u00fcnyesinde bulunan ni\u015fasta daha kolay sindirilebilir bir yap\u0131ya ge\u00e7er. Daha sonra uygun ambalajlarla paketlenerek tazelik ve kalitenin en uzun s\u00fcrede muhafaza edilmesi hedeflenir.<\/p>\n\n\t\t<\/div> \n\t<\/div> <div class=\"vc_empty_space  vc_empty_space_6\"   style=\"height: 0px\" ><span class=\"vc_empty_space_inner\"><\/span><\/div>\r\n<div class=\"vc_custom_heading vc_custom_heading_69f7139e2f086700710164\" ><h2 style=\"text-align: left;font-family:Abril Fatface;font-weight:400;font-style:normal\"><span class=\"hilight\"  >M\u0131s\u0131r Flake Kullan\u0131m Alanlar\u0131<\/span><\/h2><\/div><div class=\"vc_empty_space  vc_empty_space_7\"   style=\"height: 0px\" ><span class=\"vc_empty_space_inner\"><\/span><\/div>\r\n\n\t<div class=\"wpb_text_column_8 wpb_text_column wpb_content_element\">\n\t\t<div class=\"wpb_wrapper\" >\n\t\t\t<p>M\u0131s\u0131r flake g\u0131da end\u00fcstrisinde, ekmek, bisk\u00fcvi, kek gibi unlu mamullerde ve kahvalt\u0131l\u0131k gevreklerden pizza hamuruna kadar \u00e7e\u015fitli yemeklerde kullan\u0131l\u0131r. Bira ve fermente yoluyla \u00fcretilen \u00e7e\u015fitli alkoll\u00fc i\u00e7eceklerin \u00fcretiminde de kullan\u0131labilmektedir. T\u00fcm bunlar\u0131n yan\u0131nda s\u0131\u011f\u0131r, k\u00fc\u00e7\u00fckba\u015f hayvanlar ve k\u00fcmes hayvanlar\u0131 i\u00e7in besleyici ve sa\u011fl\u0131kl\u0131 bir yem bile\u015feni olarak s\u0131kl\u0131kla tercih edilmektedir.<\/p>\n\n\t\t<\/div> \n\t<\/div> <div class=\"vc_empty_space  vc_empty_space_9\"   style=\"height: 0px\" ><span class=\"vc_empty_space_inner\"><\/span><\/div>\r\n<div class=\"vc_custom_heading vc_custom_heading_69f7139e2f2dc208815149\" ><h2 style=\"text-align: left;font-family:Abril Fatface;font-weight:400;font-style:normal\"><span class=\"hilight\"  >M\u0131s\u0131r Flake Besin De\u011ferleri<\/span><\/h2><\/div><div class=\"vc_empty_space  vc_empty_space_10\"   style=\"height: 0px\" ><span class=\"vc_empty_space_inner\"><\/span><\/div>\r\n\n\t<div class=\"wpb_text_column_11 wpb_text_column wpb_content_element\">\n\t\t<div class=\"wpb_wrapper\" >\n\t\t\t<p>\u00dcretilen \u00fcr\u00fcn\u00fcn kalitesine, i\u015flenme y\u00f6ntemlerine ba\u011fl\u0131 olarak de\u011fi\u015fmekle birlikte, <strong>m\u0131s\u0131r flake besin de\u011feri <\/strong>a\u015fa\u011f\u0131daki gibidir:<\/p>\n<ul>\n<li>Ham protein: %7 ila %9<\/li>\n<li>Ham ya\u011f: %1 ila %3<\/li>\n<li>Ham lif: %2 ila %4<\/li>\n<li>Karbonhidrat: %80 ila %85<\/li>\n<li>Kalsiyum: Yakla\u015f\u0131k %0.01<\/li>\n<li>Fosfor: Yakla\u015f\u0131k %0.20<\/li>\n<\/ul>\n<p><strong>M\u0131s\u0131r flake enerji de\u011feri<\/strong> ise ayn\u0131 \u015fekilde \u00fcr\u00fcn kalitesi ve i\u015flenme s\u00fcre\u00e7lerine ba\u011fl\u0131 olarak de\u011fi\u015fir. Ancak genel olarak 100 gram m\u0131s\u0131r flake enerji de\u011feri yakla\u015f\u0131k olarak 350-400 kaloridir. \u00dcr\u00fcn\u00fcn kullan\u0131m amac\u0131na ba\u011fl\u0131 olarak kalori miktar\u0131 da de\u011fi\u015fkenlik g\u00f6stermektedir.<\/p>\n\n\t\t<\/div> \n\t<\/div> <div class=\"vc_empty_space  vc_empty_space_12\"   style=\"height: 0px\" ><span class=\"vc_empty_space_inner\"><\/span><\/div>\r\n<div class=\"vc_custom_heading vc_custom_heading_69f7139e2f55a253015120\" ><h2 style=\"text-align: left;font-family:Abril Fatface;font-weight:400;font-style:normal\"><span class=\"hilight\"  >Yem Sekt\u00f6r\u00fcnde M\u0131s\u0131r Flake<\/span><\/h2><\/div><div class=\"vc_empty_space  vc_empty_space_13\"   style=\"height: 0px\" ><span class=\"vc_empty_space_inner\"><\/span><\/div>\r\n\n\t<div class=\"wpb_text_column_14 wpb_text_column wpb_content_element\">\n\t\t<div class=\"wpb_wrapper\" >\n\t\t\t<p><strong>M\u0131s\u0131r flake yem<\/strong> olarak tercih edilirken besicilikte bir\u00e7ok avantaj\u0131 da beraberinde getirmektedir.<\/p>\n<ul>\n<li>Y\u00fcksek besin de\u011ferleri, lezzeti ve kokusu ile hayvanlarda i\u015ftah\u0131 art\u0131r\u0131r.<\/li>\n<li>S\u00fct \u00fcreten hayvanlarda %15 oranda s\u00fct verimini art\u0131rabilmektedir.<\/li>\n<li>Et \u00fcretimi i\u00e7in besicili\u011fi yap\u0131lan hayvanlarda et kalitesini art\u0131rarak ya\u011flanmay\u0131 kontrol edebilir.<\/li>\n<li>Y\u00fcksek protein, lif ve ya\u011f i\u00e7eri\u011fiyle hayvanlar i\u00e7in y\u00fcksek besin de\u011feri olan bir \u00fcr\u00fcnd\u00fcr.<\/li>\n<li>Lifli yap\u0131s\u0131 sebebiyle sindirimi kolayd\u0131r. Hayvanlar\u0131n sindirim sa\u011fl\u0131\u011f\u0131n\u0131 korur.<\/li>\n<li>Y\u00fcksek enerji de\u011feri ile hayvanlarda aktiviteyi art\u0131rarak metabolizma sa\u011fl\u0131\u011f\u0131n\u0131 destekler.<\/li>\n<li>Hayvanlar\u0131n sa\u011fl\u0131kl\u0131 b\u00fcy\u00fcy\u00fcp geli\u015febilmesi i\u00e7in gerekli besin maddelerini i\u00e7erir.<\/li>\n<li>Vitamin ve mineral i\u00e7eri\u011fi ile hayvanlar\u0131n ba\u011f\u0131\u015f\u0131kl\u0131k sistemini g\u00fc\u00e7lendirerek hastal\u0131klara direnci art\u0131r\u0131r.<\/li>\n<li>\u0130\u00e7erdi\u011fi fosfor ile kemik ve di\u015f sa\u011fl\u0131\u011f\u0131n\u0131 destekler.<\/li>\n<li>Buza\u011f\u0131larda erken d\u00f6nem ba\u011f\u0131rsak geli\u015fimini destekler.<\/li>\n<li>Besin de\u011ferleri ve lif i\u00e7eri\u011fi ile daha uzun s\u00fcre tokluk hissi sa\u011flar.<\/li>\n<li>Di\u011fer yem bile\u015fenlerine k\u0131yasla daha az at\u0131k b\u0131rak\u0131r ve \u00e7evre dostudur.<\/li>\n<li>Uzun s\u00fcre dayan\u0131kl\u0131l\u0131\u011f\u0131 ile depolama maliyetlerini d\u00fc\u015f\u00fcrerek kolay depolama imk\u00e2n\u0131 sunar.<\/li>\n<\/ul>\n<p>M\u0131s\u0131r flake hayvan yemi olarak kullan\u0131l\u0131rken dikkat edilmesi gerekenler:<\/p>\n<ul>\n<li>Di\u011fer yem \u00fcr\u00fcnleriyle homojen bir kar\u0131\u015f\u0131m haz\u0131rlamaya \u00f6zen g\u00f6sterilmelidir.<\/li>\n<li>Hayvanlar\u0131n yeme reaksiyonlar\u0131 takip edilmeli. Gerek g\u00f6r\u00fcld\u00fc\u011f\u00fcnde yem kar\u0131\u015f\u0131m\u0131 yeniden yap\u0131lmal\u0131d\u0131r.<\/li>\n<li>\u00dcretici tavsiyeleri dikkate al\u0131nmal\u0131 ve \u00fcr\u00fcn uygun \u015fartlarda depolanarak t\u00fcketilmelidir.<\/li>\n<\/ul>\n\n\t\t<\/div> \n\t<\/div> <div class=\"vc_empty_space  vc_empty_space_15\"   style=\"height: 0px\" ><span class=\"vc_empty_space_inner\"><\/span><\/div>\r\n<div class=\"vc_custom_heading vc_custom_heading_69f7139e2f7f1195657733\" ><h2 style=\"text-align: left;font-family:Abril Fatface;font-weight:400;font-style:normal\"><span class=\"hilight\"  >M\u0131s\u0131r Flake Fiyatlar\u0131<\/span><\/h2><\/div><div class=\"vc_empty_space  vc_empty_space_16\"   style=\"height: 0px\" ><span class=\"vc_empty_space_inner\"><\/span><\/div>\r\n\n\t<div class=\"wpb_text_column_17 wpb_text_column wpb_content_element\">\n\t\t<div class=\"wpb_wrapper\" >\n\t\t\t<p>M\u0131s\u0131r flake fiyatlar\u0131 bir\u00e7ok fakt\u00f6re g\u00f6re de\u011fi\u015fkenlik g\u00f6sterebilir. M\u0131s\u0131r\u0131n piyasa fiyat\u0131, senelik tar\u0131m verimlili\u011fi, \u00fcretim ve i\u015flem maliyetleri, arz talep dengesi, ta\u015f\u0131ma ve depolama gibi bir\u00e7ok etken \u00f6nem arz etmektedir. Genellikle <strong>m\u0131s\u0131r flake ton fiyat\u0131<\/strong> \u00fczerinden al\u0131m yap\u0131l\u0131r. Ton ba\u015f\u0131na belirlenen fiyat, mevsimsel dalgalanmalar, m\u0131s\u0131r \u00fcreticilerinin verimi ve sat\u0131\u015f politikalar\u0131 gibi pek \u00e7ok sebebe ba\u011fl\u0131 olarak de\u011fi\u015fiklik g\u00f6sterir. Ancak genellikle \u00fcretici ya da tedarik\u00e7iden talep edilen miktara ve \u00fcr\u00fcn kalitesine ba\u011fl\u0131 olarak fiyatland\u0131rma yap\u0131l\u0131r.<\/p>\n<p>Detayl\u0131 bilgi ve fiyat teklifi i\u00e7in <a href=\"https:\/\/www.instagram.com\/agrovivagida\/\" rel=\"nofollow noopener\" target=\"_blank\">sosyal medya<\/a>, <a href=\"https:\/\/www.agroviva.com.tr\/en\/iletisim\/\">ileti\u015fim formunu<\/a> doldurarak ya da telefon arac\u0131l\u0131\u011f\u0131yla bize ula\u015fabilirsiniz.<\/p>\n\n\t\t<\/div> \n\t<\/div> <\/div><\/div><\/div><\/div><\/div><\/div><\/div><div class=\"container row_section vc_row_p_30\"><div  class=\"vc_row wpb_row vc_row-fluid vc_column-gap-30 vc_row-69f7139e2fb1a589631677\"   style=' text-align:left; z-index:0;'><div class=\"row-container container-fluid\"><div class=\"row-inner\"><div class=\"wpb_column vc_column_container vc_col-sm-12 vc_column_container_69f7139e2fc63110141556\" style=\"z-index:0\"><div class=\"vc_column-inner\"><div class=\"wpb_wrapper\"><\/div><\/div><\/div><\/div><\/div><\/div><\/div><div class=\"container row_section vc_row_p_30\"><div  class=\"vc_row wpb_row vc_row-fluid vc_column-gap-30 vc_row-69f7139e2fd7c991973288\"   style=' text-align:left; z-index:0;'><div class=\"row-container container-fluid\"><div class=\"row-inner\"><div class=\"wpb_column vc_column_container vc_col-sm-12 vc_column_container_69f7139e2fe85874108146\" style=\"z-index:0\"><div class=\"vc_column-inner\"><div class=\"wpb_wrapper\"><div class=\"rdy_button_align center\"  data-animation-class=\"fadeInUp2\"><a href=\"https:\/\/www.agroviva.com.tr\/en\/teklifal\/\" class=\"rdy_button  large amination-outside animate-element dark flat-dimension button-18\" style=\"border-width: 2px!important; border-radius: 1px;-moz-border-radius: 1px;-webkit-border-radius: 1px; \" data-animation-class=\"fadeInUp2\"><span>Bilgi Al<\/span><\/a><\/div><\/div><\/div><\/div><\/div><\/div><\/div><\/div>\n<\/section>","protected":false},"excerpt":{"rendered":"M\u0131s\u0131r flake, \u00f6n temizleme i\u015flemlerinden sonra m\u0131s\u0131r tanelerinin i\u015flenmesiyle elde edilir. \u0130nce yapraklar halinde \u00fcretilen bu tah\u0131l \u00fcr\u00fcn\u00fcnde m\u0131s\u0131r\u0131n do\u011fal besin de\u011feri korunur. Lezzeti ve y\u00fcksek besin de\u011feri i\u00e7ermesinden dolay\u0131 [...]","protected":false},"author":1,"featured_media":0,"parent":0,"menu_order":0,"comment_status":"closed","ping_status":"closed","template":"","meta":{"footnotes":""},"class_list":["post-12501","page","type-page","status-publish","hentry"],"_links":{"self":[{"href":"https:\/\/www.agroviva.com.tr\/en\/wp-json\/wp\/v2\/pages\/12501","targetHints":{"allow":["GET"]}}],"collection":[{"href":"https:\/\/www.agroviva.com.tr\/en\/wp-json\/wp\/v2\/pages"}],"about":[{"href":"https:\/\/www.agroviva.com.tr\/en\/wp-json\/wp\/v2\/types\/page"}],"author":[{"embeddable":true,"href":"https:\/\/www.agroviva.com.tr\/en\/wp-json\/wp\/v2\/users\/1"}],"replies":[{"embeddable":true,"href":"https:\/\/www.agroviva.com.tr\/en\/wp-json\/wp\/v2\/comments?post=12501"}],"version-history":[{"count":4,"href":"https:\/\/www.agroviva.com.tr\/en\/wp-json\/wp\/v2\/pages\/12501\/revisions"}],"predecessor-version":[{"id":13168,"href":"https:\/\/www.agroviva.com.tr\/en\/wp-json\/wp\/v2\/pages\/12501\/revisions\/13168"}],"wp:attachment":[{"href":"https:\/\/www.agroviva.com.tr\/en\/wp-json\/wp\/v2\/media?parent=12501"}],"curies":[{"name":"wp","href":"https:\/\/api.w.org\/{rel}","templated":true}]}}