{"id":12502,"date":"2024-04-25T09:38:17","date_gmt":"2024-04-25T06:38:17","guid":{"rendered":"https:\/\/www.agroviva.com.tr\/?page_id=12502"},"modified":"2025-02-03T16:19:28","modified_gmt":"2025-02-03T13:19:28","slug":"yemlik-misir","status":"publish","type":"page","link":"https:\/\/www.agroviva.com.tr\/en\/yemlik-misir\/","title":{"rendered":"Yemlik M\u0131s\u0131r"},"content":{"rendered":"<section class=\"wpb-content-wrapper\"><div class=\"container row_section vc_row_p_30\"><div  class=\"vc_row wpb_row vc_row-fluid vc_column-gap-30 vc_row-69f716146c619881907166\"   style=' text-align:left; z-index:0;'><div class=\"row-container container-fluid\"><div class=\"row-inner\"><div class=\"wpb_column vc_column_container vc_col-sm-12 vc_column_container_69f716146c89e154288193\" style=\"z-index:0\"><div class=\"vc_column-inner\"><div class=\"wpb_wrapper\"><div class=\"vc_empty_space  vc_empty_space_1\"   style=\"height: 30px\" ><span class=\"vc_empty_space_inner\"><\/span><\/div>\r\n\n\t<div class=\"wpb_text_column_2 wpb_text_column wpb_content_element\">\n\t\t<div class=\"wpb_wrapper\" >\n\t\t\t<p>Yemlik <strong>m\u0131s\u0131r<\/strong>, y\u00fcksek ni\u015fasta i\u00e7eri\u011fine sahip olmas\u0131yla yem sekt\u00f6r\u00fcnde \u00f6ne \u00e7\u0131kmaktad\u0131r. \u00d6zellikle s\u0131\u011f\u0131r, tavuk ve k\u00fc\u00e7\u00fckba\u015f hayvanlar\u0131n besicili\u011finde yem bile\u015feni olarak s\u0131kl\u0131kla tercih edilir. \u0130\u00e7erdi\u011fi zengin protein, lif, ya\u011f ve di\u011fer besin maddeleri bak\u0131m\u0131ndan besleyici de\u011feri y\u00fcksektir ve hayvanlar\u0131n ihtiya\u00e7 duydu\u011fu temel besin maddelerini hatta enerjiyi almalar\u0131n\u0131 sa\u011flar.<\/p>\n\n\t\t<\/div> \n\t<\/div> <div class=\"vc_empty_space  vc_empty_space_3\"   style=\"height: 30px\" ><span class=\"vc_empty_space_inner\"><\/span><\/div>\r\n<div class=\"vc_custom_heading vc_custom_heading_69f716146cc99006709218\" ><h2 style=\"text-align: left;font-family:Abril Fatface;font-weight:400;font-style:normal\"><span class=\"hilight\"  >Nas\u0131l \u00dcretilir?<\/span><\/h2><\/div><div class=\"vc_empty_space  vc_empty_space_4\"   style=\"height: 30px\" ><span class=\"vc_empty_space_inner\"><\/span><\/div>\r\n\n\t<div class=\"wpb_text_column_5 wpb_text_column wpb_content_element\">\n\t\t<div class=\"wpb_wrapper\" >\n\t\t\t<p>\u00dclkemizde de pek \u00e7ok yerde <strong>m\u0131s\u0131r yeti\u015ftiricili\u011fi<\/strong> yap\u0131lmaktad\u0131r. \u00dclkenin di\u011fer b\u00f6lgelerine g\u00f6re daha s\u0131cak tar\u0131m alanlar\u0131nda yeti\u015fen m\u0131s\u0131rlar\u0131n ya\u011f oran\u0131 daha y\u00fcksektir ve end\u00fcstriyel kullan\u0131mda tercih edilir. Yem sekt\u00f6r\u00fc ve biyoenerji alan\u0131nda \u00f6ne \u00e7\u0131kmas\u0131yla ve uzun y\u0131llard\u0131r de\u011ferini korumas\u0131yla \u00fcretim faaliyetleri s\u00fcrat kesmeden, kimi b\u00f6lgelerde devlet te\u015fvikleriyle ve sulama projeleriyle de devam etmektedir. \u0130klim ko\u015fullar\u0131, toprak yap\u0131s\u0131 ve bu ko\u015fullara en uygun \u015fekilde se\u00e7ilen tohumlar ile \u00fcretim ba\u015flar. D\u00fczenli bak\u0131ma ihtiya\u00e7 duyan <strong>m\u0131s\u0131r bitkisi<\/strong>, ko\u00e7anlar\u0131n sararmaya ve tanelerin sertle\u015fmeye ba\u015flad\u0131\u011f\u0131 d\u00f6nemde hasat edilir. Ard\u0131ndan kurutularak depolan\u0131r ve tedarik\u00e7iyle bulu\u015fmaya haz\u0131r hale gelir.<\/p>\n\n\t\t<\/div> \n\t<\/div> <div class=\"vc_empty_space  vc_empty_space_6\"   style=\"height: 30px\" ><span class=\"vc_empty_space_inner\"><\/span><\/div>\r\n<div class=\"vc_custom_heading vc_custom_heading_69f716146d011731647694\" ><h2 style=\"text-align: left;font-family:Abril Fatface;font-weight:400;font-style:normal\"><span class=\"hilight\"  >Yemlik M\u0131s\u0131r\u0131n Besicilikte Faydalar\u0131<\/span><\/h2><\/div><div class=\"vc_empty_space  vc_empty_space_7\"   style=\"height: 30px\" ><span class=\"vc_empty_space_inner\"><\/span><\/div>\r\n\n\t<div class=\"wpb_text_column_8 wpb_text_column wpb_content_element\">\n\t\t<div class=\"wpb_wrapper\" >\n\t\t\t<p>Di\u011fer yem bile\u015fenlerine k\u0131yasla y\u00fcksek oranda ni\u015fasta i\u00e7ermesi nedeniyle \u00f6zellikle koyun, s\u0131\u011f\u0131r gibi hayvanlar\u0131n yem bile\u015fenlerine dahil edilir.<\/p>\n<h3>1.\u00a0 \u00a0 \u00a0 \u00a0Besleyici De\u011ferler:<\/h3>\n<p>Karbonhidrat, protein, lif ve di\u011fer mineraller bak\u0131m\u0131ndan zengin bir i\u00e7erik mevcuttur.<\/p>\n<h3>2.\u00a0\u00a0\u00a0\u00a0\u00a0 Y\u00fcksek Enerji Kayna\u011f\u0131:<\/h3>\n<p>Y\u00fcksek ni\u015fasta i\u00e7eri\u011fiyle <strong>yemlik m\u0131s\u0131r<\/strong> hayvanlar i\u00e7in harika bir enerji kayna\u011f\u0131 olur. \u00d6zellikle b\u00fcy\u00fckba\u015f hayvanlarda aktiviteyi ve metabolizmay\u0131 h\u0131zland\u0131rarak verimi art\u0131r\u0131r.<\/p>\n<h3>3.\u00a0\u00a0\u00a0\u00a0\u00a0 Kolay Sindirim:<\/h3>\n<p>Hayvanlar\u0131n sindirim sistemi i\u00e7in uygun bir tah\u0131l \u00fcr\u00fcn\u00fcd\u00fcr. <strong>Yemlik m\u0131s\u0131r<\/strong> hayvanlar taraf\u0131ndan rahat\u00e7a sindirilebilir ve geli\u015fimlerini olumlu y\u00f6nde etkiler.<\/p>\n<h3>4.\u00a0\u00a0\u00a0\u00a0\u00a0 Uygun Fiyat:<\/h3>\n<p>Uygun fiyatl\u0131 bir yem bile\u015feni olmas\u0131 nedeniyle yem sekt\u00f6r\u00fcnde \u00f6ne \u00e7\u0131kan yemlik m\u0131s\u0131r, besicilikte sa\u011flad\u0131\u011f\u0131 avantajlar nedeniyle s\u0131kl\u0131kla tercih edilir.<\/p>\n<p>Yemlik m\u0131s\u0131r, ayn\u0131 zamanda ethanol \u00fcretiminde yayg\u0131n olarak kullan\u0131lmaktad\u0131r. Ethanol \u00fcretimi s\u00fcrecinde elde edilen m\u0131s\u0131r <a href=\"https:\/\/www.agroviva.com.tr\/en\/ddgs\/\">DDGS<\/a>, y\u00fcksek protein i\u00e7eri\u011fiyle yem hammaddesi olarak \u00f6nemli bir de\u011fer ta\u015f\u0131r ve hayvanc\u0131l\u0131k sekt\u00f6r\u00fcnde etkin bir \u015fekilde kullan\u0131lmaktad\u0131r.<\/p>\n<div id=\"gtx-trans\" style=\"position: absolute; left: 10px; top: 102.211px;\">\n<div class=\"gtx-trans-icon\"><\/div>\n<\/div>\n\n\t\t<\/div> \n\t<\/div> <div class=\"vc_empty_space  vc_empty_space_9\"   style=\"height: 30px\" ><span class=\"vc_empty_space_inner\"><\/span><\/div>\r\n<div class=\"vc_custom_heading vc_custom_heading_69f716146d2b3311555312\" ><h2 style=\"text-align: left;font-family:Abril Fatface;font-weight:400;font-style:normal\"><span class=\"hilight\"  >Besicilikte Yemlik M\u0131s\u0131r Kullan\u0131m Alternatifleri<\/span><\/h2><\/div><div class=\"vc_empty_space  vc_empty_space_10\"   style=\"height: 30px\" ><span class=\"vc_empty_space_inner\"><\/span><\/div>\r\n\n\t<div class=\"wpb_text_column_11 wpb_text_column wpb_content_element\">\n\t\t<div class=\"wpb_wrapper\" >\n\t\t\t<p>Yemlik m\u0131s\u0131r\u0131 \u00e7e\u015fitli rasyonlarda kullanmak isteyebilirsiniz. Mevcut hayvanlar\u0131n cinsine, \u00fcretim amac\u0131n\u0131za, ya\u015flar\u0131na ve cinsiyetlerine ba\u011fl\u0131 olarak kar\u0131\u015f\u0131mlar haz\u0131rlamakta fayda vard\u0131r.<\/p>\n<ul>\n<li>Ana Yem: Hayvanlar i\u00e7in ana yem kayna\u011f\u0131 olarak yemlik m\u0131s\u0131r tercih edilebilir. \u00d6zellikle s\u0131\u011f\u0131r, koyun ve tavuk gibi hayvanlar i\u00e7in uygun olabilir.<\/li>\n<li>Takviye Yem: Temel yem kar\u0131\u015f\u0131mlar\u0131na ek olarak kullanabilirsiniz. Y\u00fcksek enerji i\u00e7eren ni\u015fastal\u0131 yap\u0131s\u0131 sayesinde protein ve enerji ihtiyac\u0131 i\u00e7in bu \u015fekilde kullanmay\u0131 tercih edebilirsiniz.<\/li>\n<li>Kaba Yem: Kaba yem i\u00e7eri\u011fine dahil edebilirsiniz. Y\u00fcksek enerji kayna\u011f\u0131 olarak hayvanlar\u0131n metabolizmas\u0131 ve aktivite d\u00fczeylerine katk\u0131da bulunacakt\u0131r.<\/li>\n<\/ul>\n\n\t\t<\/div> \n\t<\/div> <div class=\"vc_empty_space  vc_empty_space_12\"   style=\"height: 30px\" ><span class=\"vc_empty_space_inner\"><\/span><\/div>\r\n\r\n\t<div class=\"wpb_single_image wpb_single_image_13 wpb_content_element vc_align_center\">\r\n\t\t<div class=\"wpb_wrapper\">\r\n\t\t\t\r\n\t\t\t<div class=\"vc_single_image-wrapper   vc_box_border_grey\"><img loading=\"lazy\" decoding=\"async\" width=\"720\" height=\"400\" src=\"https:\/\/www.agroviva.com.tr\/wp-content\/uploads\/2025\/01\/misir-yemlik.jpg\" class=\"vc_single_image-img attachment-full\" alt=\"yemlik m\u0131s\u0131r\u0131n \u00fcretimi ve fiyat bilgisi ile ilgililer i\u00e7erikte payla\u015f\u0131ld\u0131\" title=\"misir-yemlik\" srcset=\"https:\/\/www.agroviva.com.tr\/wp-content\/uploads\/2025\/01\/misir-yemlik.jpg 720w, https:\/\/www.agroviva.com.tr\/wp-content\/uploads\/2025\/01\/misir-yemlik-300x167.jpg 300w, https:\/\/www.agroviva.com.tr\/wp-content\/uploads\/2025\/01\/misir-yemlik-18x10.jpg 18w, https:\/\/www.agroviva.com.tr\/wp-content\/uploads\/2025\/01\/misir-yemlik-700x389.jpg 700w\" sizes=\"auto, (max-width: 720px) 100vw, 720px\" \/><\/div>\r\n\t\t<\/div>\r\n\t<\/div>\r\n<div class=\"vc_empty_space  vc_empty_space_14\"   style=\"height: 30px\" ><span class=\"vc_empty_space_inner\"><\/span><\/div>\r\n<div class=\"vc_custom_heading vc_custom_heading_69f716146de52233499832\" ><h2 style=\"text-align: left;font-family:Abril Fatface;font-weight:400;font-style:normal\"><span class=\"hilight\"  >Besin De\u011ferleri<\/span><\/h2><\/div><div class=\"vc_empty_space  vc_empty_space_15\"   style=\"height: 30px\" ><span class=\"vc_empty_space_inner\"><\/span><\/div>\r\n\n\t<div class=\"wpb_text_column_16 wpb_text_column wpb_content_element\">\n\t\t<div class=\"wpb_wrapper\" >\n\t\t\t<p>Hayvanlar\u0131n ihtiya\u00e7 duydu\u011fu bir\u00e7ok besin maddesini i\u00e7eren bereketli bir tah\u0131l \u00fcr\u00fcn\u00fcd\u00fcr. Yem sekt\u00f6r\u00fcnde \u00f6zellikle s\u0131\u011f\u0131r, koyun ve kanatl\u0131 hayvanlar\u0131n besicili\u011finde y\u00fcksek enerji ve protein sa\u011flamas\u0131 nedeniyle \u00f6ne \u00e7\u0131kar. Tohum t\u00fcr\u00fcne, \u00fcretim ve depolama ko\u015fullar\u0131na g\u00f6re de\u011fi\u015fiklikler g\u00f6zlenebilir ancak yakla\u015f\u0131k besin de\u011ferleri a\u015fa\u011f\u0131daki gibidir:<\/p>\n<ul>\n<li>Ni\u015fasta: %60-70<\/li>\n<li>Protein: %8-10<\/li>\n<li>Ya\u011f: %3-5<\/li>\n<li>Lif: %2-3<\/li>\n<li>Karbonhidrat: %20-25<\/li>\n<li>\u015eeker: %1-2<\/li>\n<li>Kalsiyum: %0.002-0.005<\/li>\n<li>Fosfor: %0.2-0.3<\/li>\n<li>Potasyum: %0.3-0.4<\/li>\n<li>Sodyum: %0.01-0.02<\/li>\n<li>Magnezyum: %0.1-0.2<\/li>\n<li>Demir: %0.002-0.004<\/li>\n<li>\u00c7inko: %0.01-0.02<\/li>\n<li>Manganez: %0.02-0.04<\/li>\n<\/ul>\n<p>Bunlar\u0131n yan\u0131nda <strong>yemlik m\u0131s\u0131r<\/strong> \u00e7e\u015fitli vitamin ve mineraller y\u00f6n\u00fcyle de zengin bir i\u00e7erik sunar. \u00d6zellikle B vitamini (B1, B2,B3 ve folik asit), E vitamini, folat, fosfor, magnezyum gibi hayvanlar\u0131n sa\u011fl\u0131kl\u0131 bir \u015fekilde b\u00fcy\u00fcy\u00fcp geli\u015fmeleri i\u00e7in \u00f6nemli bile\u015fenleri i\u00e7ermektedir. Sindirim sa\u011fl\u0131\u011f\u0131 i\u00e7in gerekli olan lifler a\u00e7\u0131s\u0131ndan olduk\u00e7a zengindir.<\/p>\n\n\t\t<\/div> \n\t<\/div> <div class=\"vc_empty_space  vc_empty_space_17\"   style=\"height: 30px\" ><span class=\"vc_empty_space_inner\"><\/span><\/div>\r\n<div class=\"vc_custom_heading vc_custom_heading_69f716146e107501401580\" ><h2 style=\"text-align: left;font-family:Abril Fatface;font-weight:400;font-style:normal\"><span class=\"hilight\"  >Yemlik M\u0131s\u0131r Fiyatlar\u0131<\/span><\/h2><\/div><div class=\"vc_empty_space  vc_empty_space_18\"   style=\"height: 30px\" ><span class=\"vc_empty_space_inner\"><\/span><\/div>\r\n\n\t<div class=\"wpb_text_column_19 wpb_text_column wpb_content_element\">\n\t\t<div class=\"wpb_wrapper\" >\n\t\t\t<p>Arz talep durumlar\u0131, mahsul verimi, \u00fcretim \u015fartlar\u0131, iklim ko\u015fullar\u0131 ve \u00fcreticilerin sat\u0131\u015f politikalar\u0131na hatta di\u011fer \u00fclkelerin \u00fcretim kapasiteleri ve d\u0131\u015f ticaret uygulamalar\u0131na ba\u011fl\u0131 olarak yemlik m\u0131s\u0131r fiyatlar\u0131 de\u011fi\u015fkenlik g\u00f6sterebilmektedir. Bunun yan\u0131 s\u0131ra \u00f6zellikle hasat zaman\u0131ndan sonra fiyatlarda d\u00fc\u015f\u00fc\u015fler g\u00f6r\u00fclebiliyor. <strong>Yemlik m\u0131s\u0131r fiyatlar\u0131<\/strong> bu gibi durumlardan etkilense de m\u0131s\u0131r \u00e7ok uzun y\u0131llard\u0131r vazge\u00e7ilmez bir tah\u0131l \u00fcr\u00fcn\u00fc olarak varl\u0131\u011f\u0131n\u0131 s\u00fcrd\u00fcrmektedir.<\/p>\n<p>Detayl\u0131 bilgi ve fiyat teklifi i\u00e7in <a href=\"https:\/\/www.instagram.com\/agrovivagida\/\" rel=\"nofollow noopener\" target=\"_blank\">sosyal medya<\/a>, <a href=\"https:\/\/www.agroviva.com.tr\/en\/iletisim\/\">ileti\u015fim formunu<\/a> doldurarak ya da telefon arac\u0131l\u0131\u011f\u0131yla bize ula\u015fabilirsiniz.<\/p>\n\n\t\t<\/div> \n\t<\/div> <\/div><\/div><\/div><\/div><\/div><\/div><\/div><div class=\"container row_section vc_row_p_30\"><div  class=\"vc_row wpb_row vc_row-fluid vc_column-gap-30 vc_row-69f716146e3df095616684\"   style=' text-align:left; z-index:0;'><div class=\"row-container container-fluid\"><div class=\"row-inner\"><div class=\"wpb_column vc_column_container vc_col-sm-12 vc_column_container_69f716146e50b006857045\" style=\"z-index:0\"><div class=\"vc_column-inner\"><div class=\"wpb_wrapper\"><div class=\"rdy_button_align center\"  data-animation-class=\"fadeInUp2\"><a href=\"https:\/\/www.agroviva.com.tr\/en\/teklifal\/\" class=\"rdy_button  large amination-outside animate-element dark flat-dimension button-20\" style=\"border-width: 2px!important; border-radius: 1px;-moz-border-radius: 1px;-webkit-border-radius: 1px; \" data-animation-class=\"fadeInUp2\"><span>Bilgi Al<\/span><\/a><\/div><\/div><\/div><\/div><\/div><\/div><\/div><\/div>\n<\/section>","protected":false},"excerpt":{"rendered":"Yemlik m\u0131s\u0131r, y\u00fcksek ni\u015fasta i\u00e7eri\u011fine sahip olmas\u0131yla yem sekt\u00f6r\u00fcnde \u00f6ne \u00e7\u0131kmaktad\u0131r. \u00d6zellikle s\u0131\u011f\u0131r, tavuk ve k\u00fc\u00e7\u00fckba\u015f hayvanlar\u0131n besicili\u011finde yem bile\u015feni olarak s\u0131kl\u0131kla tercih edilir. \u0130\u00e7erdi\u011fi zengin protein, lif, ya\u011f ve [...]","protected":false},"author":1,"featured_media":0,"parent":0,"menu_order":0,"comment_status":"closed","ping_status":"closed","template":"","meta":{"footnotes":""},"class_list":["post-12502","page","type-page","status-publish","hentry"],"_links":{"self":[{"href":"https:\/\/www.agroviva.com.tr\/en\/wp-json\/wp\/v2\/pages\/12502","targetHints":{"allow":["GET"]}}],"collection":[{"href":"https:\/\/www.agroviva.com.tr\/en\/wp-json\/wp\/v2\/pages"}],"about":[{"href":"https:\/\/www.agroviva.com.tr\/en\/wp-json\/wp\/v2\/types\/page"}],"author":[{"embeddable":true,"href":"https:\/\/www.agroviva.com.tr\/en\/wp-json\/wp\/v2\/users\/1"}],"replies":[{"embeddable":true,"href":"https:\/\/www.agroviva.com.tr\/en\/wp-json\/wp\/v2\/comments?post=12502"}],"version-history":[{"count":7,"href":"https:\/\/www.agroviva.com.tr\/en\/wp-json\/wp\/v2\/pages\/12502\/revisions"}],"predecessor-version":[{"id":13475,"href":"https:\/\/www.agroviva.com.tr\/en\/wp-json\/wp\/v2\/pages\/12502\/revisions\/13475"}],"wp:attachment":[{"href":"https:\/\/www.agroviva.com.tr\/en\/wp-json\/wp\/v2\/media?parent=12502"}],"curies":[{"name":"wp","href":"https:\/\/api.w.org\/{rel}","templated":true}]}}