{"id":12503,"date":"2024-04-25T09:38:57","date_gmt":"2024-04-25T06:38:57","guid":{"rendered":"https:\/\/www.agroviva.com.tr\/?page_id=12503"},"modified":"2025-01-30T12:36:30","modified_gmt":"2025-01-30T09:36:30","slug":"inaktif-maya","status":"publish","type":"page","link":"https:\/\/www.agroviva.com.tr\/en\/inaktif-maya\/","title":{"rendered":"\u0130naktif Maya"},"content":{"rendered":"<section class=\"wpb-content-wrapper\"><div class=\"container row_section vc_row_p_30\"><div  class=\"vc_row wpb_row vc_row-fluid vc_column-gap-30 vc_row-69f71b2fd4d79288128969\"   style=' text-align:left; z-index:0;'><div class=\"row-container container-fluid\"><div class=\"row-inner\"><div class=\"wpb_column vc_column_container vc_col-sm-12 vc_column_container_69f71b2fd509b330303114\" style=\"z-index:0\"><div class=\"vc_column-inner\"><div class=\"wpb_wrapper\"><div class=\"vc_empty_space  vc_empty_space_1\"   style=\"height: 30px\" ><span class=\"vc_empty_space_inner\"><\/span><\/div>\r\n\n\t<div class=\"wpb_text_column_2 wpb_text_column wpb_content_element\">\n\t\t<div class=\"wpb_wrapper\" >\n\t\t\t<p><strong>\u0130naktif maya <\/strong>canl\u0131 maya h\u00fccrelerinin y\u00fcksek s\u0131cakl\u0131kta kurutulmas\u0131 ile elde edilir. \u00c7o\u011funlukla \u0131s\u0131 ya da \u00e7e\u015fitli kimyasal i\u015flemlerle inaktif edilen <strong>cans\u0131z maya<\/strong> pek \u00e7ok sekt\u00f6rde farkl\u0131 ama\u00e7larla de\u011ferlendirilmektedir. \u00d6zellikle protein i\u00e7eri\u011fi ve besleyicili\u011fi nedeniyle hayvan yemi sekt\u00f6r\u00fcnde kullan\u0131lmaktad\u0131r. G\u0131da end\u00fcstrisinde paket \u00fcr\u00fcnlerin lezzet ve besin de\u011ferlerini art\u0131rmak i\u00e7in de tercih edilmektedir.<\/p>\n\n\t\t<\/div> \n\t<\/div> <div class=\"vc_empty_space  vc_empty_space_3\"   style=\"height: 30px\" ><span class=\"vc_empty_space_inner\"><\/span><\/div>\r\n<div class=\"vc_custom_heading vc_custom_heading_69f71b2fd5481826949442\" ><h2 style=\"text-align: left;font-family:Abril Fatface;font-weight:400;font-style:normal\"><span class=\"hilight\"  >Nas\u0131l \u00dcretilir?<\/span><\/h2><\/div><div class=\"vc_empty_space  vc_empty_space_4\"   style=\"height: 30px\" ><span class=\"vc_empty_space_inner\"><\/span><\/div>\r\n\n\t<div class=\"wpb_text_column_5 wpb_text_column wpb_content_element\">\n\t\t<div class=\"wpb_wrapper\" >\n\t\t\t<p>Bira mayas\u0131 vb. \u00fcretiminde canl\u0131 mayan\u0131n inaktif edilmesiyle elde edilen <strong>cans\u0131z maya<\/strong> \u00e7o\u011funlukla yem bile\u015feni olarak kullan\u0131l\u0131r. <strong>Cans\u0131z maya<\/strong> elde edilirken genellikle \u0131s\u0131l i\u015flem uygulan\u0131r. Kimi zaman \u00fcretici tercihlerine g\u00f6re kimyasal i\u015flemlerle de canl\u0131 mayalar inaktif edilebilmektedir. Ancak do\u011fal bir besin \u00fcr\u00fcn\u00fcd\u00fcr ve g\u00f6n\u00fcl rahatl\u0131\u011f\u0131yla kullan\u0131labilir. \u00d6zellikle B vitaminleri ve protein a\u00e7\u0131s\u0131ndan \u00e7ok zengindir. \u0130naktif mayalarda protein oran\u0131 ne kadar y\u00fcksek ise \u00fcr\u00fcn\u00fcnde o kadar kaliteli oldu\u011funu s\u00f6yleyebiliriz. G\u00fcn\u00fcm\u00fczde vejetaryen ve vegan beslenmenin giderek yayg\u0131nla\u015fmas\u0131 nedeniyle g\u0131da sekt\u00f6r\u00fcnde de protein ve B12 kayna\u011f\u0131 olarak diyetlere eklenebilmektedir. A\u015f\u0131r\u0131 kullan\u0131mlarda ya da alerjik durumlarda sorun \u00e7\u0131kabilmektedir. Bu gibi durumlar haricinde g\u00fcvenle t\u00fcketilebilir.<\/p>\n\n\t\t<\/div> \n\t<\/div> <div class=\"vc_empty_space  vc_empty_space_6\"   style=\"height: 30px\" ><span class=\"vc_empty_space_inner\"><\/span><\/div>\r\n<div class=\"vc_custom_heading vc_custom_heading_69f71b2fd57e7702834517\" ><h2 style=\"text-align: left;font-family:Abril Fatface;font-weight:400;font-style:normal\"><span class=\"hilight\"  >Hayvan Yemi Sekt\u00f6r\u00fcnde \u0130naktif Maya<\/span><\/h2><\/div><div class=\"vc_empty_space  vc_empty_space_7\"   style=\"height: 30px\" ><span class=\"vc_empty_space_inner\"><\/span><\/div>\r\n\n\t<div class=\"wpb_text_column_8 wpb_text_column wpb_content_element\">\n\t\t<div class=\"wpb_wrapper\" >\n\t\t\t<p>\u0130naktif maya, yem sekt\u00f6r\u00fcnde bir\u00e7ok \u00e7iftlik hayvan\u0131 i\u00e7in tercih edilen k\u0131ymetli bir yem bile\u015fenidir.<\/p>\n<ul>\n<li><strong>K\u00fcmes Hayvanlar\u0131: <\/strong>Tavuk, kaz gibi k\u00fcmes hayvanlar\u0131 i\u00e7in besleyici besin de\u011ferleri sebebiyle yem rasyonlar\u0131na inaktif maya ilave edilir. Ayr\u0131ca yumurta \u00fcretimi ve yem t\u00fcketimini art\u0131rarak verimi y\u00fckseltmektedir. Hava s\u0131cakl\u0131\u011f\u0131, ta\u015f\u0131ma i\u015flemleri gibi strese sebep olan durumlarda hayvanlar\u0131n uyum sa\u011flamas\u0131n\u0131 destekleyebilmektedir. \u0130\u00e7erdi\u011fi besin maddeleri ile sindirim sa\u011fl\u0131\u011f\u0131n\u0131 destekleyerek et \u00fcretiminde verimi art\u0131r\u0131r.<\/li>\n<li><strong>B\u00fcy\u00fckba\u015f Hayvanlar: <\/strong>Sindirim sa\u011fl\u0131\u011f\u0131n\u0131 destekleyerek b\u00fcy\u00fcme ve geli\u015fme s\u00fcrecine yard\u0131mc\u0131 olmaktad\u0131r. \u00d6zellikle geli\u015fme d\u00f6neminde olan hayvanlar\u0131n yem bile\u015fenlerine dahil edi\u011finde y\u00fcksek fayda al\u0131nabilmektedir. Ba\u011f\u0131\u015f\u0131kl\u0131k sistemini g\u00fc\u00e7lendirerek metabolizmay\u0131 destekler. Yavru do\u011fumu, hava de\u011fi\u015fimi gibi stres yaratan s\u00fcre\u00e7lerde hayvanlar\u0131n g\u00fcc\u00fcn\u00fc, direncini art\u0131rmaktad\u0131r. \u0130\u015ftah art\u0131rarak hem yem t\u00fcketim miktar\u0131n\u0131 art\u0131r\u0131r hem de hayvanlar\u0131n sa\u011fl\u0131kl\u0131 yollarla b\u00fcy\u00fcmesine destek olmaktad\u0131r.<\/li>\n<li><strong>Bal\u0131klar:<\/strong> \u00d6zellikle profesyonel tesis \u00fcretimlerinde verimi art\u0131rmak i\u00e7in de\u011ferlendirilir. Yem bile\u015fenine eklenen <strong>cans\u0131z maya <\/strong>bal\u0131klar\u0131n b\u00fcy\u00fcme h\u0131z\u0131n\u0131 art\u0131r\u0131r. Ba\u011f\u0131\u015f\u0131kl\u0131k sistemlerini koruyarak hastal\u0131klara kar\u015f\u0131 direnci y\u00fckseltir. Ticari \u00fcretimlerde bal\u0131klar\u0131n hem sa\u011fl\u0131kl\u0131 hem de h\u0131zl\u0131 b\u00fcy\u00fcmelerini sa\u011flar.<\/li>\n<\/ul>\n<p>Hayvanlar\u0131n cinslerine, ya\u015f, cinsiyet durumlar\u0131na dikkat edilerek uygun miktarda kullan\u0131lan inaktif mayan\u0131n pek \u00e7ok faydas\u0131 vard\u0131r:<\/p>\n<ul>\n<li>\u0130naktif maya, protein i\u00e7eri\u011fi en y\u00fcksek yem bile\u015fenlerinden biridir.<\/li>\n<li>B vitaminleri (B1, B2, B3, B6 ve folat) bak\u0131m\u0131ndan \u00e7ok zengindir.<\/li>\n<li>Ba\u011f\u0131\u015f\u0131kl\u0131k sistemini kuvvetlendiren antioksidanlar i\u00e7ermektedir.<\/li>\n<li>Stresli ko\u015fullara maruz kalan hayvanlarda stresi azaltmas\u0131yla bilinir.<\/li>\n<li>Yem rasyonlar\u0131nda lezzeti art\u0131rarak hayvanlarda yem t\u00fcketim miktar\u0131n\u0131 y\u00fckseltir.<\/li>\n<li>Yukar\u0131da belirtildi\u011fi \u00fczere pek \u00e7ok hayvan i\u00e7in b\u00fcy\u00fcme, geli\u015fmeyi art\u0131r\u0131r.<\/li>\n<li>\u00dcretim faaliyetlerini h\u0131zland\u0131rarak \u00fcr\u00fcn verimlili\u011fini y\u00fckseltir.<\/li>\n<\/ul>\n<div id=\"gtx-trans\" style=\"position: absolute; left: 184px; top: 366.258px;\">\n<div class=\"gtx-trans-icon\"><\/div>\n<\/div>\n\n\t\t<\/div> \n\t<\/div> <div class=\"vc_empty_space  vc_empty_space_9\"   style=\"height: 30px\" ><span class=\"vc_empty_space_inner\"><\/span><\/div>\r\n<div class=\"vc_custom_heading vc_custom_heading_69f71b2fd5aa2749625428\" ><h2 style=\"text-align: left;font-family:Abril Fatface;font-weight:400;font-style:normal\"><span class=\"hilight\"  >Kullan\u0131m Alanlar\u0131<\/span><\/h2><\/div><div class=\"vc_empty_space  vc_empty_space_10\"   style=\"height: 30px\" ><span class=\"vc_empty_space_inner\"><\/span><\/div>\r\n\n\t<div class=\"wpb_text_column_11 wpb_text_column wpb_content_element\">\n\t\t<div class=\"wpb_wrapper\" >\n\t\t\t<ul>\n<li><strong>Tekstil End\u00fcstrisi: <\/strong>Ni\u015fasta bazl\u0131 yap\u0131\u015ft\u0131r\u0131c\u0131larda, kaplama i\u015flemlerinde, y\u00fczey kaplamalar\u0131, kaps\u00fcl dolgu maddeleri ve \u00e7e\u015fitli tekstil boyalar\u0131nda de\u011ferlendirilir.<\/li>\n<li><strong>Kozmetik End\u00fcstri:<\/strong> Baz\u0131 kozmetik \u00fcr\u00fcnlerde ba\u011flay\u0131c\u0131, kal\u0131nla\u015ft\u0131r\u0131c\u0131 olarak kullan\u0131labilmektedir.<\/li>\n<li><strong>G\u0131da End\u00fcstrisi:<\/strong> K\u0131vam artt\u0131r\u0131c\u0131, ba\u011flay\u0131c\u0131 ve stabilizat\u00f6r olarak de\u011ferlendirilmektedir.<\/li>\n<li><strong>K\u00e2\u011f\u0131t End\u00fcstrisi:<\/strong> K\u00e2\u011f\u0131t \u00fcretim s\u00fcrecinde yap\u0131\u015ft\u0131r\u0131c\u0131 form\u00fclasyonlar\u0131nda yer alabilir.<\/li>\n<li><strong>Farmas\u00f6tik End\u00fcstri: <\/strong>\u00c7e\u015fitli ila\u00e7 ve t\u0131bbi \u00fcr\u00fcnlerin form\u00fclasyonlar\u0131nda ba\u011flay\u0131c\u0131 madde olarak de\u011ferlendirilir.<\/li>\n<\/ul>\n\n\t\t<\/div> \n\t<\/div> <div class=\"vc_empty_space  vc_empty_space_12\"   style=\"height: 30px\" ><span class=\"vc_empty_space_inner\"><\/span><\/div>\r\n<div class=\"vc_custom_heading vc_custom_heading_69f71b2fd5d11364217621\" ><h2 style=\"text-align: left;font-family:Abril Fatface;font-weight:400;font-style:normal\"><span class=\"hilight\"  >Detayl\u0131 bilgi ve fiyat almak i\u00e7in ileti\u015fime ge\u00e7iniz.<\/span><\/h2><\/div>\r\n\t<div class=\"wpb_single_image wpb_single_image_13 wpb_content_element vc_align_center\">\r\n\t\t<div class=\"wpb_wrapper\">\r\n\t\t\t\r\n\t\t\t<div class=\"vc_single_image-wrapper   vc_box_border_grey\"><img loading=\"lazy\" decoding=\"async\" width=\"720\" height=\"400\" src=\"https:\/\/www.agroviva.com.tr\/wp-content\/uploads\/2025\/01\/inaktif-maya-1.jpg\" class=\"vc_single_image-img attachment-full\" alt=\"Bu g\u00f6rselde, inaktif mayan\u0131n besleyici yap\u0131s\u0131 ve kullan\u0131m alanlar\u0131 \u00f6ne \u00e7\u0131k\u0131yor. \u0130naktif maya, y\u00fcksek protein, B vitaminleri ve mineraller i\u00e7eren do\u011fal bir g\u0131da takviyesidir. Vegan beslenme, hayvan yemi ve g\u0131da end\u00fcstrisinde yayg\u0131n olarak kullan\u0131l\u0131r. \u0130naktif mayan\u0131n faydalar\u0131 ve kullan\u0131m\u0131 hakk\u0131nda daha fazla bilgi i\u00e7in sitemizi ziyaret edin.\" title=\"inaktif-maya\" srcset=\"https:\/\/www.agroviva.com.tr\/wp-content\/uploads\/2025\/01\/inaktif-maya-1.jpg 720w, https:\/\/www.agroviva.com.tr\/wp-content\/uploads\/2025\/01\/inaktif-maya-1-300x167.jpg 300w, https:\/\/www.agroviva.com.tr\/wp-content\/uploads\/2025\/01\/inaktif-maya-1-18x10.jpg 18w, https:\/\/www.agroviva.com.tr\/wp-content\/uploads\/2025\/01\/inaktif-maya-1-700x389.jpg 700w\" sizes=\"auto, (max-width: 720px) 100vw, 720px\" \/><\/div>\r\n\t\t<\/div>\r\n\t<\/div>\r\n<div class=\"vc_empty_space  vc_empty_space_14\"   style=\"height: 30px\" ><span class=\"vc_empty_space_inner\"><\/span><\/div>\r\n<div class=\"vc_custom_heading vc_custom_heading_69f71b2fd6301234417105\" ><h2 style=\"text-align: left;font-family:Abril Fatface;font-weight:400;font-style:normal\"><span class=\"hilight\"  >Besin De\u011ferleri<\/span><\/h2><\/div><div class=\"vc_empty_space  vc_empty_space_15\"   style=\"height: 30px\" ><span class=\"vc_empty_space_inner\"><\/span><\/div>\r\n\n\t<div class=\"wpb_text_column_16 wpb_text_column wpb_content_element\">\n\t\t<div class=\"wpb_wrapper\" >\n\t\t\t<p>\u00dcretim ko\u015fullar\u0131, \u00fcr\u00fcn kalitesi gibi fakt\u00f6rlere ba\u011fl\u0131 olarak besin de\u011ferlerinde de\u011fi\u015fiklik olabilir. <strong>Cans\u0131z maya besin de\u011ferleri<\/strong> yakla\u015f\u0131k olarak a\u015fa\u011f\u0131daki gibidir:<\/p>\n<ul>\n<li>Protein: %40-50<\/li>\n<li>B1 Vitamini (Tiamin): %50-70<\/li>\n<li>B2 Vitamini (Riboflavin): %60-80<\/li>\n<li>B3 Vitamini (Niyasin): %50-70<\/li>\n<li>B6 Vitamini: %40-60<\/li>\n<li>Folat (B9 Vitamini): %30-50<\/li>\n<li>Demir: %40-60<\/li>\n<li>Magnezyum: %30-50<\/li>\n<li>\u00c7inko: %20-40<\/li>\n<li>Fosfor: %30-50<\/li>\n<li>Potasyum: %20-40<\/li>\n<li>Kalsiyum: %20-40<\/li>\n<\/ul>\n<p>G\u00f6r\u00fcld\u00fc\u011f\u00fc \u00fczere protein, B vitaminleri ve fosfor, potasyum, kalsiyum gibi mineraller a\u00e7\u0131s\u0131ndan olduk\u00e7a zengin bir i\u00e7eri\u011fe sahiptir.<\/p>\n\n\t\t<\/div> \n\t<\/div> <div class=\"vc_empty_space  vc_empty_space_17\"   style=\"height: 30px\" ><span class=\"vc_empty_space_inner\"><\/span><\/div>\r\n<div class=\"vc_custom_heading vc_custom_heading_69f71b2fd657f915314431\" ><h2 style=\"text-align: left;font-family:Abril Fatface;font-weight:400;font-style:normal\"><span class=\"hilight\"  >\u0130naktif Maya Fiyatlar\u0131<\/span><\/h2><\/div><div class=\"vc_empty_space  vc_empty_space_18\"   style=\"height: 30px\" ><span class=\"vc_empty_space_inner\"><\/span><\/div>\r\n\n\t<div class=\"wpb_text_column_19 wpb_text_column wpb_content_element\">\n\t\t<div class=\"wpb_wrapper\" >\n\t\t\t<p>Genellikle ton veya kilogram \u00fczerinden sat\u0131\u015f\u0131 ger\u00e7ekle\u015fir. <strong>Cans\u0131z maya fiyat <\/strong>de\u011fi\u015fkenleri bir\u00e7ok fakt\u00f6re ba\u011fl\u0131d\u0131r. Baz\u0131 b\u00f6lgelerde \u00fcretimi daha yayg\u0131nd\u0131r ve daha ucuza tedarik edilebilmektedir. Eri\u015fimin az oldu\u011fu b\u00f6lgelerde <strong>inaktif maya fiyatlar\u0131<\/strong> nakliye ve depolama \u00fccretleri, sat\u0131\u015f politikalar\u0131 gibi fakt\u00f6rlerden etkilenir. \u0130\u015flem y\u00f6ntemleri, \u00fcr\u00fcn kalitesi, sat\u0131n al\u0131nan miktar ve ambalaj kalitesi gibi etkenler de fiyatlarda de\u011fi\u015fikli\u011fe neden olabilir.<\/p>\n<p>Detayl\u0131 bilgi ve fiyat teklifi i\u00e7in <a href=\"https:\/\/www.instagram.com\/agrovivagida\/\" rel=\"nofollow noopener\" target=\"_blank\">sosyal medya<\/a>, <a href=\"https:\/\/www.agroviva.com.tr\/en\/iletisim\/\">ileti\u015fim formunu<\/a> doldurarak ya da telefon arac\u0131l\u0131\u011f\u0131yla bize ula\u015fabilirsiniz.<\/p>\n\n\t\t<\/div> \n\t<\/div> <\/div><\/div><\/div><\/div><\/div><\/div><\/div><div class=\"container row_section vc_row_p_30\"><div  class=\"vc_row wpb_row vc_row-fluid vc_column-gap-30 vc_row-69f71b2fd6835128579968\"   style=' text-align:left; z-index:0;'><div class=\"row-container container-fluid\"><div class=\"row-inner\"><div class=\"wpb_column vc_column_container vc_col-sm-12 vc_column_container_69f71b2fd6953871830775\" style=\"z-index:0\"><div class=\"vc_column-inner\"><div class=\"wpb_wrapper\"><div class=\"rdy_button_align center\"  data-animation-class=\"fadeInUp2\"><a href=\"https:\/\/www.agroviva.com.tr\/en\/teklifal\/\" class=\"rdy_button  large amination-outside animate-element dark flat-dimension button-20\" style=\"border-width: 2px!important; border-radius: 1px;-moz-border-radius: 1px;-webkit-border-radius: 1px; \" data-animation-class=\"fadeInUp2\"><span>Bilgi Al<\/span><\/a><\/div><\/div><\/div><\/div><\/div><\/div><\/div><\/div>\n<\/section>","protected":false},"excerpt":{"rendered":"\u0130naktif maya canl\u0131 maya h\u00fccrelerinin y\u00fcksek s\u0131cakl\u0131kta kurutulmas\u0131 ile elde edilir. \u00c7o\u011funlukla \u0131s\u0131 ya da \u00e7e\u015fitli kimyasal i\u015flemlerle inaktif edilen cans\u0131z maya pek \u00e7ok sekt\u00f6rde farkl\u0131 ama\u00e7larla de\u011ferlendirilmektedir. \u00d6zellikle protein [...]","protected":false},"author":1,"featured_media":13260,"parent":0,"menu_order":0,"comment_status":"closed","ping_status":"closed","template":"","meta":{"footnotes":""},"class_list":["post-12503","page","type-page","status-publish","has-post-thumbnail","hentry"],"_links":{"self":[{"href":"https:\/\/www.agroviva.com.tr\/en\/wp-json\/wp\/v2\/pages\/12503","targetHints":{"allow":["GET"]}}],"collection":[{"href":"https:\/\/www.agroviva.com.tr\/en\/wp-json\/wp\/v2\/pages"}],"about":[{"href":"https:\/\/www.agroviva.com.tr\/en\/wp-json\/wp\/v2\/types\/page"}],"author":[{"embeddable":true,"href":"https:\/\/www.agroviva.com.tr\/en\/wp-json\/wp\/v2\/users\/1"}],"replies":[{"embeddable":true,"href":"https:\/\/www.agroviva.com.tr\/en\/wp-json\/wp\/v2\/comments?post=12503"}],"version-history":[{"count":8,"href":"https:\/\/www.agroviva.com.tr\/en\/wp-json\/wp\/v2\/pages\/12503\/revisions"}],"predecessor-version":[{"id":13470,"href":"https:\/\/www.agroviva.com.tr\/en\/wp-json\/wp\/v2\/pages\/12503\/revisions\/13470"}],"wp:featuredmedia":[{"embeddable":true,"href":"https:\/\/www.agroviva.com.tr\/en\/wp-json\/wp\/v2\/media\/13260"}],"wp:attachment":[{"href":"https:\/\/www.agroviva.com.tr\/en\/wp-json\/wp\/v2\/media?parent=12503"}],"curies":[{"name":"wp","href":"https:\/\/api.w.org\/{rel}","templated":true}]}}