{"id":12509,"date":"2024-04-25T09:31:05","date_gmt":"2024-04-25T06:31:05","guid":{"rendered":"https:\/\/www.agroviva.com.tr\/urundetay1-2\/"},"modified":"2025-01-30T12:39:15","modified_gmt":"2025-01-30T09:39:15","slug":"kanola-kuspesi","status":"publish","type":"page","link":"https:\/\/www.agroviva.com.tr\/en\/kanola-kuspesi\/","title":{"rendered":"Kanola K\u00fcspesi"},"content":{"rendered":"<section class=\"wpb-content-wrapper\"><div class=\"container row_section vc_row_p_30\"><div  class=\"vc_row wpb_row vc_row-fluid vc_column-gap-30 vc_row-69f716458cd8f484003903\"   style=' text-align:left; z-index:0;'><div class=\"row-container container-fluid\"><div class=\"row-inner\"><div class=\"wpb_column vc_column_container vc_col-sm-12 vc_column_container_69f716458d0bf743005116\" style=\"z-index:0\"><div class=\"vc_column-inner\"><div class=\"wpb_wrapper\"><div class=\"vc_empty_space  vc_empty_space_1\"   style=\"height: 30px\" ><span class=\"vc_empty_space_inner\"><\/span><\/div>\r\n\n\t<div class=\"wpb_text_column_2 wpb_text_column wpb_content_element\">\n\t\t<div class=\"wpb_wrapper\" >\n\t\t\t<p>Kanola k\u00fcspesi, <a href=\"https:\/\/www.agroviva.com.tr\/en\/kanola\/\"><strong>kanola<\/strong><\/a> bitkisinin ya\u011f\u0131 \u00e7\u0131kar\u0131ld\u0131ktan sonra geriye kalan bir yan \u00fcr\u00fcnd\u00fcr. Halk aras\u0131nda kolza k\u00fcspesi olarak ta an\u0131lmaktad\u0131r. Kanola %38-50 oran\u0131nda ya\u011f ve %16-24 oran\u0131nda protein i\u00e7eri\u011fine sahiptir. Genellikle yem sekt\u00f6r\u00fcnde protein oran\u0131 ile \u00f6ne \u00e7\u0131kan kanola k\u00fcspesi, yem rasyonlar\u0131nda takviye besin olarak tercih edilmektedir. Ayr\u0131ca di\u011fer yem \u00fcr\u00fcnlerinden farkl\u0131 olarak s\u00fct ineklerinde s\u00fct kalitesini art\u0131rd\u0131\u011f\u0131 g\u00f6zlenmi\u015ftir.<\/p>\n\n\t\t<\/div> \n\t<\/div> <div class=\"vc_empty_space  vc_empty_space_3\"   style=\"height: 30px\" ><span class=\"vc_empty_space_inner\"><\/span><\/div>\r\n<div class=\"vc_custom_heading vc_custom_heading_69f716458d4c3388108684\" ><h2 style=\"text-align: left;font-family:Abril Fatface;font-weight:400;font-style:normal\"><span class=\"hilight\"  >Kanola K\u00fcspesi Nas\u0131l \u00dcretilir?<\/span><\/h2><\/div><div class=\"vc_empty_space  vc_empty_space_4\"   style=\"height: 30px\" ><span class=\"vc_empty_space_inner\"><\/span><\/div>\r\n\n\t<div class=\"wpb_text_column_5 wpb_text_column wpb_content_element\">\n\t\t<div class=\"wpb_wrapper\" >\n\t\t\t<p><a href=\"https:\/\/www.agroviva.com.tr\/en\/kanola\/\">Canola<\/a> bitkisinin tohumlar\u0131ndan ekstraksiyon ile ya\u011f elde edildikten sonra arta kalan posa kanola k\u00fcspesi olarak yem sekt\u00f6r\u00fc i\u00e7in \u00f6nemli \u00fcr\u00fcnlerden biridir. Tohumlar farkl\u0131 proseslerden ge\u00e7erek i\u00e7erisindeki ya\u011f serbest kal\u0131r ve daha sonra posadan ayr\u0131\u015ft\u0131r\u0131l\u0131r. Arta kalan k\u00fcspe ya\u011fdan tekrar ar\u0131nd\u0131r\u0131lmak \u00fczere \u00e7e\u015fitli i\u015flemlere tabi tutulur. Son olarak geride kalan k\u00fcspe nemden ar\u0131nd\u0131r\u0131lmak i\u00e7in kurutulur ve depolama i\u00e7in haz\u0131r hale gelir. Bu s\u00fcre\u00e7te ekstraksiyon ile \u00e7\u0131kan ya\u011f\u0131n ayr\u0131\u015ft\u0131r\u0131lmas\u0131 \u00e7ok \u00f6nemlidir. K\u00fcspenin ya\u011fdan ar\u0131nmas\u0131 ve uygun \u015fekilde kurutulmas\u0131 kaliteyi belirleyen \u00f6nemli \u00fcretim a\u015famalar\u0131d\u0131r.<\/p>\n\n\t\t<\/div> \n\t<\/div> <div class=\"vc_empty_space  vc_empty_space_6\"   style=\"height: 30px\" ><span class=\"vc_empty_space_inner\"><\/span><\/div>\r\n<div class=\"vc_custom_heading vc_custom_heading_69f716458d961197112804\" ><h2 style=\"text-align: left;font-family:Abril Fatface;font-weight:400;font-style:normal\"><span class=\"hilight\"  >Hayvan Yemi End\u00fcstrisinde Kanola K\u00fcspesi<\/span><\/h2><\/div><div class=\"vc_empty_space  vc_empty_space_7\"   style=\"height: 30px\" ><span class=\"vc_empty_space_inner\"><\/span><\/div>\r\n\n\t<div class=\"wpb_text_column_8 wpb_text_column wpb_content_element\">\n\t\t<div class=\"wpb_wrapper\" >\n\t\t\t<p>Kanola k\u00fcspesi yem end\u00fcstrisinde hayvanlar\u0131n besin ihtiyac\u0131n\u0131 sa\u011fl\u0131kl\u0131 ve dengeli bir \u015fekilde kar\u015f\u0131layabilmeleri i\u00e7in de\u011ferlendirebilece\u011finiz bir besin takviyesidir.<\/p>\n<ul>\n<li><strong>S\u0131\u011f\u0131rlarda, <\/strong>yem rasyonlar\u0131nda kullan\u0131ld\u0131\u011f\u0131nda y\u00fcksek protein i\u00e7eri\u011fi sayesinde kas geli\u015fimi desteklenir. Lifli i\u00e7eri\u011fi ile sindirimi destekleyerek metabolizman\u0131n sa\u011fl\u0131kl\u0131 \u00e7al\u0131\u015fmas\u0131n\u0131 destekler.<\/li>\n<li><strong>S\u00fct ineklerinde, <\/strong>yem rasyonlar\u0131na yeterli oranda eklenen kanola k\u00fcspesi i\u00e7eri\u011finde bulunan besin maddeleri ile amino asit emilimini art\u0131rarak s\u00fct \u00fcretiminin verimini art\u0131rmaktad\u0131r. Lifli yap\u0131s\u0131 ile sindirim ve metabolizma i\u00e7in faydal\u0131d\u0131r.<\/li>\n<li><strong>Koyun ve ke\u00e7ilerde, <\/strong>besin ihtiyac\u0131n\u0131 kar\u015f\u0131lamakta \u00f6nemli protein kaynaklar\u0131ndan biridir. Y\u00fcksek enerji i\u00e7eri\u011fi sayesinde koyun ve ke\u00e7ilerin enerji ihtiyac\u0131 kar\u015f\u0131lan\u0131r ve verimli \u015fekilde b\u00fcy\u00fclemelerine geli\u015fmelerine katk\u0131 sa\u011flar. Ayr\u0131ca sa\u011fl\u0131kl\u0131 ba\u011f\u0131rsak fonksiyonlar\u0131 desteklenir.<\/li>\n<li><strong>Kuzularda<\/strong>, kanola k\u00fcspesi kullan\u0131lan yemleri t\u00fcketen hayvanlarda b\u00fcy\u00fcme performans\u0131nda art\u0131\u015f g\u00f6zlenmektedir.<\/li>\n<li><strong>Tavuklarda, <\/strong>yumurta \u00fcretimi ve et verimlili\u011finde kanola k\u00fcspesinin olumlu etkileri mevcuttur. Ayr\u0131ca <strong>kanola k\u00fcspesi protein oran\u0131<\/strong> ile yumurtalar\u0131n kalitesini art\u0131rarak ayn\u0131 zamanda tavuklar\u0131n sa\u011fl\u0131kl\u0131 geli\u015fimini destekler.<\/li>\n<\/ul>\n<p>Metabolizma dostu, lif kayna\u011f\u0131 ve y\u00fcksek protein i\u00e7eren kanola k\u00fcspesinin \u00e7e\u015fitli hayvanlarda kullan\u0131m miktarlar\u0131 ve oranlar de\u011fi\u015fkenlik g\u00f6sterir. Hayvan cinsi, \u00fcretim amac\u0131, ya\u015flar\u0131 ve fiziksel durumlar\u0131 g\u00f6zetilerek yem kar\u0131\u015f\u0131mlar\u0131na kanola k\u00fcspesi dahil ediniz.<\/p>\n\n\t\t<\/div> \n\t<\/div> <div class=\"vc_empty_space  vc_empty_space_9\"   style=\"height: 30px\" ><span class=\"vc_empty_space_inner\"><\/span><\/div>\r\n<div class=\"vc_custom_heading vc_custom_heading_69f716458dc17665606781\" ><h2 style=\"text-align: left;font-family:Abril Fatface;font-weight:400;font-style:normal\"><span class=\"hilight\"  >Kanola K\u00fcspesi Yem Kullan\u0131m Bi\u00e7imleri<\/span><\/h2><\/div><div class=\"vc_empty_space  vc_empty_space_10\"   style=\"height: 30px\" ><span class=\"vc_empty_space_inner\"><\/span><\/div>\r\n\n\t<div class=\"wpb_text_column_11 wpb_text_column wpb_content_element\">\n\t\t<div class=\"wpb_wrapper\" >\n\t\t\t<p>Kanola k\u00fcspesi hayvan yemi olarak kullan\u0131l\u0131rken birka\u00e7 \u015fekilde de\u011ferlendirilebilmektedir. Bu y\u00f6ntemlerden sizin i\u00e7in en uygun olan\u0131 tercih etmekte zorlan\u0131yorsan\u0131z sat\u0131n ald\u0131\u011f\u0131n\u0131z \u00fcreticiye dan\u0131\u015fabilirsiniz.<\/p>\n<ol>\n<li>\n<h4>Yem Rasyonlar\u0131na Dahil Etmek<\/h4>\n<\/li>\n<\/ol>\n<p>\u00c7o\u011funlukla yem rasyonlar\u0131na takviye olarak kar\u0131\u015ft\u0131r\u0131lan k\u00fcspe, hayvanlar\u0131n cinsi, t\u00fcr\u00fc, a\u011f\u0131rl\u0131\u011f\u0131 ve \u00fcretim amac\u0131 g\u00f6z \u00f6n\u00fcne al\u0131narak belirli \u00f6l\u00e7\u00fclerde kullan\u0131lmal\u0131d\u0131r. Yem rasyonlar\u0131na kar\u0131\u015ft\u0131rmakta temel ama\u00e7, form\u00fclasyondaki yeterli d\u00fczeyde enerji ve protein i\u00e7eren besinin yan\u0131nda lifli, protein ve \u00f6nemli besin maddeleri i\u00e7eren bir takviye eklemektir.<\/p>\n<ol start=\"2\">\n<li>\n<h4>Ek Yem<\/h4>\n<\/li>\n<\/ol>\n<p>Di\u011fer yem \u00fcr\u00fcnlerinin yan\u0131nda ek bir yem olarak de\u011ferlendirilebilir. Hayvanlar\u0131n protein ve enerji ihtiya\u00e7lar\u0131 do\u011frultusunda ek olarak besin takviyesi \u015feklinde kullanabilirsiniz.<\/p>\n<ol start=\"3\">\n<li>\n<h4>Do\u011frudan Yem<\/h4>\n<\/li>\n<\/ol>\n<p>Do\u011frudan kanola k\u00fcspesini hayvan yemi olarak kullanabilirsiniz. \u00d6zellikle s\u0131\u011f\u0131r gibi b\u00fcy\u00fckba\u015f hayvanlar\u0131n besicili\u011finde tercih edilebilir. Ancak do\u011fru miktarda verilmesi \u00f6nemlidir.<\/p>\n<div id=\"gtx-trans\" style=\"position: absolute; left: -8px; top: 517.859px;\">\n<div class=\"gtx-trans-icon\"><\/div>\n<\/div>\n\n\t\t<\/div> \n\t<\/div> <div class=\"vc_empty_space  vc_empty_space_12\"   style=\"height: 30px\" ><span class=\"vc_empty_space_inner\"><\/span><\/div>\r\n<div class=\"vc_custom_heading vc_custom_heading_69f716458dea1292547332\" ><h2 style=\"text-align: left;font-family:Abril Fatface;font-weight:400;font-style:normal\"><span class=\"hilight\"  >Detayl\u0131 bilgi ve fiyat teklifi i\u00e7in bize ula\u015f\u0131n.<\/span><\/h2><\/div>\r\n\t<div class=\"wpb_single_image wpb_single_image_13 wpb_content_element  inline\">\r\n\t\t<div class=\"wpb_wrapper\">\r\n\t\t\t\r\n\t\t\t<div class=\"vc_single_image-wrapper   vc_box_border_grey\"><img loading=\"lazy\" decoding=\"async\" width=\"1024\" height=\"1024\" src=\"https:\/\/www.agroviva.com.tr\/wp-content\/uploads\/2024\/05\/kanola-kuspe.png\" class=\"vc_single_image-img attachment-full\" alt=\"\" title=\"kanola k\u00fcspe\" srcset=\"https:\/\/www.agroviva.com.tr\/wp-content\/uploads\/2024\/05\/kanola-kuspe.png 1024w, https:\/\/www.agroviva.com.tr\/wp-content\/uploads\/2024\/05\/kanola-kuspe-300x300.png 300w, https:\/\/www.agroviva.com.tr\/wp-content\/uploads\/2024\/05\/kanola-kuspe-150x150.png 150w, https:\/\/www.agroviva.com.tr\/wp-content\/uploads\/2024\/05\/kanola-kuspe-768x768.png 768w, https:\/\/www.agroviva.com.tr\/wp-content\/uploads\/2024\/05\/kanola-kuspe-700x700.png 700w, https:\/\/www.agroviva.com.tr\/wp-content\/uploads\/2024\/05\/kanola-kuspe-600x600.png 600w, https:\/\/www.agroviva.com.tr\/wp-content\/uploads\/2024\/05\/kanola-kuspe-100x100.png 100w\" sizes=\"auto, (max-width: 1024px) 100vw, 1024px\" \/><\/div>\r\n\t\t<\/div>\r\n\t<\/div>\r\n<div class=\"vc_empty_space  vc_empty_space_14\"   style=\"height: 30px\" ><span class=\"vc_empty_space_inner\"><\/span><\/div>\r\n<div class=\"vc_custom_heading vc_custom_heading_69f716458e758927482723\" ><h2 style=\"text-align: left;font-family:Abril Fatface;font-weight:400;font-style:normal\"><span class=\"hilight\"  >Besin De\u011ferleri<\/span><\/h2><\/div><div class=\"vc_empty_space  vc_empty_space_15\"   style=\"height: 30px\" ><span class=\"vc_empty_space_inner\"><\/span><\/div>\r\n\n\t<div class=\"wpb_text_column_16 wpb_text_column wpb_content_element\">\n\t\t<div class=\"wpb_wrapper\" >\n\t\t\t<p>\u00dcretim s\u00fcrecinde uygulanan i\u015flemler, bitkinin yeti\u015fme ko\u015fullar\u0131 gibi fakt\u00f6rler kanola k\u00fcspesi besin de\u011ferlerini etkilemektedir. Ancak yakla\u015f\u0131k de\u011ferler buradaki gibidir:<\/p>\n<ul>\n<li>Protein: %20-30 aras\u0131<\/li>\n<li>Lif: %12-20 aras\u0131<\/li>\n<li>Ya\u011f: %8-12 aras\u0131<\/li>\n<li>Karbonhidrat: %25-35 aras\u0131<\/li>\n<li>Kalsiyum: 0.5-1.5%<\/li>\n<li>Fosfor: 0.5-1.5%<\/li>\n<li>Potasyum: 0.5-1.5%<\/li>\n<li>Magnezyum: 0.5-1.5%<\/li>\n<li>Sodyum: 0.1-0.5%<\/li>\n<li>Vitamin E: 100-300 IU\/kg aras\u0131<\/li>\n<li>Vitamin K: 200-500 mg\/kg aras\u0131<\/li>\n<\/ul>\n\n\t\t<\/div> \n\t<\/div> <div class=\"vc_empty_space  vc_empty_space_17\"   style=\"height: 30px\" ><span class=\"vc_empty_space_inner\"><\/span><\/div>\r\n<div class=\"vc_custom_heading vc_custom_heading_69f716458eba2625857982\" ><h2 style=\"text-align: left;font-family:Abril Fatface;font-weight:400;font-style:normal\"><span class=\"hilight\"  >Kanola k\u00fcspesi fiyat<\/span><\/h2><\/div><div class=\"vc_empty_space  vc_empty_space_18\"   style=\"height: 30px\" ><span class=\"vc_empty_space_inner\"><\/span><\/div>\r\n\n\t<div class=\"wpb_text_column_19 wpb_text_column wpb_content_element\">\n\t\t<div class=\"wpb_wrapper\" >\n\t\t\t<p><strong>Kanola k\u00fcspesi fiyat <\/strong>i\u00e7in \u00fcr\u00fcn kalitesi, \u00fcretim ko\u015fullar\u0131, depolama ve nakliye gibi s\u00fcre\u00e7ler belirleyici fakt\u00f6rlerdendir. Kanola k\u00fcspesi fiyatlar\u0131 b\u00f6lgesel pazar ko\u015fullar\u0131na g\u00f6re de farkl\u0131l\u0131k g\u00f6sterebilir. Protein de\u011feri y\u00fcksek ve sindirimi kolay olan bu \u00fcr\u00fcn, hem b\u00fcy\u00fckba\u015f hem de k\u00fc\u00e7\u00fckba\u015f hayvan yeti\u015ftiricileri i\u00e7in ekonomik bir yem alternatifi olu\u015fturmaktad\u0131r.<\/p>\n<p>Detayl\u0131 bilgi ve fiyat teklifi i\u00e7in <a href=\"https:\/\/www.instagram.com\/agrovivagida\/\" rel=\"nofollow noopener\" target=\"_blank\">sosyal medya<\/a>, <a href=\"https:\/\/www.agroviva.com.tr\/en\/iletisim\/\">ileti\u015fim formunu<\/a> doldurarak ya da telefon arac\u0131l\u0131\u011f\u0131yla bize ula\u015fabilirsiniz.<\/p>\n\n\t\t<\/div> \n\t<\/div> <div class=\"vc_empty_space  vc_empty_space_20\"   style=\"height: 30px\" ><span class=\"vc_empty_space_inner\"><\/span><\/div>\r\n<\/div><\/div><\/div><\/div><\/div><\/div><\/div><div class=\"container row_section vc_row_p_30\"><div  class=\"vc_row wpb_row vc_row-fluid vc_column-gap-30 vc_row-69f716458f0ed581443843\"   style=' text-align:left; z-index:0;'><div class=\"row-container container-fluid\"><div class=\"row-inner\"><div class=\"wpb_column vc_column_container vc_col-sm-12 vc_column_container_69f716458f2c2314881346\" style=\"z-index:0\"><div class=\"vc_column-inner\"><div class=\"wpb_wrapper\"><div class=\"rdy_button_align center\"  data-animation-class=\"fadeInUp2\"><a href=\"https:\/\/www.agroviva.com.tr\/en\/teklifal\/\" class=\"rdy_button  large amination-outside animate-element dark flat-dimension button-21\" style=\"border-width: 2px!important; border-radius: 1px;-moz-border-radius: 1px;-webkit-border-radius: 1px; \" data-animation-class=\"fadeInUp2\"><span>Bilgi Al<\/span><\/a><\/div><\/div><\/div><\/div><\/div><\/div><\/div><\/div>\n<\/section>","protected":false},"excerpt":{"rendered":"Kanola k\u00fcspesi, kanola bitkisinin ya\u011f\u0131 \u00e7\u0131kar\u0131ld\u0131ktan sonra geriye kalan bir yan \u00fcr\u00fcnd\u00fcr. Halk aras\u0131nda kolza k\u00fcspesi olarak ta an\u0131lmaktad\u0131r. Kanola %38-50 oran\u0131nda ya\u011f ve %16-24 oran\u0131nda protein i\u00e7eri\u011fine sahiptir. Genellikle [...]","protected":false},"author":1,"featured_media":13153,"parent":0,"menu_order":0,"comment_status":"closed","ping_status":"closed","template":"","meta":{"footnotes":""},"class_list":["post-12509","page","type-page","status-publish","has-post-thumbnail","hentry"],"_links":{"self":[{"href":"https:\/\/www.agroviva.com.tr\/en\/wp-json\/wp\/v2\/pages\/12509","targetHints":{"allow":["GET"]}}],"collection":[{"href":"https:\/\/www.agroviva.com.tr\/en\/wp-json\/wp\/v2\/pages"}],"about":[{"href":"https:\/\/www.agroviva.com.tr\/en\/wp-json\/wp\/v2\/types\/page"}],"author":[{"embeddable":true,"href":"https:\/\/www.agroviva.com.tr\/en\/wp-json\/wp\/v2\/users\/1"}],"replies":[{"embeddable":true,"href":"https:\/\/www.agroviva.com.tr\/en\/wp-json\/wp\/v2\/comments?post=12509"}],"version-history":[{"count":15,"href":"https:\/\/www.agroviva.com.tr\/en\/wp-json\/wp\/v2\/pages\/12509\/revisions"}],"predecessor-version":[{"id":13477,"href":"https:\/\/www.agroviva.com.tr\/en\/wp-json\/wp\/v2\/pages\/12509\/revisions\/13477"}],"wp:featuredmedia":[{"embeddable":true,"href":"https:\/\/www.agroviva.com.tr\/en\/wp-json\/wp\/v2\/media\/13153"}],"wp:attachment":[{"href":"https:\/\/www.agroviva.com.tr\/en\/wp-json\/wp\/v2\/media?parent=12509"}],"curies":[{"name":"wp","href":"https:\/\/api.w.org\/{rel}","templated":true}]}}