{"id":12511,"date":"2024-04-25T09:31:21","date_gmt":"2024-04-25T06:31:21","guid":{"rendered":"https:\/\/www.agroviva.com.tr\/urundetay1-4\/"},"modified":"2025-01-27T15:13:34","modified_gmt":"2025-01-27T12:13:34","slug":"soya-kuspesi","status":"publish","type":"page","link":"https:\/\/www.agroviva.com.tr\/en\/soya-kuspesi\/","title":{"rendered":"Soya K\u00fcspesi"},"content":{"rendered":"<section class=\"wpb-content-wrapper\"><div class=\"container row_section vc_row_p_30\"><div  class=\"vc_row wpb_row vc_row-fluid vc_column-gap-30 vc_row-69f7164ce5f73582857540\"   style=' text-align:left; z-index:0;'><div class=\"row-container container-fluid\"><div class=\"row-inner\"><div class=\"wpb_column vc_column_container vc_col-sm-12 vc_column_container_69f7164ce61fe773021846\" style=\"z-index:0\"><div class=\"vc_column-inner\"><div class=\"wpb_wrapper\">\n\t<div class=\"wpb_text_column_1 wpb_text_column wpb_content_element\">\n\t\t<div class=\"wpb_wrapper\" >\n\t\t\t<p><strong>Soya k\u00fcspesi<\/strong>, soya fasulyesi ya\u011f\u0131 \u00fcretiminden elde edilen bir yan \u00fcr\u00fcnd\u00fcr. Soya ya\u011f\u0131 elde etmek i\u00e7in yap\u0131lan i\u015flemler s\u0131ras\u0131nda k\u00fcspe k\u0131s\u0131m ayr\u0131l\u0131r ve kurutulup \u00f6\u011f\u00fct\u00fclerek pek \u00e7ok ama\u00e7la kullan\u0131ma sunulur. \u00d6zellikle hayvan yemi sekt\u00f6r\u00fcnde yayg\u0131n \u015fekilde kullan\u0131l\u0131r. \u0130\u00e7erdi\u011fi y\u00fcksek protein miktar\u0131 ve dengeli amino asit profili sa\u011flamas\u0131 sebebiyle s\u0131kl\u0131kla tercih edilir.<\/p>\n\n\t\t<\/div> \n\t<\/div> <div class=\"vc_empty_space  vc_empty_space_2\"   style=\"height: 30px\" ><span class=\"vc_empty_space_inner\"><\/span><\/div>\r\n<div class=\"vc_custom_heading vc_custom_heading_69f7164ce65ad213615460\" ><h2 style=\"text-align: left;font-family:Abril Fatface;font-weight:400;font-style:normal\"><span class=\"hilight\"  >Nas\u0131l Elde Edilir?<\/span><\/h2><\/div><div class=\"vc_empty_space  vc_empty_space_3\"   style=\"height: 30px\" ><span class=\"vc_empty_space_inner\"><\/span><\/div>\r\n\n\t<div class=\"wpb_text_column_4 wpb_text_column wpb_content_element\">\n\t\t<div class=\"wpb_wrapper\" >\n\t\t\t<p class=\"translation-block\">Soya fasulyesi i\u015flenirken bir yan \u00fcr\u00fcn olarak elde edilen soya k\u00fcspesi \u00e7e\u015fitli \u00fcretim a\u015famalar\u0131ndan ge\u00e7er. \u0130lk olarak temizlenen soya fasulyeleri yabanc\u0131 maddelerden ar\u0131nd\u0131r\u0131larak k\u0131rma ve ezme a\u015famas\u0131na haz\u0131r hale getirilir. Bu a\u015famada makinelerden ge\u00e7erek par\u00e7alan\u0131r ve ezilirler. B\u00f6ylece fasulyenin i\u00e7indeki ya\u011f serbest hale getirilir ve ya\u011f \u00e7\u0131karma i\u015flemi i\u00e7in haz\u0131r hale gelir. Fasulyeler ya\u011f \u00e7\u0131kar\u0131l\u0131rken genellikle solvent ekstraksiyonu ad\u0131 verilen bir a\u015famadan ge\u00e7er. Geriye kalan <strong>soya fasulyesi k\u00fcspesi<\/strong> kurutma i\u015fleminden ge\u00e7er ve i\u00e7eri\u011findeki nem azalt\u0131larak uzun s\u00fcreli depolamaya uygun vaziyete getirilir. Ard\u0131ndan \u00f6\u011f\u00fct\u00fcc\u00fcden ge\u00e7erek toz hale getirilir ve ince partik\u00fcll\u00fc bu yap\u0131s\u0131 sayesinde kullan\u0131mda kolayl\u0131k sa\u011flanm\u0131\u015f olur.<\/p>\n\n\t\t<\/div> \n\t<\/div> <div class=\"vc_empty_space  vc_empty_space_5\"   style=\"height: 30px\" ><span class=\"vc_empty_space_inner\"><\/span><\/div>\r\n<div class=\"vc_custom_heading vc_custom_heading_69f7164ce694a046130675\" ><h2 style=\"text-align: left;font-family:Abril Fatface;font-weight:400;font-style:normal\"><span class=\"hilight\"  >Hayvan Yemi End\u00fcstrisinde Soya K\u00fcspesi<\/span><\/h2><\/div><div class=\"vc_empty_space  vc_empty_space_6\"   style=\"height: 30px\" ><span class=\"vc_empty_space_inner\"><\/span><\/div>\r\n\n\t<div class=\"wpb_text_column_7 wpb_text_column wpb_content_element\">\n\t\t<div class=\"wpb_wrapper\" >\n\t\t\t<p>\u00d6zellikle s\u0131\u011f\u0131r, koyun, ke\u00e7i ve tavuk gibi hayvanlar\u0131n protein ihtiyac\u0131n\u0131 kar\u015f\u0131lamak i\u00e7in tercih edilen soya k\u00fcspesi pek \u00e7ok hayvan i\u00e7in ideal besin kaynaklar\u0131ndan biri olarak \u00f6ne \u00e7\u0131kar. Yem end\u00fcstrisinde yayg\u0131n bir \u015fekilde kullan\u0131lmaktad\u0131r. Pek \u00e7ok olumlu etkisinin yan\u0131nda \u00f6zellikle a\u015fa\u011f\u0131daki fakt\u00f6rler tercih sebebidir:<\/p>\n<ul>\n<li><strong>Y\u00fcksek Protein Miktar\u0131: <\/strong>Soya k\u00fcspesi y\u00fcksek protein i\u00e7eri\u011fiyle bilinmektedir. Genellikle neredeyse yar\u0131s\u0131 protein i\u00e7erir. Hayvanlar\u0131n protein ihtiyac\u0131n\u0131 kar\u015f\u0131lamak i\u00e7in en ideal se\u00e7eneklerdendir.<\/li>\n<li><strong>Amino Asit Dengesi:<\/strong> Zengin protein i\u00e7eri\u011fi \u00f6nemlidir ancak soya k\u00fcspesinde hayvanlar\u0131n ihtiya\u00e7 duydu\u011fu temel amino asitleri sa\u011flayan dengeli bir amino asit profili mevcuttur. Bu da hayvanlar\u0131n geli\u015fimi ve b\u00fcy\u00fcmesi i\u00e7in \u00e7ok \u00f6nemlidir.<\/li>\n<li><strong>Kolay Sindirim:<\/strong> \u0130yi i\u015flenmi\u015f ve \u00f6zenle \u00fcretilmi\u015f soya k\u00fcspesi sindirimde kolayl\u0131k sa\u011flayacakt\u0131r. Hayvanlar\u0131n metabolizmas\u0131 i\u00e7in olduk\u00e7a faydal\u0131d\u0131r ve besin maddelerini verimli \u015fekilde t\u00fcketmelerine yard\u0131mc\u0131 olur.<\/li>\n<li><strong>Fosfor ve Potasyum: <\/strong>Bal\u0131k unu fosfor ve potasyum gibi mineraller a\u00e7\u0131s\u0131ndan zengin bir \u00fcr\u00fcnd\u00fcr. Hayvanlar\u0131n kemik sa\u011fl\u0131\u011f\u0131, metabolizmas\u0131 i\u00e7in olduk\u00e7a \u00f6nemli olan bu mineraller bal\u0131k unu ile yeterli d\u00fczeyde al\u0131nabilir.<\/li>\n<li><strong>Ekonomik Se\u00e7enek:<\/strong> Yem sekt\u00f6r\u00fcnde uygun fiyatl\u0131 bir se\u00e7enek olarak \u00f6ne \u00e7\u0131kar. Hem y\u00fcksek protein miktar\u0131 hem de zengin besin de\u011ferlerinin yan\u0131nda <strong>tam ya\u011fl\u0131 soya k\u00fcspesi<\/strong> ekonomik bir se\u00e7enek olu\u015fu sebebiyle \u00e7ok s\u0131k tercih edilmektedir.<\/li>\n<li><strong>\u00c7e\u015fitli Hayvanlar \u0130\u00e7in Uyumlu:<\/strong> Pek \u00e7ok hayvan i\u00e7in uygun oldu\u011fundan yem rasyonlar\u0131na kolayca ekleyebilirsiniz. S\u0131\u011f\u0131r, koyun, ke\u00e7i, domuz, tavuk gibi bir\u00e7ok hayvan i\u00e7in uygun bir protein kayna\u011f\u0131d\u0131r.<\/li>\n<\/ul>\n<p>Bu avantajlar\u0131n yan\u0131 s\u0131ra yem rasyonlar\u0131nda kullanmadan \u00f6nce hayvanlar\u0131n \u00fcretim amac\u0131, cinsleri, fiziksel durumlar\u0131n\u0131 de\u011ferlendirmek olduk\u00e7a \u00f6nemlidir.<\/p>\n\n\t\t<\/div> \n\t<\/div> <div class=\"vc_empty_space  vc_empty_space_8\"   style=\"height: 30px\" ><span class=\"vc_empty_space_inner\"><\/span><\/div>\r\n<div class=\"vc_custom_heading vc_custom_heading_69f7164ce6c0c641439416\" ><h2 style=\"text-align: left;font-family:Abril Fatface;font-weight:400;font-style:normal\"><span class=\"hilight\"  >Detayl\u0131 bilgi ve fiyat almak i\u00e7in ileti\u015fime ge\u00e7iniz.<\/span><\/h2><\/div>\r\n\t<div class=\"wpb_single_image wpb_single_image_9 wpb_content_element vc_align_center\">\r\n\t\t<div class=\"wpb_wrapper\">\r\n\t\t\t\r\n\t\t\t<div class=\"vc_single_image-wrapper   vc_box_border_grey\"><img loading=\"lazy\" decoding=\"async\" width=\"460\" height=\"460\" src=\"https:\/\/www.agroviva.com.tr\/wp-content\/uploads\/2024\/04\/soya_kuspesi.jpg\" class=\"vc_single_image-img attachment-full\" alt=\"\" title=\"soya_k\u00fcspesi\" srcset=\"https:\/\/www.agroviva.com.tr\/wp-content\/uploads\/2024\/04\/soya_kuspesi.jpg 460w, https:\/\/www.agroviva.com.tr\/wp-content\/uploads\/2024\/04\/soya_kuspesi-300x300.jpg 300w, https:\/\/www.agroviva.com.tr\/wp-content\/uploads\/2024\/04\/soya_kuspesi-150x150.jpg 150w, https:\/\/www.agroviva.com.tr\/wp-content\/uploads\/2024\/04\/soya_kuspesi-100x100.jpg 100w\" sizes=\"auto, (max-width: 460px) 100vw, 460px\" \/><\/div>\r\n\t\t<\/div>\r\n\t<\/div>\r\n<div class=\"vc_empty_space  vc_empty_space_10\"   style=\"height: 30px\" ><span class=\"vc_empty_space_inner\"><\/span><\/div>\r\n<div class=\"vc_custom_heading vc_custom_heading_69f7164ce73b5870596862\" ><h2 style=\"text-align: left;font-family:Abril Fatface;font-weight:400;font-style:normal\"><span class=\"hilight\"  >Besin De\u011ferleri<\/span><\/h2><\/div><div class=\"vc_empty_space  vc_empty_space_11\"   style=\"height: 30px\" ><span class=\"vc_empty_space_inner\"><\/span><\/div>\r\n\n\t<div class=\"wpb_text_column_12 wpb_text_column wpb_content_element\">\n\t\t<div class=\"wpb_wrapper\" >\n\t\t\t<p>\u00dcretilen fasulyenin kalitesine, \u00fcreticinin i\u015flem s\u00fcre\u00e7lerine ve i\u015flem sonras\u0131 saklama ko\u015fullar\u0131na ba\u011fl\u0131 olarak de\u011fi\u015fen besin de\u011ferleri yakla\u015f\u0131k olarak a\u015fa\u011f\u0131daki gibidir:<\/p>\n<ul>\n<li>Protein: %40-50 aras\u0131<\/li>\n<li>Ya\u011f: %0.5-2 aras\u0131<\/li>\n<li>Lif: %3-6 aras\u0131<\/li>\n<li>Karbonhidrat: %25-35 aras\u0131<\/li>\n<li>Kalsiyum: %0.5-1.5 aras\u0131<\/li>\n<li>Fosfor: %0.5-1.5 aras\u0131<\/li>\n<li>Potasyum: %1-2 aras\u0131<\/li>\n<li>Magnezyum: %0.5-1.5 aras\u0131<\/li>\n<li>Sodyum: %0.1-0.5 aras\u0131<\/li>\n<li>Vitamin E: 10-50 IU\/kg aras\u0131<\/li>\n<li>Vitamin K: 20-100 mg\/kg aras\u0131<\/li>\n<\/ul>\n<p>\u00dcr\u00fcnden \u00fcr\u00fcne farkl\u0131l\u0131k g\u00f6sterebilen besin de\u011ferlerinin kesin miktarlar\u0131n\u0131 \u00fcretici ile ileti\u015fime ge\u00e7erek \u00f6\u011frenebilirsiniz.<\/p>\n\n\t\t<\/div> \n\t<\/div> <div class=\"vc_empty_space  vc_empty_space_13\"   style=\"height: 30px\" ><span class=\"vc_empty_space_inner\"><\/span><\/div>\r\n<div class=\"vc_custom_heading vc_custom_heading_69f7164ce764e438895546\" ><h2 style=\"text-align: left;font-family:Abril Fatface;font-weight:400;font-style:normal\"><span class=\"hilight\"  >Soya K\u00fcspesi Fiyat<\/span><\/h2><\/div><div class=\"vc_empty_space  vc_empty_space_14\"   style=\"height: 30px\" ><span class=\"vc_empty_space_inner\"><\/span><\/div>\r\n\n\t<div class=\"wpb_text_column_15 wpb_text_column wpb_content_element\">\n\t\t<div class=\"wpb_wrapper\" >\n\t\t\t<p class=\"translation-block\"><strong>Soya k\u00fcspesi fiyat<\/strong> bak\u0131m\u0131ndan pek \u00e7ok yem \u00fcr\u00fcn\u00fcne g\u00f6re uygun fiyatl\u0131d\u0131r. \u0130\u015flem y\u00f6ntemleri, \u00fcr\u00fcn kalitesi, piyasa ko\u015fullar\u0131na ba\u011fl\u0131 olarak fiyatlarda de\u011fi\u015fkenlik g\u00f6r\u00fclebilir.<\/p>\n<p>Detayl\u0131 bilgi ve fiyat teklifi i\u00e7in <a href=\"https:\/\/www.instagram.com\/agrovivagida\/\" rel=\"nofollow noopener\" target=\"_blank\">sosyal medya<\/a>, <a href=\"https:\/\/www.agroviva.com.tr\/en\/iletisim\/\">ileti\u015fim formunu<\/a> doldurarak ya da telefon arac\u0131l\u0131\u011f\u0131yla bize ula\u015fabilirsiniz.<\/p>\n\n\t\t<\/div> \n\t<\/div> <div class=\"vc_empty_space  vc_empty_space_16\"   style=\"height: 30px\" ><span class=\"vc_empty_space_inner\"><\/span><\/div>\r\n<div class=\"vc_empty_space  vc_empty_space_17\"   style=\"height: 30px\" ><span class=\"vc_empty_space_inner\"><\/span><\/div>\r\n<\/div><\/div><\/div><\/div><\/div><\/div><\/div><div class=\"container row_section vc_row_p_30\"><div  class=\"vc_row wpb_row vc_row-fluid vc_column-gap-30 vc_row-69f7164ce7a02997076352\"   style=' text-align:left; z-index:0;'><div class=\"row-container container-fluid\"><div class=\"row-inner\"><div class=\"wpb_column vc_column_container vc_col-sm-12 vc_column_container_69f7164ce7b54647684127\" style=\"z-index:0\"><div class=\"vc_column-inner\"><div class=\"wpb_wrapper\"><div class=\"rdy_button_align center\"  data-animation-class=\"fadeInUp2\"><a href=\"https:\/\/www.agroviva.com.tr\/en\/teklifal\/\" class=\"rdy_button  large amination-outside animate-element dark flat-dimension button-18\" style=\"border-width: 2px!important; border-radius: 1px;-moz-border-radius: 1px;-webkit-border-radius: 1px; \" data-animation-class=\"fadeInUp2\"><span>Teklif Al<\/span><\/a><\/div><\/div><\/div><\/div><\/div><\/div><\/div><\/div>\n<\/section>","protected":false},"excerpt":{"rendered":"Soya k\u00fcspesi, soya fasulyesi ya\u011f\u0131 \u00fcretiminden elde edilen bir yan \u00fcr\u00fcnd\u00fcr. Soya ya\u011f\u0131 elde etmek i\u00e7in yap\u0131lan i\u015flemler s\u0131ras\u0131nda k\u00fcspe k\u0131s\u0131m ayr\u0131l\u0131r ve kurutulup \u00f6\u011f\u00fct\u00fclerek pek \u00e7ok ama\u00e7la kullan\u0131ma sunulur. [...]","protected":false},"author":1,"featured_media":13201,"parent":0,"menu_order":0,"comment_status":"closed","ping_status":"closed","template":"","meta":{"footnotes":""},"class_list":["post-12511","page","type-page","status-publish","has-post-thumbnail","hentry"],"_links":{"self":[{"href":"https:\/\/www.agroviva.com.tr\/en\/wp-json\/wp\/v2\/pages\/12511","targetHints":{"allow":["GET"]}}],"collection":[{"href":"https:\/\/www.agroviva.com.tr\/en\/wp-json\/wp\/v2\/pages"}],"about":[{"href":"https:\/\/www.agroviva.com.tr\/en\/wp-json\/wp\/v2\/types\/page"}],"author":[{"embeddable":true,"href":"https:\/\/www.agroviva.com.tr\/en\/wp-json\/wp\/v2\/users\/1"}],"replies":[{"embeddable":true,"href":"https:\/\/www.agroviva.com.tr\/en\/wp-json\/wp\/v2\/comments?post=12511"}],"version-history":[{"count":7,"href":"https:\/\/www.agroviva.com.tr\/en\/wp-json\/wp\/v2\/pages\/12511\/revisions"}],"predecessor-version":[{"id":12759,"href":"https:\/\/www.agroviva.com.tr\/en\/wp-json\/wp\/v2\/pages\/12511\/revisions\/12759"}],"wp:featuredmedia":[{"embeddable":true,"href":"https:\/\/www.agroviva.com.tr\/en\/wp-json\/wp\/v2\/media\/13201"}],"wp:attachment":[{"href":"https:\/\/www.agroviva.com.tr\/en\/wp-json\/wp\/v2\/media?parent=12511"}],"curies":[{"name":"wp","href":"https:\/\/api.w.org\/{rel}","templated":true}]}}