{"id":12512,"date":"2024-04-25T09:31:28","date_gmt":"2024-04-25T06:31:28","guid":{"rendered":"https:\/\/www.agroviva.com.tr\/urundetay1-5\/"},"modified":"2025-01-30T01:00:58","modified_gmt":"2025-01-29T22:00:58","slug":"balik-unu","status":"publish","type":"page","link":"https:\/\/www.agroviva.com.tr\/en\/balik-unu\/","title":{"rendered":"Bal\u0131k Unu"},"content":{"rendered":"<section class=\"wpb-content-wrapper\"><div class=\"container row_section vc_row_p_30\"><div  class=\"vc_row wpb_row vc_row-fluid vc_column-gap-30 vc_row-69f7164544b58024874987\"   style=' text-align:left; z-index:0;'><div class=\"row-container container-fluid\"><div class=\"row-inner\"><div class=\"wpb_column vc_column_container vc_col-sm-12 vc_column_container_69f7164544e4e978236825\" style=\"z-index:0\"><div class=\"vc_column-inner\"><div class=\"wpb_wrapper\"><div class=\"vc_empty_space  vc_empty_space_1\"   style=\"height: 30px\" ><span class=\"vc_empty_space_inner\"><\/span><\/div>\r\n\n\t<div class=\"wpb_text_column_2 wpb_text_column wpb_content_element\">\n\t\t<div class=\"wpb_wrapper\" >\n\t\t\t<p><strong>Bal\u0131k unu<\/strong>, taze ya da i\u015flenmi\u015f \u00e7e\u015fitli bal\u0131k t\u00fcrlerinden veya at\u0131klar\u0131ndan elde edilen y\u00fcksek proteinli bir \u00fcr\u00fcnd\u00fcr. \u00dcretim yerleri ve \u00fcretici tercihlerine ba\u011fl\u0131 olarak de\u011fi\u015fiklik g\u00f6sterse de genellikle morina, \u00e7a\u00e7a, ringa bal\u0131klar\u0131ndan \u00fcretilir. \u00dclkemizde \u00f6zellikle hamsi bal\u0131\u011f\u0131 da yayg\u0131n \u015fekilde kullan\u0131l\u0131r. Genellikle bal\u0131k tesislerinde bal\u0131klar\u0131n i\u015flenmesinden arta kalan yan \u00fcr\u00fcnlerden elde edilir. Hayvan yemi, tar\u0131m g\u00fcbresi, g\u0131da ve besin takviyelerinde kullan\u0131lsada daha \u00e7ok su \u00fcr\u00fcnleri beslenmesinde kullan\u0131l\u0131r.<\/p>\n\n\t\t<\/div> \n\t<\/div> <div class=\"vc_empty_space  vc_empty_space_3\"   style=\"height: 30px\" ><span class=\"vc_empty_space_inner\"><\/span><\/div>\r\n<div class=\"vc_custom_heading vc_custom_heading_69f7164545329546063037\" ><h2 style=\"text-align: left;font-family:Abril Fatface;font-weight:400;font-style:normal\"><span class=\"hilight\"  >Nas\u0131l \u00dcretilir?<\/span><\/h2><\/div><div class=\"vc_empty_space  vc_empty_space_4\"   style=\"height: 30px\" ><span class=\"vc_empty_space_inner\"><\/span><\/div>\r\n\n\t<div class=\"wpb_text_column_5 wpb_text_column wpb_content_element\">\n\t\t<div class=\"wpb_wrapper\" >\n\t\t\t<p>Bal\u0131k \u00fcretiminde bal\u0131klar\u0131n i\u015flenmesinden sonra ortaya \u00e7\u0131kan yan \u00fcr\u00fcnlerden elde edilmektedir. Genellikle bal\u0131k tesislerindeki bal\u0131k kal\u0131nt\u0131lar\u0131 ve at\u0131k bal\u0131klar de\u011ferlendirilir. Temizleme, filtreleme ve di\u011fer i\u015flemler s\u0131ras\u0131nda elde edilen bu yan \u00fcr\u00fcn temizlenerek ayr\u0131\u015ft\u0131r\u0131l\u0131r. Kemik, ba\u011f\u0131rsak gibi istenmeyen k\u0131s\u0131mlar temizlenir. Kalan kal\u0131nt\u0131lar genellikle \u0131s\u0131l i\u015flemler yard\u0131m\u0131yla kurutulur. Nem i\u00e7eri\u011fi azalt\u0131lan kal\u0131nt\u0131lar dayan\u0131kl\u0131 bir form elde etmi\u015f olur. Ayr\u0131ca \u0131s\u0131l i\u015flem sayesinde mevcut protein ve besin maddeleri stabilize edilir. \u0130stenmeyen \u00e7e\u015fitli mikroorganizmalar\u0131n geli\u015fmesi engellenir. Is\u0131l i\u015flem g\u00f6ren ve kurutulan bal\u0131k par\u00e7alar\u0131 \u00f6\u011f\u00fct\u00fclerek toz haline getirilir ve istenen partik\u00fcl boyutuna ula\u015f\u0131l\u0131r.<\/p>\n\n\t\t<\/div> \n\t<\/div> <div class=\"vc_empty_space  vc_empty_space_6\"   style=\"height: 30px\" ><span class=\"vc_empty_space_inner\"><\/span><\/div>\r\n<div class=\"vc_custom_heading vc_custom_heading_69f7164545746133225070\" ><h2 style=\"text-align: left;font-family:Abril Fatface;font-weight:400;font-style:normal\"><span class=\"hilight\"  >Hayvan Yemi Sekt\u00f6r\u00fcnde Bal\u0131k Unu<\/span><\/h2><\/div><div class=\"vc_empty_space  vc_empty_space_7\"   style=\"height: 30px\" ><span class=\"vc_empty_space_inner\"><\/span><\/div>\r\n\n\t<div class=\"wpb_text_column_8 wpb_text_column wpb_content_element\">\n\t\t<div class=\"wpb_wrapper\" >\n\t\t\t<p>Bal\u0131k unu besin de\u011ferleri sebebiyle pek \u00e7ok hayvan i\u00e7in yem olarak tercih edilmektedir. \u00d6zellikle a\u015fa\u011f\u0131daki hayvanlar i\u00e7in kullan\u0131m\u0131 uygun ve faydal\u0131d\u0131r.<\/p>\n<ul>\n<li><strong>Tavuk ve hindi: <\/strong>Bal\u0131k unu tavuk ve hindiler i\u00e7in kaliteli ve y\u00fcksek oranda protein sa\u011flayan bir besin kayna\u011f\u0131d\u0131r. \u00dcretim a\u015famas\u0131nda kokusunu b\u00fcy\u00fck \u00f6l\u00e7\u00fcde kaybeden bal\u0131k unu, yem rasyonlar\u0131na eklenerek verimlili\u011fi art\u0131rmak i\u00e7in kullan\u0131labilir. \u0130\u00e7erdi\u011fi omega-3 ya\u011f asitleri sayesinde yumurta kalitesini art\u0131rmaktad\u0131r.<\/li>\n<li><strong>S\u0131\u011f\u0131r ve b\u00fcy\u00fckba\u015f hayvanlar: <\/strong>S\u0131\u011f\u0131r ve b\u00fcy\u00fckba\u015f hayvanlar i\u00e7in y\u00fcksek protein miktar\u0131 ile besleyici bir alternatif olarak tercih edilir. \u00d6zellikle s\u0131\u011f\u0131r yavrular\u0131n\u0131n geli\u015fim d\u00f6neminde sa\u011fl\u0131kl\u0131 b\u00fcy\u00fcme ve geli\u015fmeyi desteklemek i\u00e7in kullan\u0131labilir. Ayr\u0131ca s\u00fct verimi ve et kalitesini iyile\u015ftirebilir.<\/li>\n<li><strong>Domuz:<\/strong> Bal\u0131k unu domuzlar\u0131n yem rasyonlar\u0131nda protein ve omega-3 kayna\u011f\u0131 olarak tercih edilebilir. Et verimlili\u011fini art\u0131rarak geli\u015fim d\u00f6nemlerinde destekleyici olur.<\/li>\n<li><strong>Akvaryum bal\u0131klar\u0131:<\/strong> Bal\u0131klar i\u00e7in do\u011fal diyetlerine uygun bir besin alternatifidir. Karma\u015f\u0131k yem form\u00fcllerinde kesinlikle kullan\u0131labilir. Beslenme ihtiya\u00e7lar\u0131n\u0131 kar\u015f\u0131lamak i\u00e7in uygun bir se\u00e7enektir.<\/li>\n<li><strong>Evcil hayvanlar:<\/strong> \u00d6zellikle kedi, k\u00f6pek gibi evcil hayvanlar i\u00e7in de bal\u0131k unu yem rasyonlar\u0131nda g\u00f6n\u00fcl rahatl\u0131\u011f\u0131yla kullan\u0131labilir. Evcil hayvanlarda deri ve t\u00fcy sa\u011fl\u0131\u011f\u0131 i\u00e7in t\u00fcketimi \u00f6nemlidir. Ba\u011f\u0131\u015f\u0131kl\u0131k sistemlerinin kuvvetlenmesinde yard\u0131mc\u0131 rol oynar.<\/li>\n<\/ul>\n<p>G\u00f6r\u00fcld\u00fc\u011f\u00fc \u00fczere bal\u0131k unu kullan\u0131m\u0131 pek \u00e7ok hayvan\u0131n b\u00fcy\u00fcme ve geli\u015fmesi i\u00e7in \u00f6nemli bir \u00fcr\u00fcnd\u00fcr. Fakat bu s\u00fcre\u00e7te dikkat edilmesi gereken en \u00f6nemli fakt\u00f6r bal\u0131k ununu g\u00fcvenilir \u00fcreticilerden tedarik etmektir. Ayr\u0131ca yem kar\u0131\u015f\u0131mlar\u0131na do\u011fru oranlarda, hayvanlar\u0131n ihtiyac\u0131na, cinslerine ve ya\u015flar\u0131na g\u00f6re eklenmelidir. A\u015f\u0131r\u0131 miktarda eklendi\u011fi takdirde sindirim sorunlar\u0131 ya\u015fanmas\u0131na neden olabilir ve yem kar\u0131\u015f\u0131m\u0131n\u0131n dengesini bozar.<\/p>\n\n\t\t<\/div> \n\t<\/div> <div class=\"vc_empty_space  vc_empty_space_9\"   style=\"height: 30px\" ><span class=\"vc_empty_space_inner\"><\/span><\/div>\r\n\r\n\t<div class=\"wpb_single_image wpb_single_image_10 wpb_content_element vc_align_center\">\r\n\t\t<div class=\"wpb_wrapper\">\r\n\t\t\t\r\n\t\t\t<div class=\"vc_single_image-wrapper   vc_box_border_grey\"><img loading=\"lazy\" decoding=\"async\" width=\"720\" height=\"400\" src=\"https:\/\/www.agroviva.com.tr\/wp-content\/uploads\/2025\/01\/balik-unu-1.jpg\" class=\"vc_single_image-img attachment-full\" alt=\"Bu g\u00f6rselde, bal\u0131k ununun ince \u00f6\u011f\u00fct\u00fclm\u00fc\u015f yap\u0131s\u0131 ve do\u011fal rengi net bir \u015fekilde g\u00f6r\u00fclmektedir. Bal\u0131k unu, y\u00fcksek protein i\u00e7eri\u011fi, omega-3 ya\u011f asitleri ve zengin besin de\u011ferleriyle hayvan yemlerinde vazge\u00e7ilmez bir katk\u0131 maddesidir. \u00d6zellikle su \u00fcr\u00fcnleri yeti\u015ftiricili\u011finde (akuak\u00fclt\u00fcr), k\u00fcmes hayvanlar\u0131 ve evcil hayvan mamalar\u0131nda yayg\u0131n olarak kullan\u0131l\u0131r. Do\u011fal ve s\u00fcrd\u00fcr\u00fclebilir bir kaynak olan bal\u0131k unu, hayvanlar\u0131n b\u00fcy\u00fcme performans\u0131n\u0131 art\u0131r\u0131r ve sa\u011fl\u0131kl\u0131 geli\u015fimlerini destekler.\" title=\"balik-unu\" srcset=\"https:\/\/www.agroviva.com.tr\/wp-content\/uploads\/2025\/01\/balik-unu-1.jpg 720w, https:\/\/www.agroviva.com.tr\/wp-content\/uploads\/2025\/01\/balik-unu-1-300x167.jpg 300w, https:\/\/www.agroviva.com.tr\/wp-content\/uploads\/2025\/01\/balik-unu-1-18x10.jpg 18w, https:\/\/www.agroviva.com.tr\/wp-content\/uploads\/2025\/01\/balik-unu-1-700x389.jpg 700w\" sizes=\"auto, (max-width: 720px) 100vw, 720px\" \/><\/div>\r\n\t\t<\/div>\r\n\t<\/div>\r\n<div class=\"vc_empty_space  vc_empty_space_11\"   style=\"height: 30px\" ><span class=\"vc_empty_space_inner\"><\/span><\/div>\r\n<div class=\"vc_custom_heading vc_custom_heading_69f7164545fb4680084390\" ><h2 style=\"text-align: left;font-family:Abril Fatface;font-weight:400;font-style:normal\"><span class=\"hilight\"  >Besin De\u011ferleri<\/span><\/h2><\/div><div class=\"vc_empty_space  vc_empty_space_12\"   style=\"height: 30px\" ><span class=\"vc_empty_space_inner\"><\/span><\/div>\r\n\n\t<div class=\"wpb_text_column_13 wpb_text_column wpb_content_element\">\n\t\t<div class=\"wpb_wrapper\" >\n\t\t\t<p>\u00d6zellikle bu \u00fcr\u00fcnde kullan\u0131lan bal\u0131k cinsi, \u00fcretim \u015fekilleri ve i\u015fleme y\u00f6ntemleri besin de\u011ferlerinde kayda de\u011fer farkl\u0131l\u0131klar g\u00f6sterebilir. Ancak yakla\u015f\u0131k besin de\u011ferleri a\u015fa\u011f\u0131daki gibidir:<\/p>\n<ul>\n<li>Protein: %60-75 aras\u0131<\/li>\n<li>Ya\u011f: %10-15 aras\u0131<\/li>\n<li>Nem: %5-10 aras\u0131<\/li>\n<li>K\u00fcl: %15-20 aras\u0131<\/li>\n<li>Lif: %1-3 aras\u0131<\/li>\n<\/ul>\n<p>\u00dcreticinin ger\u00e7ekle\u015ftirdi\u011fi analiz raporlar\u0131n\u0131 inceleyerek daha detayl\u0131 bilgi edinebilirsiniz.<\/p>\n\n\t\t<\/div> \n\t<\/div> <div class=\"vc_empty_space  vc_empty_space_14\"   style=\"height: 30px\" ><span class=\"vc_empty_space_inner\"><\/span><\/div>\r\n<div class=\"vc_custom_heading vc_custom_heading_69f7164546259709661278\" ><h2 style=\"text-align: left;font-family:Abril Fatface;font-weight:400;font-style:normal\"><span class=\"hilight\"  >Bal\u0131k Unu Fiyat<\/span><\/h2><\/div><div class=\"vc_empty_space  vc_empty_space_15\"   style=\"height: 30px\" ><span class=\"vc_empty_space_inner\"><\/span><\/div>\r\n\n\t<div class=\"wpb_text_column_16 wpb_text_column wpb_content_element\">\n\t\t<div class=\"wpb_wrapper\" >\n\t\t\t<p><strong>Bal\u0131k unu fiyat<\/strong> belirlenmesinde, \u00fcr\u00fcn kalitesi, \u00fcreticinin i\u015flem y\u00f6ntemleri, piyasa ko\u015fullar\u0131 \u00f6nemli etkenlerdir. Kullan\u0131lan bal\u0131k cinsleri ve piyasadaki bal\u0131k fiyatlar\u0131 da de\u011fi\u015fkenli\u011fe sebep olan fakt\u00f6rlerdendir. Daha \u00e7ok miktarlarda al\u0131m yap\u0131ld\u0131\u011f\u0131 takdirde fiyatlar d\u00fc\u015fmektedir. Belirtildi\u011fi \u00fczere \u00f6zellikle yem sekt\u00f6r\u00fcnde besleyici \u00f6zellikleriyle \u00f6ne \u00e7\u0131kan bal\u0131k unundan maksimum fayday\u0131 g\u00f6rebilmek i\u00e7in \u00fcretici firman\u0131n \u00f6zenle se\u00e7ilmesi gerekir.<\/p>\n<p>Detayl\u0131 bilgi ve fiyat teklifi i\u00e7in <a href=\"https:\/\/www.instagram.com\/agrovivagida\/\" rel=\"nofollow noopener\" target=\"_blank\">sosyal medya<\/a>, <a href=\"https:\/\/www.agroviva.com.tr\/en\/iletisim\/\">ileti\u015fim formunu<\/a> doldurarak ya da telefon arac\u0131l\u0131\u011f\u0131yla bize ula\u015fabilirsiniz.<\/p>\n\n\t\t<\/div> \n\t<\/div> <div class=\"vc_empty_space  vc_empty_space_17\"   style=\"height: 30px\" ><span class=\"vc_empty_space_inner\"><\/span><\/div>\r\n<\/div><\/div><\/div><\/div><\/div><\/div><\/div><div class=\"container row_section vc_row_p_30\"><div  class=\"vc_row wpb_row vc_row-fluid vc_column-gap-30 vc_row-69f7164546645660627602\"   style=' text-align:left; z-index:0;'><div class=\"row-container container-fluid\"><div class=\"row-inner\"><div class=\"wpb_column vc_column_container vc_col-sm-12 vc_column_container_69f71645467e4087558425\" style=\"z-index:0\"><div class=\"vc_column-inner\"><div class=\"wpb_wrapper\"><div class=\"rdy_button_align center\"  data-animation-class=\"fadeInUp2\"><a href=\"https:\/\/www.agroviva.com.tr\/en\/teklifal\/\" class=\"rdy_button  large amination-outside animate-element dark flat-dimension button-18\" style=\"border-width: 2px!important; border-radius: 1px;-moz-border-radius: 1px;-webkit-border-radius: 1px; \" data-animation-class=\"fadeInUp2\"><span>Bilgi Al<\/span><\/a><\/div><\/div><\/div><\/div><\/div><\/div><\/div><\/div>\n<\/section>","protected":false},"excerpt":{"rendered":"Bal\u0131k unu, taze ya da i\u015flenmi\u015f \u00e7e\u015fitli bal\u0131k t\u00fcrlerinden veya at\u0131klar\u0131ndan elde edilen y\u00fcksek proteinli bir \u00fcr\u00fcnd\u00fcr. \u00dcretim yerleri ve \u00fcretici tercihlerine ba\u011fl\u0131 olarak de\u011fi\u015fiklik g\u00f6sterse de genellikle morina, \u00e7a\u00e7a, [...]","protected":false},"author":1,"featured_media":13134,"parent":0,"menu_order":0,"comment_status":"closed","ping_status":"closed","template":"","meta":{"footnotes":""},"class_list":["post-12512","page","type-page","status-publish","has-post-thumbnail","hentry"],"_links":{"self":[{"href":"https:\/\/www.agroviva.com.tr\/en\/wp-json\/wp\/v2\/pages\/12512","targetHints":{"allow":["GET"]}}],"collection":[{"href":"https:\/\/www.agroviva.com.tr\/en\/wp-json\/wp\/v2\/pages"}],"about":[{"href":"https:\/\/www.agroviva.com.tr\/en\/wp-json\/wp\/v2\/types\/page"}],"author":[{"embeddable":true,"href":"https:\/\/www.agroviva.com.tr\/en\/wp-json\/wp\/v2\/users\/1"}],"replies":[{"embeddable":true,"href":"https:\/\/www.agroviva.com.tr\/en\/wp-json\/wp\/v2\/comments?post=12512"}],"version-history":[{"count":9,"href":"https:\/\/www.agroviva.com.tr\/en\/wp-json\/wp\/v2\/pages\/12512\/revisions"}],"predecessor-version":[{"id":13250,"href":"https:\/\/www.agroviva.com.tr\/en\/wp-json\/wp\/v2\/pages\/12512\/revisions\/13250"}],"wp:featuredmedia":[{"embeddable":true,"href":"https:\/\/www.agroviva.com.tr\/en\/wp-json\/wp\/v2\/media\/13134"}],"wp:attachment":[{"href":"https:\/\/www.agroviva.com.tr\/en\/wp-json\/wp\/v2\/media?parent=12512"}],"curies":[{"name":"wp","href":"https:\/\/api.w.org\/{rel}","templated":true}]}}