{"id":12513,"date":"2024-04-25T09:31:33","date_gmt":"2024-04-25T06:31:33","guid":{"rendered":"https:\/\/www.agroviva.com.tr\/urundetay1-6\/"},"modified":"2025-01-30T01:55:28","modified_gmt":"2025-01-29T22:55:28","slug":"razmol","status":"publish","type":"page","link":"https:\/\/www.agroviva.com.tr\/en\/razmol\/","title":{"rendered":"Razmol Nedir?"},"content":{"rendered":"<section class=\"wpb-content-wrapper\"><div class=\"container row_section vc_row_p_30\"><div  class=\"vc_row wpb_row vc_row-fluid vc_column-gap-30 vc_row-69f707b3849a6535525815\"   style=' text-align:left; z-index:0;'><div class=\"row-container container-fluid\"><div class=\"row-inner\"><div class=\"wpb_column vc_column_container vc_col-sm-12 vc_column_container_69f707b384b9c005116549\" style=\"z-index:0\"><div class=\"vc_column-inner\"><div class=\"wpb_wrapper\">\n\t<div class=\"wpb_text_column_1 wpb_text_column wpb_content_element\">\n\t\t<div class=\"wpb_wrapper\" >\n\t\t\t<p><strong>Razmol<\/strong> en temelde bu\u011fday kepe\u011finin daha ince halidir. Un \u00fcretimi s\u0131ras\u0131nda bu\u011fday kabu\u011funun ayr\u0131lmas\u0131 i\u015flemleri s\u0131ras\u0131nda eleklerde daha ince yap\u0131da olan k\u0131sm\u0131n\u0131n ayr\u0131lmas\u0131 ile elde edilen razmol, \u00f6zellikle yem sekt\u00f6r\u00fcnde s\u0131kl\u0131kla tercih edilen bir yan \u00fcr\u00fcnd\u00fcr. Enerji kayna\u011f\u0131 olmas\u0131, lif i\u00e7erikli yap\u0131s\u0131, protein ve \u00e7e\u015fitli minerallerden zengin olu\u015fu nedeniyle hayvanlar\u0131n geli\u015fimi ve b\u00fcy\u00fcmesinde faydal\u0131 bir \u00fcr\u00fcnd\u00fcr. Ayr\u0131ca g\u0131da sekt\u00f6r\u00fcnde ekmek, pide yap\u0131m\u0131nda de\u011ferlendirilebilmektedir.<\/p>\n\n\t\t<\/div> \n\t<\/div> <\/div><\/div><\/div><\/div><\/div><\/div><\/div><div class=\"container row_section vc_row_p_30\"><div  class=\"vc_row wpb_row vc_row-fluid vc_column-gap-30 vc_row-69f707b384dfe743550895\"   style=' text-align:left; z-index:0;'><div class=\"row-container container-fluid\"><div class=\"row-inner\"><div class=\"wpb_column vc_column_container vc_col-sm-12 vc_column_container_69f707b384f1d659710955\" style=\"z-index:0\"><div class=\"vc_column-inner\"><div class=\"wpb_wrapper\"><div class=\"vc_custom_heading vc_custom_heading_69f707b3850a2948771353\" ><h3 style=\"text-align: left;font-family:Abril Fatface;font-weight:400;font-style:normal\"><span class=\"hilight\"  >Razmol Nas\u0131l \u00dcretilir?<\/span><\/h3><\/div>\n\t<div class=\"wpb_text_column_2 wpb_text_column wpb_content_element\">\n\t\t<div class=\"wpb_wrapper\" >\n\t\t\t<p>Razmol uygun toprak yap\u0131s\u0131 ve iklim ko\u015fullar\u0131nda \u00fcretilen bu\u011fday\u0131n \u00f6\u011f\u00fct\u00fclmesi esnas\u0131nda elde edilir. Bu\u011fday\u0131n temizlenerek ay\u0131klanmas\u0131n\u0131n ard\u0131ndan belirli bir rutubete getirilerek \u00f6\u011f\u00fctme ve k\u0131rma i\u015flemi ger\u00e7ekle\u015ftirilir. Un \u00fcretimi i\u00e7in ger\u00e7ekle\u015ftirilen bu i\u015flemlerin ard\u0131ndan arta kalan kepek ve <strong>razmol <\/strong>elde edilmi\u015f olur.<\/p>\n\n\t\t<\/div> \n\t<\/div> <\/div><\/div><\/div><\/div><\/div><\/div><\/div><div class=\"container row_section vc_row_p_30\"><div  class=\"vc_row wpb_row vc_row-fluid vc_column-gap-30 vc_row-69f707b3852fb764250883\"   style=' text-align:left; z-index:0;'><div class=\"row-container container-fluid\"><div class=\"row-inner\"><div class=\"wpb_column vc_column_container vc_col-sm-12 vc_column_container_69f707b3853d3441152546\" style=\"z-index:0\"><div class=\"vc_column-inner\"><div class=\"wpb_wrapper\"><div class=\"vc_custom_heading vc_custom_heading_69f707b3854da975534908\" ><h3 style=\"text-align: left;font-family:Abril Fatface;font-weight:400;font-style:normal\"><span class=\"hilight\"  >Razmol Besin De\u011ferleri<\/span><\/h3><\/div>\n\t<div class=\"wpb_text_column_3 wpb_text_column wpb_content_element\">\n\t\t<div class=\"wpb_wrapper\" >\n\t\t\t<p>Razmol\u00fcn besin de\u011ferleri bu\u011fday kepe\u011fi ile benzer \u00f6zelliktedir. 100 gram razmol\u00fcn yakla\u015f\u0131k besin de\u011ferleri \u015fu \u015fekildedir:<\/p>\n<ul>\n<li>Protein: %12 min.<\/li>\n<li>Lif: %25<\/li>\n<li>Karbonhidrat: %55<\/li>\n<li>Ya\u011f: %5<\/li>\n<li>Vitaminler ve Mineraller:<\/li>\n<li>Demir: %20<\/li>\n<li>Magnezyum: %25<\/li>\n<li>\u00c7inko: %15<\/li>\n<li>Fosfor: %20<\/li>\n<li>Potasyum: %18<\/li>\n<li>Kalsiyum: %10<\/li>\n<li>B1 Vitamini (Tiyamin): %20<\/li>\n<li>B2 Vitamini (Riboflavin): %15<\/li>\n<li>B3 Vitamini (Niasin): %20<\/li>\n<li>B6 Vitamini: %15<\/li>\n<li>Folat (B9 Vitamini): %20<\/li>\n<\/ul>\n<p>\u00d6zellikle yem sekt\u00f6r\u00fcnde, besleyicilik a\u00e7\u0131s\u0131ndan protein de\u011ferinin %12&#8217;nin alt\u0131na d\u00fc\u015f\u00fcr\u00fclmemesine dikkat edilmelidir.<\/p>\n\n\t\t<\/div> \n\t<\/div> <\/div><\/div><\/div><\/div><\/div><\/div><\/div><div class=\"container row_section vc_row_p_30\"><div  class=\"vc_row wpb_row vc_row-fluid vc_column-gap-30 vc_row-69f707b3856b0835133322\"   style=' text-align:left; z-index:0;'><div class=\"row-container container-fluid\"><div class=\"row-inner\"><div class=\"wpb_column vc_column_container vc_col-sm-12 vc_column_container_69f707b38578f263766024\" style=\"z-index:0\"><div class=\"vc_column-inner\"><div class=\"wpb_wrapper\"><div class=\"vc_custom_heading vc_custom_heading_69f707b3858a1893708272\" ><h3 style=\"text-align: left;font-family:Abril Fatface;font-weight:400;font-style:normal\"><span class=\"hilight\"  >Yem Sekt\u00f6r\u00fcnde Razmol Kullan\u0131m\u0131<\/span><\/h3><\/div>\n\t<div class=\"wpb_text_column_4 wpb_text_column wpb_content_element\">\n\t\t<div class=\"wpb_wrapper\" >\n\t\t\t<p>Razmol pek \u00e7ok hayvan i\u00e7in faydal\u0131 ve besleyici bir yem bile\u015fenidir. Uygun fiyat\u0131 ve doyurucu olmas\u0131yla \u00f6ne \u00e7\u0131kar. \u00d6zellikle s\u00fct veren hayvanlar\u0131n verimini art\u0131rmak i\u00e7in yem rasyonlar\u0131na ilave edilmektedir. B\u00fcy\u00fckba\u015f hayvanlar\u0131n rasyonlar\u0131na ihtiya\u00e7lar da g\u00f6zetilerek %30-%40 oran\u0131nda yem bile\u015fene dahil edilebilir. Bunun d\u0131\u015f\u0131nda,<\/p>\n<ul>\n<li><strong>K\u00fcmes Hayvanlar\u0131: <\/strong>Hindi, \u00f6rdek, tavuk, kaz gibi k\u00fcmes hayvanlar\u0131 i\u00e7in besleyici bir besin kayna\u011f\u0131d\u0131r. Protein miktar\u0131 ve lif i\u00e7eri\u011finin y\u00fcksek olmas\u0131 nedeniyle enerji verir ve sindirim sistemini destekler. \u0130lave edilen un nedeniyle doyuruculu\u011fu art\u0131r\u0131lm\u0131\u015ft\u0131r. Ayr\u0131ca yumurta \u00fcretimi ve et verimini destekler.<\/li>\n<li><strong>S\u0131\u011f\u0131r: <\/strong>Lif, protein, mineral kaynaklar\u0131 nedeniyle s\u0131\u011f\u0131r gibi b\u00fcy\u00fckba\u015f hayvanlar i\u00e7in olduk\u00e7a faydal\u0131d\u0131r. Tek ba\u015f\u0131na yeterli olmamakla beraber yem rasyonlar\u0131na ilave edildi\u011finde dengeli bir beslenme i\u00e7in etki g\u00f6sterir. Hayvanlar\u0131n geli\u015fimini destekleyerek \u00fcretimde verimi y\u00fckseltir.<\/li>\n<li><strong>Ke\u00e7i ve Koyun: <\/strong>T\u0131pk\u0131 b\u00fcy\u00fckba\u015f hayvanlar ve k\u00fcmes hayvanlar\u0131nda oldu\u011fu gibi k\u00fc\u00e7\u00fckba\u015f hayvanlar i\u00e7in de sa\u011fl\u0131kl\u0131 bir beslenme i\u00e7in kaliteli bir alternatif sunar.<\/li>\n<li><strong>Bal\u0131k: <\/strong>Y\u00fcksek protein i\u00e7eri\u011fi en \u00f6nemli tercih sebebidir. \u00d6zellikle profesyonel bal\u0131k yeti\u015ftiricili\u011finde verimi art\u0131rmak i\u00e7in tercih edilir. Yem form\u00fclasyonlar\u0131na dahil edildi\u011finde bal\u0131klar i\u00e7in sa\u011fl\u0131kl\u0131 bir yem katk\u0131s\u0131 olacakt\u0131r.<\/li>\n<\/ul>\n<p>Hayvan yemi sekt\u00f6r\u00fcnde pek \u00e7ok faydas\u0131 olmas\u0131 nedeniyle s\u0131kl\u0131kla tercih edilmektedir<\/p>\n<p><strong>Razmol Faydalar\u0131<\/strong><\/p>\n<ul>\n<li>Yem bile\u015fenlerine kar\u0131\u015ft\u0131rmak i\u00e7in uygun fiyatl\u0131 bir se\u00e7enek sunar.<\/li>\n<li>Bu\u011fday kepe\u011fi ve un kar\u0131\u015f\u0131m\u0131 i\u00e7erdi\u011fi i\u00e7in doyurucu ve sa\u011fl\u0131kl\u0131d\u0131r.<\/li>\n<li>Uzun s\u00fcre tokluk hissi verir.<\/li>\n<li>Enerjiyi art\u0131rarak metabolizmay\u0131 destekler.<\/li>\n<li>Lifli yap\u0131s\u0131yla sindirimi kolayla\u015ft\u0131r\u0131r.<\/li>\n<li>Fosfor, demir, magnezyum gibi mineraller ile ba\u011f\u0131\u015f\u0131kl\u0131\u011f\u0131 kuvvetlendirir.<\/li>\n<li>Glisemik indeksi d\u00fc\u015f\u00fckt\u00fcr. B\u00f6ylece kan \u015fekerinin dengelenmesini sa\u011flar.<\/li>\n<li>Unlu yap\u0131s\u0131 nedeniyle di\u011fer yemlerle kolayca kar\u0131\u015f\u0131m elde edilebilir.<\/li>\n<li>Dengeli beslenme i\u00e7in etkili bir yem bile\u015fenidir.<\/li>\n<li>\u00c7e\u015fitli \u00e7iftlik hayvanlar\u0131 i\u00e7in kullan\u0131ma uygundur.<\/li>\n<\/ul>\n\n\t\t<\/div> \n\t<\/div> <\/div><\/div><\/div><\/div><\/div><\/div><\/div><div class=\"container row_section vc_row_p_30\"><div  class=\"vc_row wpb_row vc_row-fluid vc_column-gap-30 vc_row-69f707b385a94347258624\"   style=' text-align:left; z-index:0;'><div class=\"row-container container-fluid\"><div class=\"row-inner\"><div class=\"wpb_column vc_column_container vc_col-sm-12 vc_column_container_69f707b385b65901941578\" style=\"z-index:0\"><div class=\"vc_column-inner\"><div class=\"wpb_wrapper\"><div class=\"vc_custom_heading vc_custom_heading_69f707b385c61957417869\" ><h3 style=\"text-align: left;font-family:Abril Fatface;font-weight:400;font-style:normal\"><span class=\"hilight\"  >Razmol Fiyatlar\u0131<\/span><\/h3><\/div>\n\t<div class=\"wpb_text_column_5 wpb_text_column wpb_content_element\">\n\t\t<div class=\"wpb_wrapper\" >\n\t\t\t<p>Razmol, hayvan yemi ve yem rasyonlar\u0131nda kullan\u0131lan etkili bir bile\u015fen olarak dikkat \u00e7ekmektedir. Bu \u00fcr\u00fcn, hayvan beslenmesinde kaliteyi art\u0131r\u0131rken maliyetleri optimize etme avantaj\u0131 sunar. Piyasadaki de\u011fi\u015fimlerden, fabrikalar\u0131n \u00e7al\u0131\u015fma kapasiteleri ve elbette bu\u011fday fiyatlar\u0131ndaki de\u011fi\u015fimlerden etkilenen <strong>razmol fiyatlar\u0131 <\/strong>di\u011fer yem hammaddelerine k\u0131yasla daha uygun fiyatl\u0131d\u0131r. Arz \/ talep ko\u015fullar\u0131, \u00fcretim s\u00fcreci, nakliye ve depolama ko\u015fullar\u0131na ba\u011fl\u0131 olarak fiyatlarda de\u011fi\u015fiklik olabilmektedir.<\/p>\n<p>&nbsp;<\/p>\n<div id=\"gtx-trans\" style=\"position: absolute; left: -7px; top: 174px;\">\n<div class=\"gtx-trans-icon\"><\/div>\n<\/div>\n\n\t\t<\/div> \n\t<\/div> <\/div><\/div><\/div><\/div><\/div><\/div><\/div><div class=\"container row_section vc_row_p_30\"><div  class=\"vc_row wpb_row vc_row-fluid vc_column-gap-30 vc_row-69f707b385e06944755665\"   style=' text-align:left; z-index:0;'><div class=\"row-container container-fluid\"><div class=\"row-inner\"><div class=\"wpb_column vc_column_container vc_col-sm-12 vc_column_container_69f707b385f15829744652\" style=\"z-index:0\"><div class=\"vc_column-inner\"><div class=\"wpb_wrapper\">\n\t<div class=\"wpb_text_column_6 wpb_text_column wpb_content_element\">\n\t\t<div class=\"wpb_wrapper\" >\n\t\t\t<p>Detayl\u0131 bilgi ve fiyat teklifi i\u00e7in <a href=\"https:\/\/www.instagram.com\/agrovivagida\/\" rel=\"nofollow noopener\" target=\"_blank\">sosyal medya<\/a> veya <a href=\"https:\/\/www.agroviva.com.tr\/en\/iletisim\/\">ileti\u015fim formunu<\/a> doldurarak ya da telefon arac\u0131l\u0131\u011f\u0131yla bize ula\u015fabilirsiniz.<\/p>\n<div id=\"gtx-trans\" style=\"position: absolute; left: 223px; top: -10px; text-align: center;\">\n<div class=\"gtx-trans-icon\"><\/div>\n<\/div>\n\n\t\t<\/div> \n\t<\/div> <div class=\"rdy_button_align center\"  data-animation-class=\"fadeInUp2\"><a href=\"https:\/\/www.agroviva.com.tr\/en\/teklifal\/\" class=\"rdy_button  large amination-outside animate-element dark flat-dimension button-7\" style=\"border-width: 2px!important; border-radius: 1px;-moz-border-radius: 1px;-webkit-border-radius: 1px; \" data-animation-class=\"fadeInUp2\"><span>Bilgi Al<\/span><\/a><\/div><\/div><\/div><\/div><\/div><\/div><\/div><\/div>\n<\/section>","protected":false},"excerpt":{"rendered":"Razmol en temelde bu\u011fday kepe\u011finin daha ince halidir. Un \u00fcretimi s\u0131ras\u0131nda bu\u011fday kabu\u011funun ayr\u0131lmas\u0131 i\u015flemleri s\u0131ras\u0131nda eleklerde daha ince yap\u0131da olan k\u0131sm\u0131n\u0131n ayr\u0131lmas\u0131 ile elde edilen razmol, \u00f6zellikle yem sekt\u00f6r\u00fcnde [...]","protected":false},"author":1,"featured_media":13141,"parent":0,"menu_order":0,"comment_status":"closed","ping_status":"closed","template":"","meta":{"footnotes":""},"class_list":["post-12513","page","type-page","status-publish","has-post-thumbnail","hentry"],"_links":{"self":[{"href":"https:\/\/www.agroviva.com.tr\/en\/wp-json\/wp\/v2\/pages\/12513","targetHints":{"allow":["GET"]}}],"collection":[{"href":"https:\/\/www.agroviva.com.tr\/en\/wp-json\/wp\/v2\/pages"}],"about":[{"href":"https:\/\/www.agroviva.com.tr\/en\/wp-json\/wp\/v2\/types\/page"}],"author":[{"embeddable":true,"href":"https:\/\/www.agroviva.com.tr\/en\/wp-json\/wp\/v2\/users\/1"}],"replies":[{"embeddable":true,"href":"https:\/\/www.agroviva.com.tr\/en\/wp-json\/wp\/v2\/comments?post=12513"}],"version-history":[{"count":9,"href":"https:\/\/www.agroviva.com.tr\/en\/wp-json\/wp\/v2\/pages\/12513\/revisions"}],"predecessor-version":[{"id":13266,"href":"https:\/\/www.agroviva.com.tr\/en\/wp-json\/wp\/v2\/pages\/12513\/revisions\/13266"}],"wp:featuredmedia":[{"embeddable":true,"href":"https:\/\/www.agroviva.com.tr\/en\/wp-json\/wp\/v2\/media\/13141"}],"wp:attachment":[{"href":"https:\/\/www.agroviva.com.tr\/en\/wp-json\/wp\/v2\/media?parent=12513"}],"curies":[{"name":"wp","href":"https:\/\/api.w.org\/{rel}","templated":true}]}}