{"id":12516,"date":"2024-04-25T09:31:46","date_gmt":"2024-04-25T06:31:46","guid":{"rendered":"https:\/\/www.agroviva.com.tr\/urundetay1-9\/"},"modified":"2025-01-30T11:48:50","modified_gmt":"2025-01-30T08:48:50","slug":"bugday-kepegi","status":"publish","type":"page","link":"https:\/\/www.agroviva.com.tr\/en\/bugday-kepegi\/","title":{"rendered":"Wheat Bran"},"content":{"rendered":"<section class=\"wpb-content-wrapper\"><div class=\"container row_section vc_row_p_30\"><div  class=\"vc_row wpb_row vc_row-fluid vc_column-gap-30 vc_row-69f7079a890cc512582767\"   style=' text-align:left; z-index:0;'><div class=\"row-container container-fluid\"><div class=\"row-inner\"><div class=\"wpb_column vc_column_container vc_col-sm-12 vc_column_container_69f7079a89381558646930\" style=\"z-index:0\"><div class=\"vc_column-inner\"><div class=\"wpb_wrapper\"><div class=\"vc_empty_space  vc_empty_space_1\"   style=\"height: 30px\" ><span class=\"vc_empty_space_inner\"><\/span><\/div>\r\n\n\t<div class=\"wpb_text_column_2 wpb_text_column wpb_content_element\">\n\t\t<div class=\"wpb_wrapper\" >\n\t\t\t<p><strong>Bu\u011fday kepe\u011fi<\/strong>, <a href=\"https:\/\/www.agroviva.com.tr\/en\/bugday\/\">bu\u011fday<\/a>\u0131n \u00f6\u011f\u00fct\u00fclerek i\u015flenmesi s\u0131ras\u0131nda, bu\u011fday\u0131n d\u0131\u015f kabu\u011funun elekler yard\u0131m\u0131yla ayr\u0131lmas\u0131yla elde edilen bir yan \u00fcr\u00fcnd\u00fcr. Bu\u011fday i\u015flenirken bu\u011fday unu yap\u0131m\u0131ndan sonra geriye kalan hayvan yemi \u00fcretiminde de\u011ferlendirilen \u00f6nemli bir yan bile\u015fendir. \u0130\u00e7erdi\u011fi \u00e7\u00f6z\u00fcnebilir ve \u00e7\u00f6z\u00fcnmeyen lifler, antioksidan besin maddeleri sayesinde sa\u011fl\u0131kl\u0131 beslenme i\u00e7in \u00f6nemli bir alternatif sunar. Bunlar\u0131n yan\u0131 s\u0131ra, hayvan yeminde ve \u00e7e\u015fitli end\u00fcstriyel uygulamalarda \u00e7ok y\u00f6nl\u00fc bir bile\u015fen olmas\u0131 nedeniyle s\u0131kl\u0131kla tercih edilmektedir.<\/p>\n\n\t\t<\/div> \n\t<\/div> <div class=\"vc_empty_space  vc_empty_space_3\"   style=\"height: 30px\" ><span class=\"vc_empty_space_inner\"><\/span><\/div>\r\n<div class=\"vc_custom_heading vc_custom_heading_69f7079a897b1200559683\" ><h2 style=\"text-align: left;font-family:Abril Fatface;font-weight:400;font-style:normal\"><span class=\"hilight\"  >Nas\u0131l \u00dcretilir?<\/span><\/h2><\/div><div class=\"vc_empty_space  vc_empty_space_4\"   style=\"height: 30px\" ><span class=\"vc_empty_space_inner\"><\/span><\/div>\r\n\n\t<div class=\"wpb_text_column_5 wpb_text_column wpb_content_element\">\n\t\t<div class=\"wpb_wrapper\" >\n\t\t\t<p>Bu\u011fday kepe\u011fi \u00fcretim s\u00fcreci, birka\u00e7 titiz a\u015famadan ge\u00e7erek y\u00fcksek kaliteli kepe\u011fin elde edilmesini sa\u011flar. \u0130lk olarak, bu\u011fday tanelerinin i\u00e7ine kar\u0131\u015fm\u0131\u015f olan topra\u011f\u0131, ta\u015f\u0131, yabanc\u0131 ot tohumlar\u0131n\u0131 ve di\u011fer kirleticileri temizlemek i\u00e7in eleklerden ge\u00e7irilir. Bu i\u015flem, bu\u011fday\u0131n d\u0131\u015f y\u00fczeyindeki toz gibi kirletici maddelerin ayr\u0131lmas\u0131n\u0131 sa\u011flar. Ard\u0131ndan, kavuz gibi bitkiden gelen kabuklar, kabuk soyucular yard\u0131m\u0131yla soyulur. Bu a\u015fama, bu\u011fday\u0131n \u00f6n temizli\u011fini tamamlanm\u0131\u015f olur.<\/p>\n<p>Temizlenen bu\u011fday taneleri, ard\u0131ndan kuru y\u0131kama y\u00f6ntemine tabi tutulur. Kuru y\u0131kama, bu\u011fday\u0131n tanelerinde kalan toz ve di\u011fer yabanc\u0131 maddeleri iyice temizler, b\u00f6ylece daha saf bir \u00fcr\u00fcn elde edilir. Y\u0131kama sonras\u0131 bu\u011fday, belirli bir nem seviyesine getirilir ve sonra dinlendirilmeye al\u0131n\u0131r. Bu dinlendirme s\u00fcreci, bu\u011fday\u0131n i\u015fleme s\u0131ras\u0131nda daha verimli olmas\u0131n\u0131 sa\u011flar. \u0130stenilen nem seviyesine ula\u015fan bu\u011fday taneleri, \u00f6\u011f\u00fct\u00fclmek \u00fczere haz\u0131r hale gelir.<\/p>\n<p>\u00d6\u011f\u00fctme a\u015famas\u0131nda, bu\u011fday taneleri, bu\u011fday unu \u00fcretimi i\u00e7in kullan\u0131lan \u00f6zel makinelerle \u00f6\u011f\u00fct\u00fcl\u00fcr. Bu i\u015flem s\u0131ras\u0131nda, i\u00e7indeki kepek ve di\u011fer bile\u015fenler elekler yard\u0131m\u0131yla ayr\u0131l\u0131r. Kepek, bu\u011fday\u0131n d\u0131\u015f k\u0131sm\u0131ndaki lifli k\u0131s\u0131md\u0131r ve bu i\u015flem sayesinde ayr\u0131\u015ft\u0131r\u0131l\u0131r. Bu a\u015fama, bu\u011fday\u0131n en sert ve lifli k\u0131sm\u0131n\u0131 d\u0131\u015far\u0131da b\u0131rak\u0131r ve elde edilen kepek daha verimli hale gelir.<\/p>\n<p>Kepek \u00fcretimi s\u0131ras\u0131nda, \u00f6\u011f\u00fctme i\u015flemi birka\u00e7 defa yap\u0131l\u0131r. Bu, kepe\u011fin safla\u015ft\u0131r\u0131lmas\u0131 ve i\u00e7indeki un par\u00e7ac\u0131klar\u0131n\u0131n ayr\u0131\u015ft\u0131r\u0131lmas\u0131 i\u00e7in \u00f6nemlidir. \u00d6\u011f\u00fct\u00fclm\u00fc\u015f \u00fcr\u00fcn, son bir kez eleklerden ge\u00e7irilerek daha iri taneler ve kalan un par\u00e7ac\u0131klar\u0131 ayr\u0131l\u0131r. Bu son i\u015flemle, y\u00fcksek kaliteli <strong>bu\u011fday kepe\u011fi<\/strong> elde edilir.<\/p>\n\n\t\t<\/div> \n\t<\/div> <div class=\"vc_empty_space  vc_empty_space_6\"   style=\"height: 30px\" ><span class=\"vc_empty_space_inner\"><\/span><\/div>\r\n<div class=\"vc_custom_heading vc_custom_heading_69f7079a89b72202233812\" ><h2 style=\"text-align: left;font-family:Abril Fatface;font-weight:400;font-style:normal\"><span class=\"hilight\"  >Hayvan Yeminde Bu\u011fday Kepe\u011fi<\/span><\/h2><\/div><div class=\"vc_empty_space  vc_empty_space_7\"   style=\"height: 30px\" ><span class=\"vc_empty_space_inner\"><\/span><\/div>\r\n\n\t<div class=\"wpb_text_column_8 wpb_text_column wpb_content_element\">\n\t\t<div class=\"wpb_wrapper\" >\n\t\t\t<p>Bu\u011fday kepe\u011fi yem rasyonlar\u0131n\u0131 dengeli bir \u015fekilde olu\u015fturabilmek i\u00e7in \u00f6nemli bile\u015fenlerden biri olabilir. Koyun, ke\u00e7i, s\u0131\u011f\u0131r, tavuk gibi hayvanlar\u0131n yem kar\u0131\u015f\u0131mlar\u0131nda de\u011ferlendirilebilir. \u00d6zellikle gevi\u015f getiren hayvanlarda lif kayna\u011f\u0131 y\u00fcksek besinler t\u00fcketmek daha \u00f6nemlidir. Bu hayvanlar\u0131n yem kar\u0131\u015f\u0131mlar\u0131nda belirli oranda bu\u011fday kepe\u011fi ilave edilebilir.<\/p>\n<ul>\n<li><strong>Lif Kayna\u011f\u0131: <\/strong>Y\u00fcksek lif i\u00e7eren yap\u0131s\u0131 hayvanlar\u0131n sindirim sistemi i\u00e7in faydal\u0131d\u0131r. Metabolizmay\u0131 d\u00fczenleyerek sindirimi d\u00fczenler.<\/li>\n<li><strong>Vitamin Mineral Kayna\u011f\u0131:<\/strong> Fosfor, magnezyum, B vitaminleri a\u00e7\u0131s\u0131ndan zengin i\u00e7eri\u011fiyle bu\u011fday kepe\u011fi hayvanlar\u0131n sa\u011fl\u0131kl\u0131 geli\u015fimi i\u00e7in etkili bir yem bile\u015fenidir.<\/li>\n<li><strong>D\u00fc\u015f\u00fck Ni\u015fasta Oran\u0131:<\/strong> Bu\u011fday\u0131n d\u0131\u015f kabu\u011fundan elde edilen bu\u011fday kepe\u011fi, i\u00e7 k\u0131s\u0131mdaki gibi ni\u015fastal\u0131 yap\u0131da de\u011fildir.<\/li>\n<\/ul>\n<p>Hayvanlar\u0131n performanslar\u0131, \u00fcretim ama\u00e7lar\u0131 dikkate al\u0131narak yem bile\u015feni olarak kullan\u0131labilir.<\/p>\n\n\t\t<\/div> \n\t<\/div> <div class=\"vc_empty_space  vc_empty_space_9\"   style=\"height: 30px\" ><span class=\"vc_empty_space_inner\"><\/span><\/div>\r\n<div class=\"vc_custom_heading vc_custom_heading_69f7079a89e10990361173\" ><h2 style=\"text-align: left;font-family:Abril Fatface;font-weight:400;font-style:normal\"><span class=\"hilight\"  >Kullan\u0131m Alanlar\u0131<\/span><\/h2><\/div><div class=\"vc_empty_space  vc_empty_space_10\"   style=\"height: 30px\" ><span class=\"vc_empty_space_inner\"><\/span><\/div>\r\n\n\t<div class=\"wpb_text_column_11 wpb_text_column wpb_content_element\">\n\t\t<div class=\"wpb_wrapper\" >\n\t\t\t<ul>\n<li><strong>Diyet ve Beslenme<\/strong>: Y\u00fcksek lif i\u00e7eri\u011fi nedeniyle sa\u011fl\u0131kl\u0131 diyetlerin \u00f6nemli bir bile\u015feni olan bu\u011fday kepe\u011fi, sindirim sistemini d\u00fczenlemektedir. Kolesterol\u00fc dengeler, metabolizmay\u0131 destekler. Bu\u011fday kepe\u011fi, kahvalt\u0131l\u0131k gevreklerde, yo\u011furtlu smoothie kar\u0131\u015f\u0131mlar\u0131nda ya da f\u0131r\u0131nlanm\u0131\u015f sa\u011fl\u0131kl\u0131 \u00fcr\u00fcnlere eklenerek g\u00f6n\u00fcl rahatl\u0131\u011f\u0131yla t\u00fcketilebilir.<\/li>\n<li><strong>Yemek Tarifleri:<\/strong> \u00c7\u00f6rek, kurabiye gibi tariflere eklenerek k\u0131vam elde etmek ve lifli besin t\u00fcketimini art\u0131rmak i\u00e7in tercih edilebilir. Besin de\u011ferini y\u00fckselterek sa\u011fl\u0131kl\u0131 yollardan kalori almakta destek\u00e7idir.<\/li>\n<li><strong>Hayvan Yemi: <\/strong>Hayvanc\u0131l\u0131kta yem rasyonlar\u0131na dahil edilebilir. \u00d6zellikle s\u0131\u011f\u0131r, k\u00fc\u00e7\u00fckba\u015f hayvanlar, k\u00fcmes hayvanlar\u0131 i\u00e7in y\u00fcksek lif ve besin i\u00e7eri\u011fiyle geli\u015fime katk\u0131 sa\u011flar.<\/li>\n<li><strong>Di\u011fer End\u00fcstriyel Kullan\u0131mlar: <\/strong>\u00c7e\u015fitli end\u00fcstriyel faaliyetlerde <strong>bu\u011fday kepe\u011fi<\/strong> kullan\u0131lmaktad\u0131r. \u00d6rne\u011fin k\u00e2\u011f\u0131t \u00fcretiminde dolgu bile\u015feni, biyoetanol \u00fcretiminde hammadde olarak de\u011ferlendirilebilir.<\/li>\n<li><\/li>\n<\/ul>\n\n\t\t<\/div> \n\t<\/div> <div class=\"vc_empty_space  vc_empty_space_12\"   style=\"height: 30px\" ><span class=\"vc_empty_space_inner\"><\/span><\/div>\r\n<div class=\"vc_custom_heading vc_custom_heading_69f7079a8a0a4034452752\" ><h2 style=\"text-align: left;font-family:Abril Fatface;font-weight:400;font-style:normal\"><span class=\"hilight\"  >Detayl\u0131 bilgi ve fiyat almak i\u00e7in ileti\u015fime ge\u00e7iniz.<\/span><\/h2><\/div>\r\n\t<div class=\"wpb_single_image wpb_single_image_13 wpb_content_element vc_align_center\">\r\n\t\t<div class=\"wpb_wrapper\">\r\n\t\t\t\r\n\t\t\t<div class=\"vc_single_image-wrapper   vc_box_border_grey\"><img loading=\"lazy\" decoding=\"async\" width=\"796\" height=\"800\" src=\"https:\/\/www.agroviva.com.tr\/wp-content\/uploads\/2024\/04\/bugday-kepegi.jpg\" class=\"vc_single_image-img attachment-full\" alt=\"\" title=\"bu\u011fday kepe\u011fi\" srcset=\"https:\/\/www.agroviva.com.tr\/wp-content\/uploads\/2024\/04\/bugday-kepegi.jpg 796w, https:\/\/www.agroviva.com.tr\/wp-content\/uploads\/2024\/04\/bugday-kepegi-150x150.jpg 150w, https:\/\/www.agroviva.com.tr\/wp-content\/uploads\/2024\/04\/bugday-kepegi-768x772.jpg 768w, https:\/\/www.agroviva.com.tr\/wp-content\/uploads\/2024\/04\/bugday-kepegi-697x700.jpg 697w, https:\/\/www.agroviva.com.tr\/wp-content\/uploads\/2024\/04\/bugday-kepegi-600x603.jpg 600w, https:\/\/www.agroviva.com.tr\/wp-content\/uploads\/2024\/04\/bugday-kepegi-100x100.jpg 100w\" sizes=\"auto, (max-width: 796px) 100vw, 796px\" \/><\/div>\r\n\t\t<\/div>\r\n\t<\/div>\r\n<div class=\"vc_empty_space  vc_empty_space_14\"   style=\"height: 30px\" ><span class=\"vc_empty_space_inner\"><\/span><\/div>\r\n<div class=\"vc_custom_heading vc_custom_heading_69f7079a8a737630909348\" ><h2 style=\"text-align: left;font-family:Abril Fatface;font-weight:400;font-style:normal\"><span class=\"hilight\"  >Besin De\u011ferleri<\/span><\/h2><\/div><div class=\"vc_empty_space  vc_empty_space_15\"   style=\"height: 30px\" ><span class=\"vc_empty_space_inner\"><\/span><\/div>\r\n\n\t<div class=\"wpb_text_column_16 wpb_text_column wpb_content_element\">\n\t\t<div class=\"wpb_wrapper\" >\n\t\t\t<p>\u00dcr\u00fcn \u00e7e\u015fidi, i\u015flem ko\u015fullar\u0131 ve \u00fcretim s\u00fcrecine g\u00f6re farkl\u0131l\u0131k g\u00f6sterebilen besin de\u011ferleri yakla\u015f\u0131k olarak \u015fu \u015fekildedir:<\/p>\n<ul>\n<li>Lif: %40-50<\/li>\n<li>Protein: %10-15<\/li>\n<li>Karbonhidrat: %20-25<\/li>\n<li>Ya\u011f: %3-5<\/li>\n<li>\u015eeker: %2-4<\/li>\n<li>Kalsiyum: %2-4<\/li>\n<li>Demir: %15-20<\/li>\n<li>Potasyum: %10-15<\/li>\n<li>Magnezyum: %20-25<\/li>\n<li>Fosfor: %15-20<\/li>\n<li>Sodyum: %1-2<\/li>\n<li>\u00c7inko: %10-15<\/li>\n<li>Bak\u0131r: %10-15<\/li>\n<li>Manganez: %40-50<\/li>\n<\/ul>\n\n\t\t<\/div> \n\t<\/div> <div class=\"vc_empty_space  vc_empty_space_17\"   style=\"height: 30px\" ><span class=\"vc_empty_space_inner\"><\/span><\/div>\r\n<div class=\"vc_custom_heading vc_custom_heading_69f7079a8aa6b814342701\" ><h2 style=\"text-align: left;font-family:Abril Fatface;font-weight:400;font-style:normal\"><span class=\"hilight\"  >Bu\u011fday Kepe\u011fi Fiyat<\/span><\/h2><\/div><div class=\"vc_empty_space  vc_empty_space_18\"   style=\"height: 30px\" ><span class=\"vc_empty_space_inner\"><\/span><\/div>\r\n\n\t<div class=\"wpb_text_column_19 wpb_text_column wpb_content_element\">\n\t\t<div class=\"wpb_wrapper\" >\n\t\t\t<p><strong>Bu\u011fday kepe\u011fi fiyat<\/strong> olarak piyasadaki de\u011fi\u015fikliklere ve iklime ba\u011fl\u0131 olarak farkl\u0131la\u015fabilir. Yaz aylar\u0131nda hayvanlar\u0131n meralarda gezmesi sebebi ile t\u00fcketim azal\u0131r ve buna ba\u011fl\u0131 olarak talepte azal\u0131r ve fiyatlar d\u00fc\u015fme e\u011filimi g\u00f6sterir. \u00dcr\u00fcn\u00fcn kalitesi, i\u015flem s\u00fcreci, talep ve arz durumlar\u0131, nakliye maliyetleri, co\u011frafik ko\u015fullar gibi pek \u00e7ok fakt\u00f6r fiyatland\u0131rmay\u0131 etkilemektedir. Bu\u011fday kepe\u011fi ve <a href=\"https:\/\/www.agroviva.com.tr\/en\/razmol\/\"><strong>razmol fiyat<\/strong><\/a> de\u011fi\u015fiklikleri hasat miktarlar\u0131, depolama ko\u015fullar\u0131, i\u015fleme tesislerinin kapasitesi ve talep miktar\u0131yla da do\u011frudan ili\u015fkilidir. Un fabrikalar\u0131n\u0131n piyasa \u015fartlar\u0131 sebebiyle \u00e7al\u0131\u015fmamas\u0131 arz\u0131n azalmas\u0131na ve buna ba\u011fl\u0131 olarak fiyatlar\u0131n artmas\u0131na sebep olmaktad\u0131r.<\/p>\n<p>Detayl\u0131 bilgi ve fiyat teklifi i\u00e7in <a href=\"https:\/\/www.instagram.com\/agrovivagida\/\" rel=\"nofollow noopener\" target=\"_blank\">sosyal medya<\/a>, <a href=\"https:\/\/www.agroviva.com.tr\/en\/iletisim\/\">ileti\u015fim formunu<\/a> doldurarak ya da telefon arac\u0131l\u0131\u011f\u0131yla bize ula\u015fabilirsiniz.<\/p>\n\n\t\t<\/div> \n\t<\/div> <div class=\"vc_empty_space  vc_empty_space_20\"   style=\"height: 30px\" ><span class=\"vc_empty_space_inner\"><\/span><\/div>\r\n<\/div><\/div><\/div><\/div><\/div><\/div><\/div><div class=\"container row_section vc_row_p_30\"><div  class=\"vc_row wpb_row vc_row-fluid vc_column-gap-30 vc_row-69f7079a8addb153192335\"   style=' text-align:left; z-index:0;'><div class=\"row-container container-fluid\"><div class=\"row-inner\"><div class=\"wpb_column vc_column_container vc_col-sm-12 vc_column_container_69f7079a8af01619680221\" style=\"z-index:0\"><div class=\"vc_column-inner\"><div class=\"wpb_wrapper\"><div class=\"rdy_button_align center\"  data-animation-class=\"fadeInUp2\"><a href=\"https:\/\/www.agroviva.com.tr\/en\/teklifal\/\" class=\"rdy_button  large amination-outside animate-element dark flat-dimension button-21\" style=\"border-width: 2px!important; border-radius: 1px;-moz-border-radius: 1px;-webkit-border-radius: 1px; \" data-animation-class=\"fadeInUp2\"><span>Bilgi Al<\/span><\/a><\/div><\/div><\/div><\/div><\/div><\/div><\/div><\/div>\n<\/section>","protected":false},"excerpt":{"rendered":"Bu\u011fday kepe\u011fi, bu\u011fday\u0131n \u00f6\u011f\u00fct\u00fclerek i\u015flenmesi s\u0131ras\u0131nda, bu\u011fday\u0131n d\u0131\u015f kabu\u011funun elekler yard\u0131m\u0131yla ayr\u0131lmas\u0131yla elde edilen bir yan \u00fcr\u00fcnd\u00fcr. Bu\u011fday i\u015flenirken bu\u011fday unu yap\u0131m\u0131ndan sonra geriye kalan hayvan yemi \u00fcretiminde de\u011ferlendirilen \u00f6nemli [...]","protected":false},"author":1,"featured_media":13255,"parent":0,"menu_order":0,"comment_status":"closed","ping_status":"closed","template":"","meta":{"footnotes":""},"class_list":["post-12516","page","type-page","status-publish","has-post-thumbnail","hentry"],"_links":{"self":[{"href":"https:\/\/www.agroviva.com.tr\/en\/wp-json\/wp\/v2\/pages\/12516","targetHints":{"allow":["GET"]}}],"collection":[{"href":"https:\/\/www.agroviva.com.tr\/en\/wp-json\/wp\/v2\/pages"}],"about":[{"href":"https:\/\/www.agroviva.com.tr\/en\/wp-json\/wp\/v2\/types\/page"}],"author":[{"embeddable":true,"href":"https:\/\/www.agroviva.com.tr\/en\/wp-json\/wp\/v2\/users\/1"}],"replies":[{"embeddable":true,"href":"https:\/\/www.agroviva.com.tr\/en\/wp-json\/wp\/v2\/comments?post=12516"}],"version-history":[{"count":10,"href":"https:\/\/www.agroviva.com.tr\/en\/wp-json\/wp\/v2\/pages\/12516\/revisions"}],"predecessor-version":[{"id":12954,"href":"https:\/\/www.agroviva.com.tr\/en\/wp-json\/wp\/v2\/pages\/12516\/revisions\/12954"}],"wp:featuredmedia":[{"embeddable":true,"href":"https:\/\/www.agroviva.com.tr\/en\/wp-json\/wp\/v2\/media\/13255"}],"wp:attachment":[{"href":"https:\/\/www.agroviva.com.tr\/en\/wp-json\/wp\/v2\/media?parent=12516"}],"curies":[{"name":"wp","href":"https:\/\/api.w.org\/{rel}","templated":true}]}}