{"id":12517,"date":"2024-04-25T09:31:58","date_gmt":"2024-04-25T06:31:58","guid":{"rendered":"https:\/\/www.agroviva.com.tr\/urundetay1-10\/"},"modified":"2025-02-06T21:26:02","modified_gmt":"2025-02-06T18:26:02","slug":"misir-gluteni","status":"publish","type":"page","link":"https:\/\/www.agroviva.com.tr\/en\/misir-gluteni\/","title":{"rendered":"M\u0131s\u0131r Gluteni"},"content":{"rendered":"<section class=\"wpb-content-wrapper\"><div class=\"container row_section vc_row_p_30\"><div  class=\"vc_row wpb_row vc_row-fluid vc_column-gap-30 vc_row-69f70cb38334c583155294\"   style=' text-align:left; z-index:0;'><div class=\"row-container container-fluid\"><div class=\"row-inner\"><div class=\"wpb_column vc_column_container vc_col-sm-12 vc_column_container_69f70cb383640697912435\" style=\"z-index:0\"><div class=\"vc_column-inner\"><div class=\"wpb_wrapper\"><div class=\"vc_empty_space  vc_empty_space_1\"   style=\"height: 0px\" ><span class=\"vc_empty_space_inner\"><\/span><\/div>\r\n\n\t<div class=\"wpb_text_column_2 wpb_text_column wpb_content_element\">\n\t\t<div class=\"wpb_wrapper\" >\n\t\t\t<p>M\u0131s\u0131r, d\u00fcnya \u00e7ap\u0131nda yayg\u0131n olarak kullan\u0131lan ve \u00e7ok \u00e7e\u015fitli g\u0131da \u00fcr\u00fcnlerinde yer alan bir tah\u0131ld\u0131r. Ancak, m\u0131s\u0131r\u0131n sadece ni\u015fasta k\u0131sm\u0131 de\u011fil, protein i\u00e7eri\u011fiyle de dikkat \u00e7eken bir bile\u015feni vard\u0131r bu da m\u0131s\u0131r glutenidir.<strong>\u00a0M\u0131s\u0131r gluteni<\/strong>, m\u0131s\u0131r\u0131n i\u015flenmesi s\u0131ras\u0131nda embiriyo ve m\u0131s\u0131r kepe\u011fi ayr\u0131ld\u0131ktan sonra endosperm k\u0131sm\u0131nda bulunan ni\u015fastan\u0131n y\u0131kanmas\u0131ndan sonra elde edilen k\u0131ymetli tah\u0131l \u00fcr\u00fcnlerinden biridir. Di\u011fer glutenli tah\u0131llardan farkl\u0131 olarak m\u0131s\u0131r gluteni y\u00fcksek by pass protein i\u00e7erir ve yem kar\u0131\u015f\u0131mlar\u0131nda protein kayna\u011f\u0131 olarak de\u011ferlendirilmektedir. Yan\u0131 s\u0131ra g\u0131da, tekstil ve \u00e7e\u015fitli end\u00fcstrilerde kullan\u0131m\u0131 yayg\u0131nd\u0131r.<\/p>\n\n\t\t<\/div> \n\t<\/div> <div class=\"vc_empty_space  vc_empty_space_3\"   style=\"height: 0px\" ><span class=\"vc_empty_space_inner\"><\/span><\/div>\r\n<\/div><\/div><\/div><\/div><\/div><\/div><\/div><div class=\"container row_section vc_row_p_30\"><div  class=\"vc_row wpb_row vc_row-fluid vc_column-gap-30 vc_row-69f70cb383a2a682013070\"   style=' text-align:left; z-index:0;'><div class=\"row-container container-fluid\"><div class=\"row-inner\"><div class=\"wpb_column vc_column_container vc_col-sm-12 vc_column_container_69f70cb383b5f754562804\" style=\"z-index:0\"><div class=\"vc_column-inner\"><div class=\"wpb_wrapper\"><div class=\"vc_custom_heading vc_custom_heading_69f70cb383d09692292327\" ><h2 style=\"text-align: left;font-family:Abril Fatface;font-weight:400;font-style:normal\"><span class=\"hilight\"  >M\u0131s\u0131r Gluteni Nedir?<\/span><\/h2><\/div><div class=\"vc_empty_space  vc_empty_space_4\"   style=\"height: 0px\" ><span class=\"vc_empty_space_inner\"><\/span><\/div>\r\n\n\t<div class=\"wpb_text_column_5 wpb_text_column wpb_content_element\">\n\t\t<div class=\"wpb_wrapper\" >\n\t\t\t<p>M\u0131s\u0131r gluteni, m\u0131s\u0131r tanelerinde bulunan proteinlerin birle\u015fimi ile olu\u015fan bir bile\u015fiktir. Gluten, bu\u011fdayda bulunan ve ekmek yap\u0131m\u0131nda hamurun kabarmas\u0131na yard\u0131mc\u0131 olan bir proteindir. M\u0131s\u0131rda bu protein yap\u0131s\u0131 farkl\u0131d\u0131r, ancak benzer i\u015flevleri yerine getirmektedir. M\u0131s\u0131r gluteni, esasen m\u0131s\u0131r ni\u015fastas\u0131ndan \u00e7\u0131kar\u0131lan bir yan \u00fcr\u00fcn olarak, m\u0131s\u0131r\u0131n \u00f6\u011f\u00fct\u00fclmesiyle elde edilir.<\/p>\n<p>M\u0131s\u0131r gluteni, \u00f6zellikle <strong>hayvan yemi<\/strong>, <strong>g\u0131da katk\u0131 maddeleri<\/strong>, <strong>protein takviyeleri<\/strong> ve <strong>vegan g\u0131da \u00fcr\u00fcnleri<\/strong> gibi pek \u00e7ok alanda kullan\u0131lmaktad\u0131r. M\u0131s\u0131r gluteni, kendine \u00f6zg\u00fc bir protein yap\u0131s\u0131na sahip oldu\u011fu i\u00e7in, g\u0131da \u00fcretiminde lezzet ve dokuyu iyile\u015ftirmek i\u00e7in olduk\u00e7a faydal\u0131d\u0131r.<\/p>\n\n\t\t<\/div> \n\t<\/div> <div class=\"vc_empty_space  vc_empty_space_6\"   style=\"height: 0px\" ><span class=\"vc_empty_space_inner\"><\/span><\/div>\r\n<div class=\"vc_custom_heading vc_custom_heading_69f70cb3840d3378505259\" ><h2 style=\"text-align: left;font-family:Abril Fatface;font-weight:400;font-style:normal\"><span class=\"hilight\"  >M\u0131s\u0131r Gluteni Nas\u0131l \u00dcretilir?<\/span><\/h2><\/div><div class=\"vc_empty_space  vc_empty_space_7\"   style=\"height: 0px\" ><span class=\"vc_empty_space_inner\"><\/span><\/div>\r\n\n\t<div class=\"wpb_text_column_8 wpb_text_column wpb_content_element\">\n\t\t<div class=\"wpb_wrapper\" >\n\t\t\t<p>M\u0131s\u0131r i\u015flenmesinde bir yan \u00fcr\u00fcn olarak elde edilen <strong>m\u0131s\u0131r gluteni \u00fcretimi<\/strong> \u00f6zenli bir i\u015f\u00e7ilik ister. M\u0131s\u0131r taneleri \u00f6\u011f\u00fct\u00fcl\u00fcr, ru\u015feym ve m\u0131s\u0131r kepe\u011fi ayr\u0131ld\u0131ktan sonra kalan endosperm k\u0131sm\u0131 su ile kar\u0131\u015ft\u0131r\u0131l\u0131r ve hamur haline getirilir. Elde edilen hamurun y\u0131kanmas\u0131yla ni\u015fasta ayr\u0131\u015ft\u0131r\u0131l\u0131r ve geriye protein i\u00e7eren m\u0131s\u0131r gluteni kal\u0131r. Modern i\u015flem y\u00f6ntemleriyle m\u0131s\u0131r gluteni \u00e7e\u015fitli d\u00f6ner s\u00fczge\u00e7lerden ve santrif\u00fcj gibi i\u015flemlerden ge\u00e7erek protein i\u00e7eren gluten k\u0131s\u0131m al\u0131n\u0131r. Bu a\u015faman\u0131n ard\u0131ndan nemden ar\u0131nd\u0131rmak i\u00e7in kurutulan m\u0131s\u0131r gluteni \u00f6\u011f\u00fct\u00fclerek son halini almaktad\u0131r.<\/p>\n\n\t\t<\/div> \n\t<\/div> <div class=\"vc_empty_space  vc_empty_space_9\"   style=\"height: 0px\" ><span class=\"vc_empty_space_inner\"><\/span><\/div>\r\n<\/div><\/div><\/div><\/div><\/div><\/div><\/div><div class=\"container row_section vc_row_p_30\"><div  class=\"vc_row wpb_row vc_row-fluid vc_column-gap-30 vc_row-69f70cb384379888900490\"   style=' text-align:left; z-index:0;'><div class=\"row-container container-fluid\"><div class=\"row-inner\"><div class=\"wpb_column vc_column_container vc_col-sm-12 vc_column_container_69f70cb3844a5193539252\" style=\"z-index:0\"><div class=\"vc_column-inner\"><div class=\"wpb_wrapper\"><div class=\"vc_empty_space  vc_empty_space_10\"   style=\"height: 0px\" ><span class=\"vc_empty_space_inner\"><\/span><\/div>\r\n<div class=\"vc_custom_heading vc_custom_heading_69f70cb384672861039453\" ><h2 style=\"text-align: left;font-family:Abril Fatface;font-weight:400;font-style:normal\"><span class=\"hilight\"  >M\u0131s\u0131r Gluteni Besin De\u011ferleri<\/span><\/h2><\/div><div class=\"vc_empty_space  vc_empty_space_11\"   style=\"height: 0px\" ><span class=\"vc_empty_space_inner\"><\/span><\/div>\r\n\n\t<div class=\"wpb_text_column_12 wpb_text_column wpb_content_element\">\n\t\t<div class=\"wpb_wrapper\" >\n\t\t\t<p>\u00dcretim ko\u015fullar\u0131 ve m\u0131s\u0131r kalitesine ba\u011fl\u0131 olarak de\u011fi\u015fkenlik g\u00f6sterse de yakla\u015f\u0131k de\u011ferler a\u015fa\u011f\u0131daki gibidir:<\/p>\n<ul>\n<li>Protein: %60-70<\/li>\n<li>Ni\u015fasta: %20-30<\/li>\n<li>Ya\u011f: %1-2<\/li>\n<li>Karbonhidrat: %5-10<\/li>\n<li>\u015eeker: %1-2<\/li>\n<li>Kalsiyum: %0.1-0.3<\/li>\n<li>Fosfor: %0.2-0.4<\/li>\n<li>Potasyum: %0.1-0.2<\/li>\n<li>Sodyum: %0.05-0.1<\/li>\n<li>Magnezyum: %0.05-0.1<\/li>\n<li>Demir: %0.5-1<\/li>\n<li>\u00c7inko: %0.5-1<\/li>\n<li>Bak\u0131r: %0.1-0.2<\/li>\n<li>Manganez: %0.2-0.4<\/li>\n<\/ul>\n\n\t\t<\/div> \n\t<\/div> <div class=\"vc_empty_space  vc_empty_space_13\"   style=\"height: 0px\" ><span class=\"vc_empty_space_inner\"><\/span><\/div>\r\n\r\n\t<div class=\"wpb_single_image wpb_single_image_14 wpb_content_element vc_align_center\">\r\n\t\t<div class=\"wpb_wrapper\">\r\n\t\t\t\r\n\t\t\t<div class=\"vc_single_image-wrapper   vc_box_border_grey\"><img loading=\"lazy\" decoding=\"async\" width=\"720\" height=\"400\" src=\"https:\/\/www.agroviva.com.tr\/wp-content\/uploads\/2025\/01\/misir-gluteni.jpg\" class=\"vc_single_image-img attachment-full\" alt=\"m\u0131s\u0131r gluteni\" title=\"misir-gluteni\" srcset=\"https:\/\/www.agroviva.com.tr\/wp-content\/uploads\/2025\/01\/misir-gluteni.jpg 720w, https:\/\/www.agroviva.com.tr\/wp-content\/uploads\/2025\/01\/misir-gluteni-300x167.jpg 300w, https:\/\/www.agroviva.com.tr\/wp-content\/uploads\/2025\/01\/misir-gluteni-18x10.jpg 18w, https:\/\/www.agroviva.com.tr\/wp-content\/uploads\/2025\/01\/misir-gluteni-700x389.jpg 700w\" sizes=\"auto, (max-width: 720px) 100vw, 720px\" \/><\/div>\r\n\t\t<\/div>\r\n\t<\/div>\r\n<div class=\"vc_empty_space  vc_empty_space_15\"   style=\"height: 0px\" ><span class=\"vc_empty_space_inner\"><\/span><\/div>\r\n<\/div><\/div><\/div><\/div><\/div><\/div><\/div><div class=\"container row_section vc_row_p_30\"><div  class=\"vc_row wpb_row vc_row-fluid vc_column-gap-30 vc_row-69f70cb384ffc587906673\"   style=' text-align:left; z-index:0;'><div class=\"row-container container-fluid\"><div class=\"row-inner\"><div class=\"wpb_column vc_column_container vc_col-sm-12 vc_column_container_69f70cb3850d5762261892\" style=\"z-index:0\"><div class=\"vc_column-inner\"><div class=\"wpb_wrapper\"><div class=\"vc_empty_space  vc_empty_space_16\"   style=\"height: 0px\" ><span class=\"vc_empty_space_inner\"><\/span><\/div>\r\n<div class=\"vc_custom_heading vc_custom_heading_69f70cb385246574625126\" ><h2 style=\"text-align: left;font-family:Abril Fatface;font-weight:400;font-style:normal\"><span class=\"hilight\"  >Yem Sekt\u00f6r\u00fcnde M\u0131s\u0131r Gluteni<\/span><\/h2><\/div><div class=\"vc_empty_space  vc_empty_space_17\"   style=\"height: 0px\" ><span class=\"vc_empty_space_inner\"><\/span><\/div>\r\n\n\t<div class=\"wpb_text_column_18 wpb_text_column wpb_content_element\">\n\t\t<div class=\"wpb_wrapper\" >\n\t\t\t<p><strong>M\u0131s\u0131r gluteni protein de\u011feri<\/strong> y\u00fcksek olmas\u0131 nedeniyle s\u0131\u011f\u0131r ve tavuk ba\u015fta olmak \u00fczere hayvanlar\u0131n yem rasyonlar\u0131nda protein kayna\u011f\u0131 olarak tercih edilir. Amino asit ve antinutrisyonel i\u00e7erikleri sebebiyle bal\u0131k yeminde de tercih edilmektedir. Bir yem bile\u015feni olarak kullan\u0131ld\u0131\u011f\u0131nda pek \u00e7ok fayda sa\u011flar.<\/p>\n<ul>\n<li><strong>Y\u00fcksek Protein \u0130\u00e7eri\u011fi: <\/strong>Protein ihtiyac\u0131n\u0131 kar\u015f\u0131lamak i\u00e7in yem kar\u0131\u015f\u0131mlar\u0131na dahil edilebilir. Hayvan yemlerinde y\u00fcksek kaliteli protein kayna\u011f\u0131 olarak s\u0131kl\u0131kla tercih edilmektedir.<\/li>\n<li><strong>D\u00fc\u015f\u00fck Ni\u015fasta \u0130\u00e7eri\u011fi: <\/strong>M\u0131s\u0131r ni\u015fastas\u0131 ve t\u00fcrevlerine k\u0131yasla daha az ni\u015fasta i\u00e7ermesi nedeniyle karbonhidrat al\u0131m\u0131n\u0131n k\u0131s\u0131tlanmas\u0131 gereken hayvanlar i\u00e7in idealdir.<\/li>\n<li><strong>Sindirim Kolayl\u0131\u011f\u0131:<\/strong> Hayvanlar taraf\u0131ndan rahat\u00e7a sindirilebilen m\u0131s\u0131r gluteni di\u011fer besin maddelerinin de emilimini kolayla\u015ft\u0131rarak metabolizmay\u0131 destekler.<\/li>\n<li><strong>Y\u00fcksek Enerji Deposu:<\/strong> \u00d6zellikle y\u00fcksek performans beklenen hayvanlar i\u00e7in karbonhidrat\u0131n d\u0131\u015f\u0131nda protein kayna\u011f\u0131 olarak tercih edilmesi idealdir.<\/li>\n<li><strong>Mide Koruyucu:<\/strong> M\u0131s\u0131r gluteni i\u00e7erdi\u011fi proteinin \u00f6zelli\u011fi sebebiyle mide koruyucu bir etki g\u00f6sterebilmektedir.<\/li>\n<\/ul>\n<p>Hayvanlar\u0131n \u00fcretim amac\u0131, ya\u015flar\u0131, cinsiyetleri ve beslenme ihtiya\u00e7lar\u0131na ba\u011fl\u0131 olarak yem kar\u0131\u015f\u0131mlar\u0131na dahil edebilirsiniz. S\u0131\u011f\u0131r yemi kar\u0131\u015f\u0131mlar\u0131nda protein kayna\u011f\u0131 olarak de\u011ferlendirilirken yumurta tavuklar\u0131n\u0131n yemlerinde enerji kayna\u011f\u0131 olarak kullan\u0131labilir. S\u0131\u011f\u0131r rasyonlar\u0131nda %15-20 oran\u0131nda m\u0131s\u0131r gluteni kullan\u0131labilir.<\/p>\n\n\t\t<\/div> \n\t<\/div> <div class=\"vc_empty_space  vc_empty_space_19\"   style=\"height: 0px\" ><span class=\"vc_empty_space_inner\"><\/span><\/div>\r\n<\/div><\/div><\/div><\/div><\/div><\/div><\/div><div class=\"container row_section vc_row_p_30\"><div  class=\"vc_row wpb_row vc_row-fluid vc_column-gap-30 vc_row-69f70cb3854fb482388446\"   style=' text-align:left; z-index:0;'><div class=\"row-container container-fluid\"><div class=\"row-inner\"><div class=\"wpb_column vc_column_container vc_col-sm-12 vc_column_container_69f70cb3855d0327926437\" style=\"z-index:0\"><div class=\"vc_column-inner\"><div class=\"wpb_wrapper\"><div class=\"vc_empty_space  vc_empty_space_20\"   style=\"height: 0px\" ><span class=\"vc_empty_space_inner\"><\/span><\/div>\r\n<div class=\"vc_custom_heading vc_custom_heading_69f70cb385749830134010\" ><h2 style=\"text-align: left;font-family:Abril Fatface;font-weight:400;font-style:normal\"><span class=\"hilight\"  >M\u0131s\u0131r Gluteni Di\u011fer Kullan\u0131m Alanlar\u0131<\/span><\/h2><\/div><div class=\"vc_empty_space  vc_empty_space_21\"   style=\"height: 0px\" ><span class=\"vc_empty_space_inner\"><\/span><\/div>\r\n\n\t<div class=\"wpb_text_column_22 wpb_text_column wpb_content_element\">\n\t\t<div class=\"wpb_wrapper\" >\n\t\t\t<ul>\n<li><strong>Tekstil End\u00fcstrisi: <\/strong>Ni\u015fasta bazl\u0131 yap\u0131\u015ft\u0131r\u0131c\u0131larda, kaplama i\u015flemlerinde, y\u00fczey kaplamalar\u0131, kaps\u00fcl dolgu maddeleri ve \u00e7e\u015fitli tekstil boyalar\u0131nda de\u011ferlendirilir.<\/li>\n<li><strong>Kozmetik End\u00fcstri:<\/strong> Baz\u0131 kozmetik \u00fcr\u00fcnlerde ba\u011flay\u0131c\u0131, kal\u0131nla\u015ft\u0131r\u0131c\u0131 olarak kullan\u0131labilmektedir.<\/li>\n<li><strong>G\u0131da End\u00fcstrisi:<\/strong> K\u0131vam artt\u0131r\u0131c\u0131, ba\u011flay\u0131c\u0131 ve stabilizat\u00f6r olarak de\u011ferlendirilmektedir.<\/li>\n<li><strong>K\u00e2\u011f\u0131t End\u00fcstrisi:<\/strong> K\u00e2\u011f\u0131t \u00fcretim s\u00fcrecinde yap\u0131\u015ft\u0131r\u0131c\u0131 form\u00fclasyonlar\u0131nda yer alabilir.<\/li>\n<li><strong>Farmas\u00f6tik End\u00fcstri: <\/strong>\u00c7e\u015fitli ila\u00e7 ve t\u0131bbi \u00fcr\u00fcnlerin form\u00fclasyonlar\u0131nda ba\u011flay\u0131c\u0131 madde olarak de\u011ferlendirilir.<\/li>\n<\/ul>\n\n\t\t<\/div> \n\t<\/div> <div class=\"vc_empty_space  vc_empty_space_23\"   style=\"height: 0px\" ><span class=\"vc_empty_space_inner\"><\/span><\/div>\r\n<\/div><\/div><\/div><\/div><\/div><\/div><\/div><div class=\"container row_section vc_row_p_30\"><div  class=\"vc_row wpb_row vc_row-fluid vc_column-gap-30 vc_row-69f70cb3859db026765400\"   style=' text-align:left; z-index:0;'><div class=\"row-container container-fluid\"><div class=\"row-inner\"><div class=\"wpb_column vc_column_container vc_col-sm-12 vc_column_container_69f70cb385aa2575680021\" style=\"z-index:0\"><div class=\"vc_column-inner\"><div class=\"wpb_wrapper\"><div class=\"vc_empty_space  vc_empty_space_24\"   style=\"height: 0px\" ><span class=\"vc_empty_space_inner\"><\/span><\/div>\r\n<div class=\"vc_custom_heading vc_custom_heading_69f70cb385c12562405019\" ><h2 style=\"text-align: left;font-family:Abril Fatface;font-weight:400;font-style:normal\"><span class=\"hilight\"  >M\u0131s\u0131r Gluteni Fiyat<\/span><\/h2><\/div><div class=\"vc_empty_space  vc_empty_space_25\"   style=\"height: 0px\" ><span class=\"vc_empty_space_inner\"><\/span><\/div>\r\n\n\t<div class=\"wpb_text_column_26 wpb_text_column wpb_content_element\">\n\t\t<div class=\"wpb_wrapper\" >\n\t\t\t<p>Genellikle ton veya kilogram ba\u015f\u0131na birim fiyatlar belirlenir. \u0130klim ko\u015fullar\u0131, arz ve talep durumlar\u0131, co\u011frafi konum, \u00fcretim maliyetleri gibi pek \u00e7ok de\u011fi\u015fkene ba\u011fl\u0131 olarak sekt\u00f6rde d\u00f6nem d\u00f6nem fiyat farkl\u0131l\u0131klar\u0131 g\u00f6r\u00fclebilir. \u00dcretim s\u00fcrecinde protein ve ni\u015fasta ayr\u0131\u015ft\u0131r\u0131lmas\u0131 gibi i\u015f\u00e7ilik fakt\u00f6rleri ve kalite fark\u0131na g\u00f6re fiyatlarda de\u011fi\u015fkenlik olmaktad\u0131r. Hammaddenin, m\u0131s\u0131r\u0131n, fiyatlar\u0131ndaki de\u011fi\u015fiklikler, nakliye maliyetleri ve ambalaj y\u00f6ntemleri de fiyatland\u0131rmada etkili olmaktad\u0131r. Genellikle uluslararas\u0131 pazarda al\u0131m-sat\u0131m yap\u0131ld\u0131\u011f\u0131ndan d\u00f6viz kurlar\u0131 da m\u0131s\u0131r gluteni fiyat\u0131 etkilemektedir.<\/p>\n<p>Detayl\u0131 bilgi ve fiyat teklifi i\u00e7in <a href=\"https:\/\/www.instagram.com\/agrovivagida\/\" rel=\"nofollow noopener\" target=\"_blank\">sosyal medya<\/a>, <a href=\"https:\/\/www.agroviva.com.tr\/en\/iletisim\/\">ileti\u015fim formunu<\/a> doldurarak ya da telefon arac\u0131l\u0131\u011f\u0131yla bize ula\u015fabilirsiniz.<\/p>\n\n\t\t<\/div> \n\t<\/div> <div class=\"vc_empty_space  vc_empty_space_27\"   style=\"height: 0px\" ><span class=\"vc_empty_space_inner\"><\/span><\/div>\r\n<\/div><\/div><\/div><\/div><\/div><\/div><\/div><div class=\"container row_section vc_row_p_30\"><div  class=\"vc_row wpb_row vc_row-fluid vc_column-gap-30 vc_row-69f70cb385e89501350873\"   style=' text-align:left; z-index:0;'><div class=\"row-container container-fluid\"><div class=\"row-inner\"><div class=\"wpb_column vc_column_container vc_col-sm-12 vc_column_container_69f70cb38601c474721281\" style=\"z-index:0\"><div class=\"vc_column-inner\"><div class=\"wpb_wrapper\"><div class=\"rdy_button_align center\"  data-animation-class=\"fadeInUp2\"><a href=\"https:\/\/www.agroviva.com.tr\/en\/teklifal\/\" class=\"rdy_button  large amination-outside animate-element dark flat-dimension button-28\" style=\"border-width: 2px!important; border-radius: 1px;-moz-border-radius: 1px;-webkit-border-radius: 1px; \" data-animation-class=\"fadeInUp2\"><span>Bilgi Al<\/span><\/a><\/div><\/div><\/div><\/div><\/div><\/div><\/div><\/div>\n<\/section>","protected":false},"excerpt":{"rendered":"M\u0131s\u0131r, d\u00fcnya \u00e7ap\u0131nda yayg\u0131n olarak kullan\u0131lan ve \u00e7ok \u00e7e\u015fitli g\u0131da \u00fcr\u00fcnlerinde yer alan bir tah\u0131ld\u0131r. Ancak, m\u0131s\u0131r\u0131n sadece ni\u015fasta k\u0131sm\u0131 de\u011fil, protein i\u00e7eri\u011fiyle de dikkat \u00e7eken bir bile\u015feni vard\u0131r bu [...]","protected":false},"author":1,"featured_media":13229,"parent":0,"menu_order":0,"comment_status":"closed","ping_status":"closed","template":"","meta":{"footnotes":""},"class_list":["post-12517","page","type-page","status-publish","has-post-thumbnail","hentry"],"_links":{"self":[{"href":"https:\/\/www.agroviva.com.tr\/en\/wp-json\/wp\/v2\/pages\/12517","targetHints":{"allow":["GET"]}}],"collection":[{"href":"https:\/\/www.agroviva.com.tr\/en\/wp-json\/wp\/v2\/pages"}],"about":[{"href":"https:\/\/www.agroviva.com.tr\/en\/wp-json\/wp\/v2\/types\/page"}],"author":[{"embeddable":true,"href":"https:\/\/www.agroviva.com.tr\/en\/wp-json\/wp\/v2\/users\/1"}],"replies":[{"embeddable":true,"href":"https:\/\/www.agroviva.com.tr\/en\/wp-json\/wp\/v2\/comments?post=12517"}],"version-history":[{"count":7,"href":"https:\/\/www.agroviva.com.tr\/en\/wp-json\/wp\/v2\/pages\/12517\/revisions"}],"predecessor-version":[{"id":13318,"href":"https:\/\/www.agroviva.com.tr\/en\/wp-json\/wp\/v2\/pages\/12517\/revisions\/13318"}],"wp:featuredmedia":[{"embeddable":true,"href":"https:\/\/www.agroviva.com.tr\/en\/wp-json\/wp\/v2\/media\/13229"}],"wp:attachment":[{"href":"https:\/\/www.agroviva.com.tr\/en\/wp-json\/wp\/v2\/media?parent=12517"}],"curies":[{"name":"wp","href":"https:\/\/api.w.org\/{rel}","templated":true}]}}