{"id":12527,"date":"2024-04-25T09:35:43","date_gmt":"2024-04-25T06:35:43","guid":{"rendered":"https:\/\/www.agroviva.com.tr\/misir-gluteni\/"},"modified":"2025-01-30T11:32:59","modified_gmt":"2025-01-30T08:32:59","slug":"bonkalit","status":"publish","type":"page","link":"https:\/\/www.agroviva.com.tr\/en\/bonkalit\/","title":{"rendered":"Bonkalit"},"content":{"rendered":"<section class=\"wpb-content-wrapper\"><div class=\"container row_section vc_row_p_30\"><div  class=\"vc_row wpb_row vc_row-fluid vc_column-gap-30 vc_row-69f7164db2690897839041\"   style=' text-align:left; z-index:0;'><div class=\"row-container container-fluid\"><div class=\"row-inner\"><div class=\"wpb_column vc_column_container vc_col-sm-12 vc_column_container_69f7164db2933258612215\" style=\"z-index:0\"><div class=\"vc_column-inner\"><div class=\"wpb_wrapper\"><div class=\"vc_empty_space  vc_empty_space_1\"   style=\"height: 30px\" ><span class=\"vc_empty_space_inner\"><\/span><\/div>\r\n\n\t<div class=\"wpb_text_column_2 wpb_text_column wpb_content_element\">\n\t\t<div class=\"wpb_wrapper\" >\n\t\t\t<p>Bonkalit, bu\u011fday unu \u00fcretimi s\u0131ras\u0131nda elekler yard\u0131m\u0131yla ayr\u0131lan de\u011ferli bir yan \u00fcr\u00fcnd\u00fcr. <strong><a href=\"https:\/\/www.agroviva.com.tr\/en\/bugday\/\">Wheat<\/a><\/strong> taneleri, birka\u00e7 katmandan olu\u015fur ve \u00f6\u011f\u00fct\u00fclme i\u015flemi sonras\u0131nda farkl\u0131 \u00fcr\u00fcnlere ayr\u0131l\u0131r. Bonkalit de bu s\u00fcre\u00e7te ortaya \u00e7\u0131kan, vitamin ve mineral a\u00e7\u0131s\u0131ndan zengin bir \u00fcr\u00fcnd\u00fcr. Genellikle hayvan yemi olarak kullan\u0131lan bonkalit, ayn\u0131 zamanda ni\u015fasta i\u00e7eri\u011fi sayesinde unlu mamul \u00fcretiminde de de\u011ferlendirilir. Di\u011fer bu\u011fday \u00fcr\u00fcnlerine g\u00f6re daha ekonomik olmas\u0131, bonkaliti hem hayvan beslenmesinde hem de end\u00fcstriyel kullan\u0131mda tercih edilen bir \u00fcr\u00fcn haline getirir.<\/p>\n\n\t\t<\/div> \n\t<\/div> <div class=\"vc_empty_space  vc_empty_space_3\"   style=\"height: 30px\" ><span class=\"vc_empty_space_inner\"><\/span><\/div>\r\n<div class=\"vc_custom_heading vc_custom_heading_69f7164db2e1a597176743\" ><h2 style=\"text-align: left;font-family:Abril Fatface;font-weight:400;font-style:normal\"><span class=\"hilight\"  >Hayvan Yemi Sekt\u00f6r\u00fcnde Bonkalit<\/span><\/h2><\/div><div class=\"vc_empty_space  vc_empty_space_4\"   style=\"height: 30px\" ><span class=\"vc_empty_space_inner\"><\/span><\/div>\r\n\n\t<div class=\"wpb_text_column_5 wpb_text_column wpb_content_element\">\n\t\t<div class=\"wpb_wrapper\" >\n\t\t\t<p>Zengin lif i\u00e7eri\u011fi, enerji kayna\u011f\u0131 olmas\u0131 nedeniyle hayvan yemlerinin rasyonlar\u0131nda bile\u015fen olarak tercih edilebilir. Uygun fiyatl\u0131 olu\u015fuyla hem kaliteli hem de sa\u011fl\u0131kl\u0131 bir alternatif sunar. Ayr\u0131ca zengin protein i\u00e7eri\u011fi de pek \u00e7ok hayvan\u0131n b\u00fcy\u00fcme ve geli\u015fmesinde faydal\u0131 bir besin kayna\u011f\u0131d\u0131r. Bonkalit yem rasyonlar\u0131na dahil edildi\u011finde hayvan geli\u015fimi ve sa\u011fl\u0131\u011f\u0131 i\u00e7in pek \u00e7ok fayda sa\u011flar. Ayr\u0131ca tutkal \u00fcretiminde de kullan\u0131lmaktad\u0131r.<\/p>\n<ul>\n<li>Lif i\u00e7eri\u011fi y\u00fcksektir ve sindirimi destekler. Kab\u0131zl\u0131k gibi problemleri \u00f6nler.<\/li>\n<li>\u0130\u00e7erdi\u011fi karbonhidrat sayesinde sa\u011fl\u0131kl\u0131 bir enerji kayna\u011f\u0131d\u0131r.<\/li>\n<li>Protein i\u00e7eri\u011fi y\u00fcksektir ve hayvan geli\u015fiminde \u00f6nemli rol oynar.<\/li>\n<li>B\u00fcy\u00fcmeyi ve geli\u015fmeyi destekler.<\/li>\n<li>B vitamini gibi \u00f6nemli vitaminler bak\u0131m\u0131ndan zengindir.<\/li>\n<li>Demir, \u00e7inko, magnezyum gibi minerallerle zengin besin i\u00e7eri\u011fine sahiptir.<\/li>\n<li>\u0130\u00e7eri\u011finde bulunan antioksidanlar hayvanlarda ba\u011f\u0131\u015f\u0131kl\u0131k sistemini destekler.<\/li>\n<li>Hastal\u0131klara kar\u015f\u0131 direnci art\u0131ran faydal\u0131 besin de\u011ferleri mevcuttur.<\/li>\n<\/ul>\n\n\t\t<\/div> \n\t<\/div> <div class=\"vc_empty_space  vc_empty_space_6\"   style=\"height: 30px\" ><span class=\"vc_empty_space_inner\"><\/span><\/div>\r\n<div class=\"vc_custom_heading vc_custom_heading_69f7164db32f3453313031\" ><h2 style=\"text-align: left;font-family:Abril Fatface;font-weight:400;font-style:normal\"><span class=\"hilight\"  >Bal\u0131k Yemi Sekt\u00f6r\u00fcnde Bonkalit<\/span><\/h2><\/div><div class=\"vc_empty_space  vc_empty_space_7\"   style=\"height: 30px\" ><span class=\"vc_empty_space_inner\"><\/span><\/div>\r\n\n\t<div class=\"wpb_text_column_8 wpb_text_column wpb_content_element\">\n\t\t<div class=\"wpb_wrapper\" >\n\t\t\t<ul>\n<li>\u00c7e\u015fitli b\u00fcy\u00fckba\u015f, k\u00fc\u00e7\u00fckba\u015f ve k\u00fcmes hayvanlar\u0131n\u0131n yem bile\u015fenlerine dahil edilen bonkalit zaman zaman <strong>bal\u0131k yemi<\/strong> form\u00fclasyonlar\u0131nda tercih edilmektedir.\n<ul>\n<li>Y\u00fcksek protein de\u011feri ile bal\u0131klar\u0131n geli\u015fimi i\u00e7in \u00f6nemli bir besin kayna\u011f\u0131d\u0131r.<\/li>\n<li>Lif i\u00e7eri\u011fi sayesinde sindirim sistemini destekler.<\/li>\n<li>Bal\u0131klar\u0131n sa\u011fl\u0131kl\u0131 bir \u015fekilde b\u00fcy\u00fcy\u00fcp geli\u015febilmeleri i\u00e7in gerekli vitamin ve mineralleri i\u00e7ermektedir. Bunlardan en \u00f6nemlisi B vitamini, demir, \u00e7inko magnezyum gibi besin i\u00e7erikleridir.<\/li>\n<li>\u0130\u00e7inde bulunan sa\u011fl\u0131kl\u0131 ya\u011f asitleri bal\u0131klar\u0131n sa\u011fl\u0131kl\u0131 bir \u015fekilde b\u00fcy\u00fcmelerini sa\u011flar.<\/li>\n<li>Antioksidan i\u00e7erikleri sayesinde bal\u0131klar\u0131n ba\u011f\u0131\u015f\u0131kl\u0131k sistemlerini destekler.<\/li>\n<li>Hastal\u0131klara kar\u015f\u0131 diren\u00e7 art\u0131r\u0131r.<\/li>\n<li>Bal\u0131klar\u0131n h\u0131zl\u0131 bir \u015fekilde b\u00fcy\u00fcy\u00fcp geli\u015fmelerini te\u015fvik eder.<\/li>\n<li>Uygun miktarda kullan\u0131ld\u0131\u011f\u0131nda bal\u0131klar\u0131n metabolizmas\u0131n\u0131 stabilize eder, dengeler.<\/li>\n<li>Bal\u0131klar\u0131n a\u015f\u0131r\u0131 ya\u011f depolamalar\u0131n\u0131 engeller.<\/li>\n<li>Lifli yap\u0131s\u0131 sayesinde sindirim at\u0131klar\u0131n\u0131n d\u00fczenli bir \u015fekilde at\u0131lmas\u0131 sa\u011flan\u0131r.<\/li>\n<li>Daha diren\u00e7li olmalar\u0131n\u0131 sa\u011flar.<\/li>\n<li>Di\u011fer yem bile\u015fenleriyle birlikte kullan\u0131ld\u0131\u011f\u0131nda besleyicilik art\u0131r\u0131l\u0131r.<\/li>\n<\/ul>\n<\/li>\n<\/ul>\n<div id=\"gtx-trans\" style=\"position: absolute; left: 230px; top: 86.2148px;\">\n<div class=\"gtx-trans-icon\"><\/div>\n<\/div>\n\n\t\t<\/div> \n\t<\/div> <div class=\"vc_empty_space  vc_empty_space_9\"   style=\"height: 30px\" ><span class=\"vc_empty_space_inner\"><\/span><\/div>\r\n\r\n\t<div class=\"wpb_single_image wpb_single_image_10 wpb_content_element vc_align_center\">\r\n\t\t<div class=\"wpb_wrapper\">\r\n\t\t\t\r\n\t\t\t<div class=\"vc_single_image-wrapper   vc_box_border_grey\"><img loading=\"lazy\" decoding=\"async\" width=\"720\" height=\"400\" src=\"https:\/\/www.agroviva.com.tr\/wp-content\/uploads\/2025\/01\/bonkalit.jpg\" class=\"vc_single_image-img attachment-full\" alt=\"Bu g\u00f6rselde, Bonkalit&#039;in y\u00fcksek kaliteli yap\u0131s\u0131 ve do\u011fal formu net bir \u015fekilde g\u00f6r\u00fclmektedir. Bonkalit, hayvan yemlerinde kullan\u0131lan, y\u00fcksek besin de\u011ferine sahip bir katk\u0131 maddesidir. \u00d6zellikle hayvanlar\u0131n b\u00fcy\u00fcme performans\u0131n\u0131 art\u0131rmak, ba\u011f\u0131\u015f\u0131kl\u0131k sistemini g\u00fc\u00e7lendirmek ve sindirim sa\u011fl\u0131\u011f\u0131n\u0131 desteklemek i\u00e7in tercih edilir. Bonkalit, s\u0131\u011f\u0131r, koyun, ke\u00e7i, k\u00fcmes hayvanlar\u0131 ve su \u00fcr\u00fcnleri yeti\u015ftiricili\u011finde g\u00fcvenle kullan\u0131labilen, do\u011fal ve etkili bir \u00e7\u00f6z\u00fcmd\u00fcr.\" title=\"bonkalit\" srcset=\"https:\/\/www.agroviva.com.tr\/wp-content\/uploads\/2025\/01\/bonkalit.jpg 720w, https:\/\/www.agroviva.com.tr\/wp-content\/uploads\/2025\/01\/bonkalit-300x167.jpg 300w, https:\/\/www.agroviva.com.tr\/wp-content\/uploads\/2025\/01\/bonkalit-18x10.jpg 18w, https:\/\/www.agroviva.com.tr\/wp-content\/uploads\/2025\/01\/bonkalit-700x389.jpg 700w\" sizes=\"auto, (max-width: 720px) 100vw, 720px\" \/><\/div>\r\n\t\t<\/div>\r\n\t<\/div>\r\n<div class=\"vc_empty_space  vc_empty_space_11\"   style=\"height: 30px\" ><span class=\"vc_empty_space_inner\"><\/span><\/div>\r\n<div class=\"vc_custom_heading vc_custom_heading_69f7164db3b16462653926\" ><h2 style=\"text-align: left;font-family:Abril Fatface;font-weight:400;font-style:normal\"><span class=\"hilight\"  >Besin De\u011ferleri<\/span><\/h2><\/div><div class=\"vc_empty_space  vc_empty_space_12\"   style=\"height: 30px\" ><span class=\"vc_empty_space_inner\"><\/span><\/div>\r\n\n\t<div class=\"wpb_text_column_13 wpb_text_column wpb_content_element\">\n\t\t<div class=\"wpb_wrapper\" >\n\t\t\t<p>\u00dcretim \u015fartlar\u0131 ve \u00fcr\u00fcn kalitesine ba\u011fl\u0131 olarak besin de\u011ferlerinde farkl\u0131l\u0131k g\u00f6r\u00fclebilir. Ancak 100 gram bonkalitin besin de\u011ferleri \u015fu \u015fekildedir:<\/p>\n<ul>\n<li>Kalori: Yakla\u015f\u0131k 216 kcal<\/li>\n<li>Protein: Yakla\u015f\u0131k 15 gram<\/li>\n<li>Ya\u011f: Yakla\u015f\u0131k 3 gram<\/li>\n<li>Karbonhidrat: Yakla\u015f\u0131k 43 gram<\/li>\n<li>Lif: Yakla\u015f\u0131k 42 gram<\/li>\n<li>\u015eeker: Yakla\u015f\u0131k 1 gram<\/li>\n<li>Kalsiyum: Yakla\u015f\u0131k 54 mg<\/li>\n<li>Demir: Yakla\u015f\u0131k 4.7 mg<\/li>\n<li>Magnezyum: Yakla\u015f\u0131k 353 mg<\/li>\n<li>Fosfor: Yakla\u015f\u0131k 351 mg<\/li>\n<li>Potasyum: Yakla\u015f\u0131k 840 mg<\/li>\n<li>\u00c7inko: Yakla\u015f\u0131k 3.7 mg<\/li>\n<li>Bak\u0131r: Yakla\u015f\u0131k 1.1 mg<\/li>\n<li>Manganez: Yakla\u015f\u0131k 15.1 mg<\/li>\n<li>Selenyum: Yakla\u015f\u0131k 49.5 mcg<\/li>\n<li>B1 Vitamini (Tiyamin): Yakla\u015f\u0131k 0.8 mg<\/li>\n<li>B2 Vitamini (Riboflavin): Yakla\u015f\u0131k 0.3 mg<\/li>\n<li>B3 Vitamini (Niasin): Yakla\u015f\u0131k 16.3 mg<\/li>\n<li>B6 Vitamini: Yakla\u015f\u0131k 2.3 mg<\/li>\n<li>Folat (B9 Vitamini): Yakla\u015f\u0131k 44 mcg<\/li>\n<\/ul>\n<p>Bonkalit besin de\u011ferleri \u00e7e\u015fitli fakt\u00f6rlere g\u00f6re farkl\u0131l\u0131k g\u00f6sterebilir. \u00dcretim ko\u015fullar\u0131, tohum kalitesi, \u00fcretilen b\u00f6lgedeki toprak verimlili\u011fi, \u00fcreticinin uygulad\u0131\u011f\u0131 i\u015flemlerde kulland\u0131\u011f\u0131 teknolojiler vb. fakt\u00f6rler besin de\u011ferlerinde farkl\u0131l\u0131klara neden olabilir. Sat\u0131n ald\u0131\u011f\u0131n\u0131z \u00fcreticiden kesin besin de\u011ferlerini isteyebilirsiniz.<\/p>\n\n\t\t<\/div> \n\t<\/div> <div class=\"vc_empty_space  vc_empty_space_14\"   style=\"height: 30px\" ><span class=\"vc_empty_space_inner\"><\/span><\/div>\r\n<div class=\"vc_custom_heading vc_custom_heading_69f7164db3dbe498231881\" ><h2 style=\"text-align: left;font-family:Abril Fatface;font-weight:400;font-style:normal\"><span class=\"hilight\"  >Bonkalit Fiyatlar\u0131<\/span><\/h2><\/div><div class=\"vc_empty_space  vc_empty_space_15\"   style=\"height: 30px\" ><span class=\"vc_empty_space_inner\"><\/span><\/div>\r\n\n\t<div class=\"wpb_text_column_16 wpb_text_column wpb_content_element\">\n\t\t<div class=\"wpb_wrapper\" >\n\t\t\t<p><strong>Bonkalit Fiyatlar\u0131<\/strong>, piyasa ko\u015fullar\u0131, \u00fcretim s\u00fcre\u00e7leri, nakliye ve depolama ko\u015fullar\u0131na ba\u011fl\u0131 olarak de\u011fi\u015fkenlik g\u00f6sterebilir. Ayn\u0131 zamanda, un fabrikalar\u0131n\u0131n \u00fcretim kapasitesindeki de\u011fi\u015fiklikler ve fabrikalar\u0131n \u00e7al\u0131\u015fma s\u00fcreleri de bonkalit fiyatlar\u0131n\u0131 etkileyebilir. Genellikle toptan veya kilogram baz\u0131nda sat\u0131n al\u0131nan bonkalit, di\u011fer tah\u0131l \u00fcr\u00fcnlerine k\u0131yasla daha uygun fiyatl\u0131 bir se\u00e7enek sunar. Fiyatlar, sat\u0131n al\u0131nan miktar ve b\u00f6lgeye g\u00f6re farkl\u0131l\u0131k g\u00f6sterebilir. Ayr\u0131ca, un fabrikalar\u0131n\u0131n \u00fcretim s\u00fcre\u00e7lerindeki dalgalanmalar, bonkalit fiyatlar\u0131n\u0131n artmas\u0131na veya azalmas\u0131na yol a\u00e7abilir. Fiyatlar\u0131n en iyi seviyede olmas\u0131 i\u00e7in do\u011fru tedarik\u00e7i ve miktar se\u00e7imi olduk\u00e7a \u00f6nemlidir.<\/p>\n<p>Detayl\u0131 bilgi ve fiyat teklifi i\u00e7in <a href=\"https:\/\/www.instagram.com\/agrovivagida\/\" rel=\"nofollow noopener\" target=\"_blank\">sosyal medya<\/a>, <a href=\"https:\/\/www.agroviva.com.tr\/en\/iletisim\/\">ileti\u015fim formunu<\/a> doldurarak ya da telefon arac\u0131l\u0131\u011f\u0131yla bize ula\u015fabilirsiniz.<\/p>\n\n\t\t<\/div> \n\t<\/div> <\/div><\/div><\/div><\/div><\/div><\/div><\/div><div class=\"container row_section vc_row_p_30\"><div  class=\"vc_row wpb_row vc_row-fluid vc_column-gap-30 vc_row-69f7164db4097146781515\"   style=' text-align:left; z-index:0;'><div class=\"row-container container-fluid\"><div class=\"row-inner\"><div class=\"wpb_column vc_column_container vc_col-sm-12 vc_column_container_69f7164db418b993682464\" style=\"z-index:0\"><div class=\"vc_column-inner\"><div class=\"wpb_wrapper\"><div class=\"rdy_button_align center\"  data-animation-class=\"fadeInUp2\"><a href=\"https:\/\/www.agroviva.com.tr\/en\/teklifal\/\" class=\"rdy_button  large amination-outside animate-element dark flat-dimension button-17\" style=\"border-width: 2px!important; border-radius: 1px;-moz-border-radius: 1px;-webkit-border-radius: 1px; \" data-animation-class=\"fadeInUp2\"><span>Bilgi Al<\/span><\/a><\/div><\/div><\/div><\/div><\/div><\/div><\/div><\/div>\n<\/section>","protected":false},"excerpt":{"rendered":"Bonkalit, bu\u011fday unu \u00fcretimi s\u0131ras\u0131nda elekler yard\u0131m\u0131yla ayr\u0131lan de\u011ferli bir yan \u00fcr\u00fcnd\u00fcr. Bu\u011fday taneleri, birka\u00e7 katmandan olu\u015fur ve \u00f6\u011f\u00fct\u00fclme i\u015flemi sonras\u0131nda farkl\u0131 \u00fcr\u00fcnlere ayr\u0131l\u0131r. Bonkalit de bu s\u00fcre\u00e7te ortaya \u00e7\u0131kan, [...]","protected":false},"author":1,"featured_media":13253,"parent":0,"menu_order":0,"comment_status":"closed","ping_status":"closed","template":"","meta":{"footnotes":""},"class_list":["post-12527","page","type-page","status-publish","has-post-thumbnail","hentry"],"_links":{"self":[{"href":"https:\/\/www.agroviva.com.tr\/en\/wp-json\/wp\/v2\/pages\/12527","targetHints":{"allow":["GET"]}}],"collection":[{"href":"https:\/\/www.agroviva.com.tr\/en\/wp-json\/wp\/v2\/pages"}],"about":[{"href":"https:\/\/www.agroviva.com.tr\/en\/wp-json\/wp\/v2\/types\/page"}],"author":[{"embeddable":true,"href":"https:\/\/www.agroviva.com.tr\/en\/wp-json\/wp\/v2\/users\/1"}],"replies":[{"embeddable":true,"href":"https:\/\/www.agroviva.com.tr\/en\/wp-json\/wp\/v2\/comments?post=12527"}],"version-history":[{"count":9,"href":"https:\/\/www.agroviva.com.tr\/en\/wp-json\/wp\/v2\/pages\/12527\/revisions"}],"predecessor-version":[{"id":12595,"href":"https:\/\/www.agroviva.com.tr\/en\/wp-json\/wp\/v2\/pages\/12527\/revisions\/12595"}],"wp:featuredmedia":[{"embeddable":true,"href":"https:\/\/www.agroviva.com.tr\/en\/wp-json\/wp\/v2\/media\/13253"}],"wp:attachment":[{"href":"https:\/\/www.agroviva.com.tr\/en\/wp-json\/wp\/v2\/media?parent=12527"}],"curies":[{"name":"wp","href":"https:\/\/api.w.org\/{rel}","templated":true}]}}