{"id":12529,"date":"2024-04-25T09:36:27","date_gmt":"2024-04-25T06:36:27","guid":{"rendered":"https:\/\/www.agroviva.com.tr\/kanola-2\/"},"modified":"2025-02-28T11:23:17","modified_gmt":"2025-02-28T08:23:17","slug":"kanola","status":"publish","type":"page","link":"https:\/\/www.agroviva.com.tr\/en\/kanola\/","title":{"rendered":"Canola"},"content":{"rendered":"<section class=\"wpb-content-wrapper\"><div class=\"container row_section vc_row_p_30\"><div  class=\"vc_row wpb_row vc_row-fluid vc_column-gap-30 vc_row-69f71646197f1582724689\"   style=' text-align:left; z-index:0;'><div class=\"row-container container-fluid\"><div class=\"row-inner\"><div class=\"wpb_column vc_column_container vc_col-sm-12 vc_column_container_69f7164619add658713082\" style=\"z-index:0\"><div class=\"vc_column-inner\"><div class=\"wpb_wrapper\"><div class=\"vc_empty_space  vc_empty_space_1\"   style=\"height: 30px\" ><span class=\"vc_empty_space_inner\"><\/span><\/div>\r\n\n\t<div class=\"wpb_text_column_2 wpb_text_column wpb_content_element\">\n\t\t<div class=\"wpb_wrapper\" >\n\t\t\t<p><strong>Kanola bitki<\/strong> t\u00fcr\u00fc s\u0131kl\u0131kla <a href=\"https:\/\/www.agroviva.com.tr\/en\/yaglik-aycicegi\/\"><strong>ya\u011fl\u0131k ay\u00e7i\u00e7e\u011fi<\/strong><\/a> gibi ya\u011f \u00fcretimi ve ticari ama\u00e7lar i\u00e7in yeti\u015ftirilmektedir. Di\u011fer ya\u011fl\u0131k bitkilerle kar\u015f\u0131la\u015ft\u0131rd\u0131\u011f\u0131m\u0131zda (ay\u00e7i\u00e7e\u011fi, pamuk, soya gibi) d\u00fcnya genelinde en \u00e7ok \u00fcretimi yap\u0131lan ilk \u00fc\u00e7 bitkiden biridir. Halk aras\u0131nda bilinen di\u011fer ad\u0131yla <strong>kolza bitkisi<\/strong> ya da <strong>Rapiska bitkisi<\/strong> genetik m\u00fchendisli\u011finin bir \u00fcr\u00fcn\u00fc olarak kar\u015f\u0131m\u0131za \u00e7\u0131kar. Bir \u00e7e\u015fit \u00f6zel varyant ile \u00fcretilen kanola bitkisinden elde edilen ya\u011f, sa\u011fl\u0131kl\u0131 bitkisel ya\u011flardan biridir. Yakla\u015f\u0131k %38-50 ya\u011f oran\u0131 ve %16-24 protein oran\u0131na sahiptir. Oleik ve linoleik asitler y\u00f6n\u00fcnden olduk\u00e7a zengindir. Ekstraksiyon is\u015feminden sonra tohumlar\u0131ndan elde edilen ve kanola \u00fcretiminin bir yan \u00fcr\u00fcn\u00fc olan <a href=\"https:\/\/www.agroviva.com.tr\/en\/kanola-kuspesi\/\"><strong>kanola k\u00fcspesi<\/strong><\/a> ise yem sekt\u00f6r\u00fcnde olduk\u00e7a \u00f6nemlidir. Tohumlar\u0131ndan \u00fcretilen ya\u011f ise mutfakta kullan\u0131ma uygun bir ya\u011f \u00e7e\u015fididir. Yem end\u00fcstrisinde y\u00fcksek protein kayna\u011f\u0131 olmas\u0131yla \u00f6ne \u00e7\u0131kmas\u0131 ve t\u00fcketilebilir sa\u011fl\u0131kl\u0131 bitkisel ya\u011f elde edilmesi nedeniyle tar\u0131m, hayvanc\u0131l\u0131k ve \u00f6zellikle g\u0131da sekt\u00f6rlerinde \u00f6nemli bir yere sahiptir. Kaynama noktas\u0131n\u0131n y\u00fcksek olmas\u0131 kanola ya\u011f\u0131n\u0131 k\u0131zartmal\u0131k ya\u011flar aras\u0131nda di\u011fer ya\u011flara nazaran daha sa\u011fl\u0131kl\u0131 yapmaktad\u0131r.<\/p>\n\n\t\t<\/div> \n\t<\/div> <div class=\"vc_empty_space  vc_empty_space_3\"   style=\"height: 30px\" ><span class=\"vc_empty_space_inner\"><\/span><\/div>\r\n<div class=\"vc_custom_heading vc_custom_heading_69f716461a0bf653966495\" ><h2 style=\"text-align: left;font-family:Abril Fatface;font-weight:400;font-style:normal\"><span class=\"hilight\"  >Nas\u0131l \u00dcretilir?<\/span><\/h2><\/div><div class=\"vc_empty_space  vc_empty_space_4\"   style=\"height: 30px\" ><span class=\"vc_empty_space_inner\"><\/span><\/div>\r\n\n\t<div class=\"wpb_text_column_5 wpb_text_column wpb_content_element\">\n\t\t<div class=\"wpb_wrapper\" >\n\t\t\t<p>Brassica napus t\u00fcr\u00fcnden bir bitki olan kanola genelde ya\u011f \u00fcretimi i\u00e7in de\u011ferlendirilir. Tohum ekimi genellikle sonbahar ya da ilkbahar\u0131n ilk d\u00f6nemlerinde yap\u0131l\u0131r. B\u00f6lgesel farkl\u0131l\u0131klar\u0131n en b\u00fcy\u00fck sebebi iklim fakt\u00f6r\u00fcd\u00fcr. <strong>Kolza tohumu<\/strong> ekiminin ard\u0131ndan istikrarl\u0131 bak\u0131m istemektedir. Bitkinin \u00e7i\u00e7ekleri sarard\u0131\u011f\u0131nda hasat i\u015flemi i\u00e7in haz\u0131r hale gelmi\u015f demektir. Hasat edilen bitkiler kurutularak i\u015fleme haz\u0131r hale getirilir. Tohumlar\u0131n kabuklar\u0131ndan ayr\u0131lmas\u0131 ve preslenmesiyle ya\u011f elde edilirken arta kalan k\u00fcspe k\u0131sm\u0131 da yem bile\u015feni olarak \u00f6\u011f\u00fct\u00fclerek t\u00fcketime haz\u0131r hale gelir.<\/p>\n\n\t\t<\/div> \n\t<\/div> <div class=\"vc_empty_space  vc_empty_space_6\"   style=\"height: 30px\" ><span class=\"vc_empty_space_inner\"><\/span><\/div>\r\n<div class=\"vc_custom_heading vc_custom_heading_69f716461a509127872256\" ><h2 style=\"text-align: left;font-family:Abril Fatface;font-weight:400;font-style:normal\"><span class=\"hilight\"  >Yem Sekt\u00f6r\u00fcnde Kanola<\/span><\/h2><\/div><div class=\"vc_empty_space  vc_empty_space_7\"   style=\"height: 30px\" ><span class=\"vc_empty_space_inner\"><\/span><\/div>\r\n\n\t<div class=\"wpb_text_column_8 wpb_text_column wpb_content_element\">\n\t\t<div class=\"wpb_wrapper\" >\n\t\t\t<p>Bahsedildi\u011fi \u00fczere kanola tohumlar\u0131ndan elde edilen ya\u011fdan arta kalan k\u00fcspe k\u0131sm\u0131 yem rasyonlar\u0131nda s\u0131k\u00e7a tercih edilen bir bile\u015fendir.<\/p>\n<ul>\n<li><strong>Tavuklarda, <\/strong>yem kar\u0131\u015f\u0131mlar\u0131na dahil edilen kanola k\u00fcspesi, protein kayna\u011f\u0131 olmas\u0131 nedeniyle et ve yumurta kalitesini art\u0131r\u0131r. \u00dcretimde verimin y\u00fckselmesine yard\u0131mc\u0131 olur.<\/li>\n<li><strong>S\u0131\u011f\u0131rlarda, <\/strong>\u00f6zellikle b\u00fcy\u00fckba\u015f hayvanlar i\u00e7in \u00f6nem arz eden protein kaynaklar\u0131 kanola k\u00fcspesinde mevcuttur. Do\u011fru ve yeterli kullan\u0131mda s\u0131\u011f\u0131rlar i\u00e7in y\u00fcksek enerji kayna\u011f\u0131d\u0131r ve b\u00fcy\u00fcme geli\u015fme s\u00fcrecine katk\u0131 sa\u011flar.<\/li>\n<li><strong>Ke\u00e7i ve koyunlarda, <\/strong>kanola k\u00fcspesi besleyici bir yem bile\u015feni olmas\u0131 nedeniyle tercih edilmektedir. Enerji kayna\u011f\u0131 ve y\u00fcksek protein i\u00e7eri\u011fi sayesinde s\u00fct ve et verimini art\u0131racakt\u0131r.<\/li>\n<li><strong>Bal\u0131klarda, <\/strong>kanola k\u00fcspesi yem olarak rahatl\u0131kla tercih edilebilir. \u00d6zellikle ticari bal\u0131k yeti\u015ftiricili\u011finde \u00f6nemli yem \u00fcr\u00fcnlerinden biridir.<\/li>\n<\/ul>\n\n\t\t<\/div> \n\t<\/div> <div class=\"vc_empty_space  vc_empty_space_9\"   style=\"height: 30px\" ><span class=\"vc_empty_space_inner\"><\/span><\/div>\r\n<div class=\"vc_custom_heading vc_custom_heading_69f716461a874376586831\" ><h2 style=\"text-align: left;font-family:Abril Fatface;font-weight:400;font-style:normal\"><span class=\"hilight\"  >Yem Sekt\u00f6r\u00fcnde Kanola<\/span><\/h2><\/div><div class=\"vc_empty_space  vc_empty_space_10\"   style=\"height: 30px\" ><span class=\"vc_empty_space_inner\"><\/span><\/div>\r\n\n\t<div class=\"wpb_text_column_11 wpb_text_column wpb_content_element\">\n\t\t<div class=\"wpb_wrapper\" >\n\t\t\t<ul>\n<li>Bahsedildi\u011fi \u00fczere kanola tohumlar\u0131ndan elde edilen ya\u011fdan arta kalan k\u00fcspe k\u0131sm\u0131 yem rasyonlar\u0131nda s\u0131k\u00e7a tercih edilen bir bile\u015fendir.\n<ul>\n<li><strong>Tavuklarda, <\/strong>yem kar\u0131\u015f\u0131mlar\u0131na dahil edilen kanola k\u00fcspesi, protein kayna\u011f\u0131 olmas\u0131 nedeniyle et ve yumurta kalitesini art\u0131r\u0131r. \u00dcretimde verimin y\u00fckselmesine yard\u0131mc\u0131 olur.<\/li>\n<li><strong>S\u0131\u011f\u0131rlarda, <\/strong>\u00f6zellikle b\u00fcy\u00fckba\u015f hayvanlar i\u00e7in \u00f6nem arz eden protein kaynaklar\u0131 kanola k\u00fcspesinde mevcuttur. Do\u011fru ve yeterli kullan\u0131mda s\u0131\u011f\u0131rlar i\u00e7in y\u00fcksek enerji kayna\u011f\u0131d\u0131r ve b\u00fcy\u00fcme geli\u015fme s\u00fcrecine katk\u0131 sa\u011flar.<\/li>\n<li><strong>Ke\u00e7i ve koyunlarda, <\/strong>kanola k\u00fcspesi besleyici bir yem bile\u015feni olmas\u0131 nedeniyle tercih edilmektedir. Enerji kayna\u011f\u0131 ve y\u00fcksek protein i\u00e7eri\u011fi sayesinde s\u00fct ve et verimini art\u0131racakt\u0131r.<\/li>\n<li><strong>Bal\u0131klarda, <\/strong>kanola k\u00fcspesi yem olarak rahatl\u0131kla tercih edilebilir. \u00d6zellikle ticari bal\u0131k yeti\u015ftiricili\u011finde \u00f6nemli yem \u00fcr\u00fcnlerinden biridir.<\/li>\n<\/ul>\n<\/li>\n<\/ul>\n\n\t\t<\/div> \n\t<\/div> <div class=\"vc_empty_space  vc_empty_space_12\"   style=\"height: 30px\" ><span class=\"vc_empty_space_inner\"><\/span><\/div>\r\n<div class=\"vc_custom_heading vc_custom_heading_69f716461abb6610540291\" ><h2 style=\"text-align: left;font-family:Abril Fatface;font-weight:400;font-style:normal\"><span class=\"hilight\"  >Detayl\u0131 bilgi ve fiyat almak i\u00e7in ileti\u015fime ge\u00e7iniz.<\/span><\/h2><\/div>\r\n\t<div class=\"wpb_single_image wpb_single_image_13 wpb_content_element vc_align_center\">\r\n\t\t<div class=\"wpb_wrapper\">\r\n\t\t\t\r\n\t\t\t<div class=\"vc_single_image-wrapper   vc_box_border_grey\"><img loading=\"lazy\" decoding=\"async\" width=\"1024\" height=\"1024\" src=\"https:\/\/www.agroviva.com.tr\/wp-content\/uploads\/2024\/05\/kanola.png\" class=\"vc_single_image-img attachment-full\" alt=\"kanola\" title=\"kanola\" srcset=\"https:\/\/www.agroviva.com.tr\/wp-content\/uploads\/2024\/05\/kanola.png 1024w, https:\/\/www.agroviva.com.tr\/wp-content\/uploads\/2024\/05\/kanola-300x300.png 300w, https:\/\/www.agroviva.com.tr\/wp-content\/uploads\/2024\/05\/kanola-150x150.png 150w, https:\/\/www.agroviva.com.tr\/wp-content\/uploads\/2024\/05\/kanola-768x768.png 768w, https:\/\/www.agroviva.com.tr\/wp-content\/uploads\/2024\/05\/kanola-700x700.png 700w, https:\/\/www.agroviva.com.tr\/wp-content\/uploads\/2024\/05\/kanola-600x600.png 600w, https:\/\/www.agroviva.com.tr\/wp-content\/uploads\/2024\/05\/kanola-100x100.png 100w\" sizes=\"auto, (max-width: 1024px) 100vw, 1024px\" \/><\/div>\r\n\t\t<\/div>\r\n\t<\/div>\r\n<div class=\"vc_empty_space  vc_empty_space_14\"   style=\"height: 30px\" ><span class=\"vc_empty_space_inner\"><\/span><\/div>\r\n<div class=\"vc_custom_heading vc_custom_heading_69f716461b305655060874\" ><h2 style=\"text-align: left;font-family:Abril Fatface;font-weight:400;font-style:normal\"><span class=\"hilight\"  >Besin De\u011ferleri<\/span><\/h2><\/div><div class=\"vc_empty_space  vc_empty_space_15\"   style=\"height: 30px\" ><span class=\"vc_empty_space_inner\"><\/span><\/div>\r\n\n\t<div class=\"wpb_text_column_16 wpb_text_column wpb_content_element\">\n\t\t<div class=\"wpb_wrapper\" >\n\t\t\t<p>Besleyici \u00f6gelerini tohumlar\u0131nda bar\u0131nd\u0131ran kanola bitkisinin 100 gram\u0131nda yer alan besin de\u011ferleri yakla\u015f\u0131k olarak \u015f\u00f6yledir:<\/p>\n<ul>\n<li>Enerji: Yakla\u015f\u0131k 552 kcal<\/li>\n<li>Protein: Yakla\u015f\u0131k 21 gram<\/li>\n<li>Ya\u011f: Yakla\u015f\u0131k 42 gram<\/li>\n<li>Karbonhidrat: Yakla\u015f\u0131k 20 gram<\/li>\n<li>Lif: Yakla\u015f\u0131k 18 gram<\/li>\n<li>\u015eeker: Yakla\u015f\u0131k 0 gram<\/li>\n<li>Kalsiyum: Yakla\u015f\u0131k 60 mg<\/li>\n<li>Demir: Yakla\u015f\u0131k 4 mg<\/li>\n<li>Magnezyum: Yakla\u015f\u0131k 390 mg<\/li>\n<li>Fosfor: Yakla\u015f\u0131k 760 mg<\/li>\n<li>Potasyum: Yakla\u015f\u0131k 850 mg<\/li>\n<li>Sodyum: Yakla\u015f\u0131k 10 mg<\/li>\n<li>\u00c7inko: Yakla\u015f\u0131k 2.5 mg<\/li>\n<li>Bak\u0131r: Yakla\u015f\u0131k 1 mg<\/li>\n<li>Manganez: Yakla\u015f\u0131k 1.5 mg<\/li>\n<li>Selenyum: Yakla\u015f\u0131k 50 \u00b5g<\/li>\n<li>A Vitamini: Yakla\u015f\u0131k 1 IU<\/li>\n<li>C Vitamini: Yakla\u015f\u0131k 0 mg<\/li>\n<li>Kolesterol: Yakla\u015f\u0131k 0 mg<\/li>\n<\/ul>\n<p>Yeti\u015ftirilme \u015fekilleri, tar\u0131m uygulamalar\u0131, tohum kalitesi, toprak verimi gibi pek \u00e7ok ko\u015fula g\u00f6re elde edilen \u00fcr\u00fcn\u00fcn besin de\u011ferlerinde de\u011fi\u015fkenlik g\u00f6zlenebilir. Ancak ortalama besin de\u011ferleri yukar\u0131da belirtildi\u011fi gibidir. \u00d6zellikle y\u00fcksek protein i\u00e7ermesi nedeniyle hayvanlar i\u00e7in ideal bir g\u00fc\u00e7 ve besin kayna\u011f\u0131d\u0131r.<\/p>\n\n\t\t<\/div> \n\t<\/div> <div class=\"vc_empty_space  vc_empty_space_17\"   style=\"height: 30px\" ><span class=\"vc_empty_space_inner\"><\/span><\/div>\r\n<div class=\"vc_custom_heading vc_custom_heading_69f716461b5e7534065543\" ><h2 style=\"text-align: left;font-family:Abril Fatface;font-weight:400;font-style:normal\"><span class=\"hilight\"  >Kanola Fiyatlar\u0131<\/span><\/h2><\/div><div class=\"vc_empty_space  vc_empty_space_18\"   style=\"height: 30px\" ><span class=\"vc_empty_space_inner\"><\/span><\/div>\r\n\n\t<div class=\"wpb_text_column_19 wpb_text_column wpb_content_element\">\n\t\t<div class=\"wpb_wrapper\" >\n\t\t\t<p>Bir\u00e7ok etkene ba\u011fl\u0131 olarak de\u011fi\u015fen kanola fiyatlar\u0131 genellikle uluslararas\u0131 ticaret piyasas\u0131ndan etkilenmektedir. D\u00f6viz kurlar\u0131ndaki de\u011fi\u015fimler, g\u00fcmr\u00fck vergileri, nakliye i\u015flemleri, uluslararas\u0131 ta\u015f\u0131mac\u0131l\u0131kta belirlenen kotalar fiyatlar\u0131 etkileyen \u00f6nemli fakt\u00f6rlerdendir. Yan\u0131 s\u0131ra \u00fcr\u00fcn kalitesi, iklim ko\u015fullar\u0131, tar\u0131m y\u00f6ntemleri gibi fakt\u00f6rler de etkilidir. Ya\u011f \u00fcretiminde ba\u015fka alternatifler olmas\u0131 nedeniyle rekabet i\u00e7inde olan kanola bitkisinin fiyatlar\u0131na ba\u011fl\u0131 olarak <strong>kolza tohumu fiyat<\/strong> da de\u011fi\u015febilmektedir.<\/p>\n<p>Detayl\u0131 bilgi ve fiyat teklifi i\u00e7in <a href=\"https:\/\/www.instagram.com\/agrovivagida\/\" rel=\"nofollow noopener\" target=\"_blank\">sosyal medya<\/a>, <a href=\"https:\/\/www.agroviva.com.tr\/en\/iletisim\/\">ileti\u015fim formunu<\/a> doldurarak ya da telefon arac\u0131l\u0131\u011f\u0131yla bize ula\u015fabilirsiniz.<\/p>\n<div id=\"gtx-trans\" style=\"position: absolute; left: -33px; top: 150.398px;\">\n<div class=\"gtx-trans-icon\"><\/div>\n<\/div>\n\n\t\t<\/div> \n\t<\/div> <\/div><\/div><\/div><\/div><\/div><\/div><\/div><div class=\"container row_section vc_row_p_30\"><div  class=\"vc_row wpb_row vc_row-fluid vc_column-gap-30 vc_row-69f716461b8be490065374\"   style=' text-align:left; z-index:0;'><div class=\"row-container container-fluid\"><div class=\"row-inner\"><div class=\"wpb_column vc_column_container vc_col-sm-12 vc_column_container_69f716461b9ed701934961\" style=\"z-index:0\"><div class=\"vc_column-inner\"><div class=\"wpb_wrapper\"><div class=\"rdy_button_align center\"  data-animation-class=\"fadeInUp2\"><a href=\"https:\/\/www.agroviva.com.tr\/en\/teklifal\/\" class=\"rdy_button  large amination-outside animate-element dark flat-dimension button-20\" style=\"border-width: 2px!important; border-radius: 1px;-moz-border-radius: 1px;-webkit-border-radius: 1px; \" data-animation-class=\"fadeInUp2\"><span>Bilgi Al<\/span><\/a><\/div><\/div><\/div><\/div><\/div><\/div><\/div><\/div>\n<\/section>","protected":false},"excerpt":{"rendered":"Kanola bitki t\u00fcr\u00fc s\u0131kl\u0131kla ya\u011fl\u0131k ay\u00e7i\u00e7e\u011fi gibi ya\u011f \u00fcretimi ve ticari ama\u00e7lar i\u00e7in yeti\u015ftirilmektedir. Di\u011fer ya\u011fl\u0131k bitkilerle kar\u015f\u0131la\u015ft\u0131rd\u0131\u011f\u0131m\u0131zda (ay\u00e7i\u00e7e\u011fi, pamuk, soya gibi) d\u00fcnya genelinde en \u00e7ok \u00fcretimi yap\u0131lan ilk \u00fc\u00e7 [...]","protected":false},"author":1,"featured_media":13151,"parent":0,"menu_order":0,"comment_status":"closed","ping_status":"closed","template":"","meta":{"footnotes":""},"class_list":["post-12529","page","type-page","status-publish","has-post-thumbnail","hentry"],"_links":{"self":[{"href":"https:\/\/www.agroviva.com.tr\/en\/wp-json\/wp\/v2\/pages\/12529","targetHints":{"allow":["GET"]}}],"collection":[{"href":"https:\/\/www.agroviva.com.tr\/en\/wp-json\/wp\/v2\/pages"}],"about":[{"href":"https:\/\/www.agroviva.com.tr\/en\/wp-json\/wp\/v2\/types\/page"}],"author":[{"embeddable":true,"href":"https:\/\/www.agroviva.com.tr\/en\/wp-json\/wp\/v2\/users\/1"}],"replies":[{"embeddable":true,"href":"https:\/\/www.agroviva.com.tr\/en\/wp-json\/wp\/v2\/comments?post=12529"}],"version-history":[{"count":14,"href":"https:\/\/www.agroviva.com.tr\/en\/wp-json\/wp\/v2\/pages\/12529\/revisions"}],"predecessor-version":[{"id":13278,"href":"https:\/\/www.agroviva.com.tr\/en\/wp-json\/wp\/v2\/pages\/12529\/revisions\/13278"}],"wp:featuredmedia":[{"embeddable":true,"href":"https:\/\/www.agroviva.com.tr\/en\/wp-json\/wp\/v2\/media\/13151"}],"wp:attachment":[{"href":"https:\/\/www.agroviva.com.tr\/en\/wp-json\/wp\/v2\/media?parent=12529"}],"curies":[{"name":"wp","href":"https:\/\/api.w.org\/{rel}","templated":true}]}}