{"id":12555,"date":"2024-04-25T10:00:34","date_gmt":"2024-04-25T07:00:34","guid":{"rendered":"https:\/\/www.agroviva.com.tr\/urundetay1\/"},"modified":"2025-01-27T14:58:13","modified_gmt":"2025-01-27T11:58:13","slug":"soya-fasulyesi","status":"publish","type":"page","link":"https:\/\/www.agroviva.com.tr\/en\/soya-fasulyesi\/","title":{"rendered":"Soy Bean"},"content":{"rendered":"<section class=\"wpb-content-wrapper\"><div class=\"container row_section vc_row_p_30\"><div  class=\"vc_row wpb_row vc_row-fluid vc_column-gap-30 vc_row-69f716202863e976458178\"   style=' text-align:left; z-index:0;'><div class=\"row-container container-fluid\"><div class=\"row-inner\"><div class=\"wpb_column vc_column_container vc_col-sm-12 vc_column_container_69f716202886f192537747\" style=\"z-index:0\"><div class=\"vc_column-inner\"><div class=\"wpb_wrapper\"><div class=\"vc_custom_heading vc_custom_heading_69f7162028a19464969200\" ><h1 style=\"text-align: center;font-family:Abril Fatface;font-weight:400;font-style:normal\"><span class=\"hilight\"  >Soy Bean<\/span><\/h1><\/div><\/div><\/div><\/div><\/div><\/div><\/div><\/div><div class=\"container row_section vc_row_p_30\"><div  class=\"vc_row wpb_row vc_row-fluid vc_column-gap-30 vc_row-69f7162028c5a011176073\"   style=' text-align:left; z-index:0;'><div class=\"row-container container-fluid\"><div class=\"row-inner\"><div class=\"wpb_column vc_column_container vc_col-sm-12 vc_column_container_69f7162028dbe323192300\" style=\"z-index:0\"><div class=\"vc_column-inner\"><div class=\"wpb_wrapper\"><div class=\"vc_custom_heading vc_custom_heading_69f7162028f5b532459424\" ><h2 style=\"text-align: left;font-family:Abril Fatface;font-weight:400;font-style:normal\"><span class=\"hilight\"  >Soy Bean<\/span><\/h2><\/div><div class=\"vc_empty_space  vc_empty_space_1\"   style=\"height: 30px\" ><span class=\"vc_empty_space_inner\"><\/span><\/div>\r\n\n\t<div class=\"wpb_text_column_2 wpb_text_column wpb_content_element\">\n\t\t<div class=\"wpb_wrapper\" >\n\t\t\t<p>D\u00fcnyan\u0131n en \u00f6nemli g\u0131da ve ya\u011f \u00fcretim kaynaklar\u0131ndan biri olan <strong>soya fasulyesi<\/strong> \u201cglycine max\u201d isimli bitkinin tohumlar\u0131ndan elde edilmektedir. Hem end\u00fcstriyel kullan\u0131mda hem g\u0131da sekt\u00f6r\u00fcnde s\u0131kl\u0131kla kullan\u0131lan soya fasulyesi yem sekt\u00f6r\u00fcnde de tercih edilmektedir. B\u00fcy\u00fckba\u015f hayvanlar ve k\u00fcmes hayvanlar\u0131 i\u00e7in sa\u011fl\u0131kl\u0131 ya\u011f bile\u015fenleri sunmas\u0131 sebebiyle yem rasyonlar\u0131nda da yerini alm\u0131\u015ft\u0131r. Ayn\u0131 zamanda y\u00fcksek protein de\u011ferleriyle \u00f6nemli bir g\u00fc\u00e7 kayna\u011f\u0131d\u0131r. Bunlar\u0131n yan\u0131 s\u0131ra k\u00fcresel \u0131s\u0131nman\u0131n etkileriyle \u00f6nem kazanan biyoyak\u0131t sekt\u00f6r\u00fcnde soya fasulyesi bir biyodizel hammaddesi olarak de\u011ferlendirilmektedir.<\/p>\n\n\t\t<\/div> \n\t<\/div> <div class=\"vc_empty_space  vc_empty_space_3\"   style=\"height: 30px\" ><span class=\"vc_empty_space_inner\"><\/span><\/div>\r\n<div class=\"vc_custom_heading vc_custom_heading_69f716202925e121422394\" ><h2 style=\"text-align: left;font-family:Abril Fatface;font-weight:400;font-style:normal\"><span class=\"hilight\"  >Nas\u0131l \u00dcretilir?<\/span><\/h2><\/div><div class=\"vc_empty_space  vc_empty_space_4\"   style=\"height: 30px\" ><span class=\"vc_empty_space_inner\"><\/span><\/div>\r\n\n\t<div class=\"wpb_text_column_5 wpb_text_column wpb_content_element\">\n\t\t<div class=\"wpb_wrapper\" >\n\t\t\t<p>Son y\u0131llarda Tar\u0131m Bakanl\u0131\u011f\u0131&#8217;n\u0131n te\u015fvik etmesi sebebiyle ekim alanlar\u0131nda ciddi bir art\u0131\u015f g\u00f6zlenen soya fasulyesi \u00fclkemizde en fazla \u00c7ukurova B\u00f6lgesinde yeti\u015ftirilmektedir. \u00dcretiminde \u00f6nemli bir ka\u00e7 i\u015flem takip edilmelidir. Tohumu haz\u0131rlan\u0131rken, soya bakterisi ile kar\u0131\u015ft\u0131r\u0131lmal\u0131d\u0131r, bu i\u015flem ile bitki azotlu g\u00fcbreye ihtiya\u00e7 duymamaktad\u0131r. Uygun toprak se\u00e7imi t\u00fcm bitkiler i\u00e7in \u00f6nemlidir ancak soya fasulyesinde ideal toprak se\u00e7imi kritik \u00f6nem arz eder. Ekime uygun kaliteli tohumlar ay\u0131klanarak se\u00e7ilir. Ekim a\u015famas\u0131ndan sonra sulama, g\u00fcbreleme, yabanc\u0131 ot kontrol\u00fc vb. i\u015flemler yap\u0131larak d\u00fczenli bak\u0131m gerekmektedir. Yapraklar\u0131 sarard\u0131ktan sonra hasat edilen soya fasulyesi kurutma i\u015flemine al\u0131n\u0131r. Bu i\u015flem tohumlar\u0131n nem miktar\u0131n\u0131 d\u00fc\u015f\u00fcrerek depolama s\u00fcresini uzatmak i\u00e7in yap\u0131l\u0131r.<\/p>\n<div id=\"gtx-trans\" style=\"position: absolute; left: 183px; top: 38.4648px;\">\n<div class=\"gtx-trans-icon\"><\/div>\n<\/div>\n\n\t\t<\/div> \n\t<\/div> <div class=\"vc_empty_space  vc_empty_space_6\"   style=\"height: 30px\" ><span class=\"vc_empty_space_inner\"><\/span><\/div>\r\n<div class=\"vc_empty_space  vc_empty_space_7\"   style=\"height: 30px\" ><span class=\"vc_empty_space_inner\"><\/span><\/div>\r\n<div class=\"vc_custom_heading vc_custom_heading_69f7162029532004439930\" ><h2 style=\"text-align: left;font-family:Abril Fatface;font-weight:400;font-style:normal\"><span class=\"hilight\"  >Kullan\u0131m Alanlar\u0131<\/span><\/h2><\/div><div class=\"vc_empty_space  vc_empty_space_8\"   style=\"height: 30px\" ><span class=\"vc_empty_space_inner\"><\/span><\/div>\r\n\n\t<div class=\"wpb_text_column_9 wpb_text_column wpb_content_element\">\n\t\t<div class=\"wpb_wrapper\" >\n\t\t\t<ul>\n<li>D\u00fcnya \u00e7ap\u0131nda bir\u00e7ok sekt\u00f6rde pek \u00e7ok amaca hizmet eden soya fasulyesi yo\u011funlukla \u015fu sekt\u00f6rlerde de\u011ferlendirilir:\n<ol>\n<li>G\u0131da End\u00fcstrisi<\/li>\n<\/ol>\n<p>Bir\u00e7ok g\u0131da \u00fcr\u00fcn\u00fcnde ana bile\u015fen olarak kullan\u0131lmaktad\u0131r. Soya s\u00fct\u00fc, ya\u011f\u0131, unu, peyniri ve ba\u015fka pek \u00e7ok \u00e7e\u015fitte <strong>gdo suz soya fasulyesi<\/strong> kullan\u0131lmas\u0131 \u00e7ok kritiktir. G\u00fcn\u00fcm\u00fczde vejetaryen ve vegan beslenmenin giderek \u00f6nem kazanmas\u0131 sebebiyle soya bazl\u0131 \u00fcr\u00fcnler daha s\u0131k tercih edilmeye ba\u015flanm\u0131\u015ft\u0131r. Hayvansal g\u0131dalar\u0131 t\u00fcketmeyen bireyler i\u00e7in \u00f6nemli bir protein kayna\u011f\u0131d\u0131r.<\/p>\n<ol start=\"2\">\n<li>Yem ve Hayvanc\u0131l\u0131k End\u00fcstrisi<\/li>\n<\/ol>\n<p>\u00d6nemli bir protein kayna\u011f\u0131 olmas\u0131 nedeniyle hayvanc\u0131l\u0131k ve yem sekt\u00f6r\u00fcnde bir yem bile\u015feni olarak tercih edilmektedir. \u00d6zellikle soya fasulyesi un formunda yem rasyonlar\u0131na dahil edilir. <strong>Yemlik soya fiyatlar\u0131 <\/strong>d\u00f6nemsel tar\u0131m faaliyetlerine g\u00f6re de\u011fi\u015fkenlik g\u00f6sterir.<\/p>\n<ol start=\"3\">\n<li>Ya\u011f \u00dcretimi<\/li>\n<\/ol>\n<p>Yemeklik margarin ve ya\u011f \u00fcretiminde \u00f6ne \u00e7\u0131kan soya fasulyesi bitkisel bir ya\u011f kayna\u011f\u0131 olmas\u0131 sebebiyle g\u0131da sekt\u00f6r\u00fcnde tercih sebebidir.<\/p>\n<ol start=\"4\">\n<li>\u00c7e\u015fitli End\u00fcstriyel Kullan\u0131mlar<\/li>\n<\/ol>\n<p>Boya ve verniklerde, \u00e7e\u015fitli temizlik \u00fcr\u00fcnlerinde, plastik \u00fcretiminde, yap\u0131\u015ft\u0131r\u0131c\u0131 ve m\u00fcrekkep \u00fcretimlerinde bile\u015fen olarak kullan\u0131l\u0131r.<\/p>\n<ol start=\"5\">\n<li>Biyoyak\u0131t Sekt\u00f6r\u00fc<\/li>\n<\/ol>\n<p>Biyodizel \u00fcretiminde hammadde olarak soya fasulyesinin kullan\u0131lmas\u0131 m\u00fcmk\u00fcnd\u00fcr. S\u00fcrd\u00fcrebilirlik a\u00e7\u0131s\u0131ndan \u00f6nem kazanan bu do\u011fal yak\u0131t \u00fcr\u00fcn\u00fc \u00e7evre dostu \u00fcretimde \u00f6nemli bir kaynak haline gelecektir.<\/li>\n<\/ul>\n\n\t\t<\/div> \n\t<\/div> <div class=\"vc_empty_space  vc_empty_space_10\"   style=\"height: 30px\" ><span class=\"vc_empty_space_inner\"><\/span><\/div>\r\n<div class=\"vc_custom_heading vc_custom_heading_69f71620297c9907261024\" ><h2 style=\"text-align: left;font-family:Abril Fatface;font-weight:400;font-style:normal\"><span class=\"hilight\"  >Detayl\u0131 bilgi ve fiyat almak i\u00e7in ileti\u015fime ge\u00e7iniz.<\/span><\/h2><\/div>\r\n\t<div class=\"wpb_single_image wpb_single_image_11 wpb_content_element vc_align_center\">\r\n\t\t<div class=\"wpb_wrapper\">\r\n\t\t\t\r\n\t\t\t<div class=\"vc_single_image-wrapper   vc_box_border_grey\"><img loading=\"lazy\" decoding=\"async\" width=\"1024\" height=\"1024\" src=\"https:\/\/www.agroviva.com.tr\/wp-content\/uploads\/2024\/05\/Soya-FAsulyesi.png\" class=\"vc_single_image-img attachment-full\" alt=\"soya fasulyesi\" title=\"Soya FAs\u00fclyesi\" srcset=\"https:\/\/www.agroviva.com.tr\/wp-content\/uploads\/2024\/05\/Soya-FAsulyesi.png 1024w, https:\/\/www.agroviva.com.tr\/wp-content\/uploads\/2024\/05\/Soya-FAsulyesi-300x300.png 300w, https:\/\/www.agroviva.com.tr\/wp-content\/uploads\/2024\/05\/Soya-FAsulyesi-150x150.png 150w, https:\/\/www.agroviva.com.tr\/wp-content\/uploads\/2024\/05\/Soya-FAsulyesi-768x768.png 768w, https:\/\/www.agroviva.com.tr\/wp-content\/uploads\/2024\/05\/Soya-FAsulyesi-700x700.png 700w, https:\/\/www.agroviva.com.tr\/wp-content\/uploads\/2024\/05\/Soya-FAsulyesi-600x600.png 600w, https:\/\/www.agroviva.com.tr\/wp-content\/uploads\/2024\/05\/Soya-FAsulyesi-100x100.png 100w\" sizes=\"auto, (max-width: 1024px) 100vw, 1024px\" \/><\/div>\r\n\t\t<\/div>\r\n\t<\/div>\r\n<div class=\"vc_empty_space  vc_empty_space_12\"   style=\"height: 30px\" ><span class=\"vc_empty_space_inner\"><\/span><\/div>\r\n<div class=\"vc_custom_heading vc_custom_heading_69f716202ae08082397437\" ><h2 style=\"text-align: left;font-family:Abril Fatface;font-weight:400;font-style:normal\"><span class=\"hilight\"  >Besin De\u011ferleri<\/span><\/h2><\/div><div class=\"vc_empty_space  vc_empty_space_13\"   style=\"height: 30px\" ><span class=\"vc_empty_space_inner\"><\/span><\/div>\r\n\n\t<div class=\"wpb_text_column_14 wpb_text_column wpb_content_element\">\n\t\t<div class=\"wpb_wrapper\" >\n\t\t\t<p>Soya fasulyesi olduk\u00e7a besleyici bir bitkidir. Tohum kalitesi, \u00fcreticinin i\u015flem y\u00f6ntemleri ve tar\u0131m ko\u015fullar\u0131na ba\u011fl\u0131 olarak besin de\u011ferleri de\u011fi\u015fmektedir. 100 gram soya fasulyesinin yakla\u015f\u0131k besin de\u011ferleri a\u015fa\u011f\u0131daki gibidir:<\/p>\n<ul>\n<li>Kalori: Yakla\u015f\u0131k 173 kcal<\/li>\n<li>Protein: Yakla\u015f\u0131k 16.6 gram<\/li>\n<li>Ya\u011f: Yakla\u015f\u0131k 9 gram<\/li>\n<li>Karbonhidrat: Yakla\u015f\u0131k 9 gram<\/li>\n<li>Lif: Yakla\u015f\u0131k 6 gram<\/li>\n<li>\u015eeker: Yakla\u015f\u0131k 3 gram<\/li>\n<li>Kalsiyum: Yakla\u015f\u0131k 277 mg<\/li>\n<li>Demir: Yakla\u015f\u0131k 15.7 mg<\/li>\n<li>Magnezyum: Yakla\u015f\u0131k 280 mg<\/li>\n<li>Fosfor: Yakla\u015f\u0131k 194 mg<\/li>\n<li>Potasyum: Yakla\u015f\u0131k 620 mg<\/li>\n<li>\u00c7inko: Yakla\u015f\u0131k 4.8 mg<\/li>\n<li>Bak\u0131r: Yakla\u015f\u0131k 1.6 mg<\/li>\n<li>Selenyum: Yakla\u015f\u0131k 14.5 mcg<\/li>\n<li>B1 Vitamini (Tiyamin): Yakla\u015f\u0131k 0.87 mg<\/li>\n<li>B2 Vitamini (Riboflavin): Yakla\u015f\u0131k 0.66 mg<\/li>\n<li>B3 Vitamini (Niasin): Yakla\u015f\u0131k 1.62 mg<\/li>\n<li>B6 Vitamini: Yakla\u015f\u0131k 0.38 mg<\/li>\n<li>Folat (B9 Vitamini): Yakla\u015f\u0131k 375 mcg<\/li>\n<li>A Vitamini: Yakla\u015f\u0131k 0 IU<\/li>\n<li>C Vitamini: Yakla\u015f\u0131k 6.0 mg<\/li>\n<li>E Vitamini: Yakla\u015f\u0131k 1.95 mg<\/li>\n<li>K Vitamini: Yakla\u015f\u0131k 47 mcg<\/li>\n<\/ul>\n<p>G\u00f6r\u00fcld\u00fc\u011f\u00fc \u00fczere, soya fasulyesi besleyici besin de\u011ferleriyle \u00f6ne \u00e7\u0131kmaktad\u0131r. \u00d6zellikle bitkisel protein, demir, kalsiyum gibi \u00f6nemli mineraller ve lifli i\u00e7eri\u011fiyle \u00e7ok zengin besin de\u011ferlerine sahiptir.<\/p>\n\n\t\t<\/div> \n\t<\/div> <div class=\"vc_empty_space  vc_empty_space_15\"   style=\"height: 30px\" ><span class=\"vc_empty_space_inner\"><\/span><\/div>\r\n<div class=\"vc_empty_space  vc_empty_space_16\"   style=\"height: 30px\" ><span class=\"vc_empty_space_inner\"><\/span><\/div>\r\n<div class=\"vc_custom_heading vc_custom_heading_69f716202b124047201052\" ><h2 style=\"text-align: left;font-family:Abril Fatface;font-weight:400;font-style:normal\"><span class=\"hilight\"  >Soya Fasulyesi Fiyat<\/span><\/h2><\/div><div class=\"vc_empty_space  vc_empty_space_17\"   style=\"height: 30px\" ><span class=\"vc_empty_space_inner\"><\/span><\/div>\r\n\n\t<div class=\"wpb_text_column_18 wpb_text_column wpb_content_element\">\n\t\t<div class=\"wpb_wrapper\" >\n\t\t\t<p><strong>Soya fiyatlar\u0131<\/strong> pek \u00e7ok fakt\u00f6re g\u00f6re de\u011fi\u015fkenlik g\u00f6stermektedir. Borsalarda i\u015flem yap\u0131lan emtia fiyatlar\u0131yla belirlenen <strong>yemlik soya fasulyesi fiyatlar\u0131<\/strong> da d\u00f6nemsel fakt\u00f6rlere g\u00f6re de\u011fi\u015febilir. <strong>Soya fasulyesi ton fiyat\u0131<\/strong> piyasadaki dalgalanmalardan ve d\u0131\u015f ticaret uygulamalar\u0131ndan da\u00a0 etkilenmektedir.<\/p>\n<p>Detayl\u0131 bilgi ve fiyat teklifi i\u00e7in <a href=\"https:\/\/www.instagram.com\/agrovivagida\/\" rel=\"nofollow noopener\" target=\"_blank\">sosyal medya<\/a>, <a href=\"https:\/\/www.agroviva.com.tr\/en\/iletisim\/\">ileti\u015fim formunu<\/a> doldurarak ya da telefon arac\u0131l\u0131\u011f\u0131yla bize ula\u015fabilirsiniz.<\/p>\n\n\t\t<\/div> \n\t<\/div> <\/div><\/div><\/div><\/div><\/div><\/div><\/div><div class=\"container row_section vc_row_p_30\"><div  class=\"vc_row wpb_row vc_row-fluid vc_column-gap-30 vc_row-69f716202b407682156866\"   style=' text-align:left; z-index:0;'><div class=\"row-container container-fluid\"><div class=\"row-inner\"><div class=\"wpb_column vc_column_container vc_col-sm-12 vc_column_container_69f716202b53f792692567\" style=\"z-index:0\"><div class=\"vc_column-inner\"><div class=\"wpb_wrapper\"><div class=\"rdy_button_align center\"  data-animation-class=\"fadeInUp2\"><a href=\"https:\/\/www.agroviva.com.tr\/en\/teklifal\/\" class=\"rdy_button  large amination-outside animate-element dark flat-dimension button-19\" style=\"border-width: 2px!important; border-radius: 1px;-moz-border-radius: 1px;-webkit-border-radius: 1px; \" data-animation-class=\"fadeInUp2\"><span>Bilgi Al<\/span><\/a><\/div><\/div><\/div><\/div><\/div><\/div><\/div><\/div>\n<\/section>","protected":false},"excerpt":{"rendered":"Soya FasulyesiSoya Fasulyesi D\u00fcnyan\u0131n en \u00f6nemli g\u0131da ve ya\u011f \u00fcretim kaynaklar\u0131ndan biri olan soya fasulyesi \u201cglycine max\u201d isimli bitkinin tohumlar\u0131ndan elde edilmektedir. Hem end\u00fcstriyel kullan\u0131mda hem g\u0131da sekt\u00f6r\u00fcnde s\u0131kl\u0131kla kullan\u0131lan [...]","protected":false},"author":1,"featured_media":13199,"parent":0,"menu_order":0,"comment_status":"closed","ping_status":"closed","template":"","meta":{"footnotes":""},"class_list":["post-12555","page","type-page","status-publish","has-post-thumbnail","hentry"],"_links":{"self":[{"href":"https:\/\/www.agroviva.com.tr\/en\/wp-json\/wp\/v2\/pages\/12555","targetHints":{"allow":["GET"]}}],"collection":[{"href":"https:\/\/www.agroviva.com.tr\/en\/wp-json\/wp\/v2\/pages"}],"about":[{"href":"https:\/\/www.agroviva.com.tr\/en\/wp-json\/wp\/v2\/types\/page"}],"author":[{"embeddable":true,"href":"https:\/\/www.agroviva.com.tr\/en\/wp-json\/wp\/v2\/users\/1"}],"replies":[{"embeddable":true,"href":"https:\/\/www.agroviva.com.tr\/en\/wp-json\/wp\/v2\/comments?post=12555"}],"version-history":[{"count":5,"href":"https:\/\/www.agroviva.com.tr\/en\/wp-json\/wp\/v2\/pages\/12555\/revisions"}],"predecessor-version":[{"id":13480,"href":"https:\/\/www.agroviva.com.tr\/en\/wp-json\/wp\/v2\/pages\/12555\/revisions\/13480"}],"wp:featuredmedia":[{"embeddable":true,"href":"https:\/\/www.agroviva.com.tr\/en\/wp-json\/wp\/v2\/media\/13199"}],"wp:attachment":[{"href":"https:\/\/www.agroviva.com.tr\/en\/wp-json\/wp\/v2\/media?parent=12555"}],"curies":[{"name":"wp","href":"https:\/\/api.w.org\/{rel}","templated":true}]}}