{"id":12556,"date":"2024-04-25T10:00:44","date_gmt":"2024-04-25T07:00:44","guid":{"rendered":"https:\/\/www.agroviva.com.tr\/urundetay1-3\/"},"modified":"2026-02-16T18:06:28","modified_gmt":"2026-02-16T15:06:28","slug":"gida-katkilari","status":"publish","type":"page","link":"https:\/\/www.agroviva.com.tr\/en\/gida-katkilari\/","title":{"rendered":"Food Additives"},"content":{"rendered":"<section class=\"wpb-content-wrapper\"><div class=\"container row_section vc_row_p_30\"><div  class=\"vc_row wpb_row vc_row-fluid vc_column-gap-30 vc_row-69f70b718c783708998660\"   style=' text-align:left; z-index:0;'><div class=\"row-container container-fluid\"><div class=\"row-inner\"><div class=\"wpb_column vc_column_container vc_col-sm-12 vc_column_container_69f70b718c9c4467297765\" style=\"z-index:0\"><div class=\"vc_column-inner\"><div class=\"wpb_wrapper\">\n\t<div class=\"wpb_text_column_1 wpb_text_column wpb_content_element\">\n\t\t<div class=\"wpb_wrapper\" >\n\t\t\t<p>AgroViva olarak, g\u0131da end\u00fcstrisinde y\u00fcksek kaliteli g\u0131da katk\u0131lar\u0131 sunma konusuna \u00f6zen g\u00f6steriyoruz. G\u0131da katk\u0131lar\u0131, g\u0131dalar\u0131n \u00fcretimi, haz\u0131rlanmas\u0131, ambalajlanmas\u0131 ve depolanmas\u0131 s\u00fcre\u00e7lerinde dayan\u0131kl\u0131l\u0131\u011f\u0131, yo\u011funlu\u011fu ve renkleri iyile\u015ftirmek i\u00e7in kullan\u0131lan \u00f6nemli bile\u015fenlerdir. \u00dcr\u00fcnlerimiz, g\u0131dalar\u0131n tad\u0131n\u0131 korumak, tad\u0131n\u0131, g\u00f6r\u00fcn\u00fcm\u00fcn\u00fc ve di\u011fer \u00f6zelliklerini art\u0131rmak amac\u0131yla g\u0131daya eklenen maddelerden olu\u015fur.<\/p>\n<p>G\u0131da katk\u0131 maddelerimiz, sadece lezzeti korumakla kalmaz, ayn\u0131 zamanda g\u00f6rsel \u00e7ekicili\u011fi ve raf \u00f6mr\u00fcn\u00fc de art\u0131r\u0131r. M\u00fc\u015fterilerimize, g\u0131da \u00fcr\u00fcnlerinde en y\u00fcksek kalite standartlar\u0131n\u0131 sa\u011flamalar\u0131na yard\u0131mc\u0131 olacak g\u00fcvenilir ve etkili \u00e7\u00f6z\u00fcmler sunuyoruz. AgroViva&#8217;n\u0131n g\u0131da katk\u0131lar\u0131 ile \u00fcretilen \u00fcr\u00fcnler, t\u00fcketicilere \u00fcst\u00fcn lezzet ve g\u00fcvenilirlik sunar.<\/p>\n<p>AgroViva olarak, yenilik\u00e7i ve s\u00fcrd\u00fcr\u00fclebilir g\u0131da katk\u0131 maddeleri ile g\u0131da end\u00fcstrisinin ihtiya\u00e7lar\u0131n\u0131 kar\u015f\u0131lamaya ve d\u00fcnya genelinde sa\u011fl\u0131kl\u0131, lezzetli ve g\u00fcvenli g\u0131dalar\u0131n \u00fcretimine katk\u0131da bulunmaya devam ediyoruz. G\u0131da katk\u0131lar\u0131m\u0131zla, sofralara en kaliteli \u00fcr\u00fcnleri getiriyor, g\u0131da g\u00fcvenli\u011fini ve m\u00fc\u015fteri memnuniyetini en \u00fcst d\u00fczeyde tutuyoruz.<\/p>\n\n\t\t<\/div> \n\t<\/div> <\/div><\/div><\/div><\/div><\/div><\/div><\/div><div class=\"container row_section vc_row_p_30\"><div  class=\"vc_row wpb_row vc_row-fluid vc_column-gap-30 vc_row-69f70b718cc3e704321739\"   style=' text-align:left; z-index:0;'><div class=\"row-container container-fluid\"><div class=\"row-inner\"><div class=\"wpb_column vc_column_container vc_col-sm-1\/5 vc_column_container_69f70b718cd58150964641\" style=\"z-index:0\"><div class=\"vc_column-inner\"><div class=\"wpb_wrapper\"><div class=\"vc_custom_heading vc_custom_heading_69f70b718cecf840851311\" ><h2 style=\"text-align: center;font-family:Abril Fatface;font-weight:400;font-style:normal\"><span class=\"hilight\"  >Tavuk Unu<\/span><\/h2><\/div><\/div><\/div><\/div><div class=\"wpb_column vc_column_container vc_col-sm-1\/5 vc_column_container_69f70b718d0af389048894\" style=\"z-index:0\"><div class=\"vc_column-inner\"><div class=\"wpb_wrapper\"><div class=\"vc_custom_heading vc_custom_heading_69f70b718d1b0311107427\" ><h2 style=\"text-align: center;font-family:Abril Fatface;font-weight:400;font-style:normal\"><span class=\"hilight\"  >\u0130naktif maya<\/span><\/h2><\/div><\/div><\/div><\/div><div class=\"wpb_column vc_column_container vc_col-sm-1\/5 vc_column_container_69f70b718d288597283724\" style=\"z-index:0\"><div class=\"vc_column-inner\"><div class=\"wpb_wrapper\"><div class=\"vc_custom_heading vc_custom_heading_69f70b718d378093204463\" ><h2 style=\"text-align: center;font-family:Abril Fatface;font-weight:400;font-style:normal\"><span class=\"hilight\"  >Ascorbik asit (C vitamini)<\/span><\/h2><\/div><\/div><\/div><\/div><div class=\"wpb_column vc_column_container vc_col-sm-1\/5 vc_column_container_69f70b718d453112728765\" style=\"z-index:0\"><div class=\"vc_column-inner\"><div class=\"wpb_wrapper\"><div class=\"vc_custom_heading vc_custom_heading_69f70b718d547590073991\" ><h2 style=\"text-align: center;font-family:Abril Fatface;font-weight:400;font-style:normal\"><span class=\"hilight\"  >Vital Bu\u011fday Gluteni<\/span><\/h2><\/div><\/div><\/div><\/div><div class=\"wpb_column vc_column_container vc_col-sm-1\/5 vc_column_container_69f70b718d616952469368\" style=\"z-index:0\"><div class=\"vc_column-inner\"><div class=\"wpb_wrapper\"><div class=\"vc_custom_heading vc_custom_heading_69f70b718d705860474087\" ><h2 style=\"text-align: center;font-family:Abril Fatface;font-weight:400;font-style:normal\"><span class=\"hilight\"  >Bira Mayas\u0131<\/span><\/h2><\/div><\/div><\/div><\/div><\/div><\/div><\/div><\/div><div class=\"container row_section vc_row_p_30\"><div  class=\"vc_row wpb_row vc_row-fluid vc_column-gap-30 vc_row-69f70b718d832111604820\"   style=' text-align:left; z-index:0;'><div class=\"row-container container-fluid\"><div class=\"row-inner\"><div class=\"wpb_column vc_column_container vc_col-sm-1\/5 vc_column_container_69f70b718d93e799892789\" style=\"z-index:0\"><div class=\"vc_column-inner\"><div class=\"wpb_wrapper\">\r\n\t<div class=\"wpb_single_image wpb_single_image_2 wpb_content_element vc_align_left\">\r\n\t\t<div class=\"wpb_wrapper\">\r\n\t\t\t\r\n\t\t\t<div class=\"vc_single_image-wrapper   vc_box_border_grey\"><img loading=\"lazy\" decoding=\"async\" class=\"vc_single_image-img\" src=\"https:\/\/www.agroviva.com.tr\/wp-content\/uploads\/2025\/02\/tavuk-unu-250x250.jpg\" width=\"250\" height=\"250\" alt=\"G\u00f6rselde, ince taneli ve a\u00e7\u0131k bej renkli bir toz olan tavuk unu g\u00f6sterilmektedir. Toz, homojen bir yap\u0131ya sahiptir ve genellikle \u015feffaf bir paket veya kavanoz i\u00e7inde sunulur. Tavuk unu, yemeklerde lezzet art\u0131r\u0131c\u0131 olarak veya hayvan mamalar\u0131nda protein kayna\u011f\u0131 olarak kullan\u0131l\u0131r. G\u00f6rselde, tavuk ununun dokusunu ve rengini net bir \u015fekilde g\u00f6steren yak\u0131n \u00e7ekim bir foto\u011fraf yer alabilir.\" title=\"tavuk-unu\" \/><\/div>\r\n\t\t<\/div>\r\n\t<\/div>\r\n<\/div><\/div><\/div><div class=\"wpb_column vc_column_container vc_col-sm-1\/5 vc_column_container_69f70b718df55115784468\" style=\"z-index:0\"><div class=\"vc_column-inner\"><div class=\"wpb_wrapper\">\r\n\t<div class=\"wpb_single_image wpb_single_image_3 wpb_content_element vc_align_left\">\r\n\t\t<div class=\"wpb_wrapper\">\r\n\t\t\t\r\n\t\t\t<div class=\"vc_single_image-wrapper   vc_box_border_grey\"><img loading=\"lazy\" decoding=\"async\" class=\"vc_single_image-img\" src=\"https:\/\/www.agroviva.com.tr\/wp-content\/uploads\/2024\/05\/inaktif-maya-250x250.png\" width=\"250\" height=\"250\" alt=\"inaktif maya\" title=\"inaktif maya\" \/><\/div>\r\n\t\t<\/div>\r\n\t<\/div>\r\n<\/div><\/div><\/div><div class=\"wpb_column vc_column_container vc_col-sm-1\/5 vc_column_container_69f70b718e44a818892636\" style=\"z-index:0\"><div class=\"vc_column-inner\"><div class=\"wpb_wrapper\">\r\n\t<div class=\"wpb_single_image wpb_single_image_4 wpb_content_element vc_align_left\">\r\n\t\t<div class=\"wpb_wrapper\">\r\n\t\t\t\r\n\t\t\t<div class=\"vc_single_image-wrapper   vc_box_border_grey\"><img loading=\"lazy\" decoding=\"async\" class=\"vc_single_image-img\" src=\"https:\/\/www.agroviva.com.tr\/wp-content\/uploads\/2024\/05\/askorbik-asit-cerceve-250x250.png\" width=\"250\" height=\"250\" alt=\"Askorbik asit, g\u0131da katk\u0131lar\u0131 aras\u0131nda yer alarak besinlerin taze kalmas\u0131na yard\u0131mc\u0131 olur ve C vitamini kayb\u0131n\u0131 engeller.\" title=\"askorbik-asit-\u00e7er\u00e7eve\" \/><\/div>\r\n\t\t<\/div>\r\n\t<\/div>\r\n<\/div><\/div><\/div><div class=\"wpb_column vc_column_container vc_col-sm-1\/5 vc_column_container_69f70b718ea67981817511\" style=\"z-index:0\"><div class=\"vc_column-inner\"><div class=\"wpb_wrapper\">\r\n\t<div class=\"wpb_single_image wpb_single_image_5 wpb_content_element vc_align_left\">\r\n\t\t<div class=\"wpb_wrapper\">\r\n\t\t\t\r\n\t\t\t<div class=\"vc_single_image-wrapper   vc_box_border_grey\"><img loading=\"lazy\" decoding=\"async\" class=\"vc_single_image-img\" src=\"https:\/\/www.agroviva.com.tr\/wp-content\/uploads\/2024\/05\/Vital-Gluten-250x250.png\" width=\"250\" height=\"250\" alt=\"Vital Gluten\" title=\"Vital Gluten\" \/><\/div>\r\n\t\t<\/div>\r\n\t<\/div>\r\n<\/div><\/div><\/div><div class=\"wpb_column vc_column_container vc_col-sm-1\/5 vc_column_container_69f70b718f008679644014\" style=\"z-index:0\"><div class=\"vc_column-inner\"><div class=\"wpb_wrapper\">\r\n\t<div class=\"wpb_single_image wpb_single_image_6 wpb_content_element vc_align_right\">\r\n\t\t<div class=\"wpb_wrapper\">\r\n\t\t\t\r\n\t\t\t<div class=\"vc_single_image-wrapper   vc_box_border_grey\"><img loading=\"lazy\" decoding=\"async\" class=\"vc_single_image-img\" src=\"https:\/\/www.agroviva.com.tr\/wp-content\/uploads\/2025\/01\/inaktif-maya-250x250.jpg\" width=\"250\" height=\"250\" alt=\"Bu g\u00f6rselde, inaktif mayan\u0131n do\u011fal yap\u0131s\u0131 ve gran\u00fcl formu net bir \u015fekilde g\u00f6r\u00fclmektedir. \u0130naktif maya, hayvan yemlerinde kullan\u0131lan, y\u00fcksek protein, vitamin ve mineral i\u00e7eri\u011fiyle dikkat \u00e7eken do\u011fal bir katk\u0131 maddesidir. \u00d6zellikle ba\u011f\u0131\u015f\u0131kl\u0131k sistemini g\u00fc\u00e7lendirme, sindirim sa\u011fl\u0131\u011f\u0131n\u0131 destekleme ve hayvanlar\u0131n genel performans\u0131n\u0131 art\u0131rma \u00f6zellikleriyle \u00f6ne \u00e7\u0131kar. S\u0131\u011f\u0131r, koyun, ke\u00e7i, k\u00fcmes hayvanlar\u0131 ve evcil hayvan mamalar\u0131nda g\u00fcvenle kullan\u0131labilen inaktif maya, hem ekonomik hem de s\u00fcrd\u00fcr\u00fclebilir bir \u00e7\u00f6z\u00fcm sunar.\" title=\"inaktif-maya\" \/><\/div>\r\n\t\t<\/div>\r\n\t<\/div>\r\n<\/div><\/div><\/div><\/div><\/div><\/div><\/div><div class=\"container row_section vc_row_p_30\"><div  class=\"vc_row wpb_row vc_row-fluid vc_column-gap-30 vc_row-69f70b718f628994393789\"   style=' text-align:left; z-index:0;'><div class=\"row-container container-fluid\"><div class=\"row-inner\"><div class=\"wpb_column vc_column_container vc_col-sm-1\/5 vc_column_container_69f70b718f782737383679\" style=\"z-index:0\"><div class=\"vc_column-inner\"><div class=\"wpb_wrapper\">\n\t<div class=\"wpb_text_column_7 wpb_text_column wpb_content_element\">\n\t\t<div class=\"wpb_wrapper\" >\n\t\t\t<p>Tavuk unu, besleyici de\u011feri y\u00fcksek bir g\u0131da bile\u015fenidir. \u0130naktif maya ile benzer \u015fekilde, fermantasyon i\u015fleminden ge\u00e7ip kurutularak elde edilir. Bu s\u00fcre\u00e7, mayan\u0131n aktif \u00f6zelliklerini kaybetmesine neden olur. Kabartma veya fermantasyon ama\u00e7l\u0131 kullan\u0131lmaz; ancak protein, vitamin ve mineral a\u00e7\u0131s\u0131ndan zengin bir katk\u0131 maddesidir.<\/p>\n\n\t\t<\/div> \n\t<\/div> <\/div><\/div><\/div><div class=\"wpb_column vc_column_container vc_col-sm-1\/5 vc_column_container_69f70b718f9dc439382098\" style=\"z-index:0\"><div class=\"vc_column-inner\"><div class=\"wpb_wrapper\">\n\t<div class=\"wpb_text_column_8 wpb_text_column wpb_content_element\">\n\t\t<div class=\"wpb_wrapper\" >\n\t\t\t<p>\u0130naktif maya, beslenme ve sa\u011fl\u0131k a\u00e7\u0131s\u0131ndan zengin bir g\u0131da bile\u015fenidir. Mayan\u0131n fermantasyon i\u015fleminden ge\u00e7irilip kurutulmas\u0131yla elde edilir ve bu s\u00fcre\u00e7te aktif mayalanma \u00f6zelliklerini kaybeder. Bu nedenle, kabartma veya fermantasyon i\u00e7in kullan\u0131lmaz; ancak besleyici de\u011feri y\u00fcksek bir katk\u0131 maddesi olarak pek \u00e7ok g\u0131dada yer al\u0131r.<\/p>\n\n\t\t<\/div> \n\t<\/div> <\/div><\/div><\/div><div class=\"wpb_column vc_column_container vc_col-sm-1\/5 vc_column_container_69f70b718fc22057842830\" style=\"z-index:0\"><div class=\"vc_column-inner\"><div class=\"wpb_wrapper\">\n\t<div class=\"wpb_text_column_9 wpb_text_column wpb_content_element\">\n\t\t<div class=\"wpb_wrapper\" >\n\t\t\t<p>Askorbik asit, yayg\u0131n olarak C vitamini olarak bilinir, g\u00fc\u00e7l\u00fc bir antioksidand\u0131r ve ba\u011f\u0131\u015f\u0131kl\u0131k sistemini destekler. G\u0131da end\u00fcstrisinde, renk koruyucu ve antioksidan olarak kullan\u0131l\u0131r. Ayr\u0131ca, meyve sular\u0131, konserve g\u0131dalar ve unlu mamullerin tazeli\u011fini ve kalitesini art\u0131r\u0131r.<\/p>\n\n\t\t<\/div> \n\t<\/div> <\/div><\/div><\/div><div class=\"wpb_column vc_column_container vc_col-sm-1\/5 vc_column_container_69f70b718fe56218101330\" style=\"z-index:0\"><div class=\"vc_column-inner\"><div class=\"wpb_wrapper\">\n\t<div class=\"wpb_text_column_10 wpb_text_column wpb_content_element\">\n\t\t<div class=\"wpb_wrapper\" >\n\t\t\t<p>Vital bu\u011fday gluteni, bu\u011fdaydan elde edilen y\u00fcksek proteinli bir \u00fcr\u00fcnd\u00fcr ve unlu mamullerin yap\u0131sal b\u00fct\u00fcnl\u00fc\u011f\u00fcn\u00fc art\u0131r\u0131r. Hamura esneklik ve elastikiyet kazand\u0131rarak ekmeklerin daha iyi kabarmas\u0131n\u0131 sa\u011flar. Ayn\u0131 zamanda, vegan ve vejetaryen g\u0131dalarda bitkisel protein kayna\u011f\u0131 olarak kullan\u0131l\u0131r.<\/p>\n\n\t\t<\/div> \n\t<\/div> <\/div><\/div><\/div><div class=\"wpb_column vc_column_container vc_col-sm-1\/5 vc_column_container_69f70b718fff7781059688\" style=\"z-index:0\"><div class=\"vc_column-inner\"><div class=\"wpb_wrapper\">\n\t<div class=\"wpb_text_column_11 wpb_text_column wpb_content_element\">\n\t\t<div class=\"wpb_wrapper\" >\n\t\t\t<p>Bira mayas\u0131, bira \u00fcretiminde fermantasyonun temelini olu\u015fturan \u00f6nemli bir mikroorganizmad\u0131r. Zengin protein, vitamin ve mineral i\u00e7eri\u011fiyle sa\u011fl\u0131k a\u00e7\u0131s\u0131ndan da faydal\u0131d\u0131r. Bira mayas\u0131, g\u0131da ve takviye end\u00fcstrisinde yayg\u0131n olarak kullan\u0131l\u0131r.<\/p>\n\n\t\t<\/div> \n\t<\/div> <\/div><\/div><\/div><\/div><\/div><\/div><\/div><div class=\"container row_section vc_row_p_30\"><div  class=\"vc_row wpb_row vc_row-fluid vc_column-gap-30 vc_row-69f70b71901ae550974016\"   style=' text-align:left; z-index:0;'><div class=\"row-container container-fluid\"><div class=\"row-inner\"><div class=\"wpb_column vc_column_container vc_col-sm-1\/5 vc_column_container_69f70b71902e4230398363\" style=\"z-index:0\"><div class=\"vc_column-inner\"><div class=\"wpb_wrapper\"><div class=\"vc_btn3-container vc_btn3-center\" ><a class=\"vc_general vc_btn3 vc_btn3-size-md vc_btn3-shape-rounded vc_btn3-style-modern vc_btn3-color-green\" href=\"https:\/\/www.agroviva.com.tr\/en\/tavuk-unu\/\" title=\"Tavuk Unu\">Ayr\u0131nt\u0131l\u0131 Bilgi<\/a><\/div><\/div><\/div><\/div><div class=\"wpb_column vc_column_container vc_col-sm-1\/5 vc_column_container_69f70b71904f6214221282\" style=\"z-index:0\"><div class=\"vc_column-inner\"><div class=\"wpb_wrapper\"><div class=\"vc_btn3-container vc_btn3-center\" ><a class=\"vc_general vc_btn3 vc_btn3-size-md vc_btn3-shape-rounded vc_btn3-style-modern vc_btn3-color-green\" href=\"https:\/\/www.agroviva.com.tr\/en\/inaktif-maya\/\" title=\"\u0130naktif maya\">Ayr\u0131nt\u0131l\u0131 Bilgi<\/a><\/div><\/div><\/div><\/div><div class=\"wpb_column vc_column_container vc_col-sm-1\/5 vc_column_container_69f70b7190676259570881\" style=\"z-index:0\"><div class=\"vc_column-inner\"><div class=\"wpb_wrapper\"><div class=\"vc_btn3-container vc_btn3-center\" ><a class=\"vc_general vc_btn3 vc_btn3-size-md vc_btn3-shape-rounded vc_btn3-style-modern vc_btn3-color-green\" href=\"https:\/\/www.agroviva.com.tr\/en\/askorbik-asit\/\" title=\"Ascorbik asit (C vitamini)\">Ayr\u0131nt\u0131l\u0131 Bilgi<\/a><\/div><\/div><\/div><\/div><div class=\"wpb_column vc_column_container vc_col-sm-1\/5 vc_column_container_69f70b71907f8063172678\" style=\"z-index:0\"><div class=\"vc_column-inner\"><div class=\"wpb_wrapper\"><div class=\"vc_btn3-container vc_btn3-center\" ><a class=\"vc_general vc_btn3 vc_btn3-size-md vc_btn3-shape-rounded vc_btn3-style-modern vc_btn3-color-green\" href=\"https:\/\/www.agroviva.com.tr\/en\/vital-bugday-gluteni\/\" title=\"Vital Bu\u011fday Gluteni\">Ayr\u0131nt\u0131l\u0131 Bilgi<\/a><\/div><\/div><\/div><\/div><div class=\"wpb_column vc_column_container vc_col-sm-1\/5 vc_column_container_69f70b719096b211262588\" style=\"z-index:0\"><div class=\"vc_column-inner\"><div class=\"wpb_wrapper\"><div class=\"vc_btn3-container vc_btn3-center\" ><a class=\"vc_general vc_btn3 vc_btn3-size-md vc_btn3-shape-rounded vc_btn3-style-modern vc_btn3-color-green\" href=\"https:\/\/www.agroviva.com.tr\/en\/bira-mayasi\/\" title=\"Bira Mayas\u0131\">Ayr\u0131nt\u0131l\u0131 Bilgi<\/a><\/div><\/div><\/div><\/div><\/div><\/div><\/div><\/div><section class=\"vc_section\"><div class=\"container row_section vc_row_p_30\"><div  class=\"vc_row wpb_row vc_row-fluid vc_column-gap-30 vc_row-69f70b7190c3c527673552\"   style=' text-align:left; z-index:0;'><div class=\"row-container container-fluid\"><div class=\"row-inner\"><div class=\"wpb_column vc_column_container vc_col-sm-1\/5 vc_column_container_69f70b7190d0c024414579\" style=\"z-index:0\"><div class=\"vc_column-inner\"><div class=\"wpb_wrapper\"><div class=\"vc_custom_heading vc_custom_heading_69f70b7190e20560832876\" ><h2 style=\"text-align: center;font-family:Abril Fatface;font-weight:400;font-style:normal\"><span class=\"hilight\"  >Bu\u011fday Ni\u015fastas\u0131<\/span><\/h2><\/div><\/div><\/div><\/div><div class=\"wpb_column vc_column_container vc_col-sm-1\/5 vc_column_container_69f70b7190f30971384464\" style=\"z-index:0\"><div class=\"vc_column-inner\"><div class=\"wpb_wrapper\"><\/div><\/div><\/div><div class=\"wpb_column vc_column_container vc_col-sm-1\/5 vc_column_container_69f70b7190fe6643460200\" style=\"z-index:0\"><div class=\"vc_column-inner\"><div class=\"wpb_wrapper\"><\/div><\/div><\/div><div class=\"wpb_column vc_column_container vc_col-sm-1\/5 vc_column_container_69f70b7191093863733991\" style=\"z-index:0\"><div class=\"vc_column-inner\"><div class=\"wpb_wrapper\"><\/div><\/div><\/div><div class=\"wpb_column vc_column_container vc_col-sm-1\/5 vc_column_container_69f70b719113d027254300\" style=\"z-index:0\"><div class=\"vc_column-inner\"><div class=\"wpb_wrapper\"><\/div><\/div><\/div><\/div><\/div><\/div><\/div><div class=\"container row_section vc_row_p_30\"><div  class=\"vc_row wpb_row vc_row-fluid vc_column-gap-30 vc_row-69f70b719123b887967568\"   style=' text-align:left; z-index:0;'><div class=\"row-container container-fluid\"><div class=\"row-inner\"><div class=\"wpb_column vc_column_container vc_col-sm-1\/5 vc_column_container_69f70b7191309354245674\" style=\"z-index:0\"><div class=\"vc_column-inner\"><div class=\"wpb_wrapper\">\r\n\t<div class=\"wpb_single_image wpb_single_image_12 wpb_content_element vc_align_left\">\r\n\t\t<div class=\"wpb_wrapper\">\r\n\t\t\t\r\n\t\t\t<div class=\"vc_single_image-wrapper   vc_box_border_grey\"><img loading=\"lazy\" decoding=\"async\" class=\"vc_single_image-img\" src=\"https:\/\/www.agroviva.com.tr\/wp-content\/uploads\/2025\/02\/bugday-nisastasi-250x250.jpg\" width=\"250\" height=\"250\" alt=\"Bu\u011fday ni\u015fastas\u0131, bu\u011fday tanelerinden elde edilen ince beyaz bir tozdur. G\u0131da end\u00fcstrisinde koyula\u015ft\u0131r\u0131c\u0131, ba\u011flay\u0131c\u0131 ve jelle\u015ftirici olarak kullan\u0131l\u0131r. \u00c7e\u015fitli tatl\u0131lar, soslar ve \u00e7orbalar gibi \u00fcr\u00fcnlerin yap\u0131sal b\u00fct\u00fcnl\u00fc\u011f\u00fcn\u00fc sa\u011flar.\" title=\"bugday-nisastasi\" \/><\/div>\r\n\t\t<\/div>\r\n\t<\/div>\r\n<\/div><\/div><\/div><div class=\"wpb_column vc_column_container vc_col-sm-1\/5 vc_column_container_69f70b7191880901726186\" style=\"z-index:0\"><div class=\"vc_column-inner\"><div class=\"wpb_wrapper\"><\/div><\/div><\/div><div class=\"wpb_column vc_column_container vc_col-sm-1\/5 vc_column_container_69f70b719193b141601611\" style=\"z-index:0\"><div class=\"vc_column-inner\"><div class=\"wpb_wrapper\"><\/div><\/div><\/div><div class=\"wpb_column vc_column_container vc_col-sm-1\/5 vc_column_container_69f70b71919e5954009340\" style=\"z-index:0\"><div class=\"vc_column-inner\"><div class=\"wpb_wrapper\"><\/div><\/div><\/div><div class=\"wpb_column vc_column_container vc_col-sm-1\/5 vc_column_container_69f70b7191a95135879051\" style=\"z-index:0\"><div class=\"vc_column-inner\"><div class=\"wpb_wrapper\"><\/div><\/div><\/div><\/div><\/div><\/div><\/div><div class=\"container row_section vc_row_p_30\"><div  class=\"vc_row wpb_row vc_row-fluid vc_column-gap-30 vc_row-69f70b7191b98191792666\"   style=' text-align:left; z-index:0;'><div class=\"row-container container-fluid\"><div class=\"row-inner\"><div class=\"wpb_column vc_column_container vc_col-sm-1\/5 vc_column_container_69f70b7191c61638460757\" style=\"z-index:0\"><div class=\"vc_column-inner\"><div class=\"wpb_wrapper\">\n\t<div class=\"wpb_text_column_13 wpb_text_column wpb_content_element\">\n\t\t<div class=\"wpb_wrapper\" >\n\t\t\t<p>Bu\u011fday ni\u015fastas\u0131, beslenme a\u00e7\u0131s\u0131ndan \u00f6nemli bir karbonhidrat kayna\u011f\u0131d\u0131r. Bu\u011fday\u0131n \u00f6\u011f\u00fct\u00fclmesiyle elde edilir ve genellikle g\u0131da end\u00fcstrisinde kal\u0131nla\u015ft\u0131r\u0131c\u0131, ba\u011flay\u0131c\u0131 veya k\u0131vam art\u0131r\u0131c\u0131 olarak kullan\u0131l\u0131r. Y\u00fcksek enerji sa\u011flar ve bir\u00e7ok g\u0131dada, \u00f6zellikle tatl\u0131lar ve soslarda, katk\u0131 maddesi olarak yer al\u0131r<\/p>\n\n\t\t<\/div> \n\t<\/div> <\/div><\/div><\/div><div class=\"wpb_column vc_column_container vc_col-sm-1\/5 vc_column_container_69f70b7191dc8375530085\" style=\"z-index:0\"><div class=\"vc_column-inner\"><div class=\"wpb_wrapper\"><\/div><\/div><\/div><div class=\"wpb_column vc_column_container vc_col-sm-1\/5 vc_column_container_69f70b7191e80122163972\" style=\"z-index:0\"><div class=\"vc_column-inner\"><div class=\"wpb_wrapper\"><\/div><\/div><\/div><div class=\"wpb_column vc_column_container vc_col-sm-1\/5 vc_column_container_69f70b7191f29435479252\" style=\"z-index:0\"><div class=\"vc_column-inner\"><div class=\"wpb_wrapper\"><\/div><\/div><\/div><div class=\"wpb_column vc_column_container vc_col-sm-1\/5 vc_column_container_69f70b7191fce673517863\" style=\"z-index:0\"><div class=\"vc_column-inner\"><div class=\"wpb_wrapper\"><\/div><\/div><\/div><\/div><\/div><\/div><\/div><div class=\"container row_section vc_row_p_30\"><div  class=\"vc_row wpb_row vc_row-fluid vc_column-gap-30 vc_row-69f70b71920c2174393457\"   style=' text-align:left; z-index:0;'><div class=\"row-container container-fluid\"><div class=\"row-inner\"><div class=\"wpb_column vc_column_container vc_col-sm-1\/5 vc_column_container_69f70b7192181535109205\" style=\"z-index:0\"><div class=\"vc_column-inner\"><div class=\"wpb_wrapper\"><div class=\"vc_btn3-container vc_btn3-center\" ><a class=\"vc_general vc_btn3 vc_btn3-size-md vc_btn3-shape-rounded vc_btn3-style-modern vc_btn3-color-green\" href=\"https:\/\/www.agroviva.com.tr\/en\/bugday-nisastasi\/\" title=\"Bu\u011fday Ni\u015fastas\u0131\">Ayr\u0131nt\u0131l\u0131 Bilgi<\/a><\/div><\/div><\/div><\/div><div class=\"wpb_column vc_column_container vc_col-sm-1\/5 vc_column_container_69f70b7192324423010256\" style=\"z-index:0\"><div class=\"vc_column-inner\"><div class=\"wpb_wrapper\"><\/div><\/div><\/div><div class=\"wpb_column vc_column_container vc_col-sm-1\/5 vc_column_container_69f70b71923d2238415298\" style=\"z-index:0\"><div class=\"vc_column-inner\"><div class=\"wpb_wrapper\"><\/div><\/div><\/div><div class=\"wpb_column vc_column_container vc_col-sm-1\/5 vc_column_container_69f70b7192479659573795\" style=\"z-index:0\"><div class=\"vc_column-inner\"><div class=\"wpb_wrapper\"><\/div><\/div><\/div><div class=\"wpb_column vc_column_container vc_col-sm-1\/5 vc_column_container_69f70b7192521273557659\" style=\"z-index:0\"><div class=\"vc_column-inner\"><div class=\"wpb_wrapper\"><\/div><\/div><\/div><\/div><\/div><\/div><\/div><\/section>\n<\/section>","protected":false},"excerpt":{"rendered":"AgroViva olarak, g\u0131da end\u00fcstrisinde y\u00fcksek kaliteli g\u0131da katk\u0131lar\u0131 sunma konusuna \u00f6zen g\u00f6steriyoruz. G\u0131da katk\u0131lar\u0131, g\u0131dalar\u0131n \u00fcretimi, haz\u0131rlanmas\u0131, ambalajlanmas\u0131 ve depolanmas\u0131 s\u00fcre\u00e7lerinde dayan\u0131kl\u0131l\u0131\u011f\u0131, yo\u011funlu\u011fu ve renkleri iyile\u015ftirmek i\u00e7in kullan\u0131lan \u00f6nemli bile\u015fenlerdir. [...]","protected":false},"author":1,"featured_media":0,"parent":0,"menu_order":0,"comment_status":"closed","ping_status":"closed","template":"","meta":{"footnotes":""},"class_list":["post-12556","page","type-page","status-publish","hentry"],"_links":{"self":[{"href":"https:\/\/www.agroviva.com.tr\/en\/wp-json\/wp\/v2\/pages\/12556","targetHints":{"allow":["GET"]}}],"collection":[{"href":"https:\/\/www.agroviva.com.tr\/en\/wp-json\/wp\/v2\/pages"}],"about":[{"href":"https:\/\/www.agroviva.com.tr\/en\/wp-json\/wp\/v2\/types\/page"}],"author":[{"embeddable":true,"href":"https:\/\/www.agroviva.com.tr\/en\/wp-json\/wp\/v2\/users\/1"}],"replies":[{"embeddable":true,"href":"https:\/\/www.agroviva.com.tr\/en\/wp-json\/wp\/v2\/comments?post=12556"}],"version-history":[{"count":30,"href":"https:\/\/www.agroviva.com.tr\/en\/wp-json\/wp\/v2\/pages\/12556\/revisions"}],"predecessor-version":[{"id":13548,"href":"https:\/\/www.agroviva.com.tr\/en\/wp-json\/wp\/v2\/pages\/12556\/revisions\/13548"}],"wp:attachment":[{"href":"https:\/\/www.agroviva.com.tr\/en\/wp-json\/wp\/v2\/media?parent=12556"}],"curies":[{"name":"wp","href":"https:\/\/api.w.org\/{rel}","templated":true}]}}