{"id":12557,"date":"2024-04-25T10:00:59","date_gmt":"2024-04-25T07:00:59","guid":{"rendered":"https:\/\/www.agroviva.com.tr\/urundetay1-6\/"},"modified":"2025-02-04T14:48:31","modified_gmt":"2025-02-04T11:48:31","slug":"tarimsal-pazar-arastirmasi","status":"publish","type":"page","link":"https:\/\/www.agroviva.com.tr\/en\/tarimsal-pazar-arastirmasi\/","title":{"rendered":"Agricultural Market Research"},"content":{"rendered":"<section class=\"wpb-content-wrapper\"><div class=\"container row_section vc_row_p_30\"><div  class=\"vc_row wpb_row vc_row-fluid vc_column-gap-30 vc_row-69f70788174ae912815614\"   style=' text-align:left; z-index:0;'><div class=\"row-container container-fluid\"><div class=\"row-inner\"><div class=\"wpb_column vc_column_container vc_col-sm-12 vc_column_container_69f70788176c0304377909\" style=\"z-index:0\"><div class=\"vc_column-inner\"><div class=\"wpb_wrapper\"><div class=\"vc_custom_heading vc_custom_heading_69f7078817861858739076\" ><h1 style=\"text-align: left;font-family:Abril Fatface;font-weight:400;font-style:normal\"><span class=\"hilight\"  >Tar\u0131msal Pazar Ara\u015ft\u0131rmas\u0131 Hizmeti<\/span><\/h1><\/div><\/div><\/div><\/div><\/div><\/div><\/div><\/div><div class=\"container row_section vc_row_p_30\"><div  class=\"vc_row wpb_row vc_row-fluid vc_column-gap-30 vc_row-69f7078817abf448400949\"   style=' text-align:left; z-index:0;'><div class=\"row-container container-fluid\"><div class=\"row-inner\"><div class=\"wpb_column vc_column_container vc_col-sm-12 vc_column_container_69f7078817be7079219540\" style=\"z-index:0\"><div class=\"vc_column-inner\"><div class=\"wpb_wrapper\">\n\t<div class=\"wpb_text_column_1 wpb_text_column wpb_content_element\">\n\t\t<div class=\"wpb_wrapper\" >\n\t\t\t<p>AgroViva olarak, tar\u0131msal pazar ara\u015ft\u0131rmas\u0131 hizmetlerimizle yurtd\u0131\u015f\u0131ndan gelen global firmalar ve yerel \u00e7ift\u00e7iler aras\u0131nda k\u00f6pr\u00fc kuruyoruz. Yat\u0131r\u0131mc\u0131lar\u0131n en do\u011fru kararlar\u0131 alabilmeleri i\u00e7in kapsaml\u0131 ve g\u00fcvenilir veri sa\u011fl\u0131yoruz. Bu hizmetimiz, tar\u0131msal \u00fcretimin her a\u015famas\u0131nda etkin ve stratejik bir yol haritas\u0131 sunmaktad\u0131r.<\/p>\n<h2>Tar\u0131msal Pazar Ara\u015ft\u0131rmas\u0131 Hizmet S\u00fcrecimiz:<\/h2>\n<p><strong>G\u00f6r\u00fc\u015fmeler ve Anketler:<\/strong> Yurtd\u0131\u015f\u0131ndan gelen sat\u0131n alma firmalar\u0131n\u0131n talepleri do\u011frultusunda, b\u00f6lgesel olarak \u00e7ift\u00e7ilerle birebir g\u00f6r\u00fc\u015fmeler ve anketler ger\u00e7ekle\u015ftiriyoruz. Bu s\u00fcre\u00e7te, \u00e7ift\u00e7ilerin mahsul s\u00fcre\u00e7leri, memnuniyet d\u00fczeyleri, mevcut zorluklar\u0131 ve gelecek y\u0131l planlar\u0131 gibi kritik bilgileri topluyoruz.<\/p>\n<p><strong>Veri Toplama ve Analiz:<\/strong> Toplad\u0131\u011f\u0131m\u0131z verileri titizlikle analiz ederek detayl\u0131 raporlar olu\u015fturuyoruz. Bu raporlar, \u00e7ift\u00e7ilerin \u00fcr\u00fcn beklentilerini, memnuniyet d\u00fczeylerini, \u00fcretim kapasitelerini ve yat\u0131r\u0131m ihtiya\u00e7lar\u0131n\u0131 kapsaml\u0131 bir \u015fekilde ele al\u0131r. Verilerin do\u011frulu\u011funu ve g\u00fcvenilirli\u011fini sa\u011flamak i\u00e7in en son analiz tekniklerini ve yaz\u0131l\u0131mlar\u0131n\u0131 kullan\u0131yoruz.<\/p>\n<p><strong>\u00dcr\u00fcn Beklentisi ve \u00c7ift\u00e7i Memnuniyeti:<\/strong> Raporlar\u0131m\u0131z, \u00e7ift\u00e7ilerin gelecek y\u0131l i\u00e7in \u00fcr\u00fcn beklentilerini ve mevcut s\u00fcre\u00e7lerdeki memnuniyet d\u00fczeylerini detayl\u0131 olarak i\u00e7erir. Bu bilgiler, yat\u0131r\u0131mc\u0131lar\u0131n piyasa trendlerini ve \u00e7ift\u00e7ilerin ihtiya\u00e7lar\u0131n\u0131 anlamalar\u0131na yard\u0131mc\u0131 olur. Ayr\u0131ca, \u00e7ift\u00e7ilerin \u00fcr\u00fcn kalitesini ve verimlili\u011fini art\u0131rmak i\u00e7in \u00f6neriler sunar\u0131z.<\/p>\n<p><strong>Yat\u0131r\u0131m Deste\u011fi ve Planlama:<\/strong> \u00c7ift\u00e7ilere sa\u011flanabilecek yat\u0131r\u0131m destekleri ve bu desteklerin nas\u0131l optimize edilebilece\u011fi konusunda \u00f6neriler sunuyoruz. \u00c7ift\u00e7ilerin finansal ihtiya\u00e7lar\u0131n\u0131 belirleyerek, yat\u0131r\u0131mc\u0131lar\u0131n do\u011fru alanlara odaklanmalar\u0131n\u0131 sa\u011fl\u0131yoruz. Bu destekler, \u00e7ift\u00e7ilerin \u00fcretim s\u00fcre\u00e7lerini iyile\u015ftirmelerine ve verimliliklerini art\u0131rmalar\u0131na yard\u0131mc\u0131 olur.<\/p>\n<h2>Yat\u0131r\u0131mc\u0131lar \u0130\u00e7in Avantajlar:<\/h2>\n<ul>\n<li><strong>Do\u011fru ve G\u00fcncel Bilgi:<\/strong> Sahadan toplad\u0131\u011f\u0131m\u0131z ger\u00e7ek zamanl\u0131 veriler sayesinde, yat\u0131r\u0131mc\u0131lar en do\u011fru ve g\u00fcncel bilgilere eri\u015febilir. Bu veriler, yat\u0131r\u0131m kararlar\u0131n\u0131 desteklemek i\u00e7in kritik \u00f6neme sahiptir.<\/li>\n<li><strong>Stratejik Yat\u0131r\u0131m Planlamas\u0131:<\/strong> Detayl\u0131 raporlar\u0131m\u0131z, yat\u0131r\u0131mc\u0131lar\u0131n stratejik planlar\u0131n\u0131 en verimli \u015fekilde \u015fekillendirmelerine olanak tan\u0131r. Tar\u0131msal pazar trendlerini ve \u00e7ift\u00e7ilerin ihtiya\u00e7lar\u0131n\u0131 anlamalar\u0131na yard\u0131mc\u0131 olur.<\/li>\n<li><strong>\u00c7ift\u00e7i ile G\u00fc\u00e7l\u00fc \u0130li\u015fkiler:<\/strong> \u00c7ift\u00e7ilerin memnuniyet ve beklentileri hakk\u0131nda sa\u011flad\u0131\u011f\u0131m\u0131z bilgiler, yat\u0131r\u0131mc\u0131lar\u0131n \u00e7ift\u00e7ilerle uzun vadeli ve sa\u011fl\u0131kl\u0131 ili\u015fkiler kurmalar\u0131na yard\u0131mc\u0131 olur. Bu, s\u00fcrd\u00fcr\u00fclebilir tar\u0131msal \u00fcretimin temelini olu\u015fturur.<\/li>\n<li><strong>S\u00fcrd\u00fcr\u00fclebilir Yat\u0131r\u0131mlar:<\/strong> Tar\u0131msal pazar ara\u015ft\u0131rmalar\u0131, yat\u0131r\u0131mc\u0131lar\u0131n s\u00fcrd\u00fcr\u00fclebilir ve karl\u0131 yat\u0131r\u0131mlar yapmalar\u0131n\u0131 destekler. \u00c7evre dostu ve verimli \u00fcretim tekniklerinin benimsenmesine yard\u0131mc\u0131 olur.<\/li>\n<li><strong>Gelece\u011fe Y\u00f6nelik \u00d6ng\u00f6r\u00fcler:<\/strong> Gelecek y\u0131l\u0131n \u00fcretim kapasiteleri ve pazar beklentileri hakk\u0131nda sa\u011flad\u0131\u011f\u0131m\u0131z \u00f6ng\u00f6r\u00fcler, yat\u0131r\u0131mc\u0131lar\u0131n uzun vadeli stratejik planlar\u0131n\u0131 olu\u015fturmas\u0131na yard\u0131mc\u0131 olur.<\/li>\n<\/ul>\n\n\t\t<\/div> \n\t<\/div> <\/div><\/div><\/div><\/div><\/div><\/div><\/div><div class=\"container row_section vc_row_p_30\"><div  class=\"vc_row wpb_row vc_row-fluid vc_column-gap-30 vc_row-69f7078817e7f754463286\"   style=' text-align:left; z-index:0;'><div class=\"row-container container-fluid\"><div class=\"row-inner\"><div class=\"wpb_column vc_column_container vc_col-sm-12 vc_column_container_69f7078817f4c922021152\" style=\"z-index:0\"><div class=\"vc_column-inner\"><div class=\"wpb_wrapper\">\n\t<div class=\"wpb_text_column_2 wpb_text_column wpb_content_element\">\n\t\t<div class=\"wpb_wrapper\" >\n\t\t\t<h2>AgroViva\u2019n\u0131n Gelecek Vizyonu:<\/h2>\n<p>AgroViva olarak, gelece\u011fe y\u00f6nelik vizyonumuz, tar\u0131mda s\u00fcrd\u00fcr\u00fclebilirlik, inovasyon ve verimlilik \u00fczerine kuruludur. Amac\u0131m\u0131z, d\u00fcnya genelinde daha fazla insan\u0131n kaliteli ve g\u00fcvenli g\u0131daya eri\u015fimini sa\u011flamak ve bu s\u00fcre\u00e7te \u00e7evresel s\u00fcrd\u00fcr\u00fclebilirli\u011fi korumakt\u0131r. Ak\u0131ll\u0131 tar\u0131m teknolojilerimiz, ileri d\u00fczey sulama sistemlerimiz ve geni\u015f tar\u0131m arazilerimizle hem bug\u00fcn\u00fcn hem de yar\u0131n\u0131n tar\u0131m ihtiya\u00e7lar\u0131na cevap veriyoruz.<\/p>\n<p>Tar\u0131msal pazar ara\u015ft\u0131rmas\u0131 hizmetlerimizle, yat\u0131r\u0131mc\u0131lar\u0131n\u0131z\u0131n ihtiya\u00e7 duydu\u011fu t\u00fcm verileri sa\u011fl\u0131yor ve yat\u0131r\u0131mlar\u0131n\u0131n ba\u015far\u0131l\u0131 olmas\u0131n\u0131 sa\u011fl\u0131yoruz. Bu kapsaml\u0131 hizmetimizle, tar\u0131msal pazarda g\u00fcvenilir ve stratejik ad\u0131mlar atman\u0131za yard\u0131mc\u0131 oluyoruz. AgroViva olarak, d\u00fcnya \u00e7ap\u0131nda daha iyi bir gelecek in\u015fa etmeye kararl\u0131y\u0131z.<\/p>\n<p>Detayl\u0131 bilgi ve fiyat teklifi i\u00e7in <a href=\"https:\/\/www.instagram.com\/agrovivagida\/\" rel=\"nofollow noopener\" target=\"_blank\">sosyal medya<\/a>, <a href=\"https:\/\/www.agroviva.com.tr\/en\/iletisim\/\">ileti\u015fim formunu<\/a> doldurarak ya da telefon arac\u0131l\u0131\u011f\u0131yla bize ula\u015fabilirsiniz.<\/p>\n\n\t\t<\/div> \n\t<\/div> <\/div><\/div><\/div><\/div><\/div><\/div><\/div><div class=\"container row_section vc_row_p_30\"><div  class=\"vc_row wpb_row vc_row-fluid vc_column-gap-30 vc_row-69f7078818112400486403\"   style=' text-align:left; z-index:0;'><div class=\"row-container container-fluid\"><div class=\"row-inner\"><div class=\"wpb_column vc_column_container vc_col-sm-12 vc_column_container_69f707881821a806834271\" style=\"z-index:0\"><div class=\"vc_column-inner\"><div class=\"wpb_wrapper\"><div class=\"rdy_button_align center\"  data-animation-class=\"fadeInUp2\"><a href=\"https:\/\/www.agroviva.com.tr\/en\/teklifal\/\" class=\"rdy_button  large amination-outside animate-element dark flat-dimension button-3\" style=\"border-width: 2px!important; border-radius: 1px;-moz-border-radius: 1px;-webkit-border-radius: 1px; \" data-animation-class=\"fadeInUp2\"><span>Bilgi Al<\/span><\/a><\/div><\/div><\/div><\/div><\/div><\/div><\/div><\/div>\n<\/section>","protected":false},"excerpt":{"rendered":"Tar\u0131msal Pazar Ara\u015ft\u0131rmas\u0131 Hizmeti AgroViva olarak, tar\u0131msal pazar ara\u015ft\u0131rmas\u0131 hizmetlerimizle yurtd\u0131\u015f\u0131ndan gelen global firmalar ve yerel \u00e7ift\u00e7iler aras\u0131nda k\u00f6pr\u00fc kuruyoruz. Yat\u0131r\u0131mc\u0131lar\u0131n en do\u011fru kararlar\u0131 alabilmeleri i\u00e7in kapsaml\u0131 ve g\u00fcvenilir veri [...]","protected":false},"author":1,"featured_media":13305,"parent":0,"menu_order":0,"comment_status":"closed","ping_status":"closed","template":"","meta":{"footnotes":""},"class_list":["post-12557","page","type-page","status-publish","has-post-thumbnail","hentry"],"_links":{"self":[{"href":"https:\/\/www.agroviva.com.tr\/en\/wp-json\/wp\/v2\/pages\/12557","targetHints":{"allow":["GET"]}}],"collection":[{"href":"https:\/\/www.agroviva.com.tr\/en\/wp-json\/wp\/v2\/pages"}],"about":[{"href":"https:\/\/www.agroviva.com.tr\/en\/wp-json\/wp\/v2\/types\/page"}],"author":[{"embeddable":true,"href":"https:\/\/www.agroviva.com.tr\/en\/wp-json\/wp\/v2\/users\/1"}],"replies":[{"embeddable":true,"href":"https:\/\/www.agroviva.com.tr\/en\/wp-json\/wp\/v2\/comments?post=12557"}],"version-history":[{"count":6,"href":"https:\/\/www.agroviva.com.tr\/en\/wp-json\/wp\/v2\/pages\/12557\/revisions"}],"predecessor-version":[{"id":13306,"href":"https:\/\/www.agroviva.com.tr\/en\/wp-json\/wp\/v2\/pages\/12557\/revisions\/13306"}],"wp:featuredmedia":[{"embeddable":true,"href":"https:\/\/www.agroviva.com.tr\/en\/wp-json\/wp\/v2\/media\/13305"}],"wp:attachment":[{"href":"https:\/\/www.agroviva.com.tr\/en\/wp-json\/wp\/v2\/media?parent=12557"}],"curies":[{"name":"wp","href":"https:\/\/api.w.org\/{rel}","templated":true}]}}