{"id":12695,"date":"2024-04-26T11:29:12","date_gmt":"2024-04-26T08:29:12","guid":{"rendered":"https:\/\/www.agroviva.com.tr\/arpa-2\/"},"modified":"2025-02-17T09:16:39","modified_gmt":"2025-02-17T06:16:39","slug":"tavuk-unu","status":"publish","type":"page","link":"https:\/\/www.agroviva.com.tr\/en\/tavuk-unu\/","title":{"rendered":"Tavuk Unu"},"content":{"rendered":"<section class=\"wpb-content-wrapper\"><div class=\"container row_section vc_row_p_30\"><div  class=\"vc_row wpb_row vc_row-fluid vc_column-gap-30 vc_row-69f71c52bebcb431650783\"   style=' text-align:left; z-index:0;'><div class=\"row-container container-fluid\"><div class=\"row-inner\"><div class=\"wpb_column vc_column_container vc_col-sm-12 vc_column_container_69f71c52bee19590630113\" style=\"z-index:0\"><div class=\"vc_column-inner\"><div class=\"wpb_wrapper\"><div class=\"vc_empty_space  vc_empty_space_1\"   style=\"height: 0px\" ><span class=\"vc_empty_space_inner\"><\/span><\/div>\r\n\n\t<div class=\"wpb_text_column_2 wpb_text_column wpb_content_element\">\n\t\t<div class=\"wpb_wrapper\" >\n\t\t\t<p>Tavuk unu, son y\u0131llarda hayvanc\u0131l\u0131k sekt\u00f6r\u00fcnde \u00f6nemli bir yer edinmi\u015f ve pek \u00e7ok yem form\u00fcl\u00fcnde y\u00fcksek protein kayna\u011f\u0131 olarak kullan\u0131lan bir hammaddedir. Hem besleyici hem de ekonomik a\u00e7\u0131dan olduk\u00e7a de\u011ferli olan tavuk unu, \u00f6zellikle hayvanc\u0131l\u0131kta b\u00fcy\u00fckba\u015f ve k\u00fc\u00e7\u00fckba\u015f hayvanlar i\u00e7in tercih edilmektedir.<\/p>\n\n\t\t<\/div> \n\t<\/div> <div class=\"vc_empty_space  vc_empty_space_3\"   style=\"height: 0px\" ><span class=\"vc_empty_space_inner\"><\/span><\/div>\r\n<\/div><\/div><\/div><\/div><\/div><\/div><\/div><div class=\"container row_section vc_row_p_30\"><div  class=\"vc_row wpb_row vc_row-fluid vc_column-gap-30 vc_row-69f71c52bf27d101534627\"   style=' text-align:left; z-index:0;'><div class=\"row-container container-fluid\"><div class=\"row-inner\"><div class=\"wpb_column vc_column_container vc_col-sm-12 vc_column_container_69f71c52bf468602405879\" style=\"z-index:0\"><div class=\"vc_column-inner\"><div class=\"wpb_wrapper\"><div class=\"vc_empty_space  vc_empty_space_4\"   style=\"height: 0px\" ><span class=\"vc_empty_space_inner\"><\/span><\/div>\r\n<div class=\"vc_custom_heading vc_custom_heading_69f71c52bf7d0084177420\" ><h2 style=\"text-align: left;font-family:Abril Fatface;font-weight:400;font-style:normal\"><span class=\"hilight\"  >Tavuk Unu Nedir?<\/span><\/h2><\/div><div class=\"vc_empty_space  vc_empty_space_5\"   style=\"height: 0px\" ><span class=\"vc_empty_space_inner\"><\/span><\/div>\r\n\n\t<div class=\"wpb_text_column_6 wpb_text_column wpb_content_element\">\n\t\t<div class=\"wpb_wrapper\" >\n\t\t\t<p>Tavuk unu, genellikle tavuk karkaslar\u0131ndan elde edilen, y\u00fcksek protein i\u00e7eri\u011fi olan bir yem katk\u0131 maddesidir. Bu un, tavuklar\u0131n et, kemik ve organlar\u0131ndan ayr\u0131\u015ft\u0131r\u0131larak i\u015flenir ve besleyici bir yem bile\u015feni haline getirilir. \u0130\u00e7erdi\u011fi zengin protein yap\u0131s\u0131 sayesinde, \u00f6zellikle hayvanlar\u0131n beslenmesinde hem sa\u011fl\u0131kl\u0131 b\u00fcy\u00fcme hem de y\u00fcksek verim i\u00e7in b\u00fcy\u00fck \u00f6nem ta\u015f\u0131maktad\u0131r. Ayr\u0131ca \u0130\u00e7eri\u011findeki zengin amino asitler, vitaminler ve mineraller sayesinde \u00f6zellikle kanatl\u0131 hayvanlar\u0131n beslenmesinde s\u0131k\u00e7a tercih edilir. Tavuk unu, hayvanlar\u0131n b\u00fcy\u00fcme h\u0131z\u0131n\u0131 art\u0131r\u0131rken, ba\u011f\u0131\u015f\u0131kl\u0131k sistemlerini de g\u00fc\u00e7lendirir. \u0130\u00e7eri\u011findeki kalsiyum d\u00fczeyi fosforun 2 kat\u0131n\u0131 a\u015fmamas\u0131na dikkat edilmelidir.<\/p>\n\n\t\t<\/div> \n\t<\/div> <div class=\"vc_empty_space  vc_empty_space_7\"   style=\"height: 0px\" ><span class=\"vc_empty_space_inner\"><\/span><\/div>\r\n<\/div><\/div><\/div><div class=\"wpb_column vc_column_container vc_col-sm-12 vc_column_container_69f71c52bfda0739064782\" style=\"z-index:0\"><div class=\"vc_column-inner\"><div class=\"wpb_wrapper\"><div class=\"vc_empty_space  vc_empty_space_8\"   style=\"height: 0px\" ><span class=\"vc_empty_space_inner\"><\/span><\/div>\r\n<div class=\"vc_custom_heading vc_custom_heading_69f71c52c0050090199023\" ><h2 style=\"text-align: left;font-family:Abril Fatface;font-weight:400;font-style:normal\"><span class=\"hilight\"  >Tavuk Ununun Kullan\u0131m Alanlar\u0131<\/span><\/h2><\/div><div class=\"vc_empty_space  vc_empty_space_9\"   style=\"height: 0px\" ><span class=\"vc_empty_space_inner\"><\/span><\/div>\r\n\n\t<div class=\"wpb_text_column_10 wpb_text_column wpb_content_element\">\n\t\t<div class=\"wpb_wrapper\" >\n\t\t\t<ul>\n<li><strong>B\u00fcy\u00fckba\u015f ve K\u00fc\u00e7\u00fckba\u015f Hayvanlar:<\/strong> Tavuk unu, inek ve koyun gibi hayvanlar\u0131n yemlerine eklenerek, onlar\u0131n protein ihtiyac\u0131n\u0131 kar\u015f\u0131lamaya yard\u0131mc\u0131 olur. Bu da et ve s\u00fct veriminin artmas\u0131n\u0131 sa\u011flar.<\/li>\n<li><strong>K\u00fcmes Hayvanlar\u0131 ve Bal\u0131k Yemi:<\/strong> Tavuk unu, k\u00fcmes hayvanlar\u0131 i\u00e7in besleyici bir i\u00e7erik sa\u011flarken, bal\u0131k yemi \u00fcretiminde de kullan\u0131l\u0131r. \u00d6zellikle bal\u0131klar\u0131n sa\u011fl\u0131kl\u0131 b\u00fcy\u00fcmesi ve ba\u011f\u0131\u015f\u0131kl\u0131k sistemlerinin g\u00fc\u00e7lenmesi i\u00e7in faydal\u0131d\u0131r.<\/li>\n<\/ul>\n\n\t\t<\/div> \n\t<\/div> <div class=\"vc_empty_space  vc_empty_space_11\"   style=\"height: 0px\" ><span class=\"vc_empty_space_inner\"><\/span><\/div>\r\n<\/div><\/div><\/div><\/div><\/div><\/div><\/div><div class=\"container row_section vc_row_p_30\"><div  class=\"vc_row wpb_row vc_row-fluid vc_column-gap-30 vc_row-69f71c52c054c182520873\"   style=' text-align:left; z-index:0;'><div class=\"row-container container-fluid\"><div class=\"row-inner\"><div class=\"wpb_column vc_column_container vc_col-sm-12 vc_column_container_69f71c52c0792998465759\" style=\"z-index:0\"><div class=\"vc_column-inner\"><div class=\"wpb_wrapper\">\r\n\t<div class=\"wpb_single_image wpb_single_image_12 wpb_content_element vc_align_center\">\r\n\t\t<div class=\"wpb_wrapper\">\r\n\t\t\t\r\n\t\t\t<div class=\"vc_single_image-wrapper   vc_box_border_grey\"><img loading=\"lazy\" decoding=\"async\" width=\"720\" height=\"400\" src=\"https:\/\/www.agroviva.com.tr\/wp-content\/uploads\/2025\/02\/tavuk-unu-.jpg\" class=\"vc_single_image-img attachment-full\" alt=\"G\u00f6rselde, tavuk ununun ince, pudrams\u0131 dokusu ve soluk sar\u0131-bej tonlar\u0131 dikkat \u00e7ekiyor. Toz halindeki bu \u00fcr\u00fcn, genellikle \u015feffaf ambalajlar i\u00e7inde veya cam kavanozlarda saklan\u0131r. Tavuk unu, tavuk etinin kurutulup \u00f6\u011f\u00fct\u00fclmesiyle elde edilir ve y\u00fcksek protein i\u00e7eri\u011fiyle bilinir. G\u00f6rselde, tozun y\u00fczeyindeki hafif p\u00fcr\u00fczler ve \u0131\u015f\u0131kla parlayan ince tanecikler net bir \u015fekilde g\u00f6r\u00fclebilir. Bu \u00fcr\u00fcn, hem insan t\u00fcketimi i\u00e7in \u00e7orba ve soslarda kullan\u0131l\u0131r hem de evcil hayvan mamalar\u0131nda besleyici bir katk\u0131 maddesi olarak tercih edilir.\" title=\"tavuk-unu-\" srcset=\"https:\/\/www.agroviva.com.tr\/wp-content\/uploads\/2025\/02\/tavuk-unu-.jpg 720w, https:\/\/www.agroviva.com.tr\/wp-content\/uploads\/2025\/02\/tavuk-unu--300x167.jpg 300w, https:\/\/www.agroviva.com.tr\/wp-content\/uploads\/2025\/02\/tavuk-unu--18x10.jpg 18w, https:\/\/www.agroviva.com.tr\/wp-content\/uploads\/2025\/02\/tavuk-unu--700x389.jpg 700w\" sizes=\"auto, (max-width: 720px) 100vw, 720px\" \/><\/div>\r\n\t\t<\/div>\r\n\t<\/div>\r\n<div class=\"vc_empty_space  vc_empty_space_13\"   style=\"height: 0px\" ><span class=\"vc_empty_space_inner\"><\/span><\/div>\r\n<div class=\"vc_custom_heading vc_custom_heading_69f71c52c1290879712861\" ><h2 style=\"text-align: left;font-family:Abril Fatface;font-weight:400;font-style:normal\"><span class=\"hilight\"  >Tavuk Ununun Sa\u011fl\u0131k ve Beslenme A\u00e7\u0131s\u0131ndan \u00d6nemi<\/span><\/h2><\/div><div class=\"vc_empty_space  vc_empty_space_14\"   style=\"height: 0px\" ><span class=\"vc_empty_space_inner\"><\/span><\/div>\r\n\n\t<div class=\"wpb_text_column_15 wpb_text_column wpb_content_element\">\n\t\t<div class=\"wpb_wrapper\" >\n\t\t\t<p>Tavuk unu, i\u00e7erdi\u011fi amino asitler, vitaminler ve mineraller ile hayvanlar i\u00e7in son derece faydal\u0131d\u0131r. \u00d6zellikle protein ihtiyac\u0131n\u0131 kar\u015f\u0131lamakta zorlanan hayvanlar i\u00e7in ideal bir \u00e7\u00f6z\u00fcm sunar. Y\u00fcksek protein oran\u0131, hayvanlar\u0131n kas geli\u015fimini destekler, ba\u011f\u0131\u015f\u0131kl\u0131k sistemlerini g\u00fc\u00e7lendirir ve genel sa\u011fl\u0131klar\u0131n\u0131 iyile\u015ftirir. Tavuk unu, kan unundan sonra en fazla metabolik enerji de\u011ferine ve en iyi metionin i\u00e7eri\u011fine sahip yem kayna\u011f\u0131d\u0131r.<\/p>\n\n\t\t<\/div> \n\t<\/div> <div class=\"vc_empty_space  vc_empty_space_16\"   style=\"height: 0px\" ><span class=\"vc_empty_space_inner\"><\/span><\/div>\r\n<\/div><\/div><\/div><div class=\"wpb_column vc_column_container vc_col-sm-12 vc_column_container_69f71c52c1706531056643\" style=\"z-index:0\"><div class=\"vc_column-inner\"><div class=\"wpb_wrapper\"><div class=\"vc_empty_space  vc_empty_space_17\"   style=\"height: 0px\" ><span class=\"vc_empty_space_inner\"><\/span><\/div>\r\n<div class=\"vc_custom_heading vc_custom_heading_69f71c52c1a38390081859\" ><h2 style=\"text-align: left;font-family:Abril Fatface;font-weight:400;font-style:normal\"><span class=\"hilight\"  >Tavuk Ununun Faydalar\u0131<\/span><\/h2><\/div><div class=\"vc_empty_space  vc_empty_space_18\"   style=\"height: 0px\" ><span class=\"vc_empty_space_inner\"><\/span><\/div>\r\n\n\t<div class=\"wpb_text_column_19 wpb_text_column wpb_content_element\">\n\t\t<div class=\"wpb_wrapper\" >\n\t\t\t<ul>\n<li><strong>H\u0131zl\u0131 B\u00fcy\u00fcme:<\/strong> Y\u00fcksek protein i\u00e7eri\u011fi sayesinde, hayvanlar daha h\u0131zl\u0131 ve sa\u011fl\u0131kl\u0131 bir \u015fekilde b\u00fcy\u00fcr.<\/li>\n<li><strong>Daha Y\u00fcksek Verim:<\/strong> S\u00fct veya et veriminde g\u00f6zle g\u00f6r\u00fcl\u00fcr bir art\u0131\u015f sa\u011flar.<\/li>\n<li><strong>Ba\u011f\u0131\u015f\u0131kl\u0131k G\u00fc\u00e7lendirici:<\/strong> \u0130\u00e7erdi\u011fi besin \u00f6\u011feleri, hayvanlar\u0131n ba\u011f\u0131\u015f\u0131kl\u0131k sistemini destekler, hastal\u0131klara kar\u015f\u0131 daha diren\u00e7li hale gelmelerini sa\u011flar.<\/li>\n<\/ul>\n<p>Asitler, \u00f6zellikle organik asitler, hayvan beslenmesinde sindirimi kolayla\u015ft\u0131r\u0131c\u0131 ve bakteriyel enfeksiyonlar\u0131 \u00f6nleyici etkileriyle bilinir. Tavuk unu ile asitlerin bir araya gelmesi, hem besin de\u011ferini art\u0131r\u0131r hem de hayvanlar\u0131n sa\u011fl\u0131\u011f\u0131n\u0131 korur.<\/p>\n<ul>\n<li><strong>Sindirimi Kolayla\u015ft\u0131r\u0131r:<\/strong>\u00a0Asitler, tavuk unundaki proteinlerin daha kolay sindirilmesini sa\u011flar. Bu sayede hayvanlar, besinlerden maksimum fayday\u0131 elde eder.<\/li>\n<li><strong>Ba\u011f\u0131rsak Sa\u011fl\u0131\u011f\u0131n\u0131 Korur:<\/strong>\u00a0Asitler, ba\u011f\u0131rsaklardaki zararl\u0131 bakterilerin \u00e7o\u011falmas\u0131n\u0131 engelleyerek sindirim sisteminin daha sa\u011fl\u0131kl\u0131 \u00e7al\u0131\u015fmas\u0131n\u0131 sa\u011flar.<\/li>\n<li><strong>Besin Emilimini Art\u0131r\u0131r:<\/strong>\u00a0Tavuk unu ve asit kombinasyonu, vitamin ve minerallerin emilimini art\u0131rarak hayvanlar\u0131n daha g\u00fc\u00e7l\u00fc ve sa\u011fl\u0131kl\u0131 olmas\u0131n\u0131 destekler.<\/li>\n<li><strong>Ekonomik ve Verimli:<\/strong>\u00a0Bu kombinasyon, yem maliyetlerini d\u00fc\u015f\u00fcr\u00fcrken, hayvanlar\u0131n b\u00fcy\u00fcme h\u0131z\u0131n\u0131 ve verimlili\u011fini art\u0131r\u0131r.<\/li>\n<\/ul>\n\n\t\t<\/div> \n\t<\/div> <div class=\"vc_empty_space  vc_empty_space_20\"   style=\"height: 0px\" ><span class=\"vc_empty_space_inner\"><\/span><\/div>\r\n<div class=\"vc_custom_heading vc_custom_heading_69f71c52c1ed6686352563\" ><h2 style=\"text-align: left;font-family:Abril Fatface;font-weight:400;font-style:normal\"><span class=\"hilight\"  >Tavuk Unu Kullan\u0131rken Dikkat Edilmesi Gerekenler<\/span><\/h2><\/div><div class=\"vc_empty_space  vc_empty_space_21\"   style=\"height: 0px\" ><span class=\"vc_empty_space_inner\"><\/span><\/div>\r\n\n\t<div class=\"wpb_text_column_22 wpb_text_column wpb_content_element\">\n\t\t<div class=\"wpb_wrapper\" >\n\t\t\t<p>Tavuk unu kullan\u0131m\u0131 s\u0131ras\u0131nda \u00f6zellikle tavuk unu i\u00e7eri\u011findeki asit oran\u0131 ve i\u015fleme s\u00fcre\u00e7leri b\u00fcy\u00fck \u00f6nem ta\u015f\u0131maktad\u0131r. Ayr\u0131ca, tavuk unu kullan\u0131m\u0131n\u0131n do\u011fru miktarlarda olmas\u0131na \u00f6zen g\u00f6sterilmesi gerekmektedir. \u00dclkemizde \u00fcretilen tavuk unlar\u0131nda, kesimhane at\u0131klar\u0131ndan t\u00fcyler ayr\u0131\u015ft\u0131r\u0131lmad\u0131\u011f\u0131 i\u00e7in, \u00fcr\u00fcn\u00fcn ham protein miktar\u0131 y\u00fcksek olmas\u0131na ra\u011fmen hayvanlar taraf\u0131ndan sindirilebilirli\u011fi daha d\u00fc\u015f\u00fckt\u00fcr.<\/p>\n\n\t\t<\/div> \n\t<\/div> <div class=\"vc_empty_space  vc_empty_space_23\"   style=\"height: 0px\" ><span class=\"vc_empty_space_inner\"><\/span><\/div>\r\n<div class=\"vc_custom_heading vc_custom_heading_69f71c52c21bb034182630\" ><h2 style=\"text-align: left;font-family:Abril Fatface;font-weight:400;font-style:normal\"><span class=\"hilight\"  >Tavuk Unu ve Asit Kullan\u0131m\u0131 Hangi Asitler Tercih Edilmeli?<\/span><\/h2><\/div><div class=\"vc_empty_space  vc_empty_space_24\"   style=\"height: 0px\" ><span class=\"vc_empty_space_inner\"><\/span><\/div>\r\n\n\t<div class=\"wpb_text_column_25 wpb_text_column wpb_content_element\">\n\t\t<div class=\"wpb_wrapper\" >\n\t\t\t<p>Tavuk unu ile birlikte kullan\u0131labilecek asitler, genellikle organik asitlerdir. Bunlar aras\u0131nda en yayg\u0131n olanlar \u015funlard\u0131r:<\/p>\n<ul>\n<li><strong>Formik Asit:<\/strong>\u00a0Sindirimi kolayla\u015ft\u0131r\u0131r ve bakteriyel enfeksiyonlar\u0131 \u00f6nler.<\/li>\n<li><strong>Laktik Asit:<\/strong>\u00a0Ba\u011f\u0131rsak floras\u0131n\u0131 dengeler ve besin emilimini art\u0131r\u0131r.<\/li>\n<li><strong>Propiyonik Asit:<\/strong>\u00a0K\u00fcf ve bakterilerin \u00fcremesini engelleyerek yemin raf \u00f6mr\u00fcn\u00fc uzat\u0131r.<\/li>\n<\/ul>\n<p>Bu asitler, tavuk unu ile birlikte kullan\u0131ld\u0131\u011f\u0131nda hem hayvan sa\u011fl\u0131\u011f\u0131n\u0131 korur hem de yem verimlili\u011fini art\u0131r\u0131r.<\/p>\n\n\t\t<\/div> \n\t<\/div> <div class=\"vc_empty_space  vc_empty_space_26\"   style=\"height: 0px\" ><span class=\"vc_empty_space_inner\"><\/span><\/div>\r\n<div class=\"vc_custom_heading vc_custom_heading_69f71c52c245a316904927\" ><h2 style=\"text-align: left;font-family:Abril Fatface;font-weight:400;font-style:normal\"><span class=\"hilight\"  >Tavuk Unu ve Asit Kullan\u0131m\u0131n\u0131n Hayvan Sa\u011fl\u0131\u011f\u0131na Faydalar\u0131<\/span><\/h2><\/div><div class=\"vc_empty_space  vc_empty_space_27\"   style=\"height: 0px\" ><span class=\"vc_empty_space_inner\"><\/span><\/div>\r\n\n\t<div class=\"wpb_text_column_28 wpb_text_column wpb_content_element\">\n\t\t<div class=\"wpb_wrapper\" >\n\t\t\t<p>Tavuk unu ve asit kombinasyonu, \u00f6zellikle kanatl\u0131 hayvanlar\u0131n sa\u011fl\u0131\u011f\u0131 \u00fczerinde olumlu etkiler yaratmaktad\u0131r.<\/p>\n<ul>\n<li><strong>Ba\u011f\u0131\u015f\u0131kl\u0131k Sistemini G\u00fc\u00e7lendirir:<\/strong>\u00a0Asitler, ba\u011f\u0131\u015f\u0131kl\u0131k sistemini destekleyerek hastal\u0131klara kar\u015f\u0131 direnci art\u0131r\u0131r.<\/li>\n<li><strong>B\u00fcy\u00fcme H\u0131z\u0131n\u0131 Art\u0131r\u0131r:<\/strong>\u00a0Tavuk unu, y\u00fcksek protein i\u00e7eri\u011fiyle kas geli\u015fimini desteklerken, asitler bu s\u00fcreci h\u0131zland\u0131r\u0131r.<\/li>\n<li><strong>Stresi Azalt\u0131r:<\/strong>\u00a0Asitler, hayvanlar\u0131n stres seviyesini d\u00fc\u015f\u00fcrerek daha sa\u011fl\u0131kl\u0131 bir b\u00fcy\u00fcme ortam\u0131 sa\u011flar.<\/li>\n<li><strong>Yem T\u00fcketimini Azalt\u0131r:<\/strong>\u00a0Bu kombinasyon, yemden al\u0131nan verimi art\u0131rarak t\u00fcketim miktar\u0131n\u0131 d\u00fc\u015f\u00fcr\u00fcr.<\/li>\n<\/ul>\n\n\t\t<\/div> \n\t<\/div> <div class=\"vc_empty_space  vc_empty_space_29\"   style=\"height: 0px\" ><span class=\"vc_empty_space_inner\"><\/span><\/div>\r\n<div class=\"vc_custom_heading vc_custom_heading_69f71c52c26cc233009353\" ><h2 style=\"text-align: left;font-family:Abril Fatface;font-weight:400;font-style:normal\"><span class=\"hilight\"  >Tavuk Ununun Yan Etkileri<\/span><\/h2><\/div><div class=\"vc_empty_space  vc_empty_space_30\"   style=\"height: 0px\" ><span class=\"vc_empty_space_inner\"><\/span><\/div>\r\n\n\t<div class=\"wpb_text_column_31 wpb_text_column wpb_content_element\">\n\t\t<div class=\"wpb_wrapper\" >\n\t\t\t<ul>\n<li><strong>A\u015f\u0131r\u0131 Kullan\u0131m:<\/strong> Tavuk unu a\u015f\u0131r\u0131 kullan\u0131ld\u0131\u011f\u0131nda, hayvanlarda sindirim problemleri ya\u015fanabilir. Bu nedenle, kullan\u0131m\u0131 her zaman uygun dozlarda yap\u0131lmal\u0131d\u0131r.<\/li>\n<li><strong>Asit D\u00fczeyi:<\/strong> Tavuk ununun asidik i\u00e7eri\u011fi, sindirim sisteminde fazla asidik ortam yaratabilir. Bu da baz\u0131 hayvanlarda mide problemlerine yol a\u00e7abilir.<\/li>\n<\/ul>\n<p>Tavuk unu, y\u00fcksek protein i\u00e7eri\u011fi ve besleyici \u00f6zellikleriyle, hayvanc\u0131l\u0131k sekt\u00f6r\u00fcnde \u00f6nemli bir yere sahiptir. Hem b\u00fcy\u00fckba\u015f hem de k\u00fc\u00e7\u00fckba\u015f hayvanlar i\u00e7in m\u00fckemmel bir yem katk\u0131s\u0131 olan tavuk unu, do\u011fru kullan\u0131ld\u0131\u011f\u0131nda sa\u011fl\u0131kl\u0131 ve verimli bir hayvanc\u0131l\u0131k s\u00fcreci sunar. Ancak, asit d\u00fczeyi ve kullan\u0131m miktarlar\u0131 do\u011fru \u015fekilde denetlendi\u011finde, tavuk unu hayvanlar\u0131n b\u00fcy\u00fcmesini destekleyerek, beslenme ihtiya\u00e7lar\u0131n\u0131 en iyi \u015fekilde kar\u015f\u0131lar. Tavuk ununun rasyona hangi miktarda eklenece\u011fini belirleyen unsur \u00fcr\u00fcn\u00fcn k\u00fcl miktar\u0131d\u0131r. Rasyon haz\u0131rlan\u0131rken bu detaya ayr\u0131ca dikkat edilmelidir.<\/p>\n<p>Tavuk ununun etkili ve verimli bir \u015fekilde kullan\u0131lmas\u0131, sadece hayvanc\u0131l\u0131k i\u015fletmelerine de\u011fil, ayn\u0131 zamanda t\u00fcketicilere de kaliteli et ve s\u00fct \u00fcr\u00fcnleri sa\u011flama noktas\u0131nda b\u00fcy\u00fck katk\u0131 sunmaktad\u0131r.<\/p>\n<p>Unutmay\u0131n, do\u011fru beslenme, hem hayvanlar\u0131n hem de i\u015fletmenizin gelece\u011fi i\u00e7in b\u00fcy\u00fck \u00f6nem ta\u015f\u0131r. Tavuk unu ve asit ile bu gelece\u011fi \u015fimdiden in\u015fa edebilirsiniz!<\/p>\n\n\t\t<\/div> \n\t<\/div> <div class=\"vc_empty_space  vc_empty_space_32\"   style=\"height: 0px\" ><span class=\"vc_empty_space_inner\"><\/span><\/div>\r\n<div class=\"vc_custom_heading vc_custom_heading_69f71c52c294b933521569\" ><h2 style=\"text-align: left;font-family:Abril Fatface;font-weight:400;font-style:normal\"><span class=\"hilight\"  >Tavuk Unu Fiyat\u0131<\/span><\/h2><\/div><div class=\"vc_empty_space  vc_empty_space_33\"   style=\"height: 0px\" ><span class=\"vc_empty_space_inner\"><\/span><\/div>\r\n\n\t<div class=\"wpb_text_column_34 wpb_text_column wpb_content_element\">\n\t\t<div class=\"wpb_wrapper\" >\n\t\t\t<p><strong>Tavuk unu fiyat\u0131<\/strong>, bir\u00e7ok fakt\u00f6re ba\u011fl\u0131 olarak de\u011fi\u015fkenlik g\u00f6sterebilir. Tavuk unu sat\u0131n al\u0131rken, sadece fiyata odaklanmak yerine kaliteyi de g\u00f6z \u00f6n\u00fcnde bulundurmak gerekir. kullan\u0131lan hammaddelerin kalitesi, fiyat\u0131 do\u011frudan etkiler. Y\u00fcksek protein i\u00e7eri\u011fine sahip \u00fcr\u00fcnler, genellikle daha pahal\u0131d\u0131r.<\/p>\n<p>Uygun fiyatl\u0131 ancak d\u00fc\u015f\u00fck kaliteli \u00fcr\u00fcnler, uzun vadede hayvan sa\u011fl\u0131\u011f\u0131n\u0131 olumsuz etkileyebilir ve verimlili\u011fi d\u00fc\u015f\u00fcrebilir.\u00a0<strong>Tavuk unu fiyat\u0131<\/strong> ve <strong>tavuk unu ton fiyat\u0131<\/strong>, hayvan beslenmesinde b\u00fct\u00e7e planlamas\u0131 yaparken dikkat edilmesi gereken \u00f6nemli konulard\u0131r. Do\u011fru tedarik\u00e7iyle \u00e7al\u0131\u015farak hem kaliteli \u00fcr\u00fcnlere ula\u015fabilir hem de ekonomik \u00e7\u00f6z\u00fcmler elde edebilirsiniz.<\/p>\n<p>&nbsp;<\/p>\n<p>Y\u00fcksek proteinli tavuk unu hakk\u0131nda detayl\u0131 bilgi ve fiyat teklifi i\u00e7in <a href=\"https:\/\/www.instagram.com\/agrovivagida\/\" rel=\"nofollow noopener\" target=\"_blank\">sosyal medya<\/a>, <a href=\"https:\/\/www.agroviva.com.tr\/en\/iletisim\/\">ileti\u015fim formunu<\/a> doldurarak ya da telefon arac\u0131l\u0131\u011f\u0131yla bize ula\u015fabilirsiniz.<\/p>\n\n\t\t<\/div> \n\t<\/div> <div class=\"vc_empty_space  vc_empty_space_35\"   style=\"height: 0px\" ><span class=\"vc_empty_space_inner\"><\/span><\/div>\r\n<\/div><\/div><\/div><\/div><\/div><\/div><\/div><div class=\"container row_section vc_row_p_30\"><div  class=\"vc_row wpb_row vc_row-fluid vc_column-gap-30 vc_row-69f71c52c2c90251320986\"   style=' text-align:left; z-index:0;'><div class=\"row-container container-fluid\"><div class=\"row-inner\"><div class=\"wpb_column vc_column_container vc_col-sm-12 vc_column_container_69f71c52c2dc4365852949\" style=\"z-index:0\"><div class=\"vc_column-inner\"><div class=\"wpb_wrapper\"><div class=\"rdy_button_align center\"  data-animation-class=\"fadeInUp2\"><a href=\"https:\/\/www.agroviva.com.tr\/en\/teklifal\/\" class=\"rdy_button  large amination-outside animate-element dark flat-dimension button-36\" style=\"border-width: 2px!important; border-radius: 1px;-moz-border-radius: 1px;-webkit-border-radius: 1px; \" data-animation-class=\"fadeInUp2\"><span>Bilgi Al<\/span><\/a><\/div><\/div><\/div><\/div><\/div><\/div><\/div><\/div>\n<\/section>","protected":false},"excerpt":{"rendered":"Tavuk unu, son y\u0131llarda hayvanc\u0131l\u0131k sekt\u00f6r\u00fcnde \u00f6nemli bir yer edinmi\u015f ve pek \u00e7ok yem form\u00fcl\u00fcnde y\u00fcksek protein kayna\u011f\u0131 olarak kullan\u0131lan bir hammaddedir. Hem besleyici hem de ekonomik a\u00e7\u0131dan olduk\u00e7a de\u011ferli [...]","protected":false},"author":1,"featured_media":13293,"parent":0,"menu_order":0,"comment_status":"closed","ping_status":"closed","template":"","meta":{"footnotes":""},"class_list":["post-12695","page","type-page","status-publish","has-post-thumbnail","hentry"],"_links":{"self":[{"href":"https:\/\/www.agroviva.com.tr\/en\/wp-json\/wp\/v2\/pages\/12695","targetHints":{"allow":["GET"]}}],"collection":[{"href":"https:\/\/www.agroviva.com.tr\/en\/wp-json\/wp\/v2\/pages"}],"about":[{"href":"https:\/\/www.agroviva.com.tr\/en\/wp-json\/wp\/v2\/types\/page"}],"author":[{"embeddable":true,"href":"https:\/\/www.agroviva.com.tr\/en\/wp-json\/wp\/v2\/users\/1"}],"replies":[{"embeddable":true,"href":"https:\/\/www.agroviva.com.tr\/en\/wp-json\/wp\/v2\/comments?post=12695"}],"version-history":[{"count":14,"href":"https:\/\/www.agroviva.com.tr\/en\/wp-json\/wp\/v2\/pages\/12695\/revisions"}],"predecessor-version":[{"id":13466,"href":"https:\/\/www.agroviva.com.tr\/en\/wp-json\/wp\/v2\/pages\/12695\/revisions\/13466"}],"wp:featuredmedia":[{"embeddable":true,"href":"https:\/\/www.agroviva.com.tr\/en\/wp-json\/wp\/v2\/media\/13293"}],"wp:attachment":[{"href":"https:\/\/www.agroviva.com.tr\/en\/wp-json\/wp\/v2\/media?parent=12695"}],"curies":[{"name":"wp","href":"https:\/\/api.w.org\/{rel}","templated":true}]}}