{"id":12773,"date":"2024-04-30T14:29:33","date_gmt":"2024-04-30T11:29:33","guid":{"rendered":"https:\/\/www.agroviva.com.tr\/inaktif-maya\/"},"modified":"2025-01-30T12:02:22","modified_gmt":"2025-01-30T09:02:22","slug":"askorbik-asit","status":"publish","type":"page","link":"https:\/\/www.agroviva.com.tr\/en\/askorbik-asit\/","title":{"rendered":"E300 Askorbik Asit (C Vitamini)"},"content":{"rendered":"<section class=\"wpb-content-wrapper\"><div class=\"container row_section vc_row_p_30\"><div  class=\"vc_row wpb_row vc_row-fluid vc_column-gap-30 vc_row-69f71b0c06432747191918\"   style=' text-align:left; z-index:0;'><div class=\"row-container container-fluid\"><div class=\"row-inner\"><div class=\"wpb_column vc_column_container vc_col-sm-12 vc_column_container_69f71b0c066de632216733\" style=\"z-index:0\"><div class=\"vc_column-inner\"><div class=\"wpb_wrapper\"><div class=\"vc_empty_space  vc_empty_space_1\"   style=\"height: 0px\" ><span class=\"vc_empty_space_inner\"><\/span><\/div>\r\n\n\t<div class=\"wpb_text_column_2 wpb_text_column wpb_content_element\">\n\t\t<div class=\"wpb_wrapper\" >\n\t\t\t<p><strong>Askorbik asit<\/strong>, C vitamini olarak da bilinen, suda \u00e7\u00f6z\u00fcn\u00fcr bir bile\u015fiktir. Bu organik bile\u015fik, v\u00fccudun temel fonksiyonlar\u0131 i\u00e7in kritik bir rol oynamaktad\u0131r. Askorbik asit, insan v\u00fccudu taraf\u0131ndan \u00fcretilmez ve d\u0131\u015far\u0131dan g\u0131dalar ya da takviyeler yoluyla al\u0131nmas\u0131 gerekir. Kimyasal form\u00fcl\u00fc C6H8O6 olan askorbik asit, antioksidan \u00f6zellikleriyle bilinir ve ba\u011f\u0131\u015f\u0131kl\u0131k sistemini desteklemekten, doku tamirine kadar insan v\u00fccuduna \u00e7ok say\u0131da fayda sa\u011flar. Ayn\u0131 zamanda, demir emilimini art\u0131r\u0131r ve kolajen sentezini desteklemektedir.<\/p>\n\n\t\t<\/div> \n\t<\/div> <div class=\"vc_empty_space  vc_empty_space_3\"   style=\"height: 0px\" ><span class=\"vc_empty_space_inner\"><\/span><\/div>\r\n<div class=\"vc_custom_heading vc_custom_heading_69f71b0c06b06032684793\" ><h2 style=\"text-align: left;font-family:Abril Fatface;font-weight:400;font-style:normal\"><span class=\"hilight\"  >Askorbik Asit: Yap\u0131s\u0131, \u00d6zellikleri ve Do\u011fal Kaynaklar\u0131<\/span><\/h2><\/div><div class=\"vc_empty_space  vc_empty_space_4\"   style=\"height: 0px\" ><span class=\"vc_empty_space_inner\"><\/span><\/div>\r\n\n\t<div class=\"wpb_text_column_5 wpb_text_column wpb_content_element\">\n\t\t<div class=\"wpb_wrapper\" >\n\t\t\t<p>Askorbik asit, bir monosakkarit t\u00fcrevi olarak yap\u0131sal a\u00e7\u0131dan glikoz ve di\u011fer alt\u0131 karbonlu monosakkaritlere benzer \u00f6zellikler ta\u015f\u0131r. Bu bile\u015fik, renksiz veya beyaz renkli, dikd\u00f6rtgen kristal formundad\u0131r ve hafif bir kokuya sahiptir. Ek\u015fi bir tada sahip olan askorbik asit, asidik bir reaksiyon g\u00f6sterir. Optik olarak aktif bir bile\u015fik olup polarize \u0131\u015f\u0131\u011f\u0131 sa\u011fa \u00e7evirir. Asetonda \u00e7\u00f6z\u00fcnmesi olduk\u00e7a zordur, ancak eter, petrol eteri, benzen, kloroform ve ya\u011flarda \u00e7\u00f6z\u00fcnmez.<\/p>\n<p>Kimyasal olarak askorbik asidin \u0131\u015f\u0131\u011f\u0131 sola d\u00f6nd\u00fcren enantiyomeri, genellikle C vitamini olarak adland\u0131r\u0131l\u0131r. Ticari C vitamini, genellikle askorbik asit kristalleri veya askorbik asidin kalsiyum ve sodyum tuzlar\u0131ndan elde edilir. Bu form, takviye g\u0131dalar ve ila\u00e7larda yayg\u0131n olarak kullan\u0131l\u0131r.<\/p>\n\n\t\t<\/div> \n\t<\/div> <div class=\"vc_empty_space  vc_empty_space_6\"   style=\"height: 0px\" ><span class=\"vc_empty_space_inner\"><\/span><\/div>\r\n<div class=\"vc_custom_heading vc_custom_heading_69f71b0c06ee2579328917\" ><h2 style=\"text-align: left;font-family:Abril Fatface;font-weight:400;font-style:normal\"><span class=\"hilight\"  >C Vitamini ile Askorbik Asit Ayn\u0131 \u00dcr\u00fcnler mi?<\/span><\/h2><\/div><div class=\"vc_empty_space  vc_empty_space_7\"   style=\"height: 0px\" ><span class=\"vc_empty_space_inner\"><\/span><\/div>\r\n\n\t<div class=\"wpb_text_column_8 wpb_text_column wpb_content_element\">\n\t\t<div class=\"wpb_wrapper\" >\n\t\t\t<p>Askorbik asit ve C vitamini ayn\u0131 kimyasal bile\u015fiktir. Ancak, &#8220;askorbik asit&#8221; genellikle bilimsel ve end\u00fcstriyel kullan\u0131mda daha \u00e7ok tercih edilen isimdir. C vitamini ise daha yayg\u0131n olarak g\u00fcnl\u00fck dilde ve takviye \u00fcr\u00fcnlerinin tan\u0131t\u0131m\u0131nda kullan\u0131lmaktad\u0131r. Her iki terim de insan sa\u011fl\u0131\u011f\u0131 \u00fczerindeki olumlu etkileri ifade eder, ancak &#8220;askorbik asit&#8221; g\u0131da ve kozmetik \u00fcr\u00fcnlerinde katk\u0131 maddesi olarak \u00f6n plana \u00e7\u0131kmaktad\u0131r. \u00d6zellikle kozmetik \u00fcr\u00fcnlerde kullan\u0131lan askorbik asit, cildin parlakl\u0131\u011f\u0131n\u0131 art\u0131rmak ve leke g\u00f6r\u00fcn\u00fcm\u00fcn\u00fc azaltmak i\u00e7in son zamanlarda pop\u00fcler hale gelmi\u015ftir.<\/p>\n\n\t\t<\/div> \n\t<\/div> <div class=\"vc_empty_space  vc_empty_space_9\"   style=\"height: 0px\" ><span class=\"vc_empty_space_inner\"><\/span><\/div>\r\n<div class=\"vc_custom_heading vc_custom_heading_69f71b0c07157104629497\" ><h2 style=\"text-align: left;font-family:Abril Fatface;font-weight:400;font-style:normal\"><span class=\"hilight\"  >Askorbik Asitin G\u0131da Sanayisindeki Rol\u00fc<\/span><\/h2><\/div><div class=\"vc_empty_space  vc_empty_space_10\"   style=\"height: 0px\" ><span class=\"vc_empty_space_inner\"><\/span><\/div>\r\n\n\t<div class=\"wpb_text_column_11 wpb_text_column wpb_content_element\">\n\t\t<div class=\"wpb_wrapper\" >\n\t\t\t<p>Askorbik asit, g\u0131da sanayisinde geni\u015f bir yelpazede kullan\u0131l\u0131r. En yayg\u0131n kullan\u0131m alanlar\u0131ndan biri, g\u0131dalar\u0131 oksidasyondan koruma \u00f6zelli\u011fidir. Bu madde, meyve sular\u0131ndan et \u00fcr\u00fcnlerine, sal\u00e7a ve soslardan unlara kadar \u00e7e\u015fitli g\u0131dalarda tazeli\u011fi korumak ve raf \u00f6mr\u00fcn\u00fc uzatmak i\u00e7in kullan\u0131l\u0131r. Sal\u00e7a ve soslarda k\u0131vam artt\u0131r\u0131c\u0131 olarak kullan\u0131l\u0131r. Ayr\u0131ca, unlu mamullerde hamurun yap\u0131s\u0131n\u0131 geli\u015ftirmek ve renklerini korumak gibi \u00f6zelliklere de sahiptir. Unlu mam\u00fcllerde askorbik asit, hamurun elastikiyetini, stabilitesini art\u0131rarak daha iyi bir doku, daha sa\u011flam bir hamur elde edilmesine de yard\u0131mc\u0131 olmaktad\u0131r.<\/p>\n\n\t\t<\/div> \n\t<\/div> <div class=\"vc_empty_space  vc_empty_space_12\"   style=\"height: 0px\" ><span class=\"vc_empty_space_inner\"><\/span><\/div>\r\n\r\n\t<div class=\"wpb_single_image wpb_single_image_13 wpb_content_element vc_align_center\">\r\n\t\t<div class=\"wpb_wrapper\">\r\n\t\t\t\r\n\t\t\t<div class=\"vc_single_image-wrapper   vc_box_border_grey\"><img loading=\"lazy\" decoding=\"async\" width=\"720\" height=\"400\" src=\"https:\/\/www.agroviva.com.tr\/wp-content\/uploads\/2025\/01\/askorbik-asit-gida-sanayisi.jpg\" class=\"vc_single_image-img attachment-full\" alt=\"askorbik asit\" title=\"askorbik-asit-gida-sanayisi\" srcset=\"https:\/\/www.agroviva.com.tr\/wp-content\/uploads\/2025\/01\/askorbik-asit-gida-sanayisi.jpg 720w, https:\/\/www.agroviva.com.tr\/wp-content\/uploads\/2025\/01\/askorbik-asit-gida-sanayisi-300x167.jpg 300w, https:\/\/www.agroviva.com.tr\/wp-content\/uploads\/2025\/01\/askorbik-asit-gida-sanayisi-18x10.jpg 18w, https:\/\/www.agroviva.com.tr\/wp-content\/uploads\/2025\/01\/askorbik-asit-gida-sanayisi-700x389.jpg 700w\" sizes=\"auto, (max-width: 720px) 100vw, 720px\" \/><\/div>\r\n\t\t<\/div>\r\n\t<\/div>\r\n<div class=\"vc_empty_space  vc_empty_space_14\"   style=\"height: 0px\" ><span class=\"vc_empty_space_inner\"><\/span><\/div>\r\n<div class=\"vc_custom_heading vc_custom_heading_69f71b0c07824707020843\" ><h2 style=\"text-align: left;font-family:Abril Fatface;font-weight:400;font-style:normal\"><span class=\"hilight\"  >Do\u011fal ve Sentetik Askorbik Asit Aras\u0131ndaki Farklar<\/span><\/h2><\/div><div class=\"vc_empty_space  vc_empty_space_15\"   style=\"height: 0px\" ><span class=\"vc_empty_space_inner\"><\/span><\/div>\r\n\n\t<div class=\"wpb_text_column_16 wpb_text_column wpb_content_element\">\n\t\t<div class=\"wpb_wrapper\" >\n\t\t\t<p>Ascorbic acid hem do\u011fal yollardan hem de sentetik olarak elde edilebilir. Do\u011fal askorbik asit genellikle turun\u00e7giller, kivi, \u00e7ilek gibi meyvelerden ve ye\u015fil sebzelerden al\u0131n\u0131r. Sentetik askorbik asit ise laboratuvar ortam\u0131nda \u00fcretilir ve g\u0131da katk\u0131 maddesi ya da takviyelerde kullan\u0131l\u0131r. Kimyasal yap\u0131lar\u0131 ayn\u0131 olsa da do\u011fal kaynaklardan elde edilen ascorbic acid, baz\u0131 t\u00fcketiciler taraf\u0131ndan daha \u00e7ok tercih edilir. Do\u011fal formlar\u0131n i\u00e7erdikleri di\u011fer besin \u00f6\u011feleri nedeniyle kullan\u0131c\u0131lar daha fazla fayda sa\u011flayabilece\u011fine inanmaktad\u0131rlar.<\/p>\n\n\t\t<\/div> \n\t<\/div> <div class=\"vc_empty_space  vc_empty_space_17\"   style=\"height: 0px\" ><span class=\"vc_empty_space_inner\"><\/span><\/div>\r\n<div class=\"vc_custom_heading vc_custom_heading_69f71b0c07a93431301810\" ><h2 style=\"text-align: left;font-family:Abril Fatface;font-weight:400;font-style:normal\"><span class=\"hilight\"  >E300: Askorbik Asitin G\u0131da Katk\u0131 Maddesi Olarak Kullan\u0131m\u0131<\/span><\/h2><\/div><div class=\"vc_empty_space  vc_empty_space_18\"   style=\"height: 0px\" ><span class=\"vc_empty_space_inner\"><\/span><\/div>\r\n\n\t<div class=\"wpb_text_column_19 wpb_text_column wpb_content_element\">\n\t\t<div class=\"wpb_wrapper\" >\n\t\t\t<p><strong>E300, askorbik asitin<\/strong> g\u0131da katk\u0131 maddesi olarak uluslararas\u0131 tan\u0131nan kodudur. Bu katk\u0131 maddesi, g\u0131dalar\u0131 oksidasyondan korur ve rengin korunmas\u0131n\u0131 sa\u011flar. \u00d6zellikle paketlenmi\u015f \u00fcr\u00fcnlerde, konserve g\u0131dalarda ve i\u00e7eceklerde yayg\u0131n olarak kullan\u0131l\u0131r. E300, hem g\u00fcvenilir hem de etkili bir koruyucu olarak kabul edilir. Bunun yan\u0131nda, ekmek yap\u0131m\u0131nda unun kalitesini art\u0131rmak i\u00e7in de kullan\u0131l\u0131r.<\/p>\n\n\t\t<\/div> \n\t<\/div> <div class=\"vc_empty_space  vc_empty_space_20\"   style=\"height: 0px\" ><span class=\"vc_empty_space_inner\"><\/span><\/div>\r\n<div class=\"vc_empty_space  vc_empty_space_21\"   style=\"height: 0px\" ><span class=\"vc_empty_space_inner\"><\/span><\/div>\r\n<div class=\"vc_custom_heading vc_custom_heading_69f71b0c07da0188200670\" ><h2 style=\"text-align: left;font-family:Abril Fatface;font-weight:400;font-style:normal\"><span class=\"hilight\"  >Askorbik Asit Nas\u0131l Kullan\u0131l\u0131r? Doz ve Tavsiyeler<\/span><\/h2><\/div><div class=\"vc_empty_space  vc_empty_space_22\"   style=\"height: 0px\" ><span class=\"vc_empty_space_inner\"><\/span><\/div>\r\n\n\t<div class=\"wpb_text_column_23 wpb_text_column wpb_content_element\">\n\t\t<div class=\"wpb_wrapper\" >\n\t\t\t<p>Askorbik asit, end\u00fcstriyel alanda bir\u00e7ok farkl\u0131 kullan\u0131m alan\u0131na sahiptir. G\u0131da sekt\u00f6r\u00fcnden kozmetik \u00fcr\u00fcnlere, ila\u00e7 sanayisinden tekstil end\u00fcstrisine kadar geni\u015f bir yelpazede tercih edilir. \u00d6zellikle g\u0131da sanayisinde, askorbik asit oksidasyonu \u00f6nlemek, g\u0131da kalitesini art\u0131rmak ve raf \u00f6mr\u00fcn\u00fc uzatmak i\u00e7in kullan\u0131l\u0131r. E300 olarak da bilinen bu katk\u0131 maddesi, meyve sular\u0131ndan unlu mamullere kadar bir\u00e7ok \u00fcr\u00fcnde aktif bir rol oynar.<br \/>\nDoz kullan\u0131m\u0131na gelince, end\u00fcstrideki uygulamalar genellikle \u00fcretimin t\u00fcr\u00fcne g\u00f6re de\u011fi\u015fiklik g\u00f6stermektedir. G\u0131da \u00fcr\u00fcnlerinde genellikle gramaj olarak d\u00fc\u015f\u00fck miktarlarda kullan\u0131l\u0131rken, farmas\u00f6tik alanda tablet ve kaps\u00fcl formunda daha y\u00fcksek konsantrasyonlarda bulunabilir. Bu nedenle, kullan\u0131m alan\u0131na g\u00f6re do\u011fru doz ayarlamas\u0131 gerekmektedir.<br \/>\nTavsiye olarak, askorbik asitin herhangi bir formunun kullan\u0131m\u0131nda dikkat edilmesi gereken en \u00f6nemli nokta, yasal d\u00fczenlemelere ve g\u00fcvenlik standartlar\u0131na uygun hareket etmektir. Ayr\u0131ca, bireysel t\u00fcketim i\u00e7in askorbik asit kullan\u0131l\u0131yorsa, bir sa\u011fl\u0131k profesyoneline dan\u0131\u015f\u0131lmas\u0131 \u00f6nerilir.<\/p>\n\n\t\t<\/div> \n\t<\/div> <div class=\"vc_empty_space  vc_empty_space_24\"   style=\"height: 0px\" ><span class=\"vc_empty_space_inner\"><\/span><\/div>\r\n\r\n\t<div class=\"wpb_single_image wpb_single_image_25 wpb_content_element vc_align_center\">\r\n\t\t<div class=\"wpb_wrapper\">\r\n\t\t\t\r\n\t\t\t<div class=\"vc_single_image-wrapper   vc_box_border_grey\"><img loading=\"lazy\" decoding=\"async\" width=\"720\" height=\"400\" src=\"https:\/\/www.agroviva.com.tr\/wp-content\/uploads\/2025\/01\/ascorbic-acid.jpg\" class=\"vc_single_image-img attachment-full\" alt=\"ascorbic acid\" title=\"ascorbic-acid\" srcset=\"https:\/\/www.agroviva.com.tr\/wp-content\/uploads\/2025\/01\/ascorbic-acid.jpg 720w, https:\/\/www.agroviva.com.tr\/wp-content\/uploads\/2025\/01\/ascorbic-acid-300x167.jpg 300w, https:\/\/www.agroviva.com.tr\/wp-content\/uploads\/2025\/01\/ascorbic-acid-18x10.jpg 18w, https:\/\/www.agroviva.com.tr\/wp-content\/uploads\/2025\/01\/ascorbic-acid-700x389.jpg 700w\" sizes=\"auto, (max-width: 720px) 100vw, 720px\" \/><\/div>\r\n\t\t<\/div>\r\n\t<\/div>\r\n<div class=\"vc_empty_space  vc_empty_space_26\"   style=\"height: 0px\" ><span class=\"vc_empty_space_inner\"><\/span><\/div>\r\n<div class=\"vc_custom_heading vc_custom_heading_69f71b0c083a6800409963\" ><h2 style=\"text-align: left;font-family:Abril Fatface;font-weight:400;font-style:normal\"><span class=\"hilight\"  >Askorbik Asidin Biyokimyasal ve Farmakokinetik \u00d6zellikleri<\/span><\/h2><\/div><div class=\"vc_empty_space  vc_empty_space_27\"   style=\"height: 0px\" ><span class=\"vc_empty_space_inner\"><\/span><\/div>\r\n\n\t<div class=\"wpb_text_column_28 wpb_text_column wpb_content_element\">\n\t\t<div class=\"wpb_wrapper\" >\n\t\t\t<p>C vitamini, omurilik, akci\u011ferler ve g\u00f6z gibi pek \u00e7ok hayvansal dokunun s\u0131v\u0131 b\u00f6lgelerinde y\u00fcksek yo\u011funluklarda (milimolar seviyelerde) bulunur. C vitamininin biyokimyasal i\u015flevleri ve farmakokinetik \u00f6zellikleri, onun insan sa\u011fl\u0131\u011f\u0131 i\u00e7in \u00f6nemini ortaya koyar.<\/p>\n<ol>\n<li><strong>Biyokimyasal \u00d6zellikler:<\/strong> C vitamini, g\u00fc\u00e7l\u00fc bir antioksidan olmas\u0131n\u0131n yan\u0131 s\u0131ra bir\u00e7ok enzimatik reaksiyonda kofakt\u00f6r olarak g\u00f6rev yapar. H\u00fccresel yenilenmeyi destekler, serbest radikallerin neden oldu\u011fu hasar\u0131 \u00f6nler ve ba\u011f\u0131\u015f\u0131kl\u0131k sistemini g\u00fc\u00e7lendirir.<\/li>\n<li><strong>Farmakokinetik \u00d6zellikler:<\/strong> C vitamininin ba\u011f\u0131rsakta emilimi, serum konsantrasyonu, h\u00fccre i\u00e7i da\u011f\u0131l\u0131m\u0131, metabolizmas\u0131 ve at\u0131l\u0131m\u0131, v\u00fccutta bu maddenin etkinli\u011fini belirler. Sa\u011fl\u0131kl\u0131 bir metabolizma i\u00e7in yeterli miktarda askorbik asit al\u0131nmas\u0131 \u00f6nemlidir.<\/li>\n<\/ol>\n\n\t\t<\/div> \n\t<\/div> <div class=\"vc_empty_space  vc_empty_space_29\"   style=\"height: 0px\" ><span class=\"vc_empty_space_inner\"><\/span><\/div>\r\n<div class=\"vc_custom_heading vc_custom_heading_69f71b0c0860c200982701\" ><h2 style=\"text-align: left;font-family:Abril Fatface;font-weight:400;font-style:normal\"><span class=\"hilight\"  >Askorbik Asidin Do\u011fal Kaynaklar\u0131<\/span><\/h2><\/div><div class=\"vc_empty_space  vc_empty_space_30\"   style=\"height: 0px\" ><span class=\"vc_empty_space_inner\"><\/span><\/div>\r\n\n\t<div class=\"wpb_text_column_31 wpb_text_column wpb_content_element\">\n\t\t<div class=\"wpb_wrapper\" >\n\t\t\t<p>Askorbik asit, t\u00fcm canl\u0131 dokularda bulunur ve do\u011fada olduk\u00e7a yayg\u0131n bir vitamindir. En zengin kaynaklar\u0131 taze meyve ve sebzelerdir. \u00d6zellikle sitrus meyveleri (limon, portakal, greyfurt) ve kivi, askorbik asit bak\u0131m\u0131ndan son derece zengindir. Domatesin d\u0131\u015f kabuk k\u0131sm\u0131 da y\u00fcksek miktarda C vitamini i\u00e7erir.<\/p>\n<p>Meyveler aras\u0131nda en y\u00fcksek askorbik asit i\u00e7eri\u011fine sahip olanlar:<\/p>\n<ul>\n<li><strong>Limon, Portakal ve Greyfurt<\/strong>: Sitrus meyveleri, g\u00fcnl\u00fck C vitamini ihtiyac\u0131n\u0131 kar\u015f\u0131lamak i\u00e7in m\u00fckemmel bir kaynakt\u0131r.<\/li>\n<li><strong>Kivi ve \u00c7ilek<\/strong>: Antioksidan \u00f6zellikleriyle bilinen bu meyveler, askorbik asit bak\u0131m\u0131ndan olduk\u00e7a yo\u011fundur.<\/li>\n<li><strong>Frenk \u00dcz\u00fcm\u00fc ve Ananas<\/strong>: Tatl\u0131 lezzetleriyle birlikte ba\u011f\u0131\u015f\u0131kl\u0131\u011f\u0131 destekleyici etkileri vard\u0131r.<\/li>\n<\/ul>\n<p>Elma, armut ve erik gibi meyveler ise askorbik asit i\u00e7eri\u011fi a\u00e7\u0131s\u0131ndan daha d\u00fc\u015f\u00fck seviyelerdedir. Sebzeler aras\u0131nda ise k\u0131rm\u0131z\u0131 ve ye\u015fil biber, brokoli, lahana ve \u0131spanak gibi \u00fcr\u00fcnler y\u00fcksek askorbik asit miktar\u0131na sahiptir.<\/p>\n\n\t\t<\/div> \n\t<\/div> <div class=\"vc_empty_space  vc_empty_space_32\"   style=\"height: 0px\" ><span class=\"vc_empty_space_inner\"><\/span><\/div>\r\n<div class=\"vc_custom_heading vc_custom_heading_69f71b0c08877924983499\" ><h2 style=\"text-align: left;font-family:Abril Fatface;font-weight:400;font-style:normal\"><span class=\"hilight\"  >Askorbik Asit ve Antioksidan \u00d6zellikleri<\/span><\/h2><\/div><div class=\"vc_empty_space  vc_empty_space_33\"   style=\"height: 0px\" ><span class=\"vc_empty_space_inner\"><\/span><\/div>\r\n\n\t<div class=\"wpb_text_column_34 wpb_text_column wpb_content_element\">\n\t\t<div class=\"wpb_wrapper\" >\n\t\t\t<p>Askorbik asit, g\u00fc\u00e7l\u00fc bir antioksidan olarak v\u00fccudu serbest radikallere kar\u015f\u0131 korur. Bu serbest radikaller, h\u00fccre hasar\u0131na ve erken ya\u015flanmaya neden olabilir. Askorbik asit, cilt sa\u011fl\u0131\u011f\u0131ndan kalp hastal\u0131klar\u0131n\u0131 \u00f6nlemeye kadar geni\u015f bir yelpazede fayda sa\u011flar. Antioksidan etkisi, ayn\u0131 zamanda ba\u011f\u0131\u015f\u0131kl\u0131k sisteminin g\u00fc\u00e7lenmesine katk\u0131da bulunur. Cildin yenilenme s\u00fcrecini destekleyerek daha gen\u00e7 ve sa\u011fl\u0131kl\u0131 bir g\u00f6r\u00fcn\u00fcm kazand\u0131rabilir.<\/p>\n\n\t\t<\/div> \n\t<\/div> <div class=\"vc_empty_space  vc_empty_space_35\"   style=\"height: 0px\" ><span class=\"vc_empty_space_inner\"><\/span><\/div>\r\n<div class=\"vc_custom_heading vc_custom_heading_69f71b0c08ab6815673066\" ><h2 style=\"text-align: left;font-family:Abril Fatface;font-weight:400;font-style:normal\"><span class=\"hilight\"  >G\u0131da End\u00fcstrisinde Askorbik Asit Neden \u00d6nemlidir?<\/span><\/h2><\/div><div class=\"vc_empty_space  vc_empty_space_36\"   style=\"height: 0px\" ><span class=\"vc_empty_space_inner\"><\/span><\/div>\r\n\n\t<div class=\"wpb_text_column_37 wpb_text_column wpb_content_element\">\n\t\t<div class=\"wpb_wrapper\" >\n\t\t\t<p>G\u0131da end\u00fcstrisinde askorbik asitin \u00f6nemi, hem g\u0131da kalitesini art\u0131rmas\u0131 hem de ekonomik katk\u0131lar\u0131ndan kaynaklan\u0131r. Bu bile\u015fik, g\u0131dalar\u0131 daha uzun s\u00fcre taze tutarak israf\u0131 azalt\u0131r. Ayn\u0131 zamanda, hem \u00fcreticiler hem de t\u00fcketiciler i\u00e7in ekonomik faydalar sunar. G\u0131da i\u00e7eriklerinin g\u00fcvenli\u011fi ve besin de\u011feri koruma alt\u0131na al\u0131nd\u0131\u011f\u0131 i\u00e7in vazge\u00e7ilmez bir bile\u015fik olarak kabul edilir. Askorbik asit, meyve ve sebze i\u00e7erikli \u00fcr\u00fcnlerin renklerini ve tazeli\u011fini koruyarak t\u00fcketicilere daha \u00e7ekici bir g\u00f6r\u00fcn\u00fcm sunar.<br \/>\nAskorbik asit hakk\u0131nda daha fazla bilgi edinmek ve do\u011fru ham madde se\u00e7imi konusunda bilin\u00e7li kararlar vermek i\u00e7in <a href=\"https:\/\/www.agroviva.com.tr\/en\/iletisim\/\">ileti\u015fim formu<\/a>, <a href=\"https:\/\/www.instagram.com\/agrovivagida\/\" rel=\"nofollow noopener\" target=\"_blank\">sosyal medya<\/a> kanallar\u0131 ya da telefon ile bizimle ileti\u015fime ge\u00e7ebilirsiniz.<\/p>\n\n\t\t<\/div> \n\t<\/div> <div class=\"vc_empty_space  vc_empty_space_38\"   style=\"height: 0px\" ><span class=\"vc_empty_space_inner\"><\/span><\/div>\r\n<\/div><\/div><\/div><div class=\"wpb_column vc_column_container vc_col-sm-12 vc_column_container_69f71b0c08d67939938220\" style=\"z-index:0\"><div class=\"vc_column-inner\"><div class=\"wpb_wrapper\"><\/div><\/div><\/div><\/div><\/div><\/div><\/div><div class=\"container row_section vc_row_p_30\"><div  class=\"vc_row wpb_row vc_row-fluid vc_column-gap-30 vc_row-69f71b0c08ef2291786593\"   style=' text-align:left; z-index:0;'><div class=\"row-container container-fluid\"><div class=\"row-inner\"><div class=\"wpb_column vc_column_container vc_col-sm-12 vc_column_container_69f71b0c0901f096113385\" style=\"z-index:0\"><div class=\"vc_column-inner\"><div class=\"wpb_wrapper\"><div class=\"rdy_button_align center\"  data-animation-class=\"fadeInUp2\"><a href=\"https:\/\/www.agroviva.com.tr\/en\/teklifal\/\" class=\"rdy_button  large amination-outside animate-element dark flat-dimension button-39\" style=\"border-width: 2px!important; border-radius: 1px;-moz-border-radius: 1px;-webkit-border-radius: 1px; \" data-animation-class=\"fadeInUp2\"><span>Bilgi Al<\/span><\/a><\/div><\/div><\/div><\/div><\/div><\/div><\/div><\/div>\n<\/section>","protected":false},"excerpt":{"rendered":"Askorbik asit, C vitamini olarak da bilinen, suda \u00e7\u00f6z\u00fcn\u00fcr bir bile\u015fiktir. Bu organik bile\u015fik, v\u00fccudun temel fonksiyonlar\u0131 i\u00e7in kritik bir rol oynamaktad\u0131r. Askorbik asit, insan v\u00fccudu taraf\u0131ndan \u00fcretilmez ve d\u0131\u015far\u0131dan [...]","protected":false},"author":1,"featured_media":13113,"parent":0,"menu_order":0,"comment_status":"closed","ping_status":"closed","template":"","meta":{"footnotes":""},"class_list":["post-12773","page","type-page","status-publish","has-post-thumbnail","hentry"],"_links":{"self":[{"href":"https:\/\/www.agroviva.com.tr\/en\/wp-json\/wp\/v2\/pages\/12773","targetHints":{"allow":["GET"]}}],"collection":[{"href":"https:\/\/www.agroviva.com.tr\/en\/wp-json\/wp\/v2\/pages"}],"about":[{"href":"https:\/\/www.agroviva.com.tr\/en\/wp-json\/wp\/v2\/types\/page"}],"author":[{"embeddable":true,"href":"https:\/\/www.agroviva.com.tr\/en\/wp-json\/wp\/v2\/users\/1"}],"replies":[{"embeddable":true,"href":"https:\/\/www.agroviva.com.tr\/en\/wp-json\/wp\/v2\/comments?post=12773"}],"version-history":[{"count":7,"href":"https:\/\/www.agroviva.com.tr\/en\/wp-json\/wp\/v2\/pages\/12773\/revisions"}],"predecessor-version":[{"id":13257,"href":"https:\/\/www.agroviva.com.tr\/en\/wp-json\/wp\/v2\/pages\/12773\/revisions\/13257"}],"wp:featuredmedia":[{"embeddable":true,"href":"https:\/\/www.agroviva.com.tr\/en\/wp-json\/wp\/v2\/media\/13113"}],"wp:attachment":[{"href":"https:\/\/www.agroviva.com.tr\/en\/wp-json\/wp\/v2\/media?parent=12773"}],"curies":[{"name":"wp","href":"https:\/\/api.w.org\/{rel}","templated":true}]}}