{"id":12802,"date":"2024-04-30T15:20:46","date_gmt":"2024-04-30T12:20:46","guid":{"rendered":"https:\/\/www.agroviva.com.tr\/biz\/"},"modified":"2024-11-26T14:43:43","modified_gmt":"2024-11-26T11:43:43","slug":"misyonumuz","status":"publish","type":"page","link":"https:\/\/www.agroviva.com.tr\/en\/misyonumuz\/","title":{"rendered":"Our Mission"},"content":{"rendered":"<section class=\"wpb-content-wrapper\"><div class=\"container-fluid row_section vc_row_cp_t_100 vc_row_cp_b_100\"><div  class=\"vc_row wpb_row vc_row-fluid vc_column-gap-30 vc_row-69f70c2f52835105359699\"   style=' text-align:left; z-index:0;'><div class=\"row-container container\"><div class=\"row-inner\"><div class=\"wpb_column vc_column_container vc_col-sm-6 vc_column_container_69f70c2f52a89633361014\" style=\"z-index:0\"><div class=\"vc_column-inner vc_custom_1455898154373\"><div class=\"wpb_wrapper\"><div class=\"vc_empty_space  vc_empty_space_1\"   style=\"height: 70px\" ><span class=\"vc_empty_space_inner\"><\/span><\/div>\r\n<div class=\"rdy_separator_69f70c2f52c87406725769 rdy_separator normal  vc_sep_pos_align_left\" style=\"border-color: #000000;border-top-width: 3px;border-style: solid;max-width: 400px;\"><\/div>\n<div class=\"vc_empty_space  vc_empty_space_2\"   style=\"height: 60px\" ><span class=\"vc_empty_space_inner\"><\/span><\/div>\r\n\n\t<div class=\"wpb_text_column_3 wpb_text_column wpb_content_element\">\n\t\t<div class=\"wpb_wrapper\" >\n\t\t\t<p class=\"language-html\" style=\"text-align: left; font-size: 26px;\" tabindex=\"0\"><code class=\"language-html\"><\/code> Ailemizin 1970&#8217;lerde ba\u015flatt\u0131\u011f\u0131 i\u015fi, etik de\u011ferler ve \u015feffafl\u0131k \u00e7er\u00e7evesinde geli\u015ftirerek,tar\u0131m sekt\u00f6r\u00fcndeki tecr\u00fcbemizi en \u00fcst d\u00fczeye \u00e7\u0131karmak.\u00c7ift\u00e7ilikten ba\u015flay\u0131p un imalat\u0131na ve kapsaml\u0131 tar\u0131msal tedarik zincirine uzanan yolculu\u011fumuzda,m\u00fc\u015fterilerimize ve tedarik\u00e7ilerimize de\u011fer katmak i\u00e7in \u00e7al\u0131\u015fmak.Tar\u0131msal \u00fcretimde kaliteyi ve yenili\u011fi \u00f6n planda tutarak, en iyiyi sunmay\u0131 ama\u00e7lamak.\u00c7evreye duyarl\u0131 ve sosyal sorumluluk bilinciyle, yerel ve global pazarlarda g\u00fcvenilir bir partner olmak.<\/p>\n\n\t\t<\/div> \n\t<\/div> <div class=\"vc_empty_space  vc_empty_space_4\"   style=\"height: 50px\" ><span class=\"vc_empty_space_inner\"><\/span><\/div>\r\n<div class=\"rdy_separator_69f70c2f52eb0242264654 rdy_separator normal  vc_sep_pos_align_left\" style=\"border-color: #000000;border-top-width: 3px;border-style: solid;max-width: 400px;\"><\/div>\n<\/div><\/div><\/div><div class=\"wpb_column vc_column_container vc_col-sm-6 vc_column_container_69f70c2f52f7c362500121\" style=\"z-index:0\"><div class=\"vc_column-inner\"><div class=\"wpb_wrapper\"><div class=\"vc_empty_space  vc_empty_space_5\"   style=\"height: 70px\" ><span class=\"vc_empty_space_inner\"><\/span><\/div>\r\n\r\n\t<div class=\"wpb_single_image wpb_single_image_6 wpb_content_element  inline fullwidth_image\">\r\n\t\t<div class=\"wpb_wrapper\">\r\n\t\t\t\r\n\t\t\t<div class=\"vc_single_image-wrapper   vc_box_border_grey\"><img loading=\"lazy\" decoding=\"async\" width=\"1024\" height=\"1024\" src=\"https:\/\/www.agroviva.com.tr\/wp-content\/uploads\/2024\/04\/licthy_bussiness_mission_on_farming_stock_image_d568b719-f5df-4d73-bd55-b65647f25812.png\" class=\"vc_single_image-img attachment-full\" alt=\"\" title=\"licthy_bussiness_mission_on_farming_stock_image_d568b719-f5df-4d73-bd55-b65647f25812\" srcset=\"https:\/\/www.agroviva.com.tr\/wp-content\/uploads\/2024\/04\/licthy_bussiness_mission_on_farming_stock_image_d568b719-f5df-4d73-bd55-b65647f25812.png 1024w, https:\/\/www.agroviva.com.tr\/wp-content\/uploads\/2024\/04\/licthy_bussiness_mission_on_farming_stock_image_d568b719-f5df-4d73-bd55-b65647f25812-300x300.png 300w, https:\/\/www.agroviva.com.tr\/wp-content\/uploads\/2024\/04\/licthy_bussiness_mission_on_farming_stock_image_d568b719-f5df-4d73-bd55-b65647f25812-150x150.png 150w, https:\/\/www.agroviva.com.tr\/wp-content\/uploads\/2024\/04\/licthy_bussiness_mission_on_farming_stock_image_d568b719-f5df-4d73-bd55-b65647f25812-768x768.png 768w, https:\/\/www.agroviva.com.tr\/wp-content\/uploads\/2024\/04\/licthy_bussiness_mission_on_farming_stock_image_d568b719-f5df-4d73-bd55-b65647f25812-700x700.png 700w, https:\/\/www.agroviva.com.tr\/wp-content\/uploads\/2024\/04\/licthy_bussiness_mission_on_farming_stock_image_d568b719-f5df-4d73-bd55-b65647f25812-600x600.png 600w, https:\/\/www.agroviva.com.tr\/wp-content\/uploads\/2024\/04\/licthy_bussiness_mission_on_farming_stock_image_d568b719-f5df-4d73-bd55-b65647f25812-100x100.png 100w\" sizes=\"auto, (max-width: 1024px) 100vw, 1024px\" \/><\/div>\r\n\t\t<\/div>\r\n\t<\/div>\r\n<\/div><\/div><\/div><div class=\"wpb_column vc_column_container vc_col-sm-12 vc_column_container_69f70c2f53729600052293\" style=\"z-index:0\"><div class=\"vc_column-inner\"><div class=\"wpb_wrapper\"><\/div><\/div><\/div><\/div><\/div><\/div><\/div><div class=\"container row_section vc_row_cp_t_60 vc_row_cp_b_60\"><div  class=\"vc_row wpb_row vc_row-fluid vc_column-gap-30 vc_row-69f70c2f5389e652468994\"   style=' text-align:left; z-index:0;'><div class=\"row-container container-fluid\"><div class=\"row-inner\"><div class=\"wpb_column vc_column_container vc_col-sm-12 vc_column_container_69f70c2f539a2965096744\" style=\"z-index:0\"><div class=\"vc_column-inner\"><div class=\"wpb_wrapper\"><\/div><\/div><\/div><\/div><\/div><\/div><\/div>\n<\/section>","protected":false},"excerpt":{"rendered":"Ailemizin 1970'lerde ba\u015flatt\u0131\u011f\u0131 i\u015fi, etik de\u011ferler ve \u015feffafl\u0131k \u00e7er\u00e7evesinde geli\u015ftirerek,tar\u0131m sekt\u00f6r\u00fcndeki tecr\u00fcbemizi en \u00fcst d\u00fczeye \u00e7\u0131karmak.\u00c7ift\u00e7ilikten ba\u015flay\u0131p un imalat\u0131na ve kapsaml\u0131 tar\u0131msal tedarik zincirine uzanan yolculu\u011fumuzda,m\u00fc\u015fterilerimize ve tedarik\u00e7ilerimize de\u011fer katmak [...]","protected":false},"author":1,"featured_media":0,"parent":0,"menu_order":0,"comment_status":"closed","ping_status":"closed","template":"","meta":{"footnotes":""},"class_list":["post-12802","page","type-page","status-publish","hentry"],"_links":{"self":[{"href":"https:\/\/www.agroviva.com.tr\/en\/wp-json\/wp\/v2\/pages\/12802","targetHints":{"allow":["GET"]}}],"collection":[{"href":"https:\/\/www.agroviva.com.tr\/en\/wp-json\/wp\/v2\/pages"}],"about":[{"href":"https:\/\/www.agroviva.com.tr\/en\/wp-json\/wp\/v2\/types\/page"}],"author":[{"embeddable":true,"href":"https:\/\/www.agroviva.com.tr\/en\/wp-json\/wp\/v2\/users\/1"}],"replies":[{"embeddable":true,"href":"https:\/\/www.agroviva.com.tr\/en\/wp-json\/wp\/v2\/comments?post=12802"}],"version-history":[{"count":10,"href":"https:\/\/www.agroviva.com.tr\/en\/wp-json\/wp\/v2\/pages\/12802\/revisions"}],"predecessor-version":[{"id":12810,"href":"https:\/\/www.agroviva.com.tr\/en\/wp-json\/wp\/v2\/pages\/12802\/revisions\/12810"}],"wp:attachment":[{"href":"https:\/\/www.agroviva.com.tr\/en\/wp-json\/wp\/v2\/media?parent=12802"}],"curies":[{"name":"wp","href":"https:\/\/api.w.org\/{rel}","templated":true}]}}