{"id":12805,"date":"2024-04-30T15:21:22","date_gmt":"2024-04-30T12:21:22","guid":{"rendered":"https:\/\/www.agroviva.com.tr\/misyonumuz\/"},"modified":"2025-01-28T21:31:13","modified_gmt":"2025-01-28T18:31:13","slug":"vizyonumuz","status":"publish","type":"page","link":"https:\/\/www.agroviva.com.tr\/en\/vizyonumuz\/","title":{"rendered":"Our Vision"},"content":{"rendered":"<section class=\"wpb-content-wrapper\"><div class=\"container-fluid row_section vc_row_cp_t_0 vc_row_cp_b_0\"><div  class=\"vc_row wpb_row vc_row-fluid vc_custom_1714480766446 vc_row-has-fill vc_column-gap-30 vc_row-69f7079b46dd1240259538\"   style=' text-align:left; z-index:0;'><div class=\"row-container container\"><div class=\"row-inner\"><div class=\"wpb_column vc_column_container vc_col-sm-6 vc_column_container_69f7079b46fea367622066\" style=\"z-index:0\"><div class=\"vc_column-inner\"><div class=\"wpb_wrapper\"><div class=\"vc_empty_space  vc_empty_space_1\"   style=\"height: 80px\" ><span class=\"vc_empty_space_inner\"><\/span><\/div>\r\n<div class=\"rdy_separator_69f7079b471dd448439525 rdy_separator normal  vc_sep_pos_align_left\" style=\"border-color: #0a0a0a;border-top-width: 3px;border-style: solid;max-width: 400px;\"><\/div>\n<div class=\"vc_empty_space  vc_empty_space_2\"   style=\"height: 60px\" ><span class=\"vc_empty_space_inner\"><\/span><\/div>\r\n\n\t<div class=\"wpb_text_column_3 wpb_text_column wpb_content_element\">\n\t\t<div class=\"wpb_wrapper\" >\n\t\t\t<p class=\"language-html\" style=\"text-align: left; font-size: 26px;\" tabindex=\"0\"><code class=\"language-html\"><\/code> Tar\u0131m\u0131n k\u00f6k sald\u0131\u011f\u0131 topraktan ba\u015flayarak, sofralara de\u011fer katmay\u0131 ilke edinen bir lider kurulu\u015f olmak. Sekt\u00f6rdeki yenilikleri takip ederken, geleneksel de\u011ferlerimizi koruyarak s\u00fcrd\u00fcr\u00fclebilir tar\u0131msal \u00fcretim ve tedari\u011fin \u00f6nc\u00fcs\u00fc olmak. Yurt i\u00e7inde ve yurt d\u0131\u015f\u0131nda, sa\u011fl\u0131kl\u0131 ve kaliteli \u00fcr\u00fcnleri t\u00fcketiciyle bulu\u015fturarak, g\u0131da g\u00fcvenli\u011fine katk\u0131da bulunmak ve k\u00fcresel g\u0131da sistemine pozitif etkiler yaratmak. Her bir tohumun potansiyelini en y\u00fcksek de\u011fere ta\u015f\u0131yarak, gelecek nesillere ya\u015fanabilir bir d\u00fcnya b\u0131rakmak.<\/p>\n\n\t\t<\/div> \n\t<\/div> <div class=\"vc_empty_space  vc_empty_space_4\"   style=\"height: 50px\" ><span class=\"vc_empty_space_inner\"><\/span><\/div>\r\n<div class=\"rdy_separator_69f7079b47420118444579 rdy_separator normal  vc_sep_pos_align_left\" style=\"border-color: #0a0a0a;border-top-width: 3px;border-style: solid;max-width: 400px;\"><\/div>\n<\/div><\/div><\/div><div class=\"wpb_column vc_column_container vc_col-sm-6 vc_col-has-fill vc_column_container_69f7079b474e4775286891\" style=\"z-index:0\"><div class=\"vc_column-inner vc_custom_1713960619321\"><div class=\"wpb_wrapper\"><div class=\"vc_empty_space  vc_empty_space_5\"   style=\"height: 60px\" ><span class=\"vc_empty_space_inner\"><\/span><\/div>\r\n\r\n\t<div class=\"wpb_single_image wpb_single_image_6 wpb_content_element vc_align_center vc_custom_1714480594891 fullwidth_image\">\r\n\t\t<div class=\"wpb_wrapper\">\r\n\t\t\t\r\n\t\t\t<div class=\"vc_single_image-wrapper   vc_box_border_grey\"><img loading=\"lazy\" decoding=\"async\" width=\"1024\" height=\"1024\" src=\"https:\/\/www.agroviva.com.tr\/wp-content\/uploads\/2024\/04\/licthy_bussiness_mission_on_farming_stock_image_100e5532-6200-4d7c-b07c-4194f5cc714b.png\" class=\"vc_single_image-img attachment-full\" alt=\"\" title=\"licthy_bussiness_mission_on_farming_stock_image_100e5532-6200-4d7c-b07c-4194f5cc714b\" srcset=\"https:\/\/www.agroviva.com.tr\/wp-content\/uploads\/2024\/04\/licthy_bussiness_mission_on_farming_stock_image_100e5532-6200-4d7c-b07c-4194f5cc714b.png 1024w, https:\/\/www.agroviva.com.tr\/wp-content\/uploads\/2024\/04\/licthy_bussiness_mission_on_farming_stock_image_100e5532-6200-4d7c-b07c-4194f5cc714b-300x300.png 300w, https:\/\/www.agroviva.com.tr\/wp-content\/uploads\/2024\/04\/licthy_bussiness_mission_on_farming_stock_image_100e5532-6200-4d7c-b07c-4194f5cc714b-150x150.png 150w, https:\/\/www.agroviva.com.tr\/wp-content\/uploads\/2024\/04\/licthy_bussiness_mission_on_farming_stock_image_100e5532-6200-4d7c-b07c-4194f5cc714b-768x768.png 768w, https:\/\/www.agroviva.com.tr\/wp-content\/uploads\/2024\/04\/licthy_bussiness_mission_on_farming_stock_image_100e5532-6200-4d7c-b07c-4194f5cc714b-700x700.png 700w, https:\/\/www.agroviva.com.tr\/wp-content\/uploads\/2024\/04\/licthy_bussiness_mission_on_farming_stock_image_100e5532-6200-4d7c-b07c-4194f5cc714b-600x600.png 600w, https:\/\/www.agroviva.com.tr\/wp-content\/uploads\/2024\/04\/licthy_bussiness_mission_on_farming_stock_image_100e5532-6200-4d7c-b07c-4194f5cc714b-100x100.png 100w\" sizes=\"auto, (max-width: 1024px) 100vw, 1024px\" \/><\/div>\r\n\t\t<\/div>\r\n\t<\/div>\r\n<\/div><\/div><\/div><\/div><\/div><\/div><\/div><div class=\"container row_section vc_row_cp_t_60 vc_row_cp_b_60\"><div  class=\"vc_row wpb_row vc_row-fluid vc_column-gap-30 vc_row-69f7079b47aec094689232\"   style=' text-align:left; z-index:0;'><div class=\"row-container container-fluid\"><div class=\"row-inner\"><div class=\"wpb_column vc_column_container vc_col-sm-12 vc_column_container_69f7079b47bf8402914275\" style=\"z-index:0\"><div class=\"vc_column-inner\"><div class=\"wpb_wrapper\"><\/div><\/div><\/div><\/div><\/div><\/div><\/div>\n<\/section>","protected":false},"excerpt":{"rendered":"Tar\u0131m\u0131n k\u00f6k sald\u0131\u011f\u0131 topraktan ba\u015flayarak, sofralara de\u011fer katmay\u0131 ilke edinen bir lider kurulu\u015f olmak. Sekt\u00f6rdeki yenilikleri takip ederken, geleneksel de\u011ferlerimizi koruyarak s\u00fcrd\u00fcr\u00fclebilir tar\u0131msal \u00fcretim ve tedari\u011fin \u00f6nc\u00fcs\u00fc olmak. Yurt i\u00e7inde [...]","protected":false},"author":1,"featured_media":0,"parent":0,"menu_order":0,"comment_status":"closed","ping_status":"closed","template":"","meta":{"footnotes":""},"class_list":["post-12805","page","type-page","status-publish","hentry"],"_links":{"self":[{"href":"https:\/\/www.agroviva.com.tr\/en\/wp-json\/wp\/v2\/pages\/12805","targetHints":{"allow":["GET"]}}],"collection":[{"href":"https:\/\/www.agroviva.com.tr\/en\/wp-json\/wp\/v2\/pages"}],"about":[{"href":"https:\/\/www.agroviva.com.tr\/en\/wp-json\/wp\/v2\/types\/page"}],"author":[{"embeddable":true,"href":"https:\/\/www.agroviva.com.tr\/en\/wp-json\/wp\/v2\/users\/1"}],"replies":[{"embeddable":true,"href":"https:\/\/www.agroviva.com.tr\/en\/wp-json\/wp\/v2\/comments?post=12805"}],"version-history":[{"count":5,"href":"https:\/\/www.agroviva.com.tr\/en\/wp-json\/wp\/v2\/pages\/12805\/revisions"}],"predecessor-version":[{"id":13016,"href":"https:\/\/www.agroviva.com.tr\/en\/wp-json\/wp\/v2\/pages\/12805\/revisions\/13016"}],"wp:attachment":[{"href":"https:\/\/www.agroviva.com.tr\/en\/wp-json\/wp\/v2\/media?parent=12805"}],"curies":[{"name":"wp","href":"https:\/\/api.w.org\/{rel}","templated":true}]}}