{"id":13040,"date":"2024-05-23T16:54:01","date_gmt":"2024-05-23T13:54:01","guid":{"rendered":"https:\/\/www.agroviva.com.tr\/?page_id=13040"},"modified":"2025-01-11T23:52:15","modified_gmt":"2025-01-11T20:52:15","slug":"blog","status":"publish","type":"page","link":"https:\/\/www.agroviva.com.tr\/en\/blog\/","title":{"rendered":"Blog"},"content":{"rendered":"<section class=\"wpb-content-wrapper\"><div class=\"container row_section vc_row_p_30\"><div  class=\"vc_row wpb_row vc_row-fluid vc_column-gap-30 vc_row-69f70788205f7271895188\"   style=' text-align:left; z-index:0;'><div class=\"row-container container-fluid\"><div class=\"row-inner\"><div class=\"wpb_column vc_column_container vc_col-sm-12 vc_column_container_69f7078820964526925918\" style=\"z-index:0\"><div class=\"vc_column-inner \"><div class=\"wpb_wrapper\"><div class=\"vc_empty_space  vc_empty_space_1\"   style=\"height: 0px\" ><span class=\"vc_empty_space_inner\"><\/span><\/div>\r\n\n\t<div class=\"wpb_text_column_2 wpb_text_column wpb_content_element \">\n\t\t<div class=\"wpb_wrapper\" >\n\t\t\t<p>Agroviva blog sayfas\u0131, tar\u0131m ve g\u0131da sekt\u00f6r\u00fcnde\u00a0 bir kaynak olarak, sekt\u00f6rdeki en g\u00fcncel geli\u015fmeleri ve yenilikleri takip\u00e7ilerine sunmaktad\u0131r. Blog, tar\u0131mda ki yeni trendleri, g\u0131dalar\u0131, hammaddeleri ve katk\u0131lar ile ilgili bilgilendirici konular\u0131 ele al\u0131r. Ayr\u0131ca, blogda yer alan pratik ipu\u00e7lar\u0131, sekt\u00f6rdeki profesyonellere ve hobi \u00e7ift\u00e7ilerine faydal\u0131 bilgiler de sunmaktad\u0131r.<\/p>\n<p>Agroviva\u2019n\u0131n blogu, yaln\u0131zca profesyonellere de\u011fil, tar\u0131m ve g\u0131da sekt\u00f6r\u00fcne ilgi duyan herkese hitap eder. Okuyucular, her yaz\u0131da yeni trendler hakk\u0131nda bilgi edinirken, sekt\u00f6rdeki de\u011fi\u015fiklikleri h\u0131zl\u0131 bir \u015fekilde \u00f6\u011frenebilirsiniz.<\/p>\n\n\t\t<\/div> \n\t<\/div> <div class=\"vc_empty_space  vc_empty_space_3\"   style=\"height: 0px\" ><span class=\"vc_empty_space_inner\"><\/span><\/div>\r\n\n<div class=\"vc_grid-container-wrapper vc_clearfix vc_grid-animation-fadeIn\">\n\t<div class=\"vc_grid-container vc_clearfix wpb_content_element vc_basic_grid\" data-initial-loading-animation=\"fadeIn\" data-vc-grid-settings=\"{&quot;page_id&quot;:13040,&quot;style&quot;:&quot;all&quot;,&quot;action&quot;:&quot;vc_get_vc_grid_data&quot;,&quot;shortcode_id&quot;:&quot;1736628682356-455542b4-a4af-10&quot;,&quot;tag&quot;:&quot;vc_basic_grid&quot;}\" data-vc-request=\"https:\/\/www.agroviva.com.tr\/wp-admin\/admin-ajax.php\" data-vc-post-id=\"13040\" data-vc-public-nonce=\"039b93545a\">\n\t\t<style data-type=\"vc_shortcodes-custom-css\">.vc_custom_1419240516480{background-color: #f9f9f9 !important;}<\/style><div class=\"vc_grid vc_row vc_grid-gutter-10px vc_pageable-wrapper vc_hook_hover\" data-vc-pageable-content=\"true\"><div class=\"vc_pageable-slide-wrapper vc_clearfix\" data-vc-grid-content=\"true\"><div class=\"vc_grid-item vc_clearfix vc_col-sm-2 vc_grid-item-zone-c-bottom\"><div class=\"vc_grid-item-mini vc_clearfix \"><div class=\"vc_gitem-animated-block\" ><div class=\"vc_gitem-zone vc_gitem-zone-a vc-gitem-zone-height-mode-auto vc-gitem-zone-height-mode-auto-1-1 vc_gitem-is-link\" style=\"background-image: url('https:\/\/www.agroviva.com.tr\/wp-content\/uploads\/2025\/02\/hayvancilik.jpg') !important;\"><a href=\"https:\/\/www.agroviva.com.tr\/en\/hayvancilik\/\" title=\"Hayvanc\u0131l\u0131k Nedir? Ge\u00e7im Kayna\u011f\u0131ndan Modern \u00dcretime\" class=\"vc_gitem-link vc-zone-link\"><\/a><img decoding=\"async\" src=\"https:\/\/www.agroviva.com.tr\/wp-content\/uploads\/2025\/02\/hayvancilik.jpg\" class=\"vc_gitem-zone-img\" alt=\"Verimli hayvanc\u0131l\u0131k i\u00e7in sa\u011fl\u0131kl\u0131 besleme, uygun ya\u015fam alanlar\u0131 ve modern tekniklerle y\u00fcksek kaliteli s\u00fct ve et \u00fcretimi. Hayvanc\u0131l\u0131kta ba\u015far\u0131y\u0131 yakalay\u0131n!\"><div class=\"vc_gitem-zone-mini\"><\/div><\/div><\/div><div class=\"vc_gitem-zone vc_gitem-zone-c vc_custom_1419240516480\"><div class=\"vc_gitem-zone-mini\"><div class=\"vc_gitem_row vc_row vc_gitem-row-position-top\"><div class=\"vc_col-sm-12 vc_gitem-col vc_gitem-col-align-\"><div class=\"vc_custom_heading vc_gitem-post-data vc_gitem-post-data-source-post_title\" ><h4 style=\"text-align: left\" >Hayvanc\u0131l\u0131k Nedir? Ge\u00e7im Kayna\u011f\u0131ndan Modern \u00dcretime<\/h4><\/div><div class=\"vc_custom_heading vc_gitem-post-data vc_gitem-post-data-source-post_excerpt\" ><p style=\"text-align: left\" ><p>Hayvanc\u0131l\u0131k, kolay bir meslek olmasa en ba\u015f\u0131ndan ba\u015flayarak \u201chayvanc\u0131l\u0131k nedir\u201d sorusunu bir cevap bulmaya \u00e7al\u0131\u015fal\u0131m. \u0130nsanlar\u0131n \u00e7e\u015fitli hayvanlar\u0131 besleyerek et, s\u00fct, yumurta, y\u00fcn gibi g\u0131da ve di\u011fer \u00fcr\u00fcnleri elde etmek [&hellip;]<\/p>\n<\/p><\/div><div class=\"vc_btn3-container vc_btn3-left\"><a class=\"vc_gitem-link vc_general vc_btn3 vc_general vc_btn3 vc_btn3-size-md vc_btn3-shape-rounded vc_btn3-style-flat vc_btn3-color-juicy-pink\" href=\"https:\/\/www.agroviva.com.tr\/en\/hayvancilik\/\" title=\"Read more\" a>Read more<\/a><\/div><\/div><\/div><\/div><\/div><\/div><div class=\"vc_clearfix\"><\/div><\/div><div class=\"vc_grid-item vc_clearfix vc_col-sm-2 vc_grid-item-zone-c-bottom\"><div class=\"vc_grid-item-mini vc_clearfix \"><div class=\"vc_gitem-animated-block\" ><div class=\"vc_gitem-zone vc_gitem-zone-a vc-gitem-zone-height-mode-auto vc-gitem-zone-height-mode-auto-1-1 vc_gitem-is-link\" style=\"background-image: url('https:\/\/www.agroviva.com.tr\/wp-content\/uploads\/2025\/01\/shea-nut-kuspesi.jpg') !important;\"><a href=\"https:\/\/www.agroviva.com.tr\/en\/shea-nut-kuspesi\/\" title=\"Shea Nut K\u00fcspesi\" class=\"vc_gitem-link vc-zone-link\"><\/a><img decoding=\"async\" src=\"https:\/\/www.agroviva.com.tr\/wp-content\/uploads\/2025\/01\/shea-nut-kuspesi.jpg\" class=\"vc_gitem-zone-img\" alt=\"shea nut k\u00fcspesi\"><div class=\"vc_gitem-zone-mini\"><\/div><\/div><\/div><div class=\"vc_gitem-zone vc_gitem-zone-c vc_custom_1419240516480\"><div class=\"vc_gitem-zone-mini\"><div class=\"vc_gitem_row vc_row vc_gitem-row-position-top\"><div class=\"vc_col-sm-12 vc_gitem-col vc_gitem-col-align-\"><div class=\"vc_custom_heading vc_gitem-post-data vc_gitem-post-data-source-post_title\" ><h4 style=\"text-align: left\" >Shea Nut K\u00fcspesi<\/h4><\/div><div class=\"vc_custom_heading vc_gitem-post-data vc_gitem-post-data-source-post_excerpt\" ><p style=\"text-align: left\" >Shea nut k\u00fcspesi, Afrika k\u0131tas\u0131nda yeti\u015fen shea a\u011fac\u0131n\u0131n (Vitellaria paradoxa) tohumlar\u0131n\u0131n i\u015flemlerden ge\u00e7irilmesi sonucunda elde edilen bir yan \u00fcr\u00fcn olup genellikle hayvan yemi ve organik g\u0131da olarak de\u011ferlendirilmektedir. Shea ya\u011f\u0131 [...]<\/p><\/div><div class=\"vc_btn3-container vc_btn3-left\"><a class=\"vc_gitem-link vc_general vc_btn3 vc_general vc_btn3 vc_btn3-size-md vc_btn3-shape-rounded vc_btn3-style-flat vc_btn3-color-juicy-pink\" href=\"https:\/\/www.agroviva.com.tr\/en\/shea-nut-kuspesi\/\" title=\"Read more\" a>Read more<\/a><\/div><\/div><\/div><\/div><\/div><\/div><div class=\"vc_clearfix\"><\/div><\/div><div class=\"vc_grid-item vc_clearfix vc_col-sm-2 vc_grid-item-zone-c-bottom\"><div class=\"vc_grid-item-mini vc_clearfix \"><div class=\"vc_gitem-animated-block\" ><div class=\"vc_gitem-zone vc_gitem-zone-a vc-gitem-zone-height-mode-auto vc-gitem-zone-height-mode-auto-1-1 vc_gitem-is-link\" style=\"background-image: url('https:\/\/www.agroviva.com.tr\/wp-content\/uploads\/2024\/05\/misir-gluteni.jpg') !important;\"><a href=\"https:\/\/www.agroviva.com.tr\/en\/misir-gluteni\/\" title=\"M\u0131s\u0131r Gluteni\" class=\"vc_gitem-link vc-zone-link\"><\/a><img decoding=\"async\" src=\"https:\/\/www.agroviva.com.tr\/wp-content\/uploads\/2024\/05\/misir-gluteni.jpg\" class=\"vc_gitem-zone-img\" alt=\"m\u0131s\u0131r gluteni ve hayvanc\u0131l\u0131k sekt\u00f6r\u00fcnde ki kullan\u0131m alanlar\u0131 ve faydalar\u0131 anlat\u0131lm\u0131\u015ft\u0131r\"><div class=\"vc_gitem-zone-mini\"><\/div><\/div><\/div><div class=\"vc_gitem-zone vc_gitem-zone-c vc_custom_1419240516480\"><div class=\"vc_gitem-zone-mini\"><div class=\"vc_gitem_row vc_row vc_gitem-row-position-top\"><div class=\"vc_col-sm-12 vc_gitem-col vc_gitem-col-align-\"><div class=\"vc_custom_heading vc_gitem-post-data vc_gitem-post-data-source-post_title\" ><h4 style=\"text-align: left\" >M\u0131s\u0131r Gluteni<\/h4><\/div><div class=\"vc_custom_heading vc_gitem-post-data vc_gitem-post-data-source-post_excerpt\" ><p style=\"text-align: left\" >M\u0131s\u0131r GluteniM\u0131s\u0131r Gluteni M\u0131s\u0131r gluteni, m\u0131s\u0131r\u0131n i\u015flenmesi s\u0131ras\u0131nda embiriyo ve m\u0131s\u0131r kepe\u011fi ayr\u0131ld\u0131ktan sonra endosperm k\u0131sm\u0131nda bulunan ni\u015fastan\u0131n y\u0131kanmas\u0131ndan sonra elde edilen k\u0131ymetli tah\u0131l \u00fcr\u00fcnlerinden biridir. Di\u011fer glutenli tah\u0131llardan farkl\u0131 [...]<\/p><\/div><div class=\"vc_btn3-container vc_btn3-left\"><a class=\"vc_gitem-link vc_general vc_btn3 vc_general vc_btn3 vc_btn3-size-md vc_btn3-shape-rounded vc_btn3-style-flat vc_btn3-color-juicy-pink\" href=\"https:\/\/www.agroviva.com.tr\/en\/misir-gluteni\/\" title=\"Read more\" a>Read more<\/a><\/div><\/div><\/div><\/div><\/div><\/div><div class=\"vc_clearfix\"><\/div><\/div><div class=\"vc_grid-item vc_clearfix vc_col-sm-2 vc_grid-item-zone-c-bottom\"><div class=\"vc_grid-item-mini vc_clearfix \"><div class=\"vc_gitem-animated-block\" ><div class=\"vc_gitem-zone vc_gitem-zone-a vc-gitem-zone-height-mode-auto vc-gitem-zone-height-mode-auto-1-1 vc_gitem-is-link\" style=\"background-image: url('https:\/\/www.agroviva.com.tr\/wp-content\/uploads\/2024\/04\/razmol.jpg') !important;\"><a href=\"https:\/\/www.agroviva.com.tr\/en\/razmol\/\" title=\"Razmol\" class=\"vc_gitem-link vc-zone-link\"><\/a><img decoding=\"async\" src=\"https:\/\/www.agroviva.com.tr\/wp-content\/uploads\/2024\/04\/razmol.jpg\" class=\"vc_gitem-zone-img\" alt=\"Razmol, hayvan yemi hammaddesi olarak kullan\u0131lan do\u011fal bir bile\u015fendir ve hayvanlar\u0131n sa\u011fl\u0131kl\u0131 b\u00fcy\u00fcmesi i\u00e7in \u00f6nemli besin maddeleri sa\u011flar. \u00d6zellikle protein ve enerji i\u00e7eri\u011fi y\u00fcksek olan razmol, s\u0131\u011f\u0131r, koyun, kuzu gibi hayvanlar i\u00e7in besleyici bir kaynak sunar. \u0130\u00e7eri\u011findeki besin \u00f6\u011feleri, hayvanlar\u0131n geli\u015fimini desteklerken, verimlilik ve sa\u011fl\u0131k \u00fczerinde olumlu etkiler yarat\u0131r. G\u00f6rselde, razmolun hayvan yemi \u00fcretimindeki rol\u00fc ve bu do\u011fal bile\u015fi\u011fin hayvan sa\u011fl\u0131\u011f\u0131na sa\u011flad\u0131\u011f\u0131 katk\u0131lar vurgulanmaktad\u0131r.\"><div class=\"vc_gitem-zone-mini\"><\/div><\/div><\/div><div class=\"vc_gitem-zone vc_gitem-zone-c vc_custom_1419240516480\"><div class=\"vc_gitem-zone-mini\"><div class=\"vc_gitem_row vc_row vc_gitem-row-position-top\"><div class=\"vc_col-sm-12 vc_gitem-col vc_gitem-col-align-\"><div class=\"vc_custom_heading vc_gitem-post-data vc_gitem-post-data-source-post_title\" ><h4 style=\"text-align: left\" >Razmol<\/h4><\/div><div class=\"vc_custom_heading vc_gitem-post-data vc_gitem-post-data-source-post_excerpt\" ><p style=\"text-align: left\" >Razmol Razmol en temelde bu\u011fday kepe\u011finin daha ince halidir. Un \u00fcretimi s\u0131ras\u0131nda bu\u011fday kabu\u011funun ayr\u0131lmas\u0131 i\u015flemleri s\u0131ras\u0131nda eleklerde daha ince yap\u0131da olan k\u0131sm\u0131n\u0131n ayr\u0131lmas\u0131 ile elde edilen razmol, \u00f6zellikle yem [...]<\/p><\/div><div class=\"vc_btn3-container vc_btn3-left\"><a class=\"vc_gitem-link vc_general vc_btn3 vc_general vc_btn3 vc_btn3-size-md vc_btn3-shape-rounded vc_btn3-style-flat vc_btn3-color-juicy-pink\" href=\"https:\/\/www.agroviva.com.tr\/en\/razmol\/\" title=\"Read more\" a>Read more<\/a><\/div><\/div><\/div><\/div><\/div><\/div><div class=\"vc_clearfix\"><\/div><\/div><div class=\"vc_grid-item vc_clearfix vc_col-sm-2 vc_grid-item-zone-c-bottom\"><div class=\"vc_grid-item-mini vc_clearfix \"><div class=\"vc_gitem-animated-block\" ><div class=\"vc_gitem-zone vc_gitem-zone-a vc-gitem-zone-height-mode-auto vc-gitem-zone-height-mode-auto-1-1 vc_gitem-is-link\" style=\"background-image: url('https:\/\/www.agroviva.com.tr\/wp-content\/uploads\/2024\/04\/Kirik-Bugday.png') !important;\"><a href=\"https:\/\/www.agroviva.com.tr\/en\/kirik-bugday\/\" title=\"K\u0131r\u0131k Bu\u011fday\" class=\"vc_gitem-link vc-zone-link\"><\/a><img decoding=\"async\" src=\"https:\/\/www.agroviva.com.tr\/wp-content\/uploads\/2024\/04\/Kirik-Bugday.png\" class=\"vc_gitem-zone-img\" alt=\"K\u0131r\u0131k Bu\u011fday\"><div class=\"vc_gitem-zone-mini\"><\/div><\/div><\/div><div class=\"vc_gitem-zone vc_gitem-zone-c vc_custom_1419240516480\"><div class=\"vc_gitem-zone-mini\"><div class=\"vc_gitem_row vc_row vc_gitem-row-position-top\"><div class=\"vc_col-sm-12 vc_gitem-col vc_gitem-col-align-\"><div class=\"vc_custom_heading vc_gitem-post-data vc_gitem-post-data-source-post_title\" ><h4 style=\"text-align: left\" >K\u0131r\u0131k Bu\u011fday<\/h4><\/div><div class=\"vc_custom_heading vc_gitem-post-data vc_gitem-post-data-source-post_excerpt\" ><p style=\"text-align: left\" >K\u0131r\u0131k Bu\u011fday Bu\u011fday, d\u00fcnya tarihinde binlerce y\u0131ld\u0131r \u00f6nemli bir besin kayna\u011f\u0131 olmu\u015ftur. O kadar \u00f6nemlidir ki k\u0131r\u0131k bu\u011fday taneleri bile israf edilmemelidir. K\u0131r\u0131k bu\u011fday, bu\u011fday\u0131n hasat\u0131 s\u0131ras\u0131nda bi\u00e7erd\u00f6verde k\u0131r\u0131lmas\u0131, ta\u015f\u0131ma [...]<\/p><\/div><div class=\"vc_btn3-container vc_btn3-left\"><a class=\"vc_gitem-link vc_general vc_btn3 vc_general vc_btn3 vc_btn3-size-md vc_btn3-shape-rounded vc_btn3-style-flat vc_btn3-color-juicy-pink\" href=\"https:\/\/www.agroviva.com.tr\/en\/kirik-bugday\/\" title=\"Read more\" a>Read more<\/a><\/div><\/div><\/div><\/div><\/div><\/div><div class=\"vc_clearfix\"><\/div><\/div><div class=\"vc_grid-item vc_clearfix vc_col-sm-2 vc_grid-item-zone-c-bottom\"><div class=\"vc_grid-item-mini vc_clearfix \"><div class=\"vc_gitem-animated-block\" ><div class=\"vc_gitem-zone vc_gitem-zone-a vc-gitem-zone-height-mode-auto vc-gitem-zone-height-mode-auto-1-1 vc_gitem-is-link\" style=\"background-image: url('https:\/\/www.agroviva.com.tr\/wp-content\/uploads\/2025\/02\/pirinc-kepegi-1.jpg') !important;\"><a href=\"https:\/\/www.agroviva.com.tr\/en\/pirinc-kepegi\/\" title=\"Pirin\u00e7 Kepe\u011fi\" class=\"vc_gitem-link vc-zone-link\"><\/a><img decoding=\"async\" src=\"https:\/\/www.agroviva.com.tr\/wp-content\/uploads\/2025\/02\/pirinc-kepegi-1.jpg\" class=\"vc_gitem-zone-img\" alt=\"Pirin\u00e7 kepe\u011fi, yem sekt\u00f6r\u00fcnde hayvan sa\u011fl\u0131\u011f\u0131n\u0131 destekleyen ve \u00fcreticilere ekonomik avantaj sa\u011flayan bir besin kayna\u011f\u0131d\u0131r\"><div class=\"vc_gitem-zone-mini\"><\/div><\/div><\/div><div class=\"vc_gitem-zone vc_gitem-zone-c vc_custom_1419240516480\"><div class=\"vc_gitem-zone-mini\"><div class=\"vc_gitem_row vc_row vc_gitem-row-position-top\"><div class=\"vc_col-sm-12 vc_gitem-col vc_gitem-col-align-\"><div class=\"vc_custom_heading vc_gitem-post-data vc_gitem-post-data-source-post_title\" ><h4 style=\"text-align: left\" >Pirin\u00e7 Kepe\u011fi<\/h4><\/div><div class=\"vc_custom_heading vc_gitem-post-data vc_gitem-post-data-source-post_excerpt\" ><p style=\"text-align: left\" >Pirin\u00e7 Kepe\u011fi Pirin\u00e7 kepe\u011fi, \u00e7eltik tanelerinin d\u0131\u015f kabu\u011funun soyulmas\u0131 ve parlat\u0131lmas\u0131 ile elde edilen ve besin de\u011feri y\u00fcksek bir yan \u00fcr\u00fcnd\u00fcr. Pirin\u00e7 \u00fcretimi s\u0131ras\u0131nda ortaya \u00e7\u0131kan bu kepek, hem insan [...]<\/p><\/div><div class=\"vc_btn3-container vc_btn3-left\"><a class=\"vc_gitem-link vc_general vc_btn3 vc_general vc_btn3 vc_btn3-size-md vc_btn3-shape-rounded vc_btn3-style-flat vc_btn3-color-juicy-pink\" href=\"https:\/\/www.agroviva.com.tr\/en\/pirinc-kepegi\/\" title=\"Read more\" a>Read more<\/a><\/div><\/div><\/div><\/div><\/div><\/div><div class=\"vc_clearfix\"><\/div><\/div><div class=\"vc_grid-item vc_clearfix vc_col-sm-2 vc_grid-item-zone-c-bottom\"><div class=\"vc_grid-item-mini vc_clearfix \"><div class=\"vc_gitem-animated-block\" ><div class=\"vc_gitem-zone vc_gitem-zone-a vc-gitem-zone-height-mode-auto vc-gitem-zone-height-mode-auto-1-1 vc_gitem-is-link\" style=\"background-image: url('https:\/\/www.agroviva.com.tr\/wp-content\/uploads\/2024\/04\/misir-flake-983x1024.jpg') !important;\"><a href=\"https:\/\/www.agroviva.com.tr\/en\/misir-flake\/\" title=\"M\u0131s\u0131r Flake\" class=\"vc_gitem-link vc-zone-link\"><\/a><img decoding=\"async\" src=\"https:\/\/www.agroviva.com.tr\/wp-content\/uploads\/2024\/04\/misir-flake-983x1024.jpg\" class=\"vc_gitem-zone-img\" alt=\"M\u0131s\u0131r Flake\"><div class=\"vc_gitem-zone-mini\"><\/div><\/div><\/div><div class=\"vc_gitem-zone vc_gitem-zone-c vc_custom_1419240516480\"><div class=\"vc_gitem-zone-mini\"><div class=\"vc_gitem_row vc_row vc_gitem-row-position-top\"><div class=\"vc_col-sm-12 vc_gitem-col vc_gitem-col-align-\"><div class=\"vc_custom_heading vc_gitem-post-data vc_gitem-post-data-source-post_title\" ><h4 style=\"text-align: left\" >M\u0131s\u0131r Flake<\/h4><\/div><div class=\"vc_custom_heading vc_gitem-post-data vc_gitem-post-data-source-post_excerpt\" ><p style=\"text-align: left\" >M\u0131s\u0131r Flake M\u0131s\u0131r flake, \u00f6n temizleme i\u015flemlerinden sonra m\u0131s\u0131r tanelerinin i\u015flenmesiyle elde edilir. \u0130nce yapraklar halinde \u00fcretilen bu tah\u0131l \u00fcr\u00fcn\u00fcnde m\u0131s\u0131r\u0131n do\u011fal besin de\u011feri korunur. Lezzeti ve y\u00fcksek besin de\u011feri [...]<\/p><\/div><div class=\"vc_btn3-container vc_btn3-left\"><a class=\"vc_gitem-link vc_general vc_btn3 vc_general vc_btn3 vc_btn3-size-md vc_btn3-shape-rounded vc_btn3-style-flat vc_btn3-color-juicy-pink\" href=\"https:\/\/www.agroviva.com.tr\/en\/misir-flake\/\" title=\"Read more\" a>Read more<\/a><\/div><\/div><\/div><\/div><\/div><\/div><div class=\"vc_clearfix\"><\/div><\/div><\/div><\/div>\n\t<\/div>\n<\/div><\/div><\/div><\/div><\/div><\/div><\/div><\/div>\n<\/section>","protected":false},"excerpt":{"rendered":"Agroviva blog sayfas\u0131, tar\u0131m ve g\u0131da sekt\u00f6r\u00fcnde\u00a0 bir kaynak olarak, sekt\u00f6rdeki en g\u00fcncel geli\u015fmeleri ve yenilikleri takip\u00e7ilerine sunmaktad\u0131r. Blog, tar\u0131mda ki yeni trendleri, g\u0131dalar\u0131, hammaddeleri ve katk\u0131lar ile ilgili bilgilendirici [...]","protected":false},"author":1,"featured_media":0,"parent":0,"menu_order":0,"comment_status":"closed","ping_status":"closed","template":"","meta":{"footnotes":""},"class_list":["post-13040","page","type-page","status-publish","hentry"],"_links":{"self":[{"href":"https:\/\/www.agroviva.com.tr\/en\/wp-json\/wp\/v2\/pages\/13040","targetHints":{"allow":["GET"]}}],"collection":[{"href":"https:\/\/www.agroviva.com.tr\/en\/wp-json\/wp\/v2\/pages"}],"about":[{"href":"https:\/\/www.agroviva.com.tr\/en\/wp-json\/wp\/v2\/types\/page"}],"author":[{"embeddable":true,"href":"https:\/\/www.agroviva.com.tr\/en\/wp-json\/wp\/v2\/users\/1"}],"replies":[{"embeddable":true,"href":"https:\/\/www.agroviva.com.tr\/en\/wp-json\/wp\/v2\/comments?post=13040"}],"version-history":[{"count":5,"href":"https:\/\/www.agroviva.com.tr\/en\/wp-json\/wp\/v2\/pages\/13040\/revisions"}],"predecessor-version":[{"id":13139,"href":"https:\/\/www.agroviva.com.tr\/en\/wp-json\/wp\/v2\/pages\/13040\/revisions\/13139"}],"wp:attachment":[{"href":"https:\/\/www.agroviva.com.tr\/en\/wp-json\/wp\/v2\/media?parent=13040"}],"curies":[{"name":"wp","href":"https:\/\/api.w.org\/{rel}","templated":true}]}}