{"id":2039,"date":"2015-12-23T09:28:39","date_gmt":"2015-12-23T09:28:39","guid":{"rendered":"https:\/\/puzzlerbox.com\/levelup\/?page_id=2039"},"modified":"2025-01-11T23:41:35","modified_gmt":"2025-01-11T20:41:35","slug":"biz","status":"publish","type":"page","link":"https:\/\/www.agroviva.com.tr\/en\/biz\/","title":{"rendered":"Company"},"content":{"rendered":"<section class=\"wpb-content-wrapper\"><div class=\"container-fluid row_section vc_row_cp_t_100 vc_row_cp_b_100\"><div  class=\"vc_row wpb_row vc_row-fluid vc_column-gap-30 vc_row-69f70788b2757889322677\"   style=' text-align:left; z-index:0;'><div class=\"row-container container\"><div class=\"row-inner\"><div class=\"wpb_column vc_column_container vc_col-sm-12 vc_column_container_69f70788b29f0146469962\" style=\"z-index:0\"><div class=\"vc_column-inner vc_custom_1455898154373\"><div class=\"wpb_wrapper\">\n\t<div class=\"wpb_text_column_1 wpb_text_column wpb_content_element\">\n\t\t<div class=\"wpb_wrapper\" >\n\t\t\t<p>The small steps our family took in grain trade in the 1970s eventually became a significant turning point in our journey as flour manufacturing. Over the years, with the deep knowledge and experience we gained in the industry, we kept our desire to reach our dreams alive. We expanded our commercial activities both domestically and internationally, including agricultural market research.<\/p>\n<p>Our journey, which began with farming, has grown by carefully selecting agricultural products that we deliver to our suppliers with great attention to detail. We are aware that the process of a single wheat grain becoming bread is much more laborious than it seems. By completing this intricate process with great dedication, from the moment the seed falls into the soil to when it reaches the table, we have reached our current maturity.<\/p>\n<p>We have had the opportunity to personally observe the needs of people and their perspectives on food across different continents. From Africa to the Far East, the Middle East to South America and Europe, we have experienced a wide range of environments, from places that meet basic food needs to facilities equipped with the most advanced technologies. We have worked with many dedicated individuals and learned valuable lessons from each of them. Now, we aim to continue the growth and development in our industry by sharing these accumulated experiences with you.<\/p>\n<p style=\"text-align: center;\"><span class=\"Apple-converted-space\">\u00a0<\/span><\/p>\n\n\t\t<\/div> \n\t<\/div> <div class=\"rdy_separator_69f70788b2c39879774284 rdy_separator normal  vc_sep_pos_align_center\" style=\"border-color: #000000;border-top-width: 2px;border-style: solid;max-width: 400px;\"><\/div>\n<div class=\"vc_empty_space  vc_empty_space_2\"   style=\"height: 30px\" ><span class=\"vc_empty_space_inner\"><\/span><\/div>\r\n\n\t<div class=\"wpb_text_column_3 wpb_text_column wpb_content_element\">\n\t\t<div class=\"wpb_wrapper\" >\n\t\t\t<p>The falling of the seed into the soil, which is the beginning of everything, is the true story of ours. Fertile soil is a treasure that generously rewards every seed sown. Planting the seed is just the beginning; the development of the seed, its harvest, and delivery to the tables is a process as comprehensive and time-consuming as preparing a baby for life. While this process can be briefly described, it unfolds over the years through experience and living it. With our mission to provide sustainable and healthy products, we continue to work with this awareness and the same care.<\/p>\n<p>AgroViva's founding story begins with many years of hard work and a challenging journey. As we continue this journey together, we will always aim to reach the best. At this point, we would also like to share our perspective on the past and the future with you.<\/p>\n\n\t\t<\/div> \n\t<\/div> <div class=\"rdy_separator_69f70788b2e21427786788 rdy_separator normal  vc_sep_pos_align_center\" style=\"border-color: #000000;border-top-width: 2px;border-style: solid;max-width: 400px;\"><\/div>\n<\/div><\/div><\/div><\/div><\/div><\/div><\/div><div class=\"container row_section vc_row_cp_t_60 vc_row_cp_b_60\"><div  class=\"vc_row wpb_row vc_row-fluid vc_column-gap-30 vc_row-69f70788b2f79795902606\"   style=' text-align:left; z-index:0;'><div class=\"row-container container-fluid\"><div class=\"row-inner\"><div class=\"wpb_column vc_column_container vc_col-sm-12 vc_column_container_69f70788b308c586952494\" style=\"z-index:0\"><div class=\"vc_column-inner\"><div class=\"wpb_wrapper\"><\/div><\/div><\/div><\/div><\/div><\/div><\/div>\n<\/section>","protected":false},"excerpt":{"rendered":"1970'lerde ailemizin hububat ticaretiyle att\u0131\u011f\u0131 k\u00fc\u00e7\u00fck ad\u0131mlar, zamanla un imalat\u0131 olarak bizim yolculu\u011fumuzda \u00f6nemli bir k\u0131r\u0131lma noktas\u0131 oldu. Bu y\u0131llar i\u00e7inde sekt\u00f6rde kazand\u0131\u011f\u0131m\u0131z derin tecr\u00fcbe ve deneyimlerle birlikte, hayallerimize ula\u015fma [...]","protected":false},"author":1,"featured_media":0,"parent":0,"menu_order":0,"comment_status":"closed","ping_status":"closed","template":"","meta":{"footnotes":""},"class_list":["post-2039","page","type-page","status-publish","hentry"],"_links":{"self":[{"href":"https:\/\/www.agroviva.com.tr\/en\/wp-json\/wp\/v2\/pages\/2039","targetHints":{"allow":["GET"]}}],"collection":[{"href":"https:\/\/www.agroviva.com.tr\/en\/wp-json\/wp\/v2\/pages"}],"about":[{"href":"https:\/\/www.agroviva.com.tr\/en\/wp-json\/wp\/v2\/types\/page"}],"author":[{"embeddable":true,"href":"https:\/\/www.agroviva.com.tr\/en\/wp-json\/wp\/v2\/users\/1"}],"replies":[{"embeddable":true,"href":"https:\/\/www.agroviva.com.tr\/en\/wp-json\/wp\/v2\/comments?post=2039"}],"version-history":[{"count":43,"href":"https:\/\/www.agroviva.com.tr\/en\/wp-json\/wp\/v2\/pages\/2039\/revisions"}],"predecessor-version":[{"id":13136,"href":"https:\/\/www.agroviva.com.tr\/en\/wp-json\/wp\/v2\/pages\/2039\/revisions\/13136"}],"wp:attachment":[{"href":"https:\/\/www.agroviva.com.tr\/en\/wp-json\/wp\/v2\/media?parent=2039"}],"curies":[{"name":"wp","href":"https:\/\/api.w.org\/{rel}","templated":true}]}}