{"id":2043,"date":"2015-12-25T15:34:34","date_gmt":"2015-12-25T15:34:34","guid":{"rendered":"https:\/\/puzzlerbox.com\/levelup\/?page_id=2043"},"modified":"2025-02-03T15:02:11","modified_gmt":"2025-02-03T12:02:11","slug":"urunlerimiz","status":"publish","type":"page","link":"https:\/\/www.agroviva.com.tr\/en\/urunlerimiz\/","title":{"rendered":"Products"},"content":{"rendered":"<section class=\"wpb-content-wrapper\"><div class=\"container-fluid row_section vc_row_p_30\"><div  class=\"vc_row wpb_row vc_row-fluid vc_custom_1713946103622 vc_row-has-fill vc_column-gap-30 rdy_vc_row-o-dyn-height rdy_vc_row-o-columns-bottom rdy_vc_row-flex vc_row-69f70c500d6b1991219360\" data-row-height=\"100\"   style=' text-align:left; z-index:0;'><div class=\"row-overlay active\" style=\"background: rgba(0,0,0,0.01);background: -moz-linear-gradient(top, rgba(0,0,0,0.01) 0%, rgba(0,0,0,0.9) 100%);background: -webkit-linear-gradient(top, rgba(0,0,0,0.01) 0%, rgba(0,0,0,0.9) 100%);background: linear-gradient(to bottom, rgba(0,0,0,0.01) 0%, rgba(0,0,0,0.9) 100%);opacity:0.5;\"><\/div><div class=\"row-container container-fluid\"><div class=\"row-inner\"><div class=\"wpb_column vc_column_container vc_col-sm-12 vc_column_container_69f70c500d997170242119\" style=\"z-index:0\"><div class=\"vc_column-inner\"><div class=\"wpb_wrapper\"><div class=\"vc_custom_heading vc_custom_1713969517529 responsive-on vc_custom_heading_69f70c500db7b264944758\" ><h2 style=\"font-size: 90px;color: #ffffff;text-align: left;font-family:Oswald;font-weight:400;font-style:normal;text-transform:uppercase\" class=\"vc_custom_heading_responsive responsive-h3\"><span class=\"hilight\"  >Products<\/span><\/h2><\/div><div class=\"vc_custom_heading vc_custom_1713883382900 responsive-on vc_custom_heading_69f70c500ddc5295391238\" ><h2 style=\"font-size: 30px;color: #ffffff;text-align: left;font-family:Oswald;font-weight:400;font-style:normal\" class=\"vc_custom_heading_responsive\"><span class=\"hilight\"  >Her bir halkas\u0131n\u0131 ba\u015far\u0131yla bir araya getirdi\u011fimiz g\u0131da tedarik zincirini; g\u00fcven, istikrar ve sorumluluk ile s\u00fcrd\u00fcr\u00fcyor,<br \/>\nherkes i\u00e7in g\u00fcvenli g\u0131da hedefiyle hareket ediyoruz.<\/span><\/h2><\/div><div\r\n    class=\"vc_icon_element vc_icon_element-outer anm-arrow-down-inf vc_icon_element-align-left\">\r\n    <div\r\n        class=\"vc_icon_element-inner vc_icon_element-color-white vc_icon_element-size-md vc_icon_element-style- vc_icon_element-background-color-grey\"><span\r\n            class=\"vc_icon_element-icon fa fa-long-arrow-down\" ><\/span><a class=\"vc_icon_element-link\" href=\"#about-creative-page\" title=\"\" target=\"_self\"><\/a><\/div>\r\n<\/div><div class=\"birdy-menu-anchor\" id=\"about-creative-page\" style=\"position: relative; top:-50px;\"><\/div><\/div><\/div><\/div><\/div><\/div><\/div><\/div><div class=\"container row_section vc_row_p_30\"><div  class=\"vc_row wpb_row vc_row-fluid vc_column-gap-30 vc_row-69f70c500e001071150616\"   style=' text-align:left; z-index:0;'><div class=\"row-container container-fluid\"><div class=\"row-inner\"><div class=\"wpb_column vc_column_container vc_col-sm-12 vc_column_container_69f70c500e117765311322\" style=\"z-index:0\"><div class=\"vc_column-inner\"><div class=\"wpb_wrapper\"><div class=\"vc_empty_space  vc_empty_space_2\"   style=\"height: 5px\" ><span class=\"vc_empty_space_inner\"><\/span><\/div>\r\n<\/div><\/div><\/div><\/div><\/div><\/div><\/div><div class=\"container-fluid row_section vc_row_p_30\"><div  class=\"vc_row wpb_row vc_row-fluid vc_row-69f70c500e2e8756515213 no-spaces\"   style=' text-align:left; z-index:0;'><div class=\"row-container container-fluid\"><div class=\"row-inner\"><div class=\"wpb_column vc_column_container vc_col-sm-6 vc_hidden-xs vc_col-has-fill vc_column_container_69f70c500e403068546423 animate-element\" data-animation-class=\"fadeInUp2\" style=\"z-index:0\"><div class=\"vc_column-inner vc_custom_1713958911429\"><div class=\"wpb_wrapper\">\n\t<div class=\"wpb_text_column_3 wpb_text_column wpb_content_element\">\n\t\t<div class=\"wpb_wrapper\" >\n\t\t\t\n\t\t<\/div> \n\t<\/div> <\/div><\/div><\/div><div class=\"wpb_column vc_column_container vc_col-sm-6 vc_column_container_69f70c500e5d3045845599 vc_column_gutter vc_column_gutter_30 animate-loop animate-element\" data-animation-class=\"fadeInUp2\" style=\"z-index:0\"><div class=\"vc_column-inner\"><div class=\"wpb_wrapper\"><div class=\"vc_custom_heading vc_custom_1714120538814 vc_custom_heading_69f70c500e71a680583636\" ><h2 style=\"text-align: center;font-family:Oswald;font-weight:400;font-style:normal;text-transform:uppercase\"><span class=\"hilight\"  >Tah\u0131l ve<br \/>\nYa\u011fl\u0131 Tohumlar<\/span><\/h2><\/div>\n\t<div class=\"wpb_text_column_4 wpb_text_column wpb_content_element\">\n\t\t<div class=\"wpb_wrapper\" >\n\t\t\t<p style=\"text-align: center;\">Topraktan sofraya her a\u015famay\u0131 titizlikle y\u00f6netiyoruz.<\/p>\n\n\t\t<\/div> \n\t<\/div> <div class=\"vc_empty_space  vc_empty_space_5\"   style=\"height: 20px\" ><span class=\"vc_empty_space_inner\"><\/span><\/div>\r\n<div class=\"vc_btn3-container vc_btn3-center\" ><a class=\"vc_general vc_btn3 vc_btn3-size-md vc_btn3-shape-rounded vc_btn3-style-modern vc_btn3-color-green\" href=\"https:\/\/www.agroviva.com.tr\/en\/tahil-ve-yagli-tohumlar\/\" title=\"Cereals and Oilseeds\">Daha Fazla Bilgi<\/a><\/div><\/div><\/div><\/div><\/div><\/div><\/div><\/div><div class=\"container-fluid row_section vc_row_p_30\"><div  class=\"vc_row wpb_row vc_row-fluid vc_row-69f70c500ea74375684875 no-spaces\"   style=' text-align:left; z-index:0;'><div class=\"row-container container-fluid\"><div class=\"row-inner\"><div class=\"wpb_column vc_column_container vc_col-sm-6 vc_column_container_69f70c500eb49472067015 vc_column_gutter vc_column_gutter_30 animate-loop animate-element\" data-animation-class=\"fadeInUp2\" style=\"z-index:0\"><div class=\"vc_column-inner\"><div class=\"wpb_wrapper\"><div class=\"vc_custom_heading vc_custom_1714476382256 vc_custom_heading_69f70c500ec4d831085317\" ><h2 style=\"text-align: center;font-family:Oswald;font-weight:400;font-style:normal;text-transform:uppercase\"><span class=\"hilight\"  >G\u0131da Hammadde<\/span><\/h2><\/div>\n\t<div class=\"wpb_text_column_6 wpb_text_column wpb_content_element\">\n\t\t<div class=\"wpb_wrapper\" >\n\t\t\t<p style=\"text-align: center;\">Topra\u011fa gereken de\u011feri veriyoruz.<\/p>\n\n\t\t<\/div> \n\t<\/div> <div class=\"vc_empty_space  vc_empty_space_7\"   style=\"height: 20px\" ><span class=\"vc_empty_space_inner\"><\/span><\/div>\r\n<div class=\"vc_btn3-container vc_btn3-center\" ><a class=\"vc_general vc_btn3 vc_btn3-size-md vc_btn3-shape-rounded vc_btn3-style-modern vc_btn3-color-green\" href=\"https:\/\/www.agroviva.com.tr\/en\/organik\/\" title=\"Organik\">Daha Fazla Bilgi<\/a><\/div><\/div><\/div><\/div><div class=\"wpb_column vc_column_container vc_col-sm-6 vc_col-has-fill vc_column_container_69f70c500eee5492117332 animate-element\" data-animation-class=\"fadeInUp2\" style=\"z-index:0\"><div class=\"vc_column-inner vc_custom_1713958920409\"><div class=\"wpb_wrapper\">\n\t<div class=\"wpb_text_column_8 wpb_text_column wpb_content_element\">\n\t\t<div class=\"wpb_wrapper\" >\n\t\t\t\n\t\t<\/div> \n\t<\/div> <\/div><\/div><\/div><\/div><\/div><\/div><\/div><div class=\"container-fluid row_section vc_row_p_30\"><div  class=\"vc_row wpb_row vc_row-fluid vc_row-69f70c500f07f350047862 no-spaces\"   style=' text-align:left; z-index:0;'><div class=\"row-container container-fluid\"><div class=\"row-inner\"><div class=\"wpb_column vc_column_container vc_col-sm-6 vc_hidden-xs vc_col-has-fill vc_column_container_69f70c500f147381083677 animate-element\" data-animation-class=\"fadeInUp2\" style=\"z-index:0\"><div class=\"vc_column-inner vc_custom_1713958964995\"><div class=\"wpb_wrapper\">\n\t<div class=\"wpb_text_column_9 wpb_text_column wpb_content_element\">\n\t\t<div class=\"wpb_wrapper\" >\n\t\t\t\n\t\t<\/div> \n\t<\/div> <\/div><\/div><\/div><div class=\"wpb_column vc_column_container vc_col-sm-6 vc_column_container_69f70c500f28e915185186 vc_column_gutter vc_column_gutter_30 animate-loop animate-element\" data-animation-class=\"fadeInUp2\" style=\"z-index:0\"><div class=\"vc_column-inner\"><div class=\"wpb_wrapper\"><div class=\"vc_custom_heading vc_custom_1713963190109 vc_custom_heading_69f70c500f385986358069\" ><h2 style=\"text-align: center;font-family:Oswald;font-weight:400;font-style:normal;text-transform:uppercase\"><span class=\"hilight\"  >Agriculture<\/span><\/h2><\/div>\n\t<div class=\"wpb_text_column_10 wpb_text_column wpb_content_element\">\n\t\t<div class=\"wpb_wrapper\" >\n\t\t\t<p>Ge\u00e7mi\u015ften bug\u00fcne tar\u0131m s\u00fcre\u00e7lerini devam ettiriyoruz. Topra\u011f\u0131 tan\u0131yarak mahsul\u00fc kaliteli ve s\u00fcrd\u00fcr\u00fclebilir bir noktaya getirdik.<\/p>\n\n\t\t<\/div> \n\t<\/div> <div class=\"vc_empty_space  vc_empty_space_11\"   style=\"height: 20px\" ><span class=\"vc_empty_space_inner\"><\/span><\/div>\r\n<div class=\"vc_btn3-container vc_btn3-center\" ><a class=\"vc_general vc_btn3 vc_btn3-size-md vc_btn3-shape-rounded vc_btn3-style-modern vc_btn3-color-green\" href=\"https:\/\/www.agroviva.com.tr\/en\/tarim\/\" title=\"Agriculture\">Daha Fazla Bilgi<\/a><\/div><\/div><\/div><\/div><\/div><\/div><\/div><\/div><div class=\"container-fluid row_section vc_row_p_30\"><div  class=\"vc_row wpb_row vc_row-fluid vc_row-69f70c500f649153032983 no-spaces\"   style=' text-align:left; z-index:0;'><div class=\"row-container container-fluid\"><div class=\"row-inner\"><div class=\"wpb_column vc_column_container vc_col-sm-6 vc_column_container_69f70c500f71d410564471 vc_column_gutter vc_column_gutter_30 animate-loop animate-element\" data-animation-class=\"fadeInUp2\" style=\"z-index:0\"><div class=\"vc_column-inner\"><div class=\"wpb_wrapper\"><div class=\"vc_custom_heading vc_custom_1714032182440 vc_custom_heading_69f70c500f819412607921\" ><h2 style=\"text-align: center;font-family:Oswald;font-weight:400;font-style:normal;text-transform:uppercase\"><span class=\"hilight\"  >Yak\u0131nda<\/span><\/h2><\/div>\n\t<div class=\"wpb_text_column_12 wpb_text_column wpb_content_element\">\n\t\t<div class=\"wpb_wrapper\" >\n\t\t\t<p style=\"text-align: center;\">Yat\u0131r\u0131mlar\u0131n\u0131z ile b\u00fcy\u00fcyoruz<\/p>\n\n\t\t<\/div> \n\t<\/div> <div class=\"vc_empty_space  vc_empty_space_13\"   style=\"height: 20px\" ><span class=\"vc_empty_space_inner\"><\/span><\/div>\r\n<div class=\"vc_btn3-container vc_btn3-center\" ><a class=\"vc_general vc_btn3 vc_btn3-size-md vc_btn3-shape-rounded vc_btn3-style-modern vc_btn3-color-green\" href=\"https:\/\/www.agroviva.com.tr\/en\/\" title=\"Home\">Daha Fazla Bilgi<\/a><\/div><\/div><\/div><\/div><div class=\"wpb_column vc_column_container vc_col-sm-6 vc_col-has-fill vc_column_container_69f70c500fa9d695919349 animate-element\" data-animation-class=\"fadeInUp2\" style=\"z-index:0\"><div class=\"vc_column-inner vc_custom_1713958960039\"><div class=\"wpb_wrapper\">\n\t<div class=\"wpb_text_column_14 wpb_text_column wpb_content_element\">\n\t\t<div class=\"wpb_wrapper\" >\n\t\t\t\n\t\t<\/div> \n\t<\/div> <\/div><\/div><\/div><\/div><\/div><\/div><\/div><div class=\"container row_section vc_row_p_30\"><div  class=\"vc_row wpb_row vc_row-fluid vc_column-gap-30 vc_row-69f70c500fc2e023316520\"   style=' text-align:left; z-index:0;'><div class=\"row-container container-fluid\"><div class=\"row-inner\"><div class=\"wpb_column vc_column_container vc_col-sm-12 vc_column_container_69f70c500fcee859484184\" style=\"z-index:0\"><div class=\"vc_column-inner\"><div class=\"wpb_wrapper\"><div class=\"vc_empty_space  vc_empty_space_15\"   style=\"height: 5px\" ><span class=\"vc_empty_space_inner\"><\/span><\/div>\r\n<\/div><\/div><\/div><\/div><\/div><\/div><\/div><div class=\"container-fluid row_section vc_row_p_30\"><div  class=\"vc_row wpb_row vc_row-fluid vc_custom_1713948138543 vc_row-has-fill vc_column-gap-30 vc_row-69f70c500fe70620988951 no-spaces\"   style=' text-align:left; z-index:0;'><div class=\"row-overlay active\" style=\"background: rgba(255,255,255,0.01);background: -moz-linear-gradient(45deg, rgba(255,255,255,0.01) 0%, #000000 100%);background: -webkit-linear-gradient(45deg, rgba(255,255,255,0.01) 0%, #000000 100%);background: linear-gradient(45deg, rgba(255,255,255,0.01) 0%, #000000 100%);opacity:0.25;\"><\/div><div class=\"row-container container-fluid\"><div class=\"row-inner\"><div class=\"wpb_column vc_column_container vc_col-sm-6 vc_column_container_69f70c500ff7d366245611\" style=\"z-index:0\"><div class=\"vc_column-inner\"><div class=\"wpb_wrapper\"><div class=\"vc_empty_space  vc_empty_space_16\"   style=\"height: 400px\" ><span class=\"vc_empty_space_inner\"><\/span><\/div>\r\n<\/div><\/div><\/div><div class=\"wpb_column vc_column_container vc_col-sm-6 vc_column_container_69f70c50100bd640353177\" style=\"z-index:0\"><div class=\"vc_column-inner vc_custom_1464271160176\"><div class=\"wpb_wrapper\"><div class=\"vc_custom_heading responsive-on animate-loop vc_custom_heading_69f70c5010202976851532 animate-element\"  data-animation-class=\" fadeInUp2\"><h2 style=\"font-size: 100px;color: #ffffff;text-align: center;font-family:Oswald;font-weight:700;font-style:normal;text-transform:uppercase\" class=\"vc_custom_heading_responsive responsive-h3\"><span class=\"hilight\"  >Hadi beraber \u00e7al\u0131\u015fal\u0131m!<\/span><\/h2><\/div><\/div><\/div><\/div><\/div><\/div><\/div><\/div>\n<\/section>","protected":false},"excerpt":{"rendered":"\u00dcr\u00fcnlerimizHer bir halkas\u0131n\u0131 ba\u015far\u0131yla bir araya getirdi\u011fimiz g\u0131da tedarik zincirini; g\u00fcven, istikrar ve sorumluluk ile s\u00fcrd\u00fcr\u00fcyor, herkes i\u00e7in g\u00fcvenli g\u0131da hedefiyle hareket ediyoruz. Tah\u0131l ve Ya\u011fl\u0131 Tohumlar Topraktan sofraya her [...]","protected":false},"author":1,"featured_media":0,"parent":0,"menu_order":0,"comment_status":"closed","ping_status":"closed","template":"","meta":{"footnotes":""},"class_list":["post-2043","page","type-page","status-publish","hentry"],"_links":{"self":[{"href":"https:\/\/www.agroviva.com.tr\/en\/wp-json\/wp\/v2\/pages\/2043","targetHints":{"allow":["GET"]}}],"collection":[{"href":"https:\/\/www.agroviva.com.tr\/en\/wp-json\/wp\/v2\/pages"}],"about":[{"href":"https:\/\/www.agroviva.com.tr\/en\/wp-json\/wp\/v2\/types\/page"}],"author":[{"embeddable":true,"href":"https:\/\/www.agroviva.com.tr\/en\/wp-json\/wp\/v2\/users\/1"}],"replies":[{"embeddable":true,"href":"https:\/\/www.agroviva.com.tr\/en\/wp-json\/wp\/v2\/comments?post=2043"}],"version-history":[{"count":39,"href":"https:\/\/www.agroviva.com.tr\/en\/wp-json\/wp\/v2\/pages\/2043\/revisions"}],"predecessor-version":[{"id":13017,"href":"https:\/\/www.agroviva.com.tr\/en\/wp-json\/wp\/v2\/pages\/2043\/revisions\/13017"}],"wp:attachment":[{"href":"https:\/\/www.agroviva.com.tr\/en\/wp-json\/wp\/v2\/media?parent=2043"}],"curies":[{"name":"wp","href":"https:\/\/api.w.org\/{rel}","templated":true}]}}