{"id":2067,"date":"2015-12-26T09:06:03","date_gmt":"2015-12-26T09:06:03","guid":{"rendered":"https:\/\/puzzlerbox.com\/levelup\/?page_id=2067"},"modified":"2025-06-27T12:30:58","modified_gmt":"2025-06-27T09:30:58","slug":"iletisim","status":"publish","type":"page","link":"https:\/\/www.agroviva.com.tr\/en\/iletisim\/","title":{"rendered":"Contact"},"content":{"rendered":"<section class=\"wpb-content-wrapper\"><div class=\"container row_section vc_row_p_30\"><div  class=\"vc_row wpb_row vc_row-fluid vc_column-gap-30 vc_row-69f6f767e9c2e127738566\"   style=' text-align:left; z-index:0;'><div class=\"row-container container-fluid\"><div class=\"row-inner\"><div class=\"wpb_column vc_column_container vc_col-sm-12 vc_column_container_69f6f767e9df8354828286\" style=\"z-index:0\"><div class=\"vc_column-inner \"><div class=\"wpb_wrapper\"><\/div><\/div><\/div><\/div><\/div><\/div><\/div><div class=\"container row_section vc_row_p_30\"><div  class=\"vc_row wpb_row vc_row-fluid vc_column-gap-45 vc_row-69f6f767e9f40310744675\"   style=' text-align:left; z-index:0;'><div class=\"row-container container-fluid\"><div class=\"row-inner\"><div class=\"wpb_column vc_column_container vc_col-sm-12 vc_col-lg-8 vc_col-md-8 vc_col-xs-12 vc_column_container_69f6f767ea071434173672\" style=\"z-index:0\"><div class=\"vc_column-inner \"><div class=\"wpb_wrapper\"><div id=\"map_69f6f767ea109146316418\" style=\"height:350px\"><\/div>\r\n<script type=\"text\/javascript\">\r\njQuery( document ).ready(function( $ ) {\r\n\"use strict\";\r\n\r\n    var latlng = new google.maps.LatLng(40.6700 , -73.9400);\r\n\r\n    var options = {\r\n        center: latlng,\r\n        scrollwheel: false,\r\n        mapTypeId: google.maps.MapTypeId.ROADMAP,\r\n        zoomControl: true,\r\n        styles: [{\"featureType\":\"administrative\",\"elementType\":\"labels.text.fill\",\"stylers\":[{\"color\":\"#444444\"}]},{\"featureType\":\"landscape\",\"elementType\":\"all\",\"stylers\":[{\"color\":\"#f2f2f2\"}]},{\"featureType\":\"poi\",\"elementType\":\"all\",\"stylers\":[{\"visibility\":\"off\"}]},{\"featureType\":\"road\",\"elementType\":\"all\",\"stylers\":[{\"saturation\":-100},{\"lightness\":45}]},{\"featureType\":\"road.highway\",\"elementType\":\"all\",\"stylers\":[{\"visibility\":\"simplified\"}]},{\"featureType\":\"road.arterial\",\"elementType\":\"labels.icon\",\"stylers\":[{\"visibility\":\"off\"}]},{\"featureType\":\"transit\",\"elementType\":\"all\",\"stylers\":[{\"visibility\":\"off\"}]},{\"featureType\":\"water\",\"elementType\":\"all\",\"stylers\":[{\"color\":\"#46bcec\"},{\"visibility\":\"on\"}]}],\r\n\r\n        zoomControlOptions:\r\n        {\r\n            style: google.maps.ZoomControlStyle.SMALL,\r\n            position: google.maps.ControlPosition.TOP_LEFT\r\n        },\r\n        mapTypeControl: true,\r\n        mapTypeControlOptions:\r\n        {\r\n            style: google.maps.MapTypeControlStyle.HORIZONTAL_BAR,\r\n            position: google.maps.ControlPosition.TOP_RIGHT\r\n        },\r\n        scaleControl: true,\r\n        scaleControlOptions:\r\n        {\r\n            position: google.maps.ControlPosition.TOP_LEFT\r\n        },\r\n        streetViewControl: true,\r\n        streetViewControlOptions:\r\n        {\r\n            position: google.maps.ControlPosition.TOP_LEFT\r\n        },\r\n        panControl: false,\r\n        zoom: 15\r\n    };\r\n\r\n    var map_div = document.getElementById(\"map_69f6f767ea109146316418\");\r\n    var map = new google.maps.Map(map_div, options);\r\n    if(typeof rdyGlobals != 'undefined' && rdyGlobals.isMobile) map.setOptions({ 'draggable': false });\r\n    var marker = new google.maps.Marker({\r\n        position: latlng,\r\n        icon: 'https:\/\/www.agroviva.com.tr\/wp-content\/uploads\/2015\/12\/Mark_08.png',\r\n        map: map\r\n    });\r\n\r\n    $('.wpb_tabs_nav li a').on('click', function() {\r\n        setTimeout(function(){\r\n            google.maps.event.trigger(map, 'resize');\r\n            map.setCenter(latlng);\r\n        }, 50);\r\n    });\r\n\r\n});\r\n<\/script><\/div><\/div><\/div><div class=\"wpb_column vc_column_container vc_col-sm-12 vc_col-lg-4 vc_col-md-4 vc_col-xs-12 vc_column_container_69f6f767ea3d4995633232\" style=\"z-index:0\"><div class=\"vc_column-inner \"><div class=\"wpb_wrapper\"><div class=\"vc_custom_heading vc_custom_1713948739162 vc_custom_heading_69f6f767ea5b7021502571\" ><h2 style=\"font-size: 24px;color: #333333;text-align: left;font-family:Open Sans;font-weight:800;font-style:normal\"><span class=\"hilight\"  >Bize Ula\u015f\u0131n<\/span><\/h2><\/div>\n\t<div class=\"wpb_text_column_1 wpb_text_column wpb_content_element  vc_custom_1727384165947\">\n\t\t<div class=\"wpb_wrapper\" >\n\t\t\t\n\t\t<\/div> \n\t<\/div> \n\t<div class=\"wpb_text_column_2 wpb_text_column wpb_content_element  vc_custom_1751016447161\">\n\t\t<div class=\"wpb_wrapper\" >\n\t\t\t<h2><b>Adres<\/b><\/h2>\n<p class=\"vc_custom_heading_responsive \"><strong><span class=\"hilight\">Esentepe Mah. \u00d6\u011fretim Sk.<br \/>\nKervanci Rezidance No:1\/45<br \/>\n\u00c7orlu \/ Tekirda\u011f<\/span><\/strong><\/p>\n\n\t\t<\/div> \n\t<\/div> \n\t<div class=\"wpb_text_column_3 wpb_text_column wpb_content_element  vc_custom_1751016475586\">\n\t\t<div class=\"wpb_wrapper\" >\n\t\t\t<p><strong>Mobile:<\/strong> +90 532 139 12 37<br \/>\n<strong>E-mail:<\/strong> <a href=\"mailto:hello@fitness.com\">i<\/a>nfo@agroviva.com.tr<\/p>\n<div id=\"gtx-trans\" style=\"position: absolute; left: 65px; top: 86px;\">\n<div class=\"gtx-trans-icon\"><\/div>\n<\/div>\n\n\t\t<\/div> \n\t<\/div> <\/div><\/div><\/div><\/div><\/div><\/div><\/div><div class=\"container-fluid row_section vc_row_p_30\"><div data-midnight=\"dark\" class=\"vc_row wpb_row vc_row-fluid vc_custom_1713954882337 vc_row-has-fill vc_column-gap-30 vc_row-69f6f767eac16007779797\"   style=' text-align:left; z-index:0;'><div class=\"row-container container\"><div class=\"row-inner\"><div class=\"wpb_column vc_column_container vc_col-sm-12 vc_column_container_69f6f767ead72042184249\" style=\"z-index:0\"><div class=\"vc_column-inner \"><div class=\"wpb_wrapper\"><div class=\"vc_custom_heading vc_custom_1713955049342 responsive-on vc_custom_heading_69f6f767eaf12586479286\" ><h2 style=\"font-size: 40px;color: #ffffff;line-height: 1.4;text-align: left;font-family:Open Sans;font-weight:800;font-style:normal\" class=\"vc_custom_heading_responsive responsive-h5\"><span class=\"hilight\"  >Sizin i\u00e7in ne yapabiliriz?<\/span><\/h2><\/div><div class=\"vc_custom_heading vc_custom_1714039507881 responsive-on vc_custom_heading_69f6f767eb04d227374804\" ><h3 style=\"font-size: 20px;color: #ffffff;line-height: 1.4;text-align: left;font-family:Open Sans;font-weight:800;font-style:normal\" class=\"vc_custom_heading_responsive \"><span class=\"hilight\"  >L\u00fctfen A\u015fa\u011f\u0131daki Formu Doldurunuz<\/span><\/h3><\/div>\n<div class=\"wpcf7 no-js\" id=\"wpcf7-f12379-o1\" lang=\"tr-TR\" dir=\"ltr\" data-wpcf7-id=\"12379\">\n<div class=\"screen-reader-response\"><p role=\"status\" aria-live=\"polite\" aria-atomic=\"true\"><\/p> <ul><\/ul><\/div>\n<form action=\"\/en\/wp-json\/wp\/v2\/pages\/2067#wpcf7-f12379-o1\" method=\"post\" class=\"wpcf7-form init\" aria-label=\"\u0130leti\u015fim Formu\" novalidate=\"novalidate\" data-status=\"init\">\n<fieldset class=\"hidden-fields-container\"><input type=\"hidden\" name=\"_wpcf7\" value=\"12379\" \/><input type=\"hidden\" name=\"_wpcf7_version\" value=\"6.1.5\" \/><input type=\"hidden\" name=\"_wpcf7_locale\" value=\"tr_TR\" \/><input type=\"hidden\" name=\"_wpcf7_unit_tag\" value=\"wpcf7-f12379-o1\" \/><input type=\"hidden\" name=\"_wpcf7_container_post\" value=\"0\" \/><input type=\"hidden\" name=\"_wpcf7_posted_data_hash\" value=\"\" \/>\n<\/fieldset>\n<p><label><br \/>\n<span class=\"wpcf7-form-control-wrap\" data-name=\"your-name\"><input size=\"40\" maxlength=\"400\" class=\"wpcf7-form-control wpcf7-text wpcf7-validates-as-required\" autocomplete=\"name\" aria-required=\"true\" aria-invalid=\"false\" value=\"Ad\u0131n\u0131z\" type=\"text\" name=\"your-name\" \/><\/span> <\/label>\n<\/p>\n<p><label><br \/>\n<span class=\"wpcf7-form-control-wrap\" data-name=\"your-email\"><input size=\"40\" maxlength=\"400\" class=\"wpcf7-form-control wpcf7-email wpcf7-validates-as-required wpcf7-text wpcf7-validates-as-email\" autocomplete=\"email\" aria-required=\"true\" aria-invalid=\"false\" value=\"E-Posta Adresiniz\" type=\"email\" name=\"your-email\" \/><\/span> <\/label>\n<\/p>\n<p><label><br \/>\n<span class=\"wpcf7-form-control-wrap\" data-name=\"your-subject\"><input size=\"40\" maxlength=\"400\" class=\"wpcf7-form-control wpcf7-text wpcf7-validates-as-required\" aria-required=\"true\" aria-invalid=\"false\" value=\"Konu\" type=\"text\" name=\"your-subject\" \/><\/span> <\/label>\n<\/p>\n<p><label><br \/>\n<span class=\"wpcf7-form-control-wrap\" data-name=\"your-message\"><textarea cols=\"40\" rows=\"10\" maxlength=\"2000\" class=\"wpcf7-form-control wpcf7-textarea\" aria-invalid=\"false\" name=\"your-message\">Mesaj\u0131n\u0131z (Tercihe ba\u011fl\u0131)<\/textarea><\/span> <\/label>\n<\/p>\n<p><input class=\"wpcf7-form-control wpcf7-submit has-spinner\" type=\"submit\" value=\"G\u00f6nder\" \/>\n<\/p><p style=\"display: none !important;\" class=\"akismet-fields-container\" data-prefix=\"_wpcf7_ak_\"><label>&#916;<textarea name=\"_wpcf7_ak_hp_textarea\" cols=\"45\" rows=\"8\" maxlength=\"100\"><\/textarea><\/label><input type=\"hidden\" id=\"ak_js_1\" name=\"_wpcf7_ak_js\" value=\"227\"\/><script>document.getElementById( \"ak_js_1\" ).setAttribute( \"value\", ( new Date() ).getTime() );<\/script><\/p><div class=\"wpcf7-response-output\" aria-hidden=\"true\"><\/div>\n<\/form>\n<\/div>\n<\/div><\/div><\/div><\/div><\/div><\/div><\/div><div class=\"container row_section vc_row_p_30\"><div  class=\"vc_row wpb_row vc_row-fluid vc_column-gap-30 vc_row-69f6f767ecfbc549075320\"   style=' text-align:left; z-index:0;'><div class=\"row-container container-fluid\"><div class=\"row-inner\"><div class=\"wpb_column vc_column_container vc_col-sm-12 vc_column_container_69f6f767ed08b909150252\" style=\"z-index:0\"><div class=\"vc_column-inner \"><div class=\"wpb_wrapper\"><\/div><\/div><\/div><\/div><\/div><\/div><\/div>\n<\/section>","protected":false},"excerpt":{"rendered":"Bize Ula\u015f\u0131n Adres Esentepe Mah. \u00d6\u011fretim Sk. Kervanci Rezidance No:1\/45 \u00c7orlu \/ Tekirda\u011f Mobile: +90 532 139 12 37 E-mail: info@agroviva.com.tr Sizin i\u00e7in ne yapabiliriz?L\u00fctfen A\u015fa\u011f\u0131daki Formu Doldurunuz Mesaj\u0131n\u0131z (Tercihe [...]","protected":false},"author":1,"featured_media":0,"parent":0,"menu_order":0,"comment_status":"closed","ping_status":"closed","template":"","meta":{"footnotes":""},"class_list":["post-2067","page","type-page","status-publish","hentry"],"_links":{"self":[{"href":"https:\/\/www.agroviva.com.tr\/en\/wp-json\/wp\/v2\/pages\/2067","targetHints":{"allow":["GET"]}}],"collection":[{"href":"https:\/\/www.agroviva.com.tr\/en\/wp-json\/wp\/v2\/pages"}],"about":[{"href":"https:\/\/www.agroviva.com.tr\/en\/wp-json\/wp\/v2\/types\/page"}],"author":[{"embeddable":true,"href":"https:\/\/www.agroviva.com.tr\/en\/wp-json\/wp\/v2\/users\/1"}],"replies":[{"embeddable":true,"href":"https:\/\/www.agroviva.com.tr\/en\/wp-json\/wp\/v2\/comments?post=2067"}],"version-history":[{"count":29,"href":"https:\/\/www.agroviva.com.tr\/en\/wp-json\/wp\/v2\/pages\/2067\/revisions"}],"predecessor-version":[{"id":13541,"href":"https:\/\/www.agroviva.com.tr\/en\/wp-json\/wp\/v2\/pages\/2067\/revisions\/13541"}],"wp:attachment":[{"href":"https:\/\/www.agroviva.com.tr\/en\/wp-json\/wp\/v2\/media?parent=2067"}],"curies":[{"name":"wp","href":"https:\/\/api.w.org\/{rel}","templated":true}]}}